{"id":657,"date":"2014-11-14T17:49:16","date_gmt":"2014-11-14T16:49:16","guid":{"rendered":"http:\/\/lausitzer-museenland.de\/?page_id=657"},"modified":"2017-04-05T13:03:54","modified_gmt":"2017-04-05T12:03:54","slug":"hochwasser-und-seine-folgen","status":"publish","type":"page","link":"https:\/\/www.lausitzer-museenland.de\/en\/service\/kobi\/floods-and-their-consequences\/","title":{"rendered":"Floods and their consequences in the Brandenburg Textile Museum Forst"},"content":{"rendered":"<p>The pupils learn interesting facts about the flood disasters in and around Forst in words and pictures. A booklet explains various terms related to floods. From historical newspaper reports, the pupils hear about the night of the catastrophe in 1897. The effects of the flood waves of a flood are simulated on a model that shows the surface of the earth in cross-section.<\/p>\n<p>Activity: Work with the accompanying booklet, observe the process in the flood model, build a sandbag wall<\/p>\n<p>The offer takes place indoors and outdoors and is aimed at schoolchildren.<br \/>\nof classes 3 to 6.<br \/>\nDates: by arrangement<br \/>\nPre-registration: at least 1 week in advance<br \/>\nDuration: approx. 2 hours<br \/>\nGroup size: 5 to 30 people<br \/>\nAdmission per person: \u20ac 3.50<\/p>\n<p><a title=\"Brandenburg Textile Museum Forst (Lausitz) \/ Bramborski tekstilny muzej Bar\u0161\u0107 (\u0141u\u017eyca)\" href=\"\/museen\/brandenburgisches-textilmuseum-forst\/\">Brandenburg Textile Museum Forst<\/a><\/p>","protected":false},"excerpt":{"rendered":"<p>The pupils learn interesting facts about the flood disasters in and around Forst in words and pictures. An accompanying booklet explains various terms related to floods. From historical newspaper reports, the pupils hear about the night of the disaster in 1897. A model showing a cross-section of the earth's surface is used to illustrate the effects of the floods.<\/p>","protected":false},"author":13,"featured_media":0,"parent":380,"menu_order":0,"comment_status":"closed","ping_status":"closed","template":"","meta":[],"_links":{"self":[{"href":"https:\/\/www.lausitzer-museenland.de\/en\/wp-json\/wp\/v2\/pages\/657"}],"collection":[{"href":"https:\/\/www.lausitzer-museenland.de\/en\/wp-json\/wp\/v2\/pages"}],"about":[{"href":"https:\/\/www.lausitzer-museenland.de\/en\/wp-json\/wp\/v2\/types\/page"}],"author":[{"embeddable":true,"href":"https:\/\/www.lausitzer-museenland.de\/en\/wp-json\/wp\/v2\/users\/13"}],"replies":[{"embeddable":true,"href":"https:\/\/www.lausitzer-museenland.de\/en\/wp-json\/wp\/v2\/comments?post=657"}],"version-history":[{"count":5,"href":"https:\/\/www.lausitzer-museenland.de\/en\/wp-json\/wp\/v2\/pages\/657\/revisions"}],"predecessor-version":[{"id":10347,"href":"https:\/\/www.lausitzer-museenland.de\/en\/wp-json\/wp\/v2\/pages\/657\/revisions\/10347"}],"up":[{"embeddable":true,"href":"https:\/\/www.lausitzer-museenland.de\/en\/wp-json\/wp\/v2\/pages\/380"}],"wp:attachment":[{"href":"https:\/\/www.lausitzer-museenland.de\/en\/wp-json\/wp\/v2\/media?parent=657"}],"curies":[{"name":"wp","href":"https:\/\/api.w.org\/{rel}","templated":true}]}}