{"id":660,"date":"2014-11-14T17:50:25","date_gmt":"2014-11-14T16:50:25","guid":{"rendered":"http:\/\/lausitzer-museenland.de\/?page_id=660"},"modified":"2017-04-05T13:04:43","modified_gmt":"2017-04-05T12:04:43","slug":"industrialisierung","status":"publish","type":"page","link":"https:\/\/www.lausitzer-museenland.de\/en\/service\/kobi\/industrialisation\/","title":{"rendered":"Industrialisation in the Brandenburg Textile Museum Forst"},"content":{"rendered":"<p>Many empty factories and the railway tracks of the \"Black Jules\" tell of the once vibrant \"German Manchester\". There are reports about personalities who helped Forst to industrial growth and prestige. What conditions were necessary for the operation of mechanical machines? What is the connection between industrial development in Forst and the living conditions of employees and employers? How are yarn and cloth made today? We will explore many questions together and find answers.<\/p>\n<p>Activity: Work with video clips, old address books and chronicles, recording technical data of the machines in the clothmaker's show workshop and city tour<\/p>\n<p>The offer takes place indoors and outdoors and is aimed at schoolchildren.<br \/>\nof grades 8 to 10.<br \/>\nDates: by arrangement<br \/>\nPre-registration: at least 1 week in advance<br \/>\nDuration: approx. 3 hours<br \/>\nGroup size: 5 to 30 people<br \/>\nAdmission per person: \u20ac 3.50<\/p>\n<p><a title=\"Brandenburg Textile Museum Forst (Lausitz) \/ Bramborski tekstilny muzej Bar\u0161\u0107 (\u0141u\u017eyca)\" href=\"\/museen\/brandenburgisches-textilmuseum-forst\/\">Brandenburg Textile Museum Forst<\/a><\/p>","protected":false},"excerpt":{"rendered":"<p>Many empty factories and the railway tracks of the \"Black Jules\" tell of the once vibrant \"German Manchester\". There are reports about personalities who helped Forst to industrial growth and prestige. What conditions were necessary for the operation of mechanical machines? What is the connection between the industrial development in Forst and the living conditions of the workers?<\/p>","protected":false},"author":13,"featured_media":0,"parent":380,"menu_order":0,"comment_status":"closed","ping_status":"closed","template":"","meta":[],"_links":{"self":[{"href":"https:\/\/www.lausitzer-museenland.de\/en\/wp-json\/wp\/v2\/pages\/660"}],"collection":[{"href":"https:\/\/www.lausitzer-museenland.de\/en\/wp-json\/wp\/v2\/pages"}],"about":[{"href":"https:\/\/www.lausitzer-museenland.de\/en\/wp-json\/wp\/v2\/types\/page"}],"author":[{"embeddable":true,"href":"https:\/\/www.lausitzer-museenland.de\/en\/wp-json\/wp\/v2\/users\/13"}],"replies":[{"embeddable":true,"href":"https:\/\/www.lausitzer-museenland.de\/en\/wp-json\/wp\/v2\/comments?post=660"}],"version-history":[{"count":4,"href":"https:\/\/www.lausitzer-museenland.de\/en\/wp-json\/wp\/v2\/pages\/660\/revisions"}],"predecessor-version":[{"id":10512,"href":"https:\/\/www.lausitzer-museenland.de\/en\/wp-json\/wp\/v2\/pages\/660\/revisions\/10512"}],"up":[{"embeddable":true,"href":"https:\/\/www.lausitzer-museenland.de\/en\/wp-json\/wp\/v2\/pages\/380"}],"wp:attachment":[{"href":"https:\/\/www.lausitzer-museenland.de\/en\/wp-json\/wp\/v2\/media?parent=660"}],"curies":[{"name":"wp","href":"https:\/\/api.w.org\/{rel}","templated":true}]}}