{"id":663,"date":"2014-11-14T17:51:43","date_gmt":"2014-11-14T16:51:43","guid":{"rendered":"http:\/\/lausitzer-museenland.de\/?page_id=663"},"modified":"2017-04-05T13:05:23","modified_gmt":"2017-04-05T12:05:23","slug":"raubritter-nickel-von-rothe","status":"publish","type":"page","link":"https:\/\/www.lausitzer-museenland.de\/en\/service\/kobi\/robber-knight-nickel-von-rothe\/","title":{"rendered":"Robber Baron Nickel von Rothe - at the Brandenburg Textile Museum Forst"},"content":{"rendered":"<p>Nickel von Rothe, a knight for the poor peasants? Or a robber baron who was persecuted and put out of business? The legendary Nickel von Rothe lived in M\u00fcckenhain near Forst at the end of the Middle Ages and wreaked havoc in the surrounding area. Interested visitors can see and hear this story in the museum.<\/p>\n<p>Activity: Slide show with historical saga, knights making jumping jacks<\/p>\n<p>The offer takes place indoors and is aimed at schoolchildren.<br \/>\nof classes 1 to 3.<br \/>\nDates: by arrangement<br \/>\nPre-registration: at least 1 week in advance<br \/>\nDuration: approx. 1.5 hours<br \/>\nGroup size: 5 to 30 people<br \/>\nAdmission per person: \u20ac 3.50<\/p>\n<p><a title=\"Brandenburg Textile Museum Forst (Lausitz) \/ Bramborski tekstilny muzej Bar\u0161\u0107 (\u0141u\u017eyca)\" href=\"\/museen\/brandenburgisches-textilmuseum-forst\/\">Brandenburg Textile Museum Forst<\/a><\/p>","protected":false},"excerpt":{"rendered":"<p>Nickel von Rothe, a knight for the poor peasants? Or a robber baron who was persecuted and put out of business? The legendary Nickel von Rothe lived in M\u00fcckenhain near Forst at the end of the Middle Ages and wreaked havoc in the surrounding area. Interested visitors can see and hear this story in the museum. Activity: Slide presentation with historical<\/p>","protected":false},"author":13,"featured_media":0,"parent":380,"menu_order":0,"comment_status":"closed","ping_status":"closed","template":"","meta":[],"_links":{"self":[{"href":"https:\/\/www.lausitzer-museenland.de\/en\/wp-json\/wp\/v2\/pages\/663"}],"collection":[{"href":"https:\/\/www.lausitzer-museenland.de\/en\/wp-json\/wp\/v2\/pages"}],"about":[{"href":"https:\/\/www.lausitzer-museenland.de\/en\/wp-json\/wp\/v2\/types\/page"}],"author":[{"embeddable":true,"href":"https:\/\/www.lausitzer-museenland.de\/en\/wp-json\/wp\/v2\/users\/13"}],"replies":[{"embeddable":true,"href":"https:\/\/www.lausitzer-museenland.de\/en\/wp-json\/wp\/v2\/comments?post=663"}],"version-history":[{"count":4,"href":"https:\/\/www.lausitzer-museenland.de\/en\/wp-json\/wp\/v2\/pages\/663\/revisions"}],"predecessor-version":[{"id":10677,"href":"https:\/\/www.lausitzer-museenland.de\/en\/wp-json\/wp\/v2\/pages\/663\/revisions\/10677"}],"up":[{"embeddable":true,"href":"https:\/\/www.lausitzer-museenland.de\/en\/wp-json\/wp\/v2\/pages\/380"}],"wp:attachment":[{"href":"https:\/\/www.lausitzer-museenland.de\/en\/wp-json\/wp\/v2\/media?parent=663"}],"curies":[{"name":"wp","href":"https:\/\/api.w.org\/{rel}","templated":true}]}}