{"id":122,"date":"2014-11-05T16:35:26","date_gmt":"2014-11-05T15:35:26","guid":{"rendered":"http:\/\/lausitzer-museenland.de\/?page_id=122"},"modified":"2022-05-31T07:27:13","modified_gmt":"2022-05-31T05:27:13","slug":"alte-schule-graustein","status":"publish","type":"page","link":"https:\/\/www.lausitzer-museenland.de\/pl\/muzea\/old-school-graustein\/","title":{"rendered":"\"Stara szko\u0142a\" Graustein \/ \"Stara \u0161ula\" Syjk"},"content":{"rendered":"<p><a href=\"#galerie_graustein\">Galeria<\/a> |\u00a0<a href=\"#graustein_ausstellung\">Wystawy<\/a>\u00a0| \u00a0<a href=\"#kinderangebot_graustein\">Oferty dla dzieci\u00a0<\/a><br \/>\n<img loading=\"lazy\" class=\"alignnone wp-image-1130\" src=\"https:\/\/www.lausitzer-museenland.de\/wp-content\/uploads\/2014\/11\/alte_schule.jpg\" alt=\"old_school\" width=\"800\" height=\"398\" srcset=\"https:\/\/www.lausitzer-museenland.de\/wp-content\/uploads\/2014\/11\/alte_schule.jpg 402w, https:\/\/www.lausitzer-museenland.de\/wp-content\/uploads\/2014\/11\/alte_schule-300x149.jpg 300w, https:\/\/www.lausitzer-museenland.de\/wp-content\/uploads\/2014\/11\/alte_schule-100x49.jpg 100w, https:\/\/www.lausitzer-museenland.de\/wp-content\/uploads\/2014\/11\/alte_schule-150x74.jpg 150w, https:\/\/www.lausitzer-museenland.de\/wp-content\/uploads\/2014\/11\/alte_schule-200x99.jpg 200w\" sizes=\"(max-width: 800px) 100vw, 800px\" \/><\/p>\n\n<p><strong>Gdzie Strittmatter chodzi\u0142 do szko\u0142y<\/strong><\/p>\n<h3>Po\u0142o\u017cenie budynku\/dzia\u0142ki<\/h3>\n<div>Ko\u015bci\u00f3\u0142, stoj\u0105cy po\u015brodku wiejskiej zieleni, z wie\u017c\u0105 pokryt\u0105 \u0142upkowym dachem i poz\u0142acan\u0105 \u0142opatk\u0105 z kogucikiem, jest charakterystyczn\u0105 wizyt\u00f3wk\u0105 wioski. W jego bezpo\u015brednim s\u0105siedztwie znajduje si\u0119 \"Stara Szko\u0142a\", kt\u00f3ra jest jednocze\u015bnie domem kultury. Erwin Strittmatter, najbardziej znany syn Spremberga, zosta\u0142 przyj\u0119ty do tej szko\u0142y w 1919 r. Kamie\u0144, od kt\u00f3rego pochodzi nazwa miejscowo\u015bci, znajduje si\u0119 tu\u017c obok ko\u015bcio\u0142a.<\/div>\n<h3>Charakterystyka<\/h3>\n<div>W dawnej sali lekcyjnej znajduj\u0105 si\u0119 dwie wystawy: \"Strittmatter i Graustein\" oraz \"Szko\u0142a w czasach Strittmattera\".<\/div>\n<h3>Wystawy specjalne \/ oferty towarzysz\u0105ce<a id=\"graustein_ausstellung\"><\/a><\/h3>\n<div>\n<ul>\n<li>Wiejska \u015bcie\u017cka dydaktyczna z 14 stacjami \/ dla grup szkolnych rajd obrazkowy \"\u015aladami Strittmattera w Graustein\".<\/li>\n<li>Sportlerklause<\/li>\n<li>Po\u0142\u0105czenie ze \u015bcie\u017ck\u0105 rowerow\u0105<\/li>\n<\/ul>\n<\/div>\n<h3>Oferty dla dzieci - Z Kobim do muzeum<a id=\"kinderangebot_graustein\"><\/a><\/h3>\n<p>Kobi - duch ma\u0142ego domku - czuje si\u0119 w muzeum jak w domu. Tam mieszka w kapciu pod piecem. O p\u00f3\u0142nocy pods\u0142uchuje starych muzealnik\u00f3w, kt\u00f3rzy opowiadaj\u0105 historie z przesz\u0142o\u015bci. Opowiada te fascynuj\u0105ce historie pracownikom muzeum, kt\u00f3rzy nast\u0119pnie opowiadaj\u0105 je dzieciom - historie z dawnych, starych czas\u00f3w.<\/p>\n<p>Oferta Kobi:<\/p>\n<h5>\u015aladami Erwina Strittmattera w Graustein<\/h5>\n<div data-post-id='erwin-strittmatters-in-graustein' class='insert-page insert-page-erwin-strittmatters-in-graustein'><\/div>\n<h3><\/h3>\n<div><\/div>\n<div><\/div>\n<h3>Galeria<a id=\"galerie_graustein\"><\/a><\/h3>\n<div id=\"envira-gallery-wrap-122\" class=\"envira-gallery-wrap envira-gallery-theme-base envira-lightbox-theme-base\" itemscope itemtype=\"https:\/\/schema.org\/ImageGallery\"><div data-row-height=\"\" data-gallery-theme=\"\" id=\"envira-gallery-122\" class=\"envira-gallery-public  envira-gallery-3-columns envira-clear enviratope envira-gallery-css-animations\" data-envira-columns=\"3\"><div id=\"envira-gallery-item-1227\" class=\"envira-gallery-item enviratope-item envira-gallery-item-1\" style=\"padding-left: 5px; padding-bottom: 10px; padding-right: 5px;\"  itemscope itemtype=\"https:\/\/schema.org\/ImageObject\"><div class=\"envira-gallery-item-inner\"><div class=\"envira-gallery-position-overlay  envira-gallery-top-left\"><\/div><div class=\"envira-gallery-position-overlay  envira-gallery-top-right\"><\/div><div class=\"envira-gallery-position-overlay  envira-gallery-bottom-left\"><\/div><div class=\"envira-gallery-position-overlay  envira-gallery-bottom-right\"><\/div><a href=\"https:\/\/www.lausitzer-museenland.de\/wp-content\/uploads\/2014\/11\/graustein1.jpg\" class=\"envira-gallery-122 envira-gallery-link\" rel=\"enviragallery122\" title=\"Stara szko\u0142a Graustein \/ Fot. B. D\u00e4hne\" data-envira-caption=\"Alte Schule Graustein \/ Foto: B. D&auml;hne\" data-envira-retina=\"\" data-thumbnail=\"\"  itemprop=\"contentUrl\"><div class=\"envira-lazy\" data-test-width=\"960\" data-test-height=\"300\" style=\"padding-bottom:31.25%;\"><img id=\"envira-gallery-image-1227\" class=\"envira-gallery-image envira-gallery-image-1\" data-envira-index=\"1\" src=\"https:\/\/www.lausitzer-museenland.de\/wp-content\/uploads\/2014\/11\/graustein1.jpg\" data-envira-src=\"https:\/\/www.lausitzer-museenland.de\/wp-content\/uploads\/2014\/11\/graustein1.jpg\" data-envira-gallery-id=\"122\" data-envira-item-id=\"1227\" data-envira-caption=\"Alte Schule Graustein \/ Foto: B. D&auml;hne\" alt=\"\" title=\"Stara szko\u0142a Graustein \/ Zdj\u0119cie: B. D\u00e4hne\"  itemprop=\"thumbnailUrl\" data-envira-srcset=\"https:\/\/www.lausitzer-museenland.de\/wp-content\/uploads\/2014\/11\/graustein1.jpg 400w,https:\/\/www.lausitzer-museenland.de\/wp-content\/uploads\/2014\/11\/graustein1.jpg 2x\" srcset=\"data:image\/gif;base64,R0lGODlhAQABAIAAAP\/\/\/\/\/\/\/yH5BAEKAAEALAAAAAABAAEAAAICTAEAOw==\" \/><\/div><\/a><\/div><\/div><div id=\"envira-gallery-item-1228\" class=\"envira-gallery-item enviratope-item envira-gallery-item-2\" style=\"padding-left: 5px; padding-bottom: 10px; padding-right: 5px;\"  itemscope itemtype=\"https:\/\/schema.org\/ImageObject\"><div class=\"envira-gallery-item-inner\"><div class=\"envira-gallery-position-overlay  envira-gallery-top-left\"><\/div><div class=\"envira-gallery-position-overlay  envira-gallery-top-right\"><\/div><div class=\"envira-gallery-position-overlay  envira-gallery-bottom-left\"><\/div><div class=\"envira-gallery-position-overlay  envira-gallery-bottom-right\"><\/div><a href=\"https:\/\/www.lausitzer-museenland.de\/wp-content\/uploads\/2014\/11\/graustein2.jpg\" class=\"envira-gallery-122 envira-gallery-link\" rel=\"enviragallery122\" title=\"Wystawa \/ Foto: B. D\u00e4hne\" data-envira-caption=\"Ausstellung \/ Foto: B. D&auml;hne\" data-envira-retina=\"\" data-thumbnail=\"\"  itemprop=\"contentUrl\"><div class=\"envira-lazy\" data-test-width=\"960\" data-test-height=\"300\" style=\"padding-bottom:31.25%;\"><img id=\"envira-gallery-image-1228\" class=\"envira-gallery-image envira-gallery-image-2\" data-envira-index=\"2\" src=\"https:\/\/www.lausitzer-museenland.de\/wp-content\/uploads\/2014\/11\/graustein2.jpg\" data-envira-src=\"https:\/\/www.lausitzer-museenland.de\/wp-content\/uploads\/2014\/11\/graustein2.jpg\" data-envira-gallery-id=\"122\" data-envira-item-id=\"1228\" data-envira-caption=\"Ausstellung \/ Foto: B. D&auml;hne\" alt=\"\" title=\"Wystawa \/ Foto: B. D\u00e4hne\"  itemprop=\"thumbnailUrl\" data-envira-srcset=\"https:\/\/www.lausitzer-museenland.de\/wp-content\/uploads\/2014\/11\/graustein2.jpg 400w,https:\/\/www.lausitzer-museenland.de\/wp-content\/uploads\/2014\/11\/graustein2.jpg 2x\" srcset=\"data:image\/gif;base64,R0lGODlhAQABAIAAAP\/\/\/\/\/\/\/yH5BAEKAAEALAAAAAABAAEAAAICTAEAOw==\" \/><\/div><\/a><\/div><\/div><div id=\"envira-gallery-item-1229\" class=\"envira-gallery-item enviratope-item envira-gallery-item-3\" style=\"padding-left: 5px; padding-bottom: 10px; padding-right: 5px;\"  itemscope itemtype=\"https:\/\/schema.org\/ImageObject\"><div class=\"envira-gallery-item-inner\"><div class=\"envira-gallery-position-overlay  envira-gallery-top-left\"><\/div><div class=\"envira-gallery-position-overlay  envira-gallery-top-right\"><\/div><div class=\"envira-gallery-position-overlay  envira-gallery-bottom-left\"><\/div><div class=\"envira-gallery-position-overlay  envira-gallery-bottom-right\"><\/div><a href=\"https:\/\/www.lausitzer-museenland.de\/wp-content\/uploads\/2014\/11\/graustein3.jpg\" class=\"envira-gallery-122 envira-gallery-link\" rel=\"enviragallery122\" title=\"Wystawa \/ Foto: B. D\u00e4hne\" data-envira-caption=\"Ausstellung \/ Foto: B. D&auml;hne\" data-envira-retina=\"\" data-thumbnail=\"\"  itemprop=\"contentUrl\"><div class=\"envira-lazy\" data-test-width=\"960\" data-test-height=\"300\" style=\"padding-bottom:31.25%;\"><img id=\"envira-gallery-image-1229\" class=\"envira-gallery-image envira-gallery-image-3\" data-envira-index=\"3\" src=\"https:\/\/www.lausitzer-museenland.de\/wp-content\/uploads\/2014\/11\/graustein3.jpg\" data-envira-src=\"https:\/\/www.lausitzer-museenland.de\/wp-content\/uploads\/2014\/11\/graustein3.jpg\" data-envira-gallery-id=\"122\" data-envira-item-id=\"1229\" data-envira-caption=\"Ausstellung \/ Foto: B. D&auml;hne\" alt=\"\" title=\"Wystawa \/ Foto: B. D\u00e4hne\"  itemprop=\"thumbnailUrl\" data-envira-srcset=\"https:\/\/www.lausitzer-museenland.de\/wp-content\/uploads\/2014\/11\/graustein3.jpg 400w,https:\/\/www.lausitzer-museenland.de\/wp-content\/uploads\/2014\/11\/graustein3.jpg 2x\" srcset=\"data:image\/gif;base64,R0lGODlhAQABAIAAAP\/\/\/\/\/\/\/yH5BAEKAAEALAAAAAABAAEAAAICTAEAOw==\" \/><\/div><\/a><\/div><\/div><div id=\"envira-gallery-item-1230\" class=\"envira-gallery-item enviratope-item envira-gallery-item-4\" style=\"padding-left: 5px; padding-bottom: 10px; padding-right: 5px;\"  itemscope itemtype=\"https:\/\/schema.org\/ImageObject\"><div class=\"envira-gallery-item-inner\"><div class=\"envira-gallery-position-overlay  envira-gallery-top-left\"><\/div><div class=\"envira-gallery-position-overlay  envira-gallery-top-right\"><\/div><div class=\"envira-gallery-position-overlay  envira-gallery-bottom-left\"><\/div><div class=\"envira-gallery-position-overlay  envira-gallery-bottom-right\"><\/div><a href=\"https:\/\/www.lausitzer-museenland.de\/wp-content\/uploads\/2014\/11\/graustein4.jpg\" class=\"envira-gallery-122 envira-gallery-link\" rel=\"enviragallery122\" title=\"Szary kamie\u0144 \/ Zdj\u0119cie: B. D\u00e4hne\" data-envira-caption=\"Der graue Stein \/ Foto: B. D&auml;hne\" data-envira-retina=\"\" data-thumbnail=\"\"  itemprop=\"contentUrl\"><div class=\"envira-lazy\" data-test-width=\"960\" data-test-height=\"300\" style=\"padding-bottom:31.25%;\"><img id=\"envira-gallery-image-1230\" class=\"envira-gallery-image envira-gallery-image-4\" data-envira-index=\"4\" src=\"https:\/\/www.lausitzer-museenland.de\/wp-content\/uploads\/2014\/11\/graustein4.jpg\" data-envira-src=\"https:\/\/www.lausitzer-museenland.de\/wp-content\/uploads\/2014\/11\/graustein4.jpg\" data-envira-gallery-id=\"122\" data-envira-item-id=\"1230\" data-envira-caption=\"Der graue Stein \/ Foto: B. D&auml;hne\" alt=\"\" title=\"Szary kamie\u0144 \/ Zdj\u0119cie: B. D\u00e4hne\"  itemprop=\"thumbnailUrl\" data-envira-srcset=\"https:\/\/www.lausitzer-museenland.de\/wp-content\/uploads\/2014\/11\/graustein4.jpg 400w,https:\/\/www.lausitzer-museenland.de\/wp-content\/uploads\/2014\/11\/graustein4.jpg 2x\" srcset=\"data:image\/gif;base64,R0lGODlhAQABAIAAAP\/\/\/\/\/\/\/yH5BAEKAAEALAAAAAABAAEAAAICTAEAOw==\" \/><\/div><\/a><\/div><\/div><div id=\"envira-gallery-item-1231\" class=\"envira-gallery-item enviratope-item envira-gallery-item-5\" style=\"padding-left: 5px; padding-bottom: 10px; padding-right: 5px;\"  itemscope itemtype=\"https:\/\/schema.org\/ImageObject\"><div class=\"envira-gallery-item-inner\"><div class=\"envira-gallery-position-overlay  envira-gallery-top-left\"><\/div><div class=\"envira-gallery-position-overlay  envira-gallery-top-right\"><\/div><div class=\"envira-gallery-position-overlay  envira-gallery-bottom-left\"><\/div><div class=\"envira-gallery-position-overlay  envira-gallery-bottom-right\"><\/div><a href=\"https:\/\/www.lausitzer-museenland.de\/wp-content\/uploads\/2014\/11\/graustein5.jpg\" class=\"envira-gallery-122 envira-gallery-link\" rel=\"enviragallery122\" title=\"Tablica przy wej\u015bciu do &quot;Szko\u0142y w Starej Wsi&quot; \/ fot. B. D\u00e4hne\" data-envira-caption=\"Schild am Eingang zur &amp;quot;Alten Dorfschule&amp;quot; \/ Foto: B. D&auml;hne\" data-envira-retina=\"\" data-thumbnail=\"\"  itemprop=\"contentUrl\"><div class=\"envira-lazy\" data-test-width=\"960\" data-test-height=\"300\" style=\"padding-bottom:31.25%;\"><img id=\"envira-gallery-image-1231\" class=\"envira-gallery-image envira-gallery-image-5\" data-envira-index=\"5\" src=\"https:\/\/www.lausitzer-museenland.de\/wp-content\/uploads\/2014\/11\/graustein5.jpg\" data-envira-src=\"https:\/\/www.lausitzer-museenland.de\/wp-content\/uploads\/2014\/11\/graustein5.jpg\" data-envira-gallery-id=\"122\" data-envira-item-id=\"1231\" data-envira-caption=\"Schild am Eingang zur &amp;quot;Alten Dorfschule&amp;quot; \/ Foto: B. D&auml;hne\" alt=\"\" title=\"Znak przy wej\u015bciu do &quot;Old Village School&quot; \/ Zdj\u0119cie: B. D\u00e4hne\"  itemprop=\"thumbnailUrl\" data-envira-srcset=\"https:\/\/www.lausitzer-museenland.de\/wp-content\/uploads\/2014\/11\/graustein5.jpg 400w,https:\/\/www.lausitzer-museenland.de\/wp-content\/uploads\/2014\/11\/graustein5.jpg 2x\" srcset=\"data:image\/gif;base64,R0lGODlhAQABAIAAAP\/\/\/\/\/\/\/yH5BAEKAAEALAAAAAABAAEAAAICTAEAOw==\" \/><\/div><\/a><\/div><\/div><div id=\"envira-gallery-item-1232\" class=\"envira-gallery-item enviratope-item envira-gallery-item-6\" style=\"padding-left: 5px; padding-bottom: 10px; padding-right: 5px;\"  itemscope itemtype=\"https:\/\/schema.org\/ImageObject\"><div class=\"envira-gallery-item-inner\"><div class=\"envira-gallery-position-overlay  envira-gallery-top-left\"><\/div><div class=\"envira-gallery-position-overlay  envira-gallery-top-right\"><\/div><div class=\"envira-gallery-position-overlay  envira-gallery-bottom-left\"><\/div><div class=\"envira-gallery-position-overlay  envira-gallery-bottom-right\"><\/div><a href=\"https:\/\/www.lausitzer-museenland.de\/wp-content\/uploads\/2014\/11\/graustein6.jpg\" class=\"envira-gallery-122 envira-gallery-link\" rel=\"enviragallery122\" title=\"Sta\u0142a tu pierwsza szkolna \u0142awka E. Strittmattera \/ fot. B. D\u00e4hne\" data-envira-caption=\"Hier stand die 1. Schulbank von E. Strittmatter. \/ Foto: B. D&auml;hne\" data-envira-retina=\"\" data-thumbnail=\"\"  itemprop=\"contentUrl\"><div class=\"envira-lazy\" data-test-width=\"960\" data-test-height=\"300\" style=\"padding-bottom:31.25%;\"><img id=\"envira-gallery-image-1232\" class=\"envira-gallery-image envira-gallery-image-6\" data-envira-index=\"6\" src=\"https:\/\/www.lausitzer-museenland.de\/wp-content\/uploads\/2014\/11\/graustein6.jpg\" data-envira-src=\"https:\/\/www.lausitzer-museenland.de\/wp-content\/uploads\/2014\/11\/graustein6.jpg\" data-envira-gallery-id=\"122\" data-envira-item-id=\"1232\" data-envira-caption=\"Hier stand die 1. Schulbank von E. Strittmatter. \/ Foto: B. D&auml;hne\" alt=\"\" title=\"Tutaj sta\u0142o pierwsze szkolne biurko E. Strittmattera \/ Fot. B. D\u00e4hne\"  itemprop=\"thumbnailUrl\" data-envira-srcset=\"https:\/\/www.lausitzer-museenland.de\/wp-content\/uploads\/2014\/11\/graustein6.jpg 400w,https:\/\/www.lausitzer-museenland.de\/wp-content\/uploads\/2014\/11\/graustein6.jpg 2x\" srcset=\"data:image\/gif;base64,R0lGODlhAQABAIAAAP\/\/\/\/\/\/\/yH5BAEKAAEALAAAAAABAAEAAAICTAEAOw==\" \/><\/div><\/a><\/div><\/div><div id=\"envira-gallery-item-1233\" class=\"envira-gallery-item enviratope-item envira-gallery-item-7\" style=\"padding-left: 5px; padding-bottom: 10px; padding-right: 5px;\"  itemscope itemtype=\"https:\/\/schema.org\/ImageObject\"><div class=\"envira-gallery-item-inner\"><div class=\"envira-gallery-position-overlay  envira-gallery-top-left\"><\/div><div class=\"envira-gallery-position-overlay  envira-gallery-top-right\"><\/div><div class=\"envira-gallery-position-overlay  envira-gallery-bottom-left\"><\/div><div class=\"envira-gallery-position-overlay  envira-gallery-bottom-right\"><\/div><a href=\"https:\/\/www.lausitzer-museenland.de\/wp-content\/uploads\/2014\/11\/graustein7.jpg\" class=\"envira-gallery-122 envira-gallery-link\" rel=\"enviragallery122\" title=\"Dzie\u0142a E. Strittmattera \/ Fot. B. D\u00e4hne\" data-envira-caption=\"Werke von E. Strittmatter \/ Foto: B. D&auml;hne\" data-envira-retina=\"\" data-thumbnail=\"\"  itemprop=\"contentUrl\"><div class=\"envira-lazy\" data-test-width=\"960\" data-test-height=\"300\" style=\"padding-bottom:31.25%;\"><img id=\"envira-gallery-image-1233\" class=\"envira-gallery-image envira-gallery-image-7\" data-envira-index=\"7\" src=\"https:\/\/www.lausitzer-museenland.de\/wp-content\/uploads\/2014\/11\/graustein7.jpg\" data-envira-src=\"https:\/\/www.lausitzer-museenland.de\/wp-content\/uploads\/2014\/11\/graustein7.jpg\" data-envira-gallery-id=\"122\" data-envira-item-id=\"1233\" data-envira-caption=\"Werke von E. Strittmatter \/ Foto: B. D&auml;hne\" alt=\"\" title=\"Prace E. Strittmattera \/ Zdj\u0119cie: B. D\u00e4hne\"  itemprop=\"thumbnailUrl\" data-envira-srcset=\"https:\/\/www.lausitzer-museenland.de\/wp-content\/uploads\/2014\/11\/graustein7.jpg 400w,https:\/\/www.lausitzer-museenland.de\/wp-content\/uploads\/2014\/11\/graustein7.jpg 2x\" srcset=\"data:image\/gif;base64,R0lGODlhAQABAIAAAP\/\/\/\/\/\/\/yH5BAEKAAEALAAAAAABAAEAAAICTAEAOw==\" \/><\/div><\/a><\/div><\/div><div id=\"envira-gallery-item-1234\" class=\"envira-gallery-item enviratope-item envira-gallery-item-8\" style=\"padding-left: 5px; padding-bottom: 10px; padding-right: 5px;\"  itemscope itemtype=\"https:\/\/schema.org\/ImageObject\"><div class=\"envira-gallery-item-inner\"><div class=\"envira-gallery-position-overlay  envira-gallery-top-left\"><\/div><div class=\"envira-gallery-position-overlay  envira-gallery-top-right\"><\/div><div class=\"envira-gallery-position-overlay  envira-gallery-bottom-left\"><\/div><div class=\"envira-gallery-position-overlay  envira-gallery-bottom-right\"><\/div><a href=\"https:\/\/www.lausitzer-museenland.de\/wp-content\/uploads\/2014\/11\/graustein8.jpg\" class=\"envira-gallery-122 envira-gallery-link\" rel=\"enviragallery122\" title=\"Zdj\u0119cie: B. D\u00e4hne\" data-envira-caption=\"Foto: B. D&auml;hne\" data-envira-retina=\"\" data-thumbnail=\"\"  itemprop=\"contentUrl\"><div class=\"envira-lazy\" data-test-width=\"960\" data-test-height=\"300\" style=\"padding-bottom:31.25%;\"><img id=\"envira-gallery-image-1234\" class=\"envira-gallery-image envira-gallery-image-8\" data-envira-index=\"8\" src=\"https:\/\/www.lausitzer-museenland.de\/wp-content\/uploads\/2014\/11\/graustein8.jpg\" data-envira-src=\"https:\/\/www.lausitzer-museenland.de\/wp-content\/uploads\/2014\/11\/graustein8.jpg\" data-envira-gallery-id=\"122\" data-envira-item-id=\"1234\" data-envira-caption=\"Foto: B. D&auml;hne\" alt=\"\" title=\"Zdj\u0119cie: B. D\u00e4hne\"  itemprop=\"thumbnailUrl\" data-envira-srcset=\"https:\/\/www.lausitzer-museenland.de\/wp-content\/uploads\/2014\/11\/graustein8.jpg 400w,https:\/\/www.lausitzer-museenland.de\/wp-content\/uploads\/2014\/11\/graustein8.jpg 2x\" srcset=\"data:image\/gif;base64,R0lGODlhAQABAIAAAP\/\/\/\/\/\/\/yH5BAEKAAEALAAAAAABAAEAAAICTAEAOw==\" \/><\/div><\/a><\/div><\/div><\/div><\/div><noscript><img src=\"https:\/\/www.lausitzer-museenland.de\/wp-content\/uploads\/2014\/11\/graustein1.jpg\" alt=\"\" \/><img src=\"https:\/\/www.lausitzer-museenland.de\/wp-content\/uploads\/2014\/11\/graustein2.jpg\" alt=\"\" \/><img src=\"https:\/\/www.lausitzer-museenland.de\/wp-content\/uploads\/2014\/11\/graustein3.jpg\" alt=\"\" \/><img src=\"https:\/\/www.lausitzer-museenland.de\/wp-content\/uploads\/2014\/11\/graustein4.jpg\" alt=\"\" \/><img src=\"https:\/\/www.lausitzer-museenland.de\/wp-content\/uploads\/2014\/11\/graustein5.jpg\" alt=\"\" \/><img src=\"https:\/\/www.lausitzer-museenland.de\/wp-content\/uploads\/2014\/11\/graustein6.jpg\" alt=\"\" \/><img src=\"https:\/\/www.lausitzer-museenland.de\/wp-content\/uploads\/2014\/11\/graustein7.jpg\" alt=\"\" \/><img src=\"https:\/\/www.lausitzer-museenland.de\/wp-content\/uploads\/2014\/11\/graustein8.jpg\" alt=\"\" \/><\/noscript>","protected":false},"excerpt":{"rendered":"<p>Galeria | Wystawy | Oferty dla dzieci Gdzie Strittmatter chodzi\u0142 do szko\u0142y Budynek \/ sytuacja na miejscu Ko\u015bci\u00f3\u0142, na \u015brodku wiejskiej zieleni, ze swoj\u0105 wie\u017c\u0105 z \u0142upkowym dachem i z\u0142ocon\u0105 \u0142opatk\u0105 z kogutem, jest punktem orientacyjnym wsi. W jego bezpo\u015brednim s\u0105siedztwie stoi \"Stara Szko\u0142a\", kt\u00f3ra jest jednocze\u015bnie domem kultury. W 1919 roku, Erwin Strittmatter, Spremberg<\/p>","protected":false},"author":13,"featured_media":0,"parent":113,"menu_order":0,"comment_status":"closed","ping_status":"closed","template":"","meta":[],"_links":{"self":[{"href":"https:\/\/www.lausitzer-museenland.de\/pl\/wp-json\/wp\/v2\/pages\/122"}],"collection":[{"href":"https:\/\/www.lausitzer-museenland.de\/pl\/wp-json\/wp\/v2\/pages"}],"about":[{"href":"https:\/\/www.lausitzer-museenland.de\/pl\/wp-json\/wp\/v2\/types\/page"}],"author":[{"embeddable":true,"href":"https:\/\/www.lausitzer-museenland.de\/pl\/wp-json\/wp\/v2\/users\/13"}],"replies":[{"embeddable":true,"href":"https:\/\/www.lausitzer-museenland.de\/pl\/wp-json\/wp\/v2\/comments?post=122"}],"version-history":[{"count":18,"href":"https:\/\/www.lausitzer-museenland.de\/pl\/wp-json\/wp\/v2\/pages\/122\/revisions"}],"predecessor-version":[{"id":53886,"href":"https:\/\/www.lausitzer-museenland.de\/pl\/wp-json\/wp\/v2\/pages\/122\/revisions\/53886"}],"up":[{"embeddable":true,"href":"https:\/\/www.lausitzer-museenland.de\/pl\/wp-json\/wp\/v2\/pages\/113"}],"wp:attachment":[{"href":"https:\/\/www.lausitzer-museenland.de\/pl\/wp-json\/wp\/v2\/media?parent=122"}],"curies":[{"name":"wp","href":"https:\/\/api.w.org\/{rel}","templated":true}]}}