{"id":1380,"date":"2014-11-24T14:03:45","date_gmt":"2014-11-24T13:03:45","guid":{"rendered":"http:\/\/lausitzer-museenland.de\/?page_id=1380"},"modified":"2022-06-02T09:00:46","modified_gmt":"2022-06-02T07:00:46","slug":"fuehrung-durch-den-peitzer-festungsturm","status":"publish","type":"page","link":"https:\/\/www.lausitzer-museenland.de\/pl\/serwis\/kobi\/wycieczka-z-przewodnikiem-przez-wieze-peitzer-forteca\/","title":{"rendered":"Zwiedzanie z przewodnikiem wie\u017cy twierdzy Peitz - widok na Peitz - wgl\u0105d w histori\u0119 twierdzy"},"content":{"rendered":"<p>Wie\u017ca forteczna znajduje si\u0119 w samym sercu miasta Peitz, w samym \u015brodku zabytkowej star\u00f3wki.<\/p>\n<div>Podczas zwiedzania z przewodnikiem zwiedzaj\u0105cy dowiaduj\u0105 si\u0119 wielu interesuj\u0105cych fakt\u00f3w na temat wie\u017cy fortecznej, a tak\u017ce historii miasta i regionu.<\/div>\n<div><\/div>\n<div>Oferta odbywa si\u0119 w pomieszczeniach zamkni\u0119tych i jest skierowana do uczni\u00f3w klas od 1 do 13.<\/div>\n<div>Data: po uzgodnieniu<\/div>\n<div><\/div>\n<div>Czas trwania: ok. 1 godz.<\/div>\n<div>Rejestracja wst\u0119pna: najp\u00f3\u017aniej na tydzie\u0144 przed<\/div>\n<div><\/div>\n<div>Wie\u017ca Twierdzy Peitz<\/div>\n<div>Trasa Twierdzy<\/div>\n<div><\/div>\n<div>Pani Medacka<\/div>\n<div>03185 Peitz\/ Picnjo<\/div>\n<div>Telefon: 035601 \/ 22080<\/div>\n<div>Faks: 035601 \/ 22080<\/div>\n<div>E - mail: museum@peitz.de<\/div>\n<div>Strona internetowa: <a href=\"https:\/\/tourismus.peitz.de\/de\/museum\/festungsturm\" target=\"_blank\" rel=\"noopener\">www.tourismus.peitz.de<\/a><\/div>","protected":false},"excerpt":{"rendered":"<p>Wie\u017ca forteczna znajduje si\u0119 w sercu miasta Peitz, w samym \u015brodku zabytkowej star\u00f3wki. Podczas zwiedzania z przewodnikiem zwiedzaj\u0105cy dowiaduj\u0105 si\u0119 wielu ciekawostek o wie\u017cy fortecznej, a tak\u017ce o historii miasta i regionu. Zwiedzanie odbywa si\u0119 w pomieszczeniach zamkni\u0119tych i jest przeznaczone dla uczni\u00f3w klas 1-13. Data: po uzgodnieniu Czas trwania: ok. 1 godziny Wcze\u015bniejsza rezerwacja:<\/p>","protected":false},"author":13,"featured_media":0,"parent":380,"menu_order":0,"comment_status":"closed","ping_status":"closed","template":"","meta":[],"_links":{"self":[{"href":"https:\/\/www.lausitzer-museenland.de\/pl\/wp-json\/wp\/v2\/pages\/1380"}],"collection":[{"href":"https:\/\/www.lausitzer-museenland.de\/pl\/wp-json\/wp\/v2\/pages"}],"about":[{"href":"https:\/\/www.lausitzer-museenland.de\/pl\/wp-json\/wp\/v2\/types\/page"}],"author":[{"embeddable":true,"href":"https:\/\/www.lausitzer-museenland.de\/pl\/wp-json\/wp\/v2\/users\/13"}],"replies":[{"embeddable":true,"href":"https:\/\/www.lausitzer-museenland.de\/pl\/wp-json\/wp\/v2\/comments?post=1380"}],"version-history":[{"count":4,"href":"https:\/\/www.lausitzer-museenland.de\/pl\/wp-json\/wp\/v2\/pages\/1380\/revisions"}],"predecessor-version":[{"id":54009,"href":"https:\/\/www.lausitzer-museenland.de\/pl\/wp-json\/wp\/v2\/pages\/1380\/revisions\/54009"}],"up":[{"embeddable":true,"href":"https:\/\/www.lausitzer-museenland.de\/pl\/wp-json\/wp\/v2\/pages\/380"}],"wp:attachment":[{"href":"https:\/\/www.lausitzer-museenland.de\/pl\/wp-json\/wp\/v2\/media?parent=1380"}],"curies":[{"name":"wp","href":"https:\/\/api.w.org\/{rel}","templated":true}]}}