{"id":150,"date":"2014-11-05T17:11:32","date_gmt":"2014-11-05T16:11:32","guid":{"rendered":"http:\/\/lausitzer-museenland.de\/?page_id=150"},"modified":"2023-11-30T13:12:38","modified_gmt":"2023-11-30T12:12:38","slug":"feuerwehrmuseum-welzow","status":"publish","type":"page","link":"https:\/\/www.lausitzer-museenland.de\/pl\/muzea\/muzeum-strazy-pozarnej-we-wlzowie\/","title":{"rendered":"Muzeum Stra\u017cy Po\u017carnej w Welzow (dawniej Haidem\u00fchl) \/ Muzej wognjoweje wobory Wjelcej (n\u011bga G\u00f3zd\u017a)"},"content":{"rendered":"<p><a href=\"#galerie_feuerwehr_welzow\">Galeria<\/a> |\u00a0<a href=\"#austellungen_feuerwehr_welzow\">Wystawy<\/a>\u00a0| \u00a0<a href=\"#kinderangebot_feuerwehr_welzow\">Oferty dla dzieci<\/a><a href=\"https:\/\/www.lausitzer-museenland.de\/wp-content\/uploads\/2014\/11\/FwMuseum_Welzow_01_skaliert.png\"><img loading=\"lazy\" class=\"aligncenter size-full wp-image-18535\" src=\"https:\/\/www.lausitzer-museenland.de\/wp-content\/uploads\/2014\/11\/FwMuseum_Welzow_01_skaliert.png\" alt=\"FwMuseum_Welzow_01_scaled\" width=\"800\" height=\"408\" srcset=\"https:\/\/www.lausitzer-museenland.de\/wp-content\/uploads\/2014\/11\/FwMuseum_Welzow_01_skaliert.png 800w, https:\/\/www.lausitzer-museenland.de\/wp-content\/uploads\/2014\/11\/FwMuseum_Welzow_01_skaliert-300x153.png 300w\" sizes=\"(max-width: 800px) 100vw, 800px\" \/><\/a><\/p>\n\n<p><strong>Specjalne muzeum techniki po\u017carniczej<\/strong><\/p>\n<h3>Po\u0142o\u017cenie budynku\/dzia\u0142ki<\/h3>\n<p>Wystawa znajdowa\u0142a si\u0119 w halach warsztatu mechanicznego dawnej fabryki brykiet\u00f3w w Haidem\u00fchl do czasu przeniesienia wioski w zwi\u0105zku z wydobyciem.<br \/>\nPo wyburzeniu obiektu nast\u0105pi\u0142a przeprowadzka do dw\u00f3ch nowych hal w dzielnicy przemys\u0142owej Welzow. Wizyty w nowej siedzibie s\u0105 mo\u017cliwe po wcze\u015bniejszym um\u00f3wieniu si\u0119.<\/p>\n<h3>Charakterystyka<\/h3>\n<div>\n<p>W Parku Stra\u017cy Po\u017carnej w Welzow znajduje si\u0119 jeden z najwi\u0119kszych zbior\u00f3w historii stra\u017cy po\u017carnej w Niemczech i dlatego jest on idealnym miejscem dla mi\u0142o\u015bnik\u00f3w techniki. Opr\u00f3cz 42 woz\u00f3w stra\u017cackich, 20 motopomp, 12 pojazd\u00f3w z przyczepami, r\u00f3\u017cnych akcesori\u00f3w stra\u017cackich, naramiennik\u00f3w, odznak honorowych i wyposa\u017cenia, mo\u017cna tu podziwia\u0107 wszelkiego rodzaju unikatowy sprz\u0119t, w tym nawet czo\u0142g stra\u017cacki. W Muzeum Stra\u017cy Po\u017carnej w Welzow mo\u017cna odby\u0107 podr\u00f3\u017c przez histori\u0119 stra\u017cy po\u017carnej. Najstarszy eksponat w kolekcji, r\u0119czny w\u00f3z stra\u017cacki z lat 20. ubieg\u0142ego wieku, pochodzi z czas\u00f3w, gdy stra\u017cacy p\u0119dzili na miejsce zdarzenia rowerem lub pieszo. Ponadto mo\u017cna tu zobaczy\u0107 wiele unikalnych w skali Niemiec rarytas\u00f3w i pojazd\u00f3w specjalnych z przedsi\u0119biorstw pa\u0144stwowych NRD, kt\u00f3re przez wiele godzin by\u0142y i b\u0119d\u0105 szczeg\u00f3\u0142owo restaurowane.<\/p>\n<\/div>\n<div><\/div>\n<h3>Wystawy specjalne \/ oferty towarzysz\u0105ce<a id=\"austellungen_feuerwehr_welzow\"><\/a><\/h3>\n<div>\n<ul>\n<li>Specjalne godziny otwarcia w ramach \"Nocy Muze\u00f3w w dzielnicy Sprewa-Nysa<\/li>\n<li>Wypo\u017cyczanie pojazd\u00f3w i technologii.<\/li>\n<\/ul>\n<\/div>","protected":false},"excerpt":{"rendered":"<p>Galeria | Wystawy | Oferta dla dzieci Specjalne muzeum techniki po\u017carniczej Budynek \/ sytuacja na miejscu Wystawa znajdowa\u0142a si\u0119 w halach warsztatu mechanicznego dawnej fabryki brykietu Haidem\u00fchl do czasu przeniesienia miejscowo\u015bci Haidem\u00fchl ze wzgl\u0119d\u00f3w g\u00f3rniczych. Po wyburzeniu wsi wystawa przenios\u0142a si\u0119 do dw\u00f3ch nowych hal na terenie osiedla przemys\u0142owego w Welzow. Wizyty w nowej lokalizacji s\u0105 mo\u017cliwe po wcze\u015bniejszym um\u00f3wieniu si\u0119.<\/p>","protected":false},"author":13,"featured_media":0,"parent":113,"menu_order":0,"comment_status":"closed","ping_status":"closed","template":"","meta":[],"_links":{"self":[{"href":"https:\/\/www.lausitzer-museenland.de\/pl\/wp-json\/wp\/v2\/pages\/150"}],"collection":[{"href":"https:\/\/www.lausitzer-museenland.de\/pl\/wp-json\/wp\/v2\/pages"}],"about":[{"href":"https:\/\/www.lausitzer-museenland.de\/pl\/wp-json\/wp\/v2\/types\/page"}],"author":[{"embeddable":true,"href":"https:\/\/www.lausitzer-museenland.de\/pl\/wp-json\/wp\/v2\/users\/13"}],"replies":[{"embeddable":true,"href":"https:\/\/www.lausitzer-museenland.de\/pl\/wp-json\/wp\/v2\/comments?post=150"}],"version-history":[{"count":19,"href":"https:\/\/www.lausitzer-museenland.de\/pl\/wp-json\/wp\/v2\/pages\/150\/revisions"}],"predecessor-version":[{"id":53899,"href":"https:\/\/www.lausitzer-museenland.de\/pl\/wp-json\/wp\/v2\/pages\/150\/revisions\/53899"}],"up":[{"embeddable":true,"href":"https:\/\/www.lausitzer-museenland.de\/pl\/wp-json\/wp\/v2\/pages\/113"}],"wp:attachment":[{"href":"https:\/\/www.lausitzer-museenland.de\/pl\/wp-json\/wp\/v2\/media?parent=150"}],"curies":[{"name":"wp","href":"https:\/\/api.w.org\/{rel}","templated":true}]}}