{"id":162,"date":"2014-11-05T17:22:37","date_gmt":"2014-11-05T16:22:37","guid":{"rendered":"http:\/\/lausitzer-museenland.de\/?page_id=162"},"modified":"2023-11-30T13:15:32","modified_gmt":"2023-11-30T12:15:32","slug":"freilichtmuseum-zeitsprung-klinge","status":"publish","type":"page","link":"https:\/\/www.lausitzer-museenland.de\/pl\/muzea\/skansen-muzeum-czasu-skok-luk\/","title":{"rendered":"Skansen \"Zeitsprung\" Klinge \/ Muzeum p\u00f3d go\u0142ym njebjom \"Casowy skok\" Klinka"},"content":{"rendered":"<p><a href=\"#galerie_zeitsprung\">Galeria<\/a>\u00a0|\u00a0<a href=\"#kinderangebot_zeitsprung\">Oferty dla dzieci<\/a><img loading=\"lazy\" class=\"enigma_img_responsive alignnone wp-image-1253\" src=\"https:\/\/www.lausitzer-museenland.de\/wp-content\/uploads\/2014\/11\/19.jpg\" alt=\"1\" width=\"800\" height=\"398\" srcset=\"https:\/\/www.lausitzer-museenland.de\/wp-content\/uploads\/2014\/11\/19.jpg 402w, https:\/\/www.lausitzer-museenland.de\/wp-content\/uploads\/2014\/11\/19-300x149.jpg 300w, https:\/\/www.lausitzer-museenland.de\/wp-content\/uploads\/2014\/11\/19-100x49.jpg 100w, https:\/\/www.lausitzer-museenland.de\/wp-content\/uploads\/2014\/11\/19-150x74.jpg 150w, https:\/\/www.lausitzer-museenland.de\/wp-content\/uploads\/2014\/11\/19-200x99.jpg 200w\" sizes=\"(max-width: 800px) 100vw, 800px\" \/><\/p>\n\n<p><strong>Wystawa przyrodnicza i odkrywka geologiczna<\/strong><\/p>\n<h3>Lokalizacja geograficzna<\/h3>\n<div>W pobli\u017cu miejscowo\u015bci Klinge, 12 km na wsch\u00f3d od Cottbus, Muzeum Przyrody i \u015arodowiska w Cottbus od 1985 r. prowadzi wykopaliska geologiczno-paleontologiczne w osadach jeziornych z eemskiego i ciep\u0142ego plejstocenu.<\/div>\n<div>Wychodnia znajduje si\u0119 pomi\u0119dzy dawnym wyrobiskiem gliny a po\u0142udniowym zboczem odkrywki J\u00e4nschwalde. W przekroju o wysoko\u015bci 2-3 m, szeroko\u015bci 2 m i d\u0142ugo\u015bci 12 m sekwencja stratygraficzna jeziora z okresu ciep\u0142ego z eemskiego do wczesnego okresu zimnego z weichselsja\u0144skiego zosta\u0142a przedstawiona w spos\u00f3b doskona\u0142y.<\/div>\n<div><\/div>\n<h3>Charakterystyka<\/h3>\n<div>Skansen \"Zeitsprung\" zosta\u0142 otwarty 17 maja 2008 r. Gmina Wiesengrund utworzy\u0142a ten skansen na terenie przyleg\u0142ym do z\u0142o\u017ca Eem z pomoc\u0105 \u015brodk\u00f3w publicznych. Znajduje si\u0119 on w bezpo\u015brednim s\u0105siedztwie przysz\u0142ego jeziora Klinger, kt\u00f3re obecnie jest zalewane. Wiedz\u0119 o znaczeniu - a tym samym ochron\u0119 - tego z\u0142o\u017ca Eem zawdzi\u0119czamy g\u0142\u00f3wnie zaanga\u017cowaniu geolog\u00f3w Rolfa i Ursuli Striegler\u00f3w. Ich wykopaliska przynios\u0142y unikalny wgl\u0105d w rozw\u00f3j geologiczny w ciep\u0142ym okresie eemskim.<\/div>\n<div><\/div>\n<div>Na terenie muzeum stworzono biotop mokrad\u0142owy, r\u00f3\u017cne tablice ekspozycyjne oraz budynek schroniska, w kt\u00f3rym zwiedzaj\u0105cych wita oryginalnych rozmiar\u00f3w replika samicy mamuta we\u0142nistow\u0142osego z potomstwem na tle odtworzonego krajobrazu z okresu emskiego i ciep\u0142ego. W pobli\u017cu znajdowa\u0142o si\u0119 miejsce, w kt\u00f3rym znaleziono pierwszy w Niemczech szkielet mamuta zachowany w niemal nienaruszonym stanie. Skamienia\u0142o\u015b\u0107 ta jest przechowywana w Muzeum Przyrodniczym w Berlinie. Replik\u0119 wiern\u0105 orygina\u0142owi mo\u017cna zobaczy\u0107 w domu kultury w Forst (\u0141u\u017cyce). Na szlaku przyg\u00f3d zwiedzaj\u0105cy mog\u0105 podziwia\u0107 pe\u0142nowymiarowe repliki jelenia olbrzymiego i nosoro\u017cca we\u0142nistego.<\/div>\n<div>Muzeum jest prowadzone przez stowarzyszenie \"Interessengemeinschaft Klinger See e.V.\". Cele stowarzyszenia obejmuj\u0105:<\/div>\n<div>\n<ul>\n<li>Realizacja koncepcji projektu po\u0142udniowego brzegu powstaj\u0105cego jeziora Klinge w \u015bcis\u0142ej wsp\u00f3\u0142pracy z Heimatverein Klinge e.V.<\/li>\n<li>Projekt i eksploatacja \"Eem deposit Klinge\" jako skansenu \"Zeitsprung\".<\/li>\n<li>Promocja turystyki \"mi\u0119kkiej\" wzd\u0142u\u017c \u015bcie\u017cki rowerowej F\u00fcrst P\u00fcckler tutaj<\/li>\n<\/ul>\n<\/div>\n<h3>\u00a0Oferty dla dzieci - Z Kobim do muzeum<a id=\"kinderangebot_zeitsprung\"><\/a><\/h3>\n<div>\n<p>Kobi - duch ma\u0142ego domku - czuje si\u0119 w muzeum jak w domu. Mieszka tam w kapciu pod piecem. O p\u00f3\u0142nocy pods\u0142uchuje starych muzealnik\u00f3w, kt\u00f3rzy opowiadaj\u0105 historie z przesz\u0142o\u015bci. Opowiada te fascynuj\u0105ce opowie\u015bci pracownikom muzeum, kt\u00f3rzy nast\u0119pnie przekazuj\u0105 je dzieciom - historie z dawnych, starych czas\u00f3w.<\/p>\n<p>Kobi proponuje:<\/p>\n<h5>Skamienia\u0142o\u015bci z bliska i osobi\u015bcie - szczeg\u00f3lny rodzaj skoku w przesz\u0142o\u015b\u0107 do eemskiego okresu ciep\u0142ego<\/h5>\n<div data-post-id='fossilien-hautnah' class='insert-page insert-page-fossilien-hautnah'>\t\t\t\t\t<p>W skansenie w bardzo szczeg\u00f3lny spos\u00f3b pokazano obrazkow\u0105 sekwencj\u0119 warstw z dw\u00f3ch ostatnich epok lodowcowych oraz z okresu ciep\u0142ego Eemianu. Od 1891 roku obszar ten jest znany z wielu znalezisk kopalnych ro\u015blin i zwierz\u0105t. Mo\u017cna pozna\u0107 histori\u0119 z pierwszej r\u0119ki w zwiedzanym zabytku archeologicznym, na trasie okr\u0119\u017cnej, na szlaku przyg\u00f3d oraz w budynku kopu\u0142y i przenie\u015b\u0107 si\u0119 w czasie do okresu ciep\u0142ego Eemianu sprzed oko\u0142o 128 000-115 000 lat. Mo\u017cna zapozna\u0107 si\u0119 z wieloma tablicami informacyjnymi, a w \"Fossilium\" - naszej pracowni wykopaliskowej - pod kierunkiem przewodnika mo\u017cna poszukiwa\u0107 skamienia\u0142o\u015bci. Tak jak robi\u0105 to prawdziwi geolodzy, wszystkie znaleziska s\u0105 wklejane, identyfikowane i oznaczane w raporcie z wykopalisk.<\/p>\n<p>Wi\u0119cej informacji na temat oferty:<br \/>\nPo zwiedzaniu skansenu z przewodnikiem nast\u0119puje praca w \"Fossilium\". W zale\u017cno\u015bci od liczebno\u015bci klasy praca mo\u017ce odbywa\u0107 si\u0119 w dw\u00f3ch lub trzech grupach, patrz \"Oferty dodatkowe\" (czas trwania ok. 2 godz.).<\/p>\n<p>Program odbywa si\u0119 na \u015bwie\u017cym powietrzu i jest skierowany do uczni\u00f3w klas 5-12.<br \/>\nTerminy: po uzgodnieniu od marca do pa\u017adziernika w godz. 9.00-18.00.<br \/>\nRejestracja wst\u0119pna: najp\u00f3\u017aniej na tydzie\u0144 przed<br \/>\nWst\u0119p dla jednej osoby: 2,00 \u20ac<\/p>\n<p>Oferty uzupe\u0142niaj\u0105ce:<br \/>\nW zale\u017cno\u015bci od poziomu klasy, rajd logiczny, odlewanie i malowanie skamielin, informacje o powstawaniu w\u0119gla brunatnego.<\/p>\n<p><a title=\"Skansen &quot;Zeitsprung&quot; Klinge \/ Muzeum p\u00f3d go\u0142ym njebjom &quot;Casowy skok&quot; Klinka\" href=\"\/museen\/freilichtmuseum-zeitsprung-klinge\/\">Skansen \"Zeitsprung\" Klinge<\/a><\/p>\n\t\t\t\t\t<\/div>\n<h3><\/h3>\n<p>&nbsp;<\/p>\n<h3>Galeria<a id=\"galerie_zeitsprung\"><\/a><\/h3>\n<div id=\"envira-gallery-wrap-162\" class=\"envira-gallery-wrap envira-gallery-theme-base envira-lightbox-theme-base\" itemscope itemtype=\"https:\/\/schema.org\/ImageGallery\"><div data-row-height=\"\" data-gallery-theme=\"\" id=\"envira-gallery-162\" class=\"envira-gallery-public  envira-gallery-3-columns envira-clear enviratope envira-gallery-css-animations\" data-envira-columns=\"3\"><div id=\"envira-gallery-item-1401\" class=\"envira-gallery-item enviratope-item envira-gallery-item-1\" style=\"padding-left: 5px; padding-bottom: 10px; padding-right: 5px;\"  itemscope itemtype=\"https:\/\/schema.org\/ImageObject\"><div class=\"envira-gallery-item-inner\"><div class=\"envira-gallery-position-overlay  envira-gallery-top-left\"><\/div><div class=\"envira-gallery-position-overlay  envira-gallery-top-right\"><\/div><div class=\"envira-gallery-position-overlay  envira-gallery-bottom-left\"><\/div><div class=\"envira-gallery-position-overlay  envira-gallery-bottom-right\"><\/div><a href=\"https:\/\/www.lausitzer-museenland.de\/wp-content\/uploads\/2014\/11\/140.jpg\" class=\"envira-gallery-162 envira-gallery-link\" rel=\"enviragallery162\" title=\"Skansen &quot;Zeitsprung&quot; Klinge\" data-envira-caption=\"Freilichtmuseum &amp;quot;Zeitsprung&amp;quot; Klinge\" data-envira-retina=\"\" data-thumbnail=\"\"  itemprop=\"contentUrl\"><div class=\"envira-lazy\" data-test-width=\"960\" data-test-height=\"300\" style=\"padding-bottom:31.25%;\"><img id=\"envira-gallery-image-1401\" class=\"envira-gallery-image envira-gallery-image-1\" data-envira-index=\"1\" src=\"https:\/\/www.lausitzer-museenland.de\/wp-content\/uploads\/2014\/11\/140.jpg\" data-envira-src=\"https:\/\/www.lausitzer-museenland.de\/wp-content\/uploads\/2014\/11\/140.jpg\" data-envira-gallery-id=\"162\" data-envira-item-id=\"1401\" data-envira-caption=\"Freilichtmuseum &amp;quot;Zeitsprung&amp;quot; Klinge\" alt=\"\" title=\"Skansen &quot;Zeitsprung&quot; Klinge\"  itemprop=\"thumbnailUrl\" data-envira-srcset=\"https:\/\/www.lausitzer-museenland.de\/wp-content\/uploads\/2014\/11\/140.jpg 400w,https:\/\/www.lausitzer-museenland.de\/wp-content\/uploads\/2014\/11\/140.jpg 2x\" srcset=\"data:image\/gif;base64,R0lGODlhAQABAIAAAP\/\/\/\/\/\/\/yH5BAEKAAEALAAAAAABAAEAAAICTAEAOw==\" \/><\/div><\/a><\/div><\/div><div id=\"envira-gallery-item-1402\" class=\"envira-gallery-item enviratope-item envira-gallery-item-2\" style=\"padding-left: 5px; padding-bottom: 10px; padding-right: 5px;\"  itemscope itemtype=\"https:\/\/schema.org\/ImageObject\"><div class=\"envira-gallery-item-inner\"><div class=\"envira-gallery-position-overlay  envira-gallery-top-left\"><\/div><div class=\"envira-gallery-position-overlay  envira-gallery-top-right\"><\/div><div class=\"envira-gallery-position-overlay  envira-gallery-bottom-left\"><\/div><div class=\"envira-gallery-position-overlay  envira-gallery-bottom-right\"><\/div><a href=\"https:\/\/www.lausitzer-museenland.de\/wp-content\/uploads\/2014\/11\/27.jpg\" class=\"envira-gallery-162 envira-gallery-link\" rel=\"enviragallery162\" title=\"Mamut z ostrza\" data-envira-caption=\"Mammut von Klinge\" data-envira-retina=\"\" data-thumbnail=\"\"  itemprop=\"contentUrl\"><div class=\"envira-lazy\" data-test-width=\"960\" data-test-height=\"300\" style=\"padding-bottom:31.25%;\"><img id=\"envira-gallery-image-1402\" class=\"envira-gallery-image envira-gallery-image-2\" data-envira-index=\"2\" src=\"https:\/\/www.lausitzer-museenland.de\/wp-content\/uploads\/2014\/11\/27.jpg\" data-envira-src=\"https:\/\/www.lausitzer-museenland.de\/wp-content\/uploads\/2014\/11\/27.jpg\" data-envira-gallery-id=\"162\" data-envira-item-id=\"1402\" data-envira-caption=\"Mammut von Klinge\" alt=\"\" title=\"Mamut z ostrza\"  itemprop=\"thumbnailUrl\" data-envira-srcset=\"https:\/\/www.lausitzer-museenland.de\/wp-content\/uploads\/2014\/11\/27.jpg 400w,https:\/\/www.lausitzer-museenland.de\/wp-content\/uploads\/2014\/11\/27.jpg 2x\" srcset=\"data:image\/gif;base64,R0lGODlhAQABAIAAAP\/\/\/\/\/\/\/yH5BAEKAAEALAAAAAABAAEAAAICTAEAOw==\" \/><\/div><\/a><\/div><\/div><div id=\"envira-gallery-item-1403\" class=\"envira-gallery-item enviratope-item envira-gallery-item-3\" style=\"padding-left: 5px; padding-bottom: 10px; padding-right: 5px;\"  itemscope itemtype=\"https:\/\/schema.org\/ImageObject\"><div class=\"envira-gallery-item-inner\"><div class=\"envira-gallery-position-overlay  envira-gallery-top-left\"><\/div><div class=\"envira-gallery-position-overlay  envira-gallery-top-right\"><\/div><div class=\"envira-gallery-position-overlay  envira-gallery-bottom-left\"><\/div><div class=\"envira-gallery-position-overlay  envira-gallery-bottom-right\"><\/div><a href=\"https:\/\/www.lausitzer-museenland.de\/wp-content\/uploads\/2014\/11\/35.jpg\" class=\"envira-gallery-162 envira-gallery-link\" rel=\"enviragallery162\" title=\"Skansen &quot;Zeitsprung&quot; Klinge\" data-envira-caption=\"Freilichtmuseum &amp;quot;Zeitsprung&amp;quot; Klinge\" data-envira-retina=\"\" data-thumbnail=\"\"  itemprop=\"contentUrl\"><div class=\"envira-lazy\" data-test-width=\"960\" data-test-height=\"300\" style=\"padding-bottom:31.25%;\"><img id=\"envira-gallery-image-1403\" class=\"envira-gallery-image envira-gallery-image-3\" data-envira-index=\"3\" src=\"https:\/\/www.lausitzer-museenland.de\/wp-content\/uploads\/2014\/11\/35.jpg\" data-envira-src=\"https:\/\/www.lausitzer-museenland.de\/wp-content\/uploads\/2014\/11\/35.jpg\" data-envira-gallery-id=\"162\" data-envira-item-id=\"1403\" data-envira-caption=\"Freilichtmuseum &amp;quot;Zeitsprung&amp;quot; Klinge\" alt=\"\" title=\"Skansen &quot;Zeitsprung&quot; Klinge\"  itemprop=\"thumbnailUrl\" data-envira-srcset=\"https:\/\/www.lausitzer-museenland.de\/wp-content\/uploads\/2014\/11\/35.jpg 400w,https:\/\/www.lausitzer-museenland.de\/wp-content\/uploads\/2014\/11\/35.jpg 2x\" srcset=\"data:image\/gif;base64,R0lGODlhAQABAIAAAP\/\/\/\/\/\/\/yH5BAEKAAEALAAAAAABAAEAAAICTAEAOw==\" \/><\/div><\/a><\/div><\/div><div id=\"envira-gallery-item-1404\" class=\"envira-gallery-item enviratope-item envira-gallery-item-4\" style=\"padding-left: 5px; padding-bottom: 10px; padding-right: 5px;\"  itemscope itemtype=\"https:\/\/schema.org\/ImageObject\"><div class=\"envira-gallery-item-inner\"><div class=\"envira-gallery-position-overlay  envira-gallery-top-left\"><\/div><div class=\"envira-gallery-position-overlay  envira-gallery-top-right\"><\/div><div class=\"envira-gallery-position-overlay  envira-gallery-bottom-left\"><\/div><div class=\"envira-gallery-position-overlay  envira-gallery-bottom-right\"><\/div><a href=\"https:\/\/www.lausitzer-museenland.de\/wp-content\/uploads\/2014\/11\/44.jpg\" class=\"envira-gallery-162 envira-gallery-link\" rel=\"enviragallery162\" title=\"Skansen &quot;Zeitsprung&quot; Klinge\" data-envira-caption=\"Freilichtmuseum &amp;quot;Zeitsprung&amp;quot; Klinge\" data-envira-retina=\"\" data-thumbnail=\"\"  itemprop=\"contentUrl\"><div class=\"envira-lazy\" data-test-width=\"960\" data-test-height=\"300\" style=\"padding-bottom:31.25%;\"><img id=\"envira-gallery-image-1404\" class=\"envira-gallery-image envira-gallery-image-4\" data-envira-index=\"4\" src=\"https:\/\/www.lausitzer-museenland.de\/wp-content\/uploads\/2014\/11\/44.jpg\" data-envira-src=\"https:\/\/www.lausitzer-museenland.de\/wp-content\/uploads\/2014\/11\/44.jpg\" data-envira-gallery-id=\"162\" data-envira-item-id=\"1404\" data-envira-caption=\"Freilichtmuseum &amp;quot;Zeitsprung&amp;quot; Klinge\" alt=\"\" title=\"Skansen &quot;Zeitsprung&quot; Klinge\"  itemprop=\"thumbnailUrl\" data-envira-srcset=\"https:\/\/www.lausitzer-museenland.de\/wp-content\/uploads\/2014\/11\/44.jpg 400w,https:\/\/www.lausitzer-museenland.de\/wp-content\/uploads\/2014\/11\/44.jpg 2x\" srcset=\"data:image\/gif;base64,R0lGODlhAQABAIAAAP\/\/\/\/\/\/\/yH5BAEKAAEALAAAAAABAAEAAAICTAEAOw==\" \/><\/div><\/a><\/div><\/div><div id=\"envira-gallery-item-1405\" class=\"envira-gallery-item enviratope-item envira-gallery-item-5\" style=\"padding-left: 5px; padding-bottom: 10px; padding-right: 5px;\"  itemscope itemtype=\"https:\/\/schema.org\/ImageObject\"><div class=\"envira-gallery-item-inner\"><div class=\"envira-gallery-position-overlay  envira-gallery-top-left\"><\/div><div class=\"envira-gallery-position-overlay  envira-gallery-top-right\"><\/div><div class=\"envira-gallery-position-overlay  envira-gallery-bottom-left\"><\/div><div class=\"envira-gallery-position-overlay  envira-gallery-bottom-right\"><\/div><a href=\"https:\/\/www.lausitzer-museenland.de\/wp-content\/uploads\/2014\/11\/53.jpg\" class=\"envira-gallery-162 envira-gallery-link\" rel=\"enviragallery162\" title=\"Skansen &quot;Zeitsprung&quot; Klinge\" data-envira-caption=\"Freilichtmuseum &amp;quot;Zeitsprung&amp;quot; Klinge\" data-envira-retina=\"\" data-thumbnail=\"\"  itemprop=\"contentUrl\"><div class=\"envira-lazy\" data-test-width=\"960\" data-test-height=\"300\" style=\"padding-bottom:31.25%;\"><img id=\"envira-gallery-image-1405\" class=\"envira-gallery-image envira-gallery-image-5\" data-envira-index=\"5\" src=\"https:\/\/www.lausitzer-museenland.de\/wp-content\/uploads\/2014\/11\/53.jpg\" data-envira-src=\"https:\/\/www.lausitzer-museenland.de\/wp-content\/uploads\/2014\/11\/53.jpg\" data-envira-gallery-id=\"162\" data-envira-item-id=\"1405\" data-envira-caption=\"Freilichtmuseum &amp;quot;Zeitsprung&amp;quot; Klinge\" alt=\"\" title=\"Skansen &quot;Zeitsprung&quot; Klinge\"  itemprop=\"thumbnailUrl\" data-envira-srcset=\"https:\/\/www.lausitzer-museenland.de\/wp-content\/uploads\/2014\/11\/53.jpg 400w,https:\/\/www.lausitzer-museenland.de\/wp-content\/uploads\/2014\/11\/53.jpg 2x\" srcset=\"data:image\/gif;base64,R0lGODlhAQABAIAAAP\/\/\/\/\/\/\/yH5BAEKAAEALAAAAAABAAEAAAICTAEAOw==\" \/><\/div><\/a><\/div><\/div><div id=\"envira-gallery-item-1406\" class=\"envira-gallery-item enviratope-item envira-gallery-item-6\" style=\"padding-left: 5px; padding-bottom: 10px; padding-right: 5px;\"  itemscope itemtype=\"https:\/\/schema.org\/ImageObject\"><div class=\"envira-gallery-item-inner\"><div class=\"envira-gallery-position-overlay  envira-gallery-top-left\"><\/div><div class=\"envira-gallery-position-overlay  envira-gallery-top-right\"><\/div><div class=\"envira-gallery-position-overlay  envira-gallery-bottom-left\"><\/div><div class=\"envira-gallery-position-overlay  envira-gallery-bottom-right\"><\/div><a href=\"https:\/\/www.lausitzer-museenland.de\/wp-content\/uploads\/2014\/11\/61.jpg\" class=\"envira-gallery-162 envira-gallery-link\" rel=\"enviragallery162\" title=\"Skansen &quot;Zeitsprung&quot; Klinge\" data-envira-caption=\"Freilichtmuseum &amp;quot;Zeitsprung&amp;quot; Klinge\" data-envira-retina=\"\" data-thumbnail=\"\"  itemprop=\"contentUrl\"><div class=\"envira-lazy\" data-test-width=\"960\" data-test-height=\"300\" style=\"padding-bottom:31.25%;\"><img id=\"envira-gallery-image-1406\" class=\"envira-gallery-image envira-gallery-image-6\" data-envira-index=\"6\" src=\"https:\/\/www.lausitzer-museenland.de\/wp-content\/uploads\/2014\/11\/61.jpg\" data-envira-src=\"https:\/\/www.lausitzer-museenland.de\/wp-content\/uploads\/2014\/11\/61.jpg\" data-envira-gallery-id=\"162\" data-envira-item-id=\"1406\" data-envira-caption=\"Freilichtmuseum &amp;quot;Zeitsprung&amp;quot; Klinge\" alt=\"\" title=\"Skansen &quot;Zeitsprung&quot; Klinge\"  itemprop=\"thumbnailUrl\" data-envira-srcset=\"https:\/\/www.lausitzer-museenland.de\/wp-content\/uploads\/2014\/11\/61.jpg 400w,https:\/\/www.lausitzer-museenland.de\/wp-content\/uploads\/2014\/11\/61.jpg 2x\" srcset=\"data:image\/gif;base64,R0lGODlhAQABAIAAAP\/\/\/\/\/\/\/yH5BAEKAAEALAAAAAABAAEAAAICTAEAOw==\" \/><\/div><\/a><\/div><\/div><div id=\"envira-gallery-item-1407\" class=\"envira-gallery-item enviratope-item envira-gallery-item-7\" style=\"padding-left: 5px; padding-bottom: 10px; padding-right: 5px;\"  itemscope itemtype=\"https:\/\/schema.org\/ImageObject\"><div class=\"envira-gallery-item-inner\"><div class=\"envira-gallery-position-overlay  envira-gallery-top-left\"><\/div><div class=\"envira-gallery-position-overlay  envira-gallery-top-right\"><\/div><div class=\"envira-gallery-position-overlay  envira-gallery-bottom-left\"><\/div><div class=\"envira-gallery-position-overlay  envira-gallery-bottom-right\"><\/div><a href=\"https:\/\/www.lausitzer-museenland.de\/wp-content\/uploads\/2014\/11\/71.jpg\" class=\"envira-gallery-162 envira-gallery-link\" rel=\"enviragallery162\" title=\"Skansen &quot;Zeitsprung&quot; Klinge\" data-envira-caption=\"Freilichtmuseum &amp;quot;Zeitsprung&amp;quot; Klinge\" data-envira-retina=\"\" data-thumbnail=\"\"  itemprop=\"contentUrl\"><div class=\"envira-lazy\" data-test-width=\"960\" data-test-height=\"300\" style=\"padding-bottom:31.25%;\"><img id=\"envira-gallery-image-1407\" class=\"envira-gallery-image envira-gallery-image-7\" data-envira-index=\"7\" src=\"https:\/\/www.lausitzer-museenland.de\/wp-content\/uploads\/2014\/11\/71.jpg\" data-envira-src=\"https:\/\/www.lausitzer-museenland.de\/wp-content\/uploads\/2014\/11\/71.jpg\" data-envira-gallery-id=\"162\" data-envira-item-id=\"1407\" data-envira-caption=\"Freilichtmuseum &amp;quot;Zeitsprung&amp;quot; Klinge\" alt=\"\" title=\"Skansen &quot;Zeitsprung&quot; Klinge\"  itemprop=\"thumbnailUrl\" data-envira-srcset=\"https:\/\/www.lausitzer-museenland.de\/wp-content\/uploads\/2014\/11\/71.jpg 400w,https:\/\/www.lausitzer-museenland.de\/wp-content\/uploads\/2014\/11\/71.jpg 2x\" srcset=\"data:image\/gif;base64,R0lGODlhAQABAIAAAP\/\/\/\/\/\/\/yH5BAEKAAEALAAAAAABAAEAAAICTAEAOw==\" \/><\/div><\/a><\/div><\/div><div id=\"envira-gallery-item-1408\" class=\"envira-gallery-item enviratope-item envira-gallery-item-8\" style=\"padding-left: 5px; padding-bottom: 10px; padding-right: 5px;\"  itemscope itemtype=\"https:\/\/schema.org\/ImageObject\"><div class=\"envira-gallery-item-inner\"><div class=\"envira-gallery-position-overlay  envira-gallery-top-left\"><\/div><div class=\"envira-gallery-position-overlay  envira-gallery-top-right\"><\/div><div class=\"envira-gallery-position-overlay  envira-gallery-bottom-left\"><\/div><div class=\"envira-gallery-position-overlay  envira-gallery-bottom-right\"><\/div><a href=\"https:\/\/www.lausitzer-museenland.de\/wp-content\/uploads\/2014\/11\/8.jpg\" class=\"envira-gallery-162 envira-gallery-link\" rel=\"enviragallery162\" title=\"Skansen &quot;Zeitsprung&quot; Klinge\" data-envira-caption=\"Freilichtmuseum &amp;quot;Zeitsprung&amp;quot; Klinge\" data-envira-retina=\"\" data-thumbnail=\"\"  itemprop=\"contentUrl\"><div class=\"envira-lazy\" data-test-width=\"960\" data-test-height=\"300\" style=\"padding-bottom:31.25%;\"><img id=\"envira-gallery-image-1408\" class=\"envira-gallery-image envira-gallery-image-8\" data-envira-index=\"8\" src=\"https:\/\/www.lausitzer-museenland.de\/wp-content\/uploads\/2014\/11\/8.jpg\" data-envira-src=\"https:\/\/www.lausitzer-museenland.de\/wp-content\/uploads\/2014\/11\/8.jpg\" data-envira-gallery-id=\"162\" data-envira-item-id=\"1408\" data-envira-caption=\"Freilichtmuseum &amp;quot;Zeitsprung&amp;quot; Klinge\" alt=\"\" title=\"Skansen &quot;Zeitsprung&quot; Klinge\"  itemprop=\"thumbnailUrl\" data-envira-srcset=\"https:\/\/www.lausitzer-museenland.de\/wp-content\/uploads\/2014\/11\/8.jpg 400w,https:\/\/www.lausitzer-museenland.de\/wp-content\/uploads\/2014\/11\/8.jpg 2x\" srcset=\"data:image\/gif;base64,R0lGODlhAQABAIAAAP\/\/\/\/\/\/\/yH5BAEKAAEALAAAAAABAAEAAAICTAEAOw==\" \/><\/div><\/a><\/div><\/div><\/div><\/div><noscript><img src=\"https:\/\/www.lausitzer-museenland.de\/wp-content\/uploads\/2014\/11\/140.jpg\" alt=\"\" \/><img src=\"https:\/\/www.lausitzer-museenland.de\/wp-content\/uploads\/2014\/11\/27.jpg\" alt=\"\" \/><img src=\"https:\/\/www.lausitzer-museenland.de\/wp-content\/uploads\/2014\/11\/35.jpg\" alt=\"\" \/><img src=\"https:\/\/www.lausitzer-museenland.de\/wp-content\/uploads\/2014\/11\/44.jpg\" alt=\"\" \/><img src=\"https:\/\/www.lausitzer-museenland.de\/wp-content\/uploads\/2014\/11\/53.jpg\" alt=\"\" \/><img src=\"https:\/\/www.lausitzer-museenland.de\/wp-content\/uploads\/2014\/11\/61.jpg\" alt=\"\" \/><img src=\"https:\/\/www.lausitzer-museenland.de\/wp-content\/uploads\/2014\/11\/71.jpg\" alt=\"\" \/><img src=\"https:\/\/www.lausitzer-museenland.de\/wp-content\/uploads\/2014\/11\/8.jpg\" alt=\"\" \/><\/noscript>\n<\/div>","protected":false},"excerpt":{"rendered":"<p>Galeria | Oferta dla dzieci Wystawa przyrodnicza i odkrywka geologiczna Po\u0142o\u017cenie geograficzne W pobli\u017cu Klinge, 12 km na wsch\u00f3d od Cottbus, Muzeum Przyrody i \u015arodowiska w Cottbus prowadzi od 1985 r. wykopaliska geologiczno-paleontologiczne w osadach jeziornych z okresu eemskiego i ciep\u0142ego plejstocenu. Wychodnia znajduje si\u0119 pomi\u0119dzy dawnym wyrobiskiem gliny a po\u0142udniowym zboczem kopalni odkrywkowej J\u00e4nschwalde. W wysoko\u015bci 2-3 m,<\/p>","protected":false},"author":13,"featured_media":0,"parent":113,"menu_order":0,"comment_status":"closed","ping_status":"closed","template":"","meta":[],"_links":{"self":[{"href":"https:\/\/www.lausitzer-museenland.de\/pl\/wp-json\/wp\/v2\/pages\/162"}],"collection":[{"href":"https:\/\/www.lausitzer-museenland.de\/pl\/wp-json\/wp\/v2\/pages"}],"about":[{"href":"https:\/\/www.lausitzer-museenland.de\/pl\/wp-json\/wp\/v2\/types\/page"}],"author":[{"embeddable":true,"href":"https:\/\/www.lausitzer-museenland.de\/pl\/wp-json\/wp\/v2\/users\/13"}],"replies":[{"embeddable":true,"href":"https:\/\/www.lausitzer-museenland.de\/pl\/wp-json\/wp\/v2\/comments?post=162"}],"version-history":[{"count":15,"href":"https:\/\/www.lausitzer-museenland.de\/pl\/wp-json\/wp\/v2\/pages\/162\/revisions"}],"predecessor-version":[{"id":53903,"href":"https:\/\/www.lausitzer-museenland.de\/pl\/wp-json\/wp\/v2\/pages\/162\/revisions\/53903"}],"up":[{"embeddable":true,"href":"https:\/\/www.lausitzer-museenland.de\/pl\/wp-json\/wp\/v2\/pages\/113"}],"wp:attachment":[{"href":"https:\/\/www.lausitzer-museenland.de\/pl\/wp-json\/wp\/v2\/media?parent=162"}],"curies":[{"name":"wp","href":"https:\/\/api.w.org\/{rel}","templated":true}]}}