{"id":182,"date":"2014-11-05T17:33:13","date_gmt":"2014-11-05T16:33:13","guid":{"rendered":"http:\/\/lausitzer-museenland.de\/?page_id=182"},"modified":"2022-05-31T07:38:03","modified_gmt":"2022-05-31T05:38:03","slug":"heimatmuseum-tauer","status":"publish","type":"page","link":"https:\/\/www.lausitzer-museenland.de\/pl\/muzea\/heimatmuseum-tauer\/","title":{"rendered":"Muzeum Historii Lokalnej Tauer \/ Domowniski muzej Turjej"},"content":{"rendered":"<p><a href=\"#galerie_tauer\">Galeria<\/a> |\u00a0<a href=\"#austellungen_tauer\">Wystawy<\/a>\u00a0| <a href=\"#kinderangebot_tauer\">Oferty dla dzieci<\/a><br \/>\n<a href=\"https:\/\/www.lausitzer-museenland.de\/wp-content\/uploads\/2014\/11\/114.jpg\"><img loading=\"lazy\" class=\"enigma_img_responsive alignnone wp-image-1258\" src=\"https:\/\/www.lausitzer-museenland.de\/wp-content\/uploads\/2014\/11\/114.jpg\" alt=\"1\" width=\"800\" height=\"398\" srcset=\"https:\/\/www.lausitzer-museenland.de\/wp-content\/uploads\/2014\/11\/114.jpg 402w, https:\/\/www.lausitzer-museenland.de\/wp-content\/uploads\/2014\/11\/114-300x149.jpg 300w, https:\/\/www.lausitzer-museenland.de\/wp-content\/uploads\/2014\/11\/114-100x49.jpg 100w, https:\/\/www.lausitzer-museenland.de\/wp-content\/uploads\/2014\/11\/114-150x74.jpg 150w, https:\/\/www.lausitzer-museenland.de\/wp-content\/uploads\/2014\/11\/114-200x99.jpg 200w\" sizes=\"(max-width: 800px) 100vw, 800px\" \/><\/a><\/p>\n\n<p><strong>Muzeum krajoznawcze w starej piekarni wiejskiej<\/strong><\/p>\n<h3>Po\u0142o\u017cenie budynku\/dzia\u0142ki<\/h3>\n<p>Starannie urz\u0105dzone muzeum mie\u015bci si\u0119 w dawnej wiejskiej piekarni. Godna uwagi jest struktura budynku gospodarstwa, zbudowanego masywnie w stylu tradycyjnym pod koniec XIX wieku. Na pi\u0119trze zachowa\u0142 si\u0119 szczyt poprzedniego budynku. Najwa\u017cniejszym obiektem w muzeum jest dzia\u0142aj\u0105cy stary piec piekarniczy. Podczas festiwali muzealnych zwiedzaj\u0105cy mog\u0105 na w\u0142asne oczy przekona\u0107 si\u0119 o jako\u015bci wypiekanych produkt\u00f3w.<\/p>\n<h3>Charakterystyka<\/h3>\n<p>Muzeum Historii Lokalnej zosta\u0142o otwarte 12 listopada 2005 r. Znajduj\u0105 si\u0119 tu eksponaty i wystawy dotycz\u0105ce \u017cycia ludno\u015bci wiejskiej, zwyczaj\u00f3w serbo\u0142u\u017cycko-wendyjskich oraz szczeg\u00f3\u0142\u00f3w \u017cycia od XVIII wieku w oryginalnej atmosferze. Mo\u017cna tu zwiedzi\u0107 sta\u0142\u0105 wystaw\u0119 po\u015bwi\u0119con\u0105 serbo\u0142u\u017cycko-wendyjskiej historii wsi. Szczeg\u00f3ln\u0105 atrakcj\u0105 s\u0105 tradycyjne stroje dolno\u0142u\u017cyckie - od ch\u0142opskich stroj\u00f3w roboczych po misternie haftowane stroje \u015bwi\u0105teczne. Gablota Fryco-Rocha z historyczn\u0105 klas\u0105 opowiada o wendyjskim nauczycielu, pisarzu i poecie ludowym, kt\u00f3ry urodzi\u0142 si\u0119 w dzielnicy Sch\u00f6nh\u00f6he. Wystawa nawi\u0105zuje do pracy Fryco Rocha jako nauczyciela w Tauer w latach 1891-1915, kt\u00f3r\u0105 wykonywa\u0142 w j\u0119zyku dolno\u0142u\u017cyckim, mimo \u017ce by\u0142o to zabronione. Napisa\u0142 oko\u0142o 300 dolno\u0142u\u017cyckich opowiada\u0144 i pie\u015bni do wykorzystania w klasie. Dlatego uwa\u017ca si\u0119 go za pierwszego dolno\u0142u\u017cyckiego poet\u0119 dla dzieci.<\/p>\n<p>Nienaruszone gospodarstwo z zabudowaniami gospodarczymi, tradycyjn\u0105 farm\u0105 i ogrodem zio\u0142owym ma idylliczny charakter.<\/p>\n<h3>Wystawy specjalne \/ oferty towarzysz\u0105ce<a id=\"austellungen_tauer\"><\/a><\/h3>\n<ul>\n<li>Gospodarstwo znajduje si\u0119 bezpo\u015brednio przy \u015bcie\u017cce rowerowej prowadz\u0105cej nad jezioro Gro\u00dfsee w kierunku Pinnower See - Schlaubetal.<\/li>\n<li>Obok gospodarstwa stworzono typowy ogr\u00f3dek wiejski z hotelem dla owad\u00f3w.<\/li>\n<\/ul>\n<h3>Oferty dla dzieci - Z Kobim do muzeum<a id=\"kinderangebot_tauer\"><\/a><\/h3>\n<p align=\"left\">Kobi - duch ma\u0142ego domku - czuje si\u0119 w muzeum jak w domu. Tam mieszka w kapciu pod piecem. O p\u00f3\u0142nocy pods\u0142uchuje starych muzealnik\u00f3w, kt\u00f3rzy opowiadaj\u0105 historie z przesz\u0142o\u015bci. Opowiada te fascynuj\u0105ce historie pracownikom muzeum, kt\u00f3rzy nast\u0119pnie opowiadaj\u0105 je dzieciom - historie z dawnych, starych czas\u00f3w.<\/p>\n<p class=\"entry-title post-title\">Kobi proponuje:<\/p>\n<div>\n<h5>\u00a0Piec piekarniczy, zwyczaje i typowy ogr\u00f3d wiejski<\/h5>\n<div data-post-id='backofen-brauchtum-und-landestypischer-bauerngarten' class='insert-page insert-page-backofen-brauchtum-und-landestypischer-bauerngarten'>\t\t\t\t\t<p>Starannie urz\u0105dzone muzeum mie\u015bci si\u0119 w dawnej wiejskiej piekarni. Znajduj\u0105 si\u0119 tu eksponaty i wystawy dotycz\u0105ce \u017cycia ludno\u015bci wiejskiej, zwyczaj\u00f3w serbo\u0142u\u017cycko-wendyjskich oraz szczeg\u00f3\u0142\u00f3w \u017cycia od XVIII wieku w oryginalnej atmosferze. Szczeg\u00f3ln\u0105 atrakcj\u0105 s\u0105 tradycyjne stroje dolno\u0142u\u017cyckie, od ch\u0142opskich stroj\u00f3w roboczych po misternie haftowane stroje \u015bwi\u0105teczne. Idylliczny charakter ma podw\u00f3rze z zabudowaniami gospodarczymi oraz tradycyjnym ogrodem farmerskim i zio\u0142owym.<\/p>\n<p>Oferta odbywa si\u0119 w pomieszczeniach zamkni\u0119tych i jest skierowana do uczni\u00f3w klas 1-10.<br \/>\nTerminy: po uzgodnieniu<br \/>\nRejestracja wst\u0119pna: najp\u00f3\u017aniej 2 tygodnie przed<br \/>\nWst\u0119p dla jednej osoby: 0,50 \u20ac<\/p>\n<p><a title=\"Muzeum Historii Lokalnej Tauer \/ Domowniski muzej Turjej\" href=\"\/museen\/heimatmuseum-tauer\/\">Muzeum krajoznawcze Tauer<\/a><\/p>\n\t\t\t\t\t<\/div>\n<h3><\/h3>\n<p>&nbsp;<\/p>\n<h3>Galeria<a id=\"galerie_tauer\"><\/a><\/h3>\n<div id=\"envira-gallery-wrap-182\" class=\"envira-gallery-wrap envira-gallery-theme-base envira-lightbox-theme-base\" itemscope itemtype=\"https:\/\/schema.org\/ImageGallery\"><div data-row-height=\"\" data-gallery-theme=\"\" id=\"envira-gallery-182\" class=\"envira-gallery-public  envira-gallery-3-columns envira-clear enviratope envira-gallery-css-animations\" data-envira-columns=\"3\"><div id=\"envira-gallery-item-3230\" class=\"envira-gallery-item enviratope-item envira-gallery-item-1\" style=\"padding-left: 5px; padding-bottom: 10px; padding-right: 5px;\"  itemscope itemtype=\"https:\/\/schema.org\/ImageObject\"><div class=\"envira-gallery-item-inner\"><div class=\"envira-gallery-position-overlay  envira-gallery-top-left\"><\/div><div class=\"envira-gallery-position-overlay  envira-gallery-top-right\"><\/div><div class=\"envira-gallery-position-overlay  envira-gallery-bottom-left\"><\/div><div class=\"envira-gallery-position-overlay  envira-gallery-bottom-right\"><\/div><a href=\"https:\/\/www.lausitzer-museenland.de\/wp-content\/uploads\/2014\/11\/146.jpg\" class=\"envira-gallery-182 envira-gallery-link\" rel=\"enviragallery182\" title=\"Muzeum krajoznawcze Tauer\" data-envira-caption=\"Heimatmuseum Tauer\" data-envira-retina=\"\" data-thumbnail=\"\"  itemprop=\"contentUrl\"><div class=\"envira-lazy\" data-test-width=\"960\" data-test-height=\"300\" style=\"padding-bottom:31.25%;\"><img id=\"envira-gallery-image-3230\" class=\"envira-gallery-image envira-gallery-image-1\" data-envira-index=\"1\" src=\"https:\/\/www.lausitzer-museenland.de\/wp-content\/uploads\/2014\/11\/146.jpg\" data-envira-src=\"https:\/\/www.lausitzer-museenland.de\/wp-content\/uploads\/2014\/11\/146.jpg\" data-envira-gallery-id=\"182\" data-envira-item-id=\"3230\" data-envira-caption=\"Heimatmuseum Tauer\" alt=\"\" title=\"Muzeum krajoznawcze Tauer\"  itemprop=\"thumbnailUrl\" data-envira-srcset=\"https:\/\/www.lausitzer-museenland.de\/wp-content\/uploads\/2014\/11\/146.jpg 400w,https:\/\/www.lausitzer-museenland.de\/wp-content\/uploads\/2014\/11\/146.jpg 2x\" srcset=\"data:image\/gif;base64,R0lGODlhAQABAIAAAP\/\/\/\/\/\/\/yH5BAEKAAEALAAAAAABAAEAAAICTAEAOw==\" \/><\/div><\/a><\/div><\/div><div id=\"envira-gallery-item-3231\" class=\"envira-gallery-item enviratope-item envira-gallery-item-2\" style=\"padding-left: 5px; padding-bottom: 10px; padding-right: 5px;\"  itemscope itemtype=\"https:\/\/schema.org\/ImageObject\"><div class=\"envira-gallery-item-inner\"><div class=\"envira-gallery-position-overlay  envira-gallery-top-left\"><\/div><div class=\"envira-gallery-position-overlay  envira-gallery-top-right\"><\/div><div class=\"envira-gallery-position-overlay  envira-gallery-bottom-left\"><\/div><div class=\"envira-gallery-position-overlay  envira-gallery-bottom-right\"><\/div><a href=\"https:\/\/www.lausitzer-museenland.de\/wp-content\/uploads\/2014\/11\/213.jpg\" class=\"envira-gallery-182 envira-gallery-link\" rel=\"enviragallery182\" title=\"Muzeum krajoznawcze Tauer\" data-envira-caption=\"Heimatmuseum Tauer\" data-envira-retina=\"\" data-thumbnail=\"\"  itemprop=\"contentUrl\"><div class=\"envira-lazy\" data-test-width=\"960\" data-test-height=\"300\" style=\"padding-bottom:31.25%;\"><img id=\"envira-gallery-image-3231\" class=\"envira-gallery-image envira-gallery-image-2\" data-envira-index=\"2\" src=\"https:\/\/www.lausitzer-museenland.de\/wp-content\/uploads\/2014\/11\/213.jpg\" data-envira-src=\"https:\/\/www.lausitzer-museenland.de\/wp-content\/uploads\/2014\/11\/213.jpg\" data-envira-gallery-id=\"182\" data-envira-item-id=\"3231\" data-envira-caption=\"Heimatmuseum Tauer\" alt=\"\" title=\"Muzeum krajoznawcze Tauer\"  itemprop=\"thumbnailUrl\" data-envira-srcset=\"https:\/\/www.lausitzer-museenland.de\/wp-content\/uploads\/2014\/11\/213.jpg 400w,https:\/\/www.lausitzer-museenland.de\/wp-content\/uploads\/2014\/11\/213.jpg 2x\" srcset=\"data:image\/gif;base64,R0lGODlhAQABAIAAAP\/\/\/\/\/\/\/yH5BAEKAAEALAAAAAABAAEAAAICTAEAOw==\" \/><\/div><\/a><\/div><\/div><div id=\"envira-gallery-item-3232\" class=\"envira-gallery-item enviratope-item envira-gallery-item-3\" style=\"padding-left: 5px; padding-bottom: 10px; padding-right: 5px;\"  itemscope itemtype=\"https:\/\/schema.org\/ImageObject\"><div class=\"envira-gallery-item-inner\"><div class=\"envira-gallery-position-overlay  envira-gallery-top-left\"><\/div><div class=\"envira-gallery-position-overlay  envira-gallery-top-right\"><\/div><div class=\"envira-gallery-position-overlay  envira-gallery-bottom-left\"><\/div><div class=\"envira-gallery-position-overlay  envira-gallery-bottom-right\"><\/div><a href=\"https:\/\/www.lausitzer-museenland.de\/wp-content\/uploads\/2014\/11\/38.jpg\" class=\"envira-gallery-182 envira-gallery-link\" rel=\"enviragallery182\" title=\"Muzeum krajoznawcze Tauer\" data-envira-caption=\"Heimatmuseum Tauer\" data-envira-retina=\"\" data-thumbnail=\"\"  itemprop=\"contentUrl\"><div class=\"envira-lazy\" data-test-width=\"960\" data-test-height=\"300\" style=\"padding-bottom:31.25%;\"><img id=\"envira-gallery-image-3232\" class=\"envira-gallery-image envira-gallery-image-3\" data-envira-index=\"3\" src=\"https:\/\/www.lausitzer-museenland.de\/wp-content\/uploads\/2014\/11\/38.jpg\" data-envira-src=\"https:\/\/www.lausitzer-museenland.de\/wp-content\/uploads\/2014\/11\/38.jpg\" data-envira-gallery-id=\"182\" data-envira-item-id=\"3232\" data-envira-caption=\"Heimatmuseum Tauer\" alt=\"\" title=\"Muzeum krajoznawcze Tauer\"  itemprop=\"thumbnailUrl\" data-envira-srcset=\"https:\/\/www.lausitzer-museenland.de\/wp-content\/uploads\/2014\/11\/38.jpg 400w,https:\/\/www.lausitzer-museenland.de\/wp-content\/uploads\/2014\/11\/38.jpg 2x\" srcset=\"data:image\/gif;base64,R0lGODlhAQABAIAAAP\/\/\/\/\/\/\/yH5BAEKAAEALAAAAAABAAEAAAICTAEAOw==\" \/><\/div><\/a><\/div><\/div><div id=\"envira-gallery-item-3233\" class=\"envira-gallery-item enviratope-item envira-gallery-item-4\" style=\"padding-left: 5px; padding-bottom: 10px; padding-right: 5px;\"  itemscope itemtype=\"https:\/\/schema.org\/ImageObject\"><div class=\"envira-gallery-item-inner\"><div class=\"envira-gallery-position-overlay  envira-gallery-top-left\"><\/div><div class=\"envira-gallery-position-overlay  envira-gallery-top-right\"><\/div><div class=\"envira-gallery-position-overlay  envira-gallery-bottom-left\"><\/div><div class=\"envira-gallery-position-overlay  envira-gallery-bottom-right\"><\/div><a href=\"https:\/\/www.lausitzer-museenland.de\/wp-content\/uploads\/2014\/11\/47.jpg\" class=\"envira-gallery-182 envira-gallery-link\" rel=\"enviragallery182\" title=\"Muzeum krajoznawcze Tauer\" data-envira-caption=\"Heimatmuseum Tauer\" data-envira-retina=\"\" data-thumbnail=\"\"  itemprop=\"contentUrl\"><div class=\"envira-lazy\" data-test-width=\"960\" data-test-height=\"300\" style=\"padding-bottom:31.25%;\"><img id=\"envira-gallery-image-3233\" class=\"envira-gallery-image envira-gallery-image-4\" data-envira-index=\"4\" src=\"https:\/\/www.lausitzer-museenland.de\/wp-content\/uploads\/2014\/11\/47.jpg\" data-envira-src=\"https:\/\/www.lausitzer-museenland.de\/wp-content\/uploads\/2014\/11\/47.jpg\" data-envira-gallery-id=\"182\" data-envira-item-id=\"3233\" data-envira-caption=\"Heimatmuseum Tauer\" alt=\"\" title=\"Muzeum krajoznawcze Tauer\"  itemprop=\"thumbnailUrl\" data-envira-srcset=\"https:\/\/www.lausitzer-museenland.de\/wp-content\/uploads\/2014\/11\/47.jpg 400w,https:\/\/www.lausitzer-museenland.de\/wp-content\/uploads\/2014\/11\/47.jpg 2x\" srcset=\"data:image\/gif;base64,R0lGODlhAQABAIAAAP\/\/\/\/\/\/\/yH5BAEKAAEALAAAAAABAAEAAAICTAEAOw==\" \/><\/div><\/a><\/div><\/div><\/div><\/div><noscript><img src=\"https:\/\/www.lausitzer-museenland.de\/wp-content\/uploads\/2014\/11\/146.jpg\" alt=\"\" \/><img src=\"https:\/\/www.lausitzer-museenland.de\/wp-content\/uploads\/2014\/11\/213.jpg\" alt=\"\" \/><img src=\"https:\/\/www.lausitzer-museenland.de\/wp-content\/uploads\/2014\/11\/38.jpg\" alt=\"\" \/><img src=\"https:\/\/www.lausitzer-museenland.de\/wp-content\/uploads\/2014\/11\/47.jpg\" alt=\"\" \/><\/noscript>\n<\/div>","protected":false},"excerpt":{"rendered":"<p>Galeria | Wystawy | Oferta dla dzieci Lokalne muzeum historii w dawnej wiejskiej piekarni Budynek \/ sytuacja maj\u0105tkowa Uroczy\u015bcie urz\u0105dzone muzeum znajduje si\u0119 w dawnej wiejskiej piekarni. Godna uwagi jest struktura budowlana folwarku, kt\u00f3ry zosta\u0142 zbudowany masywnie w stylu tradycyjnym pod koniec XIX wieku. Na pi\u0119trze zachowany jest szczyt poprzedniego budynku. Funkcjonuj\u0105cy stary piec do pieczenia to.<\/p>","protected":false},"author":13,"featured_media":0,"parent":113,"menu_order":0,"comment_status":"closed","ping_status":"closed","template":"","meta":[],"_links":{"self":[{"href":"https:\/\/www.lausitzer-museenland.de\/pl\/wp-json\/wp\/v2\/pages\/182"}],"collection":[{"href":"https:\/\/www.lausitzer-museenland.de\/pl\/wp-json\/wp\/v2\/pages"}],"about":[{"href":"https:\/\/www.lausitzer-museenland.de\/pl\/wp-json\/wp\/v2\/types\/page"}],"author":[{"embeddable":true,"href":"https:\/\/www.lausitzer-museenland.de\/pl\/wp-json\/wp\/v2\/users\/13"}],"replies":[{"embeddable":true,"href":"https:\/\/www.lausitzer-museenland.de\/pl\/wp-json\/wp\/v2\/comments?post=182"}],"version-history":[{"count":17,"href":"https:\/\/www.lausitzer-museenland.de\/pl\/wp-json\/wp\/v2\/pages\/182\/revisions"}],"predecessor-version":[{"id":53913,"href":"https:\/\/www.lausitzer-museenland.de\/pl\/wp-json\/wp\/v2\/pages\/182\/revisions\/53913"}],"up":[{"embeddable":true,"href":"https:\/\/www.lausitzer-museenland.de\/pl\/wp-json\/wp\/v2\/pages\/113"}],"wp:attachment":[{"href":"https:\/\/www.lausitzer-museenland.de\/pl\/wp-json\/wp\/v2\/media?parent=182"}],"curies":[{"name":"wp","href":"https:\/\/api.w.org\/{rel}","templated":true}]}}