{"id":202,"date":"2014-11-05T17:45:40","date_gmt":"2014-11-05T16:45:40","guid":{"rendered":"http:\/\/lausitzer-museenland.de\/?page_id=202"},"modified":"2024-02-08T12:35:37","modified_gmt":"2024-02-08T11:35:37","slug":"heimatstube-klein-koelzig","status":"publish","type":"page","link":"https:\/\/www.lausitzer-museenland.de\/pl\/muzea\/heimatstube-klein-koelzig\/","title":{"rendered":"Heimatstube Klein K\u00f6lzig \/ Domowniska \u015bpa Ma\u0142y K\u00f3lsk"},"content":{"rendered":"<p><a href=\"#galerie_klein_koelzig\">Galeria<\/a> |\u00a0<a href=\"#austellungen_klein_koelzig\">Wystawy<\/a>\u00a0| <a href=\"#kinderangebot_klein_koelzig\">Oferty dla dzieci<\/a><br \/>\n<img loading=\"lazy\" class=\"enigma_img_responsive alignnone wp-image-1264\" src=\"https:\/\/www.lausitzer-museenland.de\/wp-content\/uploads\/2014\/11\/118.jpg\" alt=\"1\" width=\"800\" height=\"398\" srcset=\"https:\/\/www.lausitzer-museenland.de\/wp-content\/uploads\/2014\/11\/118.jpg 402w, https:\/\/www.lausitzer-museenland.de\/wp-content\/uploads\/2014\/11\/118-300x149.jpg 300w, https:\/\/www.lausitzer-museenland.de\/wp-content\/uploads\/2014\/11\/118-100x49.jpg 100w, https:\/\/www.lausitzer-museenland.de\/wp-content\/uploads\/2014\/11\/118-150x74.jpg 150w, https:\/\/www.lausitzer-museenland.de\/wp-content\/uploads\/2014\/11\/118-200x99.jpg 200w\" sizes=\"(max-width: 800px) 100vw, 800px\" \/><br \/>\nRzemios\u0142o artystyczne i historia wsi - Kolekcja w \"Starej Cegielni<\/p>\n\n<h3><strong>Alte Ziegelei und Heimatstube Klein K\u00f6lzig \/ Stara cyglownja a Domowniska \u015bpa Ma\u0142y K\u00f3lsk<\/strong><\/h3>\n<h3>Po\u0142o\u017cenie budynku\/dzia\u0142ki<\/h3>\n<p>Od czasu rekonstrukcji w 2005 r. zwiedzaj\u0105cy mog\u0105 podziwia\u0107 jedyn\u0105 w regionie cegielni\u0119 z ca\u0142kowicie zachowanym piecem pier\u015bcieniowym. Od 2013 r. w \"Starej Cegielni\" mie\u015bci si\u0119 sala historii lokalnej. Na wszystkich trzech poziomach opisane s\u0105 do\u015bwiadczenia i t\u0142o historyczne, kt\u00f3re \u015bwiadcz\u0105 o wykorzystaniu budynku cegielni.<\/p>\n<h3>Charakterystyka<\/h3>\n<p>Eksponaty, dokumenty i zdj\u0119cia dotycz\u0105ce historii wsi, \u017cycia wsi i jej zwi\u0105zk\u00f3w, g\u00f3rnictwa i miejscowego rzemie\u015blnika, rze\u017abiarza w drewnie Karla Gierschera, s\u0105 prezentowane w lokalnym centrum historycznym. Szczeg\u00f3ln\u0105 atrakcj\u0105 dla zwiedzaj\u0105cych jest wystawa znalezisk geologicznych z okolicznych kopalni odkrywkowych.<\/p>\n<p>Podczas gdy cz\u0142onkowie stowarzyszenia cegielni zaprezentuj\u0105 budynek, uzyskasz wgl\u0105d w procesy produkcyjne, kt\u00f3re charakteryzuj\u0105 si\u0119 ci\u0119\u017ck\u0105 prac\u0105 fizyczn\u0105. Zostaniesz r\u00f3wnie\u017c wtajemniczony w tajemnic\u0119, dlaczego budynek przetrwa\u0142 trudny okres po zaprzestaniu produkcji.<\/p>\n<p>Stowarzyszenie \"Klein K\u00f6lziger Ziegeleibahn e.V.\" rozpocz\u0119\u0142o odbudow\u0119 dawnej kolei miejskiej w 2008 roku. Zosta\u0142a ona osadzona na terenie cegielni. Historia kolei polowej w Klein K\u00f6lzig jest \u017cywo ilustrowana przez eksploatacj\u0119 historycznych pojazd\u00f3w na liniach kolejowych.<\/p>\n<h3>Wystawy specjalne \/ oferty towarzysz\u0105ce<a id=\"austellungen_klein_koelzig\"><\/a><\/h3>\n<p>W kwietniu lub maju sezon otwieraj\u0105 przeja\u017cd\u017cki kolejk\u0105 miejsk\u0105 i dzie\u0144 otwarty w cegielni.<\/p>\n<p>W maju i czerwcu, w weekend po \u015bwi\u0119cie Wniebowst\u0105pienia Pa\u0144skiego, organizowana jest wsp\u00f3lna impreza z Kolejk\u0105 Le\u015bn\u0105 Bad Muskau i Stowarzyszeniem Geopark \u0141uk Mu\u017cakowa. R\u00f3wnie\u017c w maju lub czerwcu zwiedzaj\u0105cy mog\u0105 prze\u017cy\u0107 Weekend w Geoparku na rowerze lub poci\u0105giem.<\/p>\n<p>W trzeci adwent jarmark bo\u017conarodzeniowy w \"Alte Ziegelei\" wprowadza go\u015bci w \u015bwi\u0105teczny nastr\u00f3j.<\/p>\n<h3>Oferty dla dzieci - Z Kobim do muzeum<a id=\"kinderangebot_klein_koelzig\"><\/a><\/h3>\n<p align=\"left\">Kobi - duch ma\u0142ego domku - czuje si\u0119 w muzeum jak w domu. Mieszka tam w kapciu pod piecem. O p\u00f3\u0142nocy pods\u0142uchuje starych muzealnik\u00f3w, kt\u00f3rzy opowiadaj\u0105 historie z przesz\u0142o\u015bci. Opowiada te fascynuj\u0105ce opowie\u015bci pracownikom muzeum, kt\u00f3rzy nast\u0119pnie przekazuj\u0105 je dzieciom - historie z dawnych, starych czas\u00f3w.<\/p>\n<p class=\"entry-title post-title\">Kobi proponuje:<\/p>\n<div>\n<h5>1. sztuka i rzemios\u0142o oraz historia wsi<\/h5>\n<div data-post-id='kunsthandwerk-und-dorfgeschichte' class='insert-page insert-page-kunsthandwerk-und-dorfgeschichte'>\t\t\t\t\t<p>W sali historii lokalnej zgromadzono eksponaty, dokumenty i zdj\u0119cia dotycz\u0105ce historii wsi, \u017cycia wiejskiego i jego zwi\u0105zk\u00f3w, g\u00f3rnictwa, cegielni w Klein K\u00f6lziger oraz miejscowego rzemie\u015blnika (snycerza Karla Gierschera).<\/p>\n<p>Oferta odbywa si\u0119 w pomieszczeniach zamkni\u0119tych i jest skierowana do uczni\u00f3w klas 1-10.<br \/>\nTerminy: po uzgodnieniu<br \/>\nRejestracja wst\u0119pna: najp\u00f3\u017aniej 2 tygodnie przed<\/p>\n<p><a href=\"http:\/\/www.ziegeleibahn-klein-koelzig.de\" target=\"_blank\">Sala historii lokalnej Klein K\u00f6lzig<\/a><\/p>\n\t\t\t\t\t<\/div>\n<h5>2. na torach \u0142u\u017cyckiej kolei ceglanej i lekkiej<\/h5>\n<div data-post-id='auf-den-spuren-lausitzer-ziegel-und-feldbahnen' class='insert-page insert-page-auf-den-spuren-lausitzer-ziegel-und-feldbahnen'>\t\t\t\t\t<p>Tradycja wypalania cegie\u0142 w Klein K\u00f6lzig si\u0119ga XIX wieku. Po tym, jak od 1840 r. powstawa\u0142y pierwsze ma\u0142e prywatne cegielnie, sp\u00f3\u0142ka akcyjna Gro\u00dfer Kurf\u00fcrst Berlin wybudowa\u0142a w latach 1892\/94 cegielni\u0119 w Klein K\u00f6lzig, kt\u00f3rej centralnym elementem by\u0142 piec pier\u015bcieniowy z 18 komorami wypalania. W 1920 r. uruchomiono lekk\u0105 kolejk\u0119 do transportu gliny, kt\u00f3ra mia\u0142a d\u0142ugo\u015b\u0107 4,5 km. Zwiedzaj\u0105cy mog\u0105 zobaczy\u0107 jedyn\u0105 w regionie cegielni\u0119 z zachowanym w ca\u0142o\u015bci piecem pier\u015bcieniowym. Podczas zwiedzania obiektu z przewodnikiem mo\u017cna dowiedzie\u0107 si\u0119, jak wygl\u0105da\u0142 proces produkcyjny, na kt\u00f3ry sk\u0142ada\u0142a si\u0119 ci\u0119\u017cka praca fizyczna, a tak\u017ce pozna\u0107 tajemnic\u0119, dlaczego budynek przetrwa\u0142 trudny okres po zaprzestaniu produkcji. Na koniec mo\u017cna przejecha\u0107 si\u0119 kolejk\u0105 miejsk\u0105 na trasie okr\u0119\u017cnej.<\/p>\n<p>Program odbywa si\u0119 w pomieszczeniach i na \u015bwie\u017cym powietrzu i jest skierowany do uczni\u00f3w klas 4-12.<br \/>\nDaty: Od poniedzia\u0142ku do niedzieli po uzgodnieniu.<br \/>\nRejestracja wst\u0119pna: najp\u00f3\u017aniej 1 tydzie\u0144 przed<br \/>\nCzas trwania: ok. 1,5 godz.<br \/>\nWielko\u015b\u0107 grupy: od 10 do 25 os\u00f3b<br \/>\nWst\u0119p dla jednej osoby: 3,50 \u20ac<br \/>\nCeny dla grup na indywidualne zam\u00f3wienie<br \/>\nPrzeja\u017cd\u017cka kolejk\u0105 cegielnian\u0105:<br \/>\nza dziecko: 1,50 \u20ac, za osob\u0119 doros\u0142\u0105: 3,00 \u20ac<\/p>\n<p><a href=\"http:\/\/www.ziegeleibahn-klein-koelzig.de\" target=\"_blank\" rel=\"noopener noreferrer\">Sala historii lokalnej Klein K\u00f6lzig<\/a><\/p>\n\t\t\t\t\t<\/div>\n<h3><\/h3>\n<p>&nbsp;<\/p>\n<h3>Galeria<a id=\"galerie_klein_koelzig\"><\/a><\/h3>\n<div id=\"envira-gallery-wrap-202\" class=\"envira-gallery-wrap envira-gallery-theme-base envira-lightbox-theme-base\" itemscope itemtype=\"https:\/\/schema.org\/ImageGallery\"><div data-row-height=\"\" data-gallery-theme=\"\" id=\"envira-gallery-202\" class=\"envira-gallery-public  envira-gallery-3-columns envira-clear enviratope envira-gallery-css-animations\" data-envira-columns=\"3\"><div id=\"envira-gallery-item-44954\" class=\"envira-gallery-item enviratope-item envira-gallery-item-1\" style=\"padding-left: 5px; padding-bottom: 10px; padding-right: 5px;\"  itemscope itemtype=\"https:\/\/schema.org\/ImageObject\"><div class=\"envira-gallery-item-inner\"><div class=\"envira-gallery-position-overlay  envira-gallery-top-left\"><\/div><div class=\"envira-gallery-position-overlay  envira-gallery-top-right\"><\/div><div class=\"envira-gallery-position-overlay  envira-gallery-bottom-left\"><\/div><div class=\"envira-gallery-position-overlay  envira-gallery-bottom-right\"><\/div><a href=\"https:\/\/www.lausitzer-museenland.de\/wp-content\/uploads\/2014\/11\/Ziegelei-Au\u00dfenansicht_web1.jpg\" class=\"envira-gallery-202 envira-gallery-link\" rel=\"enviragallery202\" title=\"Cegielnia_zewn\u0119trzna_widok_strony internetowej\" data-envira-caption=\"Ziegelei-Au&szlig;enansicht_web\" data-envira-retina=\"\" data-thumbnail=\"\"  itemprop=\"contentUrl\"><div class=\"envira-lazy\" data-test-width=\"960\" data-test-height=\"300\" style=\"padding-bottom:31.25%;\"><img id=\"envira-gallery-image-44954\" class=\"envira-gallery-image envira-gallery-image-1\" data-envira-index=\"1\" src=\"https:\/\/www.lausitzer-museenland.de\/wp-content\/uploads\/2014\/11\/Ziegelei-Au\u00dfenansicht_web1.jpg\" data-envira-src=\"https:\/\/www.lausitzer-museenland.de\/wp-content\/uploads\/2014\/11\/Ziegelei-Au\u00dfenansicht_web1.jpg\" data-envira-gallery-id=\"202\" data-envira-item-id=\"44954\" data-envira-caption=\"Ziegelei-Au&szlig;enansicht_web\" alt=\"\" title=\"Brickworks_exterior_view_web\"  itemprop=\"thumbnailUrl\" data-envira-srcset=\"https:\/\/www.lausitzer-museenland.de\/wp-content\/uploads\/2014\/11\/Ziegelei-Au\u00dfenansicht_web1.jpg 400w,https:\/\/www.lausitzer-museenland.de\/wp-content\/uploads\/2014\/11\/Ziegelei-Au\u00dfenansicht_web1.jpg 2x\" srcset=\"data:image\/gif;base64,R0lGODlhAQABAIAAAP\/\/\/\/\/\/\/yH5BAEKAAEALAAAAAABAAEAAAICTAEAOw==\" \/><\/div><\/a><\/div><\/div><div id=\"envira-gallery-item-3438\" class=\"envira-gallery-item enviratope-item envira-gallery-item-2\" style=\"padding-left: 5px; padding-bottom: 10px; padding-right: 5px;\"  itemscope itemtype=\"https:\/\/schema.org\/ImageObject\"><div class=\"envira-gallery-item-inner\"><div class=\"envira-gallery-position-overlay  envira-gallery-top-left\"><\/div><div class=\"envira-gallery-position-overlay  envira-gallery-top-right\"><\/div><div class=\"envira-gallery-position-overlay  envira-gallery-bottom-left\"><\/div><div class=\"envira-gallery-position-overlay  envira-gallery-bottom-right\"><\/div><a href=\"https:\/\/www.lausitzer-museenland.de\/wp-content\/uploads\/2014\/11\/216.jpg\" class=\"envira-gallery-202 envira-gallery-link\" rel=\"enviragallery202\" title=\"Heimatstube od 2013 r. w &quot;Starej Cegielni&quot; \/ fot. B. D\u00e4hne\" data-envira-caption=\"Heimatstube seit 2013 in der &amp;quot;Alten Ziegelei&amp;quot; \/ Foto: B. D&auml;hne\" data-envira-retina=\"\" data-thumbnail=\"\"  itemprop=\"contentUrl\"><div class=\"envira-lazy\" data-test-width=\"960\" data-test-height=\"300\" style=\"padding-bottom:31.25%;\"><img id=\"envira-gallery-image-3438\" class=\"envira-gallery-image envira-gallery-image-2\" data-envira-index=\"2\" src=\"https:\/\/www.lausitzer-museenland.de\/wp-content\/uploads\/2014\/11\/216.jpg\" data-envira-src=\"https:\/\/www.lausitzer-museenland.de\/wp-content\/uploads\/2014\/11\/216.jpg\" data-envira-gallery-id=\"202\" data-envira-item-id=\"3438\" data-envira-caption=\"Heimatstube seit 2013 in der &amp;quot;Alten Ziegelei&amp;quot; \/ Foto: B. D&auml;hne\" alt=\"\" title=\"Salon historii lokalnej w &quot;Alte Ziegelei&quot; od 2013 r. \/ Fot. B. D\u00e4hne\"  itemprop=\"thumbnailUrl\" data-envira-srcset=\"https:\/\/www.lausitzer-museenland.de\/wp-content\/uploads\/2014\/11\/216.jpg 400w,https:\/\/www.lausitzer-museenland.de\/wp-content\/uploads\/2014\/11\/216.jpg 2x\" srcset=\"data:image\/gif;base64,R0lGODlhAQABAIAAAP\/\/\/\/\/\/\/yH5BAEKAAEALAAAAAABAAEAAAICTAEAOw==\" \/><\/div><\/a><\/div><\/div><div id=\"envira-gallery-item-44952\" class=\"envira-gallery-item enviratope-item envira-gallery-item-3\" style=\"padding-left: 5px; padding-bottom: 10px; padding-right: 5px;\"  itemscope itemtype=\"https:\/\/schema.org\/ImageObject\"><div class=\"envira-gallery-item-inner\"><div class=\"envira-gallery-position-overlay  envira-gallery-top-left\"><\/div><div class=\"envira-gallery-position-overlay  envira-gallery-top-right\"><\/div><div class=\"envira-gallery-position-overlay  envira-gallery-bottom-left\"><\/div><div class=\"envira-gallery-position-overlay  envira-gallery-bottom-right\"><\/div><a href=\"https:\/\/www.lausitzer-museenland.de\/wp-content\/uploads\/2014\/11\/Ziegelei_Besucher.png\" class=\"envira-gallery-202 envira-gallery-link\" rel=\"enviragallery202\" title=\"Cegielnia_zwiedzaj\u0105cy\" data-envira-caption=\"Ziegelei_Besucher\" data-envira-retina=\"\" data-thumbnail=\"\"  itemprop=\"contentUrl\"><div class=\"envira-lazy\" data-test-width=\"960\" data-test-height=\"300\" style=\"padding-bottom:31.25%;\"><img id=\"envira-gallery-image-44952\" class=\"envira-gallery-image envira-gallery-image-3\" data-envira-index=\"3\" src=\"https:\/\/www.lausitzer-museenland.de\/wp-content\/uploads\/2014\/11\/Ziegelei_Besucher.png\" data-envira-src=\"https:\/\/www.lausitzer-museenland.de\/wp-content\/uploads\/2014\/11\/Ziegelei_Besucher.png\" data-envira-gallery-id=\"202\" data-envira-item-id=\"44952\" data-envira-caption=\"Ziegelei_Besucher\" alt=\"\" title=\"Cegielnia_zwiedzaj\u0105cy\"  itemprop=\"thumbnailUrl\" data-envira-srcset=\"https:\/\/www.lausitzer-museenland.de\/wp-content\/uploads\/2014\/11\/Ziegelei_Besucher.png 400w,https:\/\/www.lausitzer-museenland.de\/wp-content\/uploads\/2014\/11\/Ziegelei_Besucher.png 2x\" srcset=\"data:image\/gif;base64,R0lGODlhAQABAIAAAP\/\/\/\/\/\/\/yH5BAEKAAEALAAAAAABAAEAAAICTAEAOw==\" \/><\/div><\/a><\/div><\/div><div id=\"envira-gallery-item-44955\" class=\"envira-gallery-item enviratope-item envira-gallery-item-4\" style=\"padding-left: 5px; padding-bottom: 10px; padding-right: 5px;\"  itemscope itemtype=\"https:\/\/schema.org\/ImageObject\"><div class=\"envira-gallery-item-inner\"><div class=\"envira-gallery-position-overlay  envira-gallery-top-left\"><\/div><div class=\"envira-gallery-position-overlay  envira-gallery-top-right\"><\/div><div class=\"envira-gallery-position-overlay  envira-gallery-bottom-left\"><\/div><div class=\"envira-gallery-position-overlay  envira-gallery-bottom-right\"><\/div><a href=\"https:\/\/www.lausitzer-museenland.de\/wp-content\/uploads\/2014\/11\/Ziegelei_Bahn.jpg\" class=\"envira-gallery-202 envira-gallery-link\" rel=\"enviragallery202\" title=\"Cegielnia_kolejowa\" data-envira-caption=\"Ziegelei_Bahn\" data-envira-retina=\"\" data-thumbnail=\"\"  itemprop=\"contentUrl\"><div class=\"envira-lazy\" data-test-width=\"960\" data-test-height=\"300\" style=\"padding-bottom:31.25%;\"><img id=\"envira-gallery-image-44955\" class=\"envira-gallery-image envira-gallery-image-4\" data-envira-index=\"4\" src=\"https:\/\/www.lausitzer-museenland.de\/wp-content\/uploads\/2014\/11\/Ziegelei_Bahn.jpg\" data-envira-src=\"https:\/\/www.lausitzer-museenland.de\/wp-content\/uploads\/2014\/11\/Ziegelei_Bahn.jpg\" data-envira-gallery-id=\"202\" data-envira-item-id=\"44955\" data-envira-caption=\"Ziegelei_Bahn\" alt=\"\" title=\"Cegielnia_kolejowa\"  itemprop=\"thumbnailUrl\" data-envira-srcset=\"https:\/\/www.lausitzer-museenland.de\/wp-content\/uploads\/2014\/11\/Ziegelei_Bahn.jpg 400w,https:\/\/www.lausitzer-museenland.de\/wp-content\/uploads\/2014\/11\/Ziegelei_Bahn.jpg 2x\" srcset=\"data:image\/gif;base64,R0lGODlhAQABAIAAAP\/\/\/\/\/\/\/yH5BAEKAAEALAAAAAABAAEAAAICTAEAOw==\" \/><\/div><\/a><\/div><\/div><\/div><\/div><noscript><img src=\"https:\/\/www.lausitzer-museenland.de\/wp-content\/uploads\/2014\/11\/Ziegelei-Au\u00dfenansicht_web1.jpg\" alt=\"\" \/><img src=\"https:\/\/www.lausitzer-museenland.de\/wp-content\/uploads\/2014\/11\/216.jpg\" alt=\"\" \/><img src=\"https:\/\/www.lausitzer-museenland.de\/wp-content\/uploads\/2014\/11\/Ziegelei_Besucher.png\" alt=\"\" \/><img src=\"https:\/\/www.lausitzer-museenland.de\/wp-content\/uploads\/2014\/11\/Ziegelei_Bahn.jpg\" alt=\"\" \/><\/noscript>\n<\/div>\n<div><\/div>","protected":false},"excerpt":{"rendered":"<p>Galeria | Wystawy | Oferta dla dzieci Sztuka i rzemios\u0142o oraz historia wsi - zbiory w \"Starej cegielni\" Stara cegielnia i sala historii lokalnej Klein K\u00f6lzig \/ Stara cyglownja a Domowniska \u015bpa Ma\u0142y K\u00f3lsk Budynek \/ sytuacja terenu Od czasu rekonstrukcji w 2005 r. na zwiedzaj\u0105cych czeka jedyna w regionie cegielnia z ca\u0142kowicie zachowanym piecem pier\u015bcieniowym. Od 2013 roku w sali historii lokalnej znajduje si\u0119 m.in.<\/p>","protected":false},"author":13,"featured_media":0,"parent":113,"menu_order":0,"comment_status":"closed","ping_status":"closed","template":"","meta":[],"_links":{"self":[{"href":"https:\/\/www.lausitzer-museenland.de\/pl\/wp-json\/wp\/v2\/pages\/202"}],"collection":[{"href":"https:\/\/www.lausitzer-museenland.de\/pl\/wp-json\/wp\/v2\/pages"}],"about":[{"href":"https:\/\/www.lausitzer-museenland.de\/pl\/wp-json\/wp\/v2\/types\/page"}],"author":[{"embeddable":true,"href":"https:\/\/www.lausitzer-museenland.de\/pl\/wp-json\/wp\/v2\/users\/13"}],"replies":[{"embeddable":true,"href":"https:\/\/www.lausitzer-museenland.de\/pl\/wp-json\/wp\/v2\/comments?post=202"}],"version-history":[{"count":17,"href":"https:\/\/www.lausitzer-museenland.de\/pl\/wp-json\/wp\/v2\/pages\/202\/revisions"}],"predecessor-version":[{"id":55003,"href":"https:\/\/www.lausitzer-museenland.de\/pl\/wp-json\/wp\/v2\/pages\/202\/revisions\/55003"}],"up":[{"embeddable":true,"href":"https:\/\/www.lausitzer-museenland.de\/pl\/wp-json\/wp\/v2\/pages\/113"}],"wp:attachment":[{"href":"https:\/\/www.lausitzer-museenland.de\/pl\/wp-json\/wp\/v2\/media?parent=202"}],"curies":[{"name":"wp","href":"https:\/\/api.w.org\/{rel}","templated":true}]}}