{"id":213,"date":"2014-11-05T17:50:02","date_gmt":"2014-11-05T16:50:02","guid":{"rendered":"http:\/\/lausitzer-museenland.de\/?page_id=213"},"modified":"2022-05-31T07:42:26","modified_gmt":"2022-05-31T05:42:26","slug":"spielzeugmuseum-kackrow","status":"publish","type":"page","link":"https:\/\/www.lausitzer-museenland.de\/pl\/muzea\/muzeum-zabawek-kackrow\/","title":{"rendered":"Muzeum zabawek Kackrow \/ Muzej grajkow Kokrjow"},"content":{"rendered":"<p><a href=\"#galerie_kackrow\">Galeria <\/a>|\u00a0<a href=\"#austellung_kackrow\">Wystawy<\/a>\u00a0| <a href=\"#kinderangebot_kackrow\">Oferty dla dzieci<\/a><br \/>\n<img loading=\"lazy\" class=\"enigma_img_responsive alignnone wp-image-1266\" src=\"https:\/\/www.lausitzer-museenland.de\/wp-content\/uploads\/2014\/11\/120.jpg\" alt=\"1\" width=\"800\" height=\"398\" srcset=\"https:\/\/www.lausitzer-museenland.de\/wp-content\/uploads\/2014\/11\/120.jpg 402w, https:\/\/www.lausitzer-museenland.de\/wp-content\/uploads\/2014\/11\/120-300x149.jpg 300w, https:\/\/www.lausitzer-museenland.de\/wp-content\/uploads\/2014\/11\/120-100x49.jpg 100w, https:\/\/www.lausitzer-museenland.de\/wp-content\/uploads\/2014\/11\/120-150x74.jpg 150w, https:\/\/www.lausitzer-museenland.de\/wp-content\/uploads\/2014\/11\/120-200x99.jpg 200w\" sizes=\"(max-width: 800px) 100vw, 800px\" \/><\/p>\n\n<p>Dba\u0142o\u015b\u0107 o szczeg\u00f3\u0142y i zami\u0142owanie do kolekcjonowania<\/p>\n<h3>Po\u0142o\u017cenie budynku\/dzia\u0142ki<\/h3>\n<p>Wystawa mie\u015bci si\u0119 w bocznym skrzydle domu rodzinnego Knabe. Pan Knabe sam zbudowa\u0142 liczne gabloty i wyposa\u017cy\u0142 je w o\u015bwietlenie. Dom po\u0142o\u017cony jest bezpo\u015brednio przy placu wiejskim w dzielnicy Kolkwitz w Kackrow, do kt\u00f3rej \u0142atwo dojecha\u0107 z Glinzig. W bezpo\u015brednim s\u0105siedztwie hotelu znajduje si\u0119 znana i popularna restauracja \"Koselm\u00fchle\", w kt\u00f3rej mo\u017cna co\u015b przek\u0105si\u0107.<\/p>\n<h3>Charakterystyka<\/h3>\n<p>Wystawa przenosi zwiedzaj\u0105cych w \u015bwiat dzieci w latach 1880-1980. Prezentowane s\u0105 tu lalki i misie, sklepy z zabawkami i w\u00f3zki dla lalek, gry i ksi\u0105\u017ceczki dla dzieci oraz wiele innych rzeczy, kt\u00f3re przyprawiaj\u0105 dzieci o szybsze bicie serca. Na pocz\u0105tku Christine Knabe zbiera\u0142a zabawki swoich dzieci i swoje w\u0142asne. Kiedy jej synowie doro\u015bli i wyprowadzili si\u0119, pa\u0144stwo Knabe przeprojektowali pokoje w domu na potrzeby wystawy. W mi\u0119dzyczasie w s\u0105siednim gara\u017cu wystawiane s\u0105 r\u00f3wnie\u017c w\u00f3zki dla lalek. Zwiedzaj\u0105cy mog\u0105 podziwia\u0107 porcelanowe g\u0142owy i lalki Schildkr\u00f6t. Wystawione s\u0105 tu nawet lalki ze studia filmowego Babelsberg. Szczeg\u00f3lnym skarbem s\u0105 liczne domki dla lalek i sklepy kupieckie, kt\u00f3re Christine Knabe uzupe\u0142nia z wielk\u0105 dba\u0142o\u015bci\u0105 o szczeg\u00f3\u0142y i zgodnie ze stylem vintage.<\/p>\n<h3>Wystawy specjalne \/ oferty towarzysz\u0105ce<a id=\"austellung_kackrow\"><\/a><\/h3>\n<p>Wystawa podstawowa jest czynna przez ca\u0142y rok. W okresie Bo\u017cego Narodzenia i Wielkanocy wystawa jest wyposa\u017cana w historyczne elementy dekoracyjne, dopasowane do okazji. Ponadto na podw\u00f3rku Knab\u00f3w znajduj\u0105 si\u0119 liczne modele w\u00f3zk\u00f3w dzieci\u0119cych z ostatnich 100 lat, w szczeg\u00f3lno\u015bci w\u00f3zki ZEKIWA.<br \/>\nW okresie Bo\u017cego Narodzenia i Wielkanocy go\u015bcie mog\u0105 liczy\u0107 na drobne oferty \u015bwi\u0105teczne.<\/p>\n<h3>Oferty dla dzieci - Z Kobim do muzeum<a id=\"kinderangebot_kackrow\"><\/a><\/h3>\n<p>Kobi - duch ma\u0142ego domku - czuje si\u0119 w muzeum jak w domu. Mieszka tam w kapciu pod piecem. O p\u00f3\u0142nocy pods\u0142uchuje starych muzealnik\u00f3w, kt\u00f3rzy opowiadaj\u0105 historie z przesz\u0142o\u015bci. Opowiada te fascynuj\u0105ce opowie\u015bci pracownikom muzeum, kt\u00f3rzy nast\u0119pnie przekazuj\u0105 je dzieciom - historie z dawnych, starych czas\u00f3w.<\/p>\n<p>Kobi proponuje:<\/p>\n<h5>Zabytkowe lalki i zabawki<\/h5>\n<div data-post-id='historische-puppen-und-spielzeuge' class='insert-page insert-page-historische-puppen-und-spielzeuge'>\t\t\t\t\t<p>Na wystawie prezentowane s\u0105 w\u00f3zki i domki dla lalek, kuchnie, sklepy, lalki i zabawki - g\u0142\u00f3wnie z okresu od oko\u0142o 1880 do 1960 roku. Prezentowane s\u0105 lalki Schildkr\u00f6t, lalki K\u00e4the Kruse, lalki z porcelanow\u0105 g\u0142ow\u0105 i mas\u0105, misie, a tak\u017ce manekiny. Zwiedzaj\u0105cy powinni jednak mie\u0107 czas i spok\u00f3j, poniewa\u017c wiele rzeczy w gablotach mo\u017cna zobaczy\u0107 dopiero podczas drugiego zwiedzania.<\/p>\n<p>Oferta odbywa si\u0119 w pomieszczeniach zamkni\u0119tych i jest skierowana do dzieci w wieku przedszkolnym i uczni\u00f3w klas pierwszych.<br \/>\nTerminy: po uzgodnieniu<br \/>\nRejestracja wst\u0119pna: najp\u00f3\u017aniej 2 tygodnie przed<br \/>\nLiczebno\u015b\u0107 grupy: 10 os\u00f3b<br \/>\nWst\u0119p dla jednej osoby: 1,00 \u20ac<\/p>\n<p><a title=\"Muzeum zabawek Kackrow \/ Muzej grajkow Kokrjow\" href=\"\/museen\/spielzeugmuseum-kackrow\/\">Muzeum Zabawek Kackrow<\/a><\/p>\n\t\t\t\t\t<\/div>\n<h3><\/h3>\n<p>&nbsp;<\/p>\n<h3>Galeria<a id=\"galerie_kackrow\"><\/a><\/h3>\n<div id=\"envira-gallery-wrap-213\" class=\"envira-gallery-wrap envira-gallery-theme-base envira-lightbox-theme-base\" itemscope itemtype=\"https:\/\/schema.org\/ImageGallery\"><div data-row-height=\"\" data-gallery-theme=\"\" id=\"envira-gallery-213\" class=\"envira-gallery-public  envira-gallery-3-columns envira-clear enviratope envira-gallery-css-animations\" data-envira-columns=\"3\"><div id=\"envira-gallery-item-3461\" class=\"envira-gallery-item enviratope-item envira-gallery-item-1\" style=\"padding-left: 5px; padding-bottom: 10px; padding-right: 5px;\"  itemscope itemtype=\"https:\/\/schema.org\/ImageObject\"><div class=\"envira-gallery-item-inner\"><div class=\"envira-gallery-position-overlay  envira-gallery-top-left\"><\/div><div class=\"envira-gallery-position-overlay  envira-gallery-top-right\"><\/div><div class=\"envira-gallery-position-overlay  envira-gallery-bottom-left\"><\/div><div class=\"envira-gallery-position-overlay  envira-gallery-bottom-right\"><\/div><a href=\"https:\/\/www.lausitzer-museenland.de\/wp-content\/uploads\/2014\/11\/151.jpg\" class=\"envira-gallery-213 envira-gallery-link\" rel=\"enviragallery213\" title=\"Muzeum Zabawek Kackrow\" data-envira-caption=\"Spielzeugmuseum Kackrow\" data-envira-retina=\"\" data-thumbnail=\"\"  itemprop=\"contentUrl\"><div class=\"envira-lazy\" data-test-width=\"960\" data-test-height=\"300\" style=\"padding-bottom:31.25%;\"><img id=\"envira-gallery-image-3461\" class=\"envira-gallery-image envira-gallery-image-1\" data-envira-index=\"1\" src=\"https:\/\/www.lausitzer-museenland.de\/wp-content\/uploads\/2014\/11\/151.jpg\" data-envira-src=\"https:\/\/www.lausitzer-museenland.de\/wp-content\/uploads\/2014\/11\/151.jpg\" data-envira-gallery-id=\"213\" data-envira-item-id=\"3461\" data-envira-caption=\"Spielzeugmuseum Kackrow\" alt=\"\" title=\"Muzeum Zabawek Kackrow\"  itemprop=\"thumbnailUrl\" data-envira-srcset=\"https:\/\/www.lausitzer-museenland.de\/wp-content\/uploads\/2014\/11\/151.jpg 400w,https:\/\/www.lausitzer-museenland.de\/wp-content\/uploads\/2014\/11\/151.jpg 2x\" srcset=\"data:image\/gif;base64,R0lGODlhAQABAIAAAP\/\/\/\/\/\/\/yH5BAEKAAEALAAAAAABAAEAAAICTAEAOw==\" \/><\/div><\/a><\/div><\/div><div id=\"envira-gallery-item-3462\" class=\"envira-gallery-item enviratope-item envira-gallery-item-2\" style=\"padding-left: 5px; padding-bottom: 10px; padding-right: 5px;\"  itemscope itemtype=\"https:\/\/schema.org\/ImageObject\"><div class=\"envira-gallery-item-inner\"><div class=\"envira-gallery-position-overlay  envira-gallery-top-left\"><\/div><div class=\"envira-gallery-position-overlay  envira-gallery-top-right\"><\/div><div class=\"envira-gallery-position-overlay  envira-gallery-bottom-left\"><\/div><div class=\"envira-gallery-position-overlay  envira-gallery-bottom-right\"><\/div><a href=\"https:\/\/www.lausitzer-museenland.de\/wp-content\/uploads\/2014\/11\/218.jpg\" class=\"envira-gallery-213 envira-gallery-link\" rel=\"enviragallery213\" title=\"Muzeum Zabawek Kackrow\" data-envira-caption=\"Spielzeugmuseum Kackrow\" data-envira-retina=\"\" data-thumbnail=\"\"  itemprop=\"contentUrl\"><div class=\"envira-lazy\" data-test-width=\"960\" data-test-height=\"300\" style=\"padding-bottom:31.25%;\"><img id=\"envira-gallery-image-3462\" class=\"envira-gallery-image envira-gallery-image-2\" data-envira-index=\"2\" src=\"https:\/\/www.lausitzer-museenland.de\/wp-content\/uploads\/2014\/11\/218.jpg\" data-envira-src=\"https:\/\/www.lausitzer-museenland.de\/wp-content\/uploads\/2014\/11\/218.jpg\" data-envira-gallery-id=\"213\" data-envira-item-id=\"3462\" data-envira-caption=\"Spielzeugmuseum Kackrow\" alt=\"\" title=\"Muzeum Zabawek Kackrow\"  itemprop=\"thumbnailUrl\" data-envira-srcset=\"https:\/\/www.lausitzer-museenland.de\/wp-content\/uploads\/2014\/11\/218.jpg 400w,https:\/\/www.lausitzer-museenland.de\/wp-content\/uploads\/2014\/11\/218.jpg 2x\" srcset=\"data:image\/gif;base64,R0lGODlhAQABAIAAAP\/\/\/\/\/\/\/yH5BAEKAAEALAAAAAABAAEAAAICTAEAOw==\" \/><\/div><\/a><\/div><\/div><div id=\"envira-gallery-item-3463\" class=\"envira-gallery-item enviratope-item envira-gallery-item-3\" style=\"padding-left: 5px; padding-bottom: 10px; padding-right: 5px;\"  itemscope itemtype=\"https:\/\/schema.org\/ImageObject\"><div class=\"envira-gallery-item-inner\"><div class=\"envira-gallery-position-overlay  envira-gallery-top-left\"><\/div><div class=\"envira-gallery-position-overlay  envira-gallery-top-right\"><\/div><div class=\"envira-gallery-position-overlay  envira-gallery-bottom-left\"><\/div><div class=\"envira-gallery-position-overlay  envira-gallery-bottom-right\"><\/div><a href=\"https:\/\/www.lausitzer-museenland.de\/wp-content\/uploads\/2014\/11\/310.jpg\" class=\"envira-gallery-213 envira-gallery-link\" rel=\"enviragallery213\" title=\"Muzeum Zabawek Kackrow\" data-envira-caption=\"Spielzeugmuseum Kackrow\" data-envira-retina=\"\" data-thumbnail=\"\"  itemprop=\"contentUrl\"><div class=\"envira-lazy\" data-test-width=\"960\" data-test-height=\"300\" style=\"padding-bottom:31.25%;\"><img id=\"envira-gallery-image-3463\" class=\"envira-gallery-image envira-gallery-image-3\" data-envira-index=\"3\" src=\"https:\/\/www.lausitzer-museenland.de\/wp-content\/uploads\/2014\/11\/310.jpg\" data-envira-src=\"https:\/\/www.lausitzer-museenland.de\/wp-content\/uploads\/2014\/11\/310.jpg\" data-envira-gallery-id=\"213\" data-envira-item-id=\"3463\" data-envira-caption=\"Spielzeugmuseum Kackrow\" alt=\"\" title=\"Muzeum Zabawek Kackrow\"  itemprop=\"thumbnailUrl\" data-envira-srcset=\"https:\/\/www.lausitzer-museenland.de\/wp-content\/uploads\/2014\/11\/310.jpg 400w,https:\/\/www.lausitzer-museenland.de\/wp-content\/uploads\/2014\/11\/310.jpg 2x\" srcset=\"data:image\/gif;base64,R0lGODlhAQABAIAAAP\/\/\/\/\/\/\/yH5BAEKAAEALAAAAAABAAEAAAICTAEAOw==\" \/><\/div><\/a><\/div><\/div><\/div><\/div><noscript><img src=\"https:\/\/www.lausitzer-museenland.de\/wp-content\/uploads\/2014\/11\/151.jpg\" alt=\"\" \/><img src=\"https:\/\/www.lausitzer-museenland.de\/wp-content\/uploads\/2014\/11\/218.jpg\" alt=\"\" \/><img src=\"https:\/\/www.lausitzer-museenland.de\/wp-content\/uploads\/2014\/11\/310.jpg\" alt=\"\" \/><\/noscript>","protected":false},"excerpt":{"rendered":"<p>Galeria | Wystawy | Oferta dla dzieci Mi\u0142o\u015b\u0107 do detalu i pasja kolekcjonowania Budynek \/ sytuacja w\u0142asno\u015bciowa Wystawa mie\u015bci si\u0119 w bocznym skrzydle domu rodzinnego Knabe. Pan Knabe sam zbudowa\u0142 liczne gabloty i zaopatrzy\u0142 je w o\u015bwietlenie. Dom znajduje si\u0119 bezpo\u015brednio przy placu wiejskim w dzielnicy Kolkwitz w Kackrow, do kt\u00f3rej mo\u017cna \u0142atwo dojecha\u0107 z Glinzig.<\/p>","protected":false},"author":13,"featured_media":0,"parent":113,"menu_order":0,"comment_status":"closed","ping_status":"closed","template":"","meta":[],"_links":{"self":[{"href":"https:\/\/www.lausitzer-museenland.de\/pl\/wp-json\/wp\/v2\/pages\/213"}],"collection":[{"href":"https:\/\/www.lausitzer-museenland.de\/pl\/wp-json\/wp\/v2\/pages"}],"about":[{"href":"https:\/\/www.lausitzer-museenland.de\/pl\/wp-json\/wp\/v2\/types\/page"}],"author":[{"embeddable":true,"href":"https:\/\/www.lausitzer-museenland.de\/pl\/wp-json\/wp\/v2\/users\/13"}],"replies":[{"embeddable":true,"href":"https:\/\/www.lausitzer-museenland.de\/pl\/wp-json\/wp\/v2\/comments?post=213"}],"version-history":[{"count":16,"href":"https:\/\/www.lausitzer-museenland.de\/pl\/wp-json\/wp\/v2\/pages\/213\/revisions"}],"predecessor-version":[{"id":53927,"href":"https:\/\/www.lausitzer-museenland.de\/pl\/wp-json\/wp\/v2\/pages\/213\/revisions\/53927"}],"up":[{"embeddable":true,"href":"https:\/\/www.lausitzer-museenland.de\/pl\/wp-json\/wp\/v2\/pages\/113"}],"wp:attachment":[{"href":"https:\/\/www.lausitzer-museenland.de\/pl\/wp-json\/wp\/v2\/media?parent=213"}],"curies":[{"name":"wp","href":"https:\/\/api.w.org\/{rel}","templated":true}]}}