{"id":221,"date":"2014-11-05T17:53:35","date_gmt":"2014-11-05T16:53:35","guid":{"rendered":"http:\/\/lausitzer-museenland.de\/?page_id=221"},"modified":"2022-05-31T07:43:01","modified_gmt":"2022-05-31T05:43:01","slug":"kirchliches-informations-und-begegnungszentrum-horno","status":"publish","type":"page","link":"https:\/\/www.lausitzer-museenland.de\/pl\/muzea\/kosciol-informacja-i-spotkania-centrum-horno\/","title":{"rendered":"Ko\u015bcielne Centrum Informacji i Spotka\u0144 Horno \/ Cerkwiny informaciski a zmaka\u0144ski centrum Rog\u00f3w"},"content":{"rendered":"<p><a href=\"#austellung_horno\">Wystawy<\/a>\u00a0| <a href=\"#kinderangebot_horno\">Oferty dla dzieci<\/a><br \/>\n<img loading=\"lazy\" class=\"enigma_img_responsive alignnone wp-image-1268\" src=\"https:\/\/www.lausitzer-museenland.de\/wp-content\/uploads\/2014\/11\/122.jpg\" alt=\"1\" width=\"800\" height=\"398\" srcset=\"https:\/\/www.lausitzer-museenland.de\/wp-content\/uploads\/2014\/11\/122.jpg 402w, https:\/\/www.lausitzer-museenland.de\/wp-content\/uploads\/2014\/11\/122-300x149.jpg 300w, https:\/\/www.lausitzer-museenland.de\/wp-content\/uploads\/2014\/11\/122-100x49.jpg 100w, https:\/\/www.lausitzer-museenland.de\/wp-content\/uploads\/2014\/11\/122-150x74.jpg 150w, https:\/\/www.lausitzer-museenland.de\/wp-content\/uploads\/2014\/11\/122-200x99.jpg 200w\" sizes=\"(max-width: 800px) 100vw, 800px\" \/><\/p>\n\n<h3>Po\u0142o\u017cenie budynku\/dzia\u0142ki<\/h3>\n<p>Centrum spotka\u0144 znalaz\u0142o swoj\u0105 siedzib\u0119 w miejscu przesiedlenia Forst-Eulo, w nowo wybudowanym lub przebudowanym ko\u015bciele w nowej dzielnicy Horno. Zosta\u0142a otwarta 14 pa\u017adziernika 2006 r. Wystawa mie\u015bci si\u0119 w salach ko\u015bcielnych na pi\u0119trze. Nosi on tytu\u0142: \"Utracona ojczyzna. G\u00f3rnictwo i jego wp\u0142yw na ko\u015bcio\u0142y i parafie na G\u00f3rnych i Dolnych \u0141u\u017cycach\".<\/p>\n<h3>Charakterystyka<\/h3>\n<p>Prezentacja umo\u017cliwia spojrzenie na osadnictwo g\u00f3rnicze na Dolnych i G\u00f3rnych \u0141u\u017cycach w okresie od 1924 r. - pocz\u0105tku pierwszej kompleksowej akcji przesiedle\u0144czej - do czas\u00f3w wsp\u00f3\u0142czesnych z perspektywy zlikwidowanych ko\u015bcio\u0142\u00f3w i ich wiernych. We wcze\u015bniejszych dekadach, kiedy wydobywano w\u0119giel, nie brano pod uwag\u0119 przysz\u0142ego krajobrazu, liczono wielko\u015b\u0107 produkcji, a kwestie \u015brodowiskowe nie by\u0142y w og\u00f3le brane pod uwag\u0119. Los mieszka\u0144c\u00f3w lub parafii by\u0142 naznaczony ograniczeniami ekonomicznymi i niewystarczaj\u0105cymi odszkodowaniami.  Temat ilustruje 27 makiet zaminowanych ko\u015bcio\u0142\u00f3w, 4 stacje filmowe z kr\u00f3tkimi filmami o parafiach, w kt\u00f3rych osoby poszkodowane opisuj\u0105 swoje pochodzenie i losy (tematy: historia, ostatnie nabo\u017ce\u0144stwa, odbudowa): historyczne, ostatnie nabo\u017ce\u0144stwa, ponowne poch\u00f3wki, miejsca pobytu maj\u0105tku ko\u015bcielnego, praktyka przesiedle\u0144, budowa ko\u015bcio\u0142\u00f3w zast\u0119pczych, relokacje ko\u015bcio\u0142\u00f3w, uratowane zgromadzenia, zagro\u017cone miejsca), 18 map teren\u00f3w, kt\u00f3re dzi\u015b ju\u017c nie istniej\u0105, a tak\u017ce oryginalne eksponaty zniszczonych ko\u015bcio\u0142\u00f3w.<\/p>\n<h3>Wystawy specjalne\/oferty towarzysz\u0105ce<a id=\"austellung_horno\"><\/a><\/h3>\n<ul>\n<li>2 stanowiska badawcze pozwalaj\u0105 na szczeg\u00f3\u0142owe zbadanie okoliczno\u015bci przesiedle\u0144 przy wykorzystaniu dokument\u00f3w, zdj\u0119\u0107, kronik i film\u00f3w zgromadzonych w archiwach lub przekazanych przez wsp\u00f3\u0142czesnych \u015bwiadk\u00f3w.<\/li>\n<li>W 40 szufladach znajduj\u0105 si\u0119 plany i materia\u0142y fotograficzne dotycz\u0105ce ko\u015bcio\u0142\u00f3w i obiekt\u00f3w sakralnych<\/li>\n<li>20 stacji czytelniczych z materia\u0142ami wizualnymi i dokumentami na temat ko\u015bcio\u0142\u00f3w i znalezisk historycznych<\/li>\n<\/ul>\n<h3>Oferty dla dzieci - Z Kobim do muzeum<a id=\"kinderangebot_horno\"><\/a><\/h3>\n<p align=\"left\">Kobi - duch ma\u0142ego domku - czuje si\u0119 w muzeum jak w domu. Mieszka tam w kapciu pod piecem. O p\u00f3\u0142nocy pods\u0142uchuje starych muzealnik\u00f3w, kt\u00f3rzy opowiadaj\u0105 historie z przesz\u0142o\u015bci. Opowiada te fascynuj\u0105ce opowie\u015bci pracownikom muzeum, kt\u00f3rzy nast\u0119pnie przekazuj\u0105 je dzieciom - historie z dawnych, starych czas\u00f3w.<\/p>\n<p>Kobi proponuje:<\/p>\n<h5>\"Utracona ojczyzna\" w wi\u0119\u017abie dachowej ko\u015bcio\u0142a - wspomnienia o zniszczonych ko\u015bcio\u0142ach<\/h5>\n<div data-post-id='verlorene-heimat-im-dachstuhl-der-kirche' class='insert-page insert-page-verlorene-heimat-im-dachstuhl-der-kirche'>\t\t\t\t\t<p>W poprzednich dekadach przy wydobyciu w\u0119gla nie brano pod uwag\u0119 przysz\u0142ego krajobrazu. Liczy\u0142y si\u0119 wska\u017aniki wydobycia, a kwestie \u015brodowiskowe nie by\u0142y prawie w og\u00f3le brane pod uwag\u0119. Los mieszka\u0144c\u00f3w i wsp\u00f3lnot ko\u015bcielnych naznaczony by\u0142 ograniczeniami ekonomicznymi i niewystarczaj\u0105cymi odszkodowaniami. Temat ilustruje 27 modeli zaminowanych ko\u015bcio\u0142\u00f3w, 4 stacje filmowe z kr\u00f3tkimi filmami o spo\u0142eczno\u015bciach, w kt\u00f3rych poszkodowani opisuj\u0105 swoje pochodzenie i losy, 18 map teren\u00f3w, kt\u00f3re ju\u017c nie istniej\u0105, oraz oryginalne eksponaty zniszczonych ko\u015bcio\u0142\u00f3w. Dla potomnych dokumentowane s\u0105 fakty historyczne, ostatnie nabo\u017ce\u0144stwa, ponowne poch\u00f3wki, miejsca pobytu maj\u0105tku ko\u015bcielnego, praktyki przesiedle\u0144cze, budowa ko\u015bcio\u0142\u00f3w zast\u0119pczych, przenoszenie ko\u015bcio\u0142\u00f3w, ocalone zgromadzenia, zagro\u017cone miejsca.<\/p>\n<p>Oferta odbywa si\u0119 wewn\u0105trz i na zewn\u0105trz budynk\u00f3w i jest skierowana do<br \/>\nUczniowie klas od 6 do 12.<br \/>\nTerminy: po uzgodnieniu<br \/>\nRejestracja wst\u0119pna: najp\u00f3\u017aniej 2 tygodnie przed<br \/>\nWst\u0119p wolny \/ mile widziane datki<\/p>\n<p><a title=\"Centrum Informacji i Spotka\u0144 Ko\u015bcio\u0142a w Hornie \/ Cerkwiny informaciski a zmaka\u0144ski centrum\" href=\"\/museen\/kirchliches-informations-und-begegnungszentrum-horno\/\">Centrum Informacji i Spotka\u0144 Ko\u015bcio\u0142a w Hornie<\/a><\/p>\n\t\t\t\t\t<\/div>\n<h3><\/h3>\n<p>&nbsp;<\/p>","protected":false},"excerpt":{"rendered":"<p>Wystawa | Oferta dla dzieci Budynek \/ sytuacja maj\u0105tkowa Centrum spotka\u0144 znalaz\u0142o swoje miejsce zamieszkania na terenie przesiedlenia Forst-Eulo w nowo wybudowanym lub przebudowanym ko\u015bciele w nowej dzielnicy Horno. Zosta\u0142 otwarty 14 pa\u017adziernika 2006 roku. Wystawa mie\u015bci si\u0119 w salach ko\u015bcielnych na pi\u0119trze. Nosi on tytu\u0142: \"Utracona ojczyzna. G\u00f3rnictwo i jego wp\u0142yw na ko\u015bcio\u0142y i parafie w<\/p>","protected":false},"author":13,"featured_media":0,"parent":113,"menu_order":0,"comment_status":"closed","ping_status":"closed","template":"","meta":[],"_links":{"self":[{"href":"https:\/\/www.lausitzer-museenland.de\/pl\/wp-json\/wp\/v2\/pages\/221"}],"collection":[{"href":"https:\/\/www.lausitzer-museenland.de\/pl\/wp-json\/wp\/v2\/pages"}],"about":[{"href":"https:\/\/www.lausitzer-museenland.de\/pl\/wp-json\/wp\/v2\/types\/page"}],"author":[{"embeddable":true,"href":"https:\/\/www.lausitzer-museenland.de\/pl\/wp-json\/wp\/v2\/users\/13"}],"replies":[{"embeddable":true,"href":"https:\/\/www.lausitzer-museenland.de\/pl\/wp-json\/wp\/v2\/comments?post=221"}],"version-history":[{"count":13,"href":"https:\/\/www.lausitzer-museenland.de\/pl\/wp-json\/wp\/v2\/pages\/221\/revisions"}],"predecessor-version":[{"id":53930,"href":"https:\/\/www.lausitzer-museenland.de\/pl\/wp-json\/wp\/v2\/pages\/221\/revisions\/53930"}],"up":[{"embeddable":true,"href":"https:\/\/www.lausitzer-museenland.de\/pl\/wp-json\/wp\/v2\/pages\/113"}],"wp:attachment":[{"href":"https:\/\/www.lausitzer-museenland.de\/pl\/wp-json\/wp\/v2\/media?parent=221"}],"curies":[{"name":"wp","href":"https:\/\/api.w.org\/{rel}","templated":true}]}}