{"id":225,"date":"2014-11-05T17:58:34","date_gmt":"2014-11-05T16:58:34","guid":{"rendered":"http:\/\/lausitzer-museenland.de\/?page_id=225"},"modified":"2022-05-31T07:43:38","modified_gmt":"2022-05-31T05:43:38","slug":"lehrpfad-waldbrandbekaempfung-gestern-und-heute-gosda-ii","status":"publish","type":"page","link":"https:\/\/www.lausitzer-museenland.de\/pl\/muzea\/sciezka-przyrodnicza-pozar-lasu-wczoraj-i-dzis-gosda-ii\/","title":{"rendered":"\u015acie\u017cka edukacyjna \"Walka z po\u017carami las\u00f3w wczoraj i dzi\u015b\" Gosda II \/ Wucbna \u0161\u0107a\u017eka \"W\u00f3jowanje p\u015be\u015biwo wognjam n\u011bga a \u017ainsa\" G\u00f3zd II"},"content":{"rendered":"<p><a href=\"#galerie_gosda\">Galeria<\/a> |\u00a0<a href=\"#austellung_gosda\">Wystawy<\/a>\u00a0| <a href=\"#kinderangebot_gosda\">Oferty dla dzieci<\/a><br \/>\n<img loading=\"lazy\" class=\"enigma_img_responsive alignnone wp-image-1269\" src=\"https:\/\/www.lausitzer-museenland.de\/wp-content\/uploads\/2014\/11\/123.jpg\" alt=\"1\" width=\"800\" height=\"398\" srcset=\"https:\/\/www.lausitzer-museenland.de\/wp-content\/uploads\/2014\/11\/123.jpg 402w, https:\/\/www.lausitzer-museenland.de\/wp-content\/uploads\/2014\/11\/123-300x149.jpg 300w, https:\/\/www.lausitzer-museenland.de\/wp-content\/uploads\/2014\/11\/123-100x49.jpg 100w, https:\/\/www.lausitzer-museenland.de\/wp-content\/uploads\/2014\/11\/123-150x74.jpg 150w, https:\/\/www.lausitzer-museenland.de\/wp-content\/uploads\/2014\/11\/123-200x99.jpg 200w\" sizes=\"(max-width: 800px) 100vw, 800px\" \/><\/p>\n\n<p>Muzeum Stra\u017cy Po\u017carnej w zabytkowej remizie stra\u017cackiej<\/p>\n<h3>Po\u0142o\u017cenie budynku\/dzia\u0142ki<\/h3>\n<p>Kiedy w po\u0142owie lat 90. ochotnicza stra\u017c po\u017carna w Gosdzie przenios\u0142a si\u0119 do nowej remizy, pad\u0142o pytanie: \"Co stanie si\u0119 ze starym budynkiem, zabytkow\u0105 remiz\u0105?\". Pomys\u0142 zrodzi\u0142 si\u0119 w celu historycznej rewizji ochrony przeciwpo\u017carowej i gaszenia po\u017car\u00f3w w budynku, kt\u00f3ry warto zachowa\u0107, ale tak\u017ce w celu przedstawienia wsp\u00f3\u0142czesnych wydarze\u0144 w kraju i na \u015bwiecie. Dzi\u0119ki dotacjom i ogromnej pracy w\u0142asnej uda\u0142o si\u0119 w ko\u0144cu wyremontowa\u0107 i wyposa\u017cy\u0107 w zgromadzone eksponaty remiz\u0119 stra\u017cack\u0105, wybudowan\u0105 w 1930 roku.<\/p>\n<h3>Charakterystyka<\/h3>\n<p>Region wok\u00f3\u0142 gminy Gosda II w pobli\u017cu D\u00f6bern charakteryzuje si\u0119 g\u0142\u00f3wnie lasami - zw\u0142aszcza plantacjami sosny, kt\u00f3re s\u0105 zagro\u017cone po\u017carami las\u00f3w - oraz wydobyciem w\u0119gla brunatnego. Dzi\u0119ki temu na wystawie mo\u017cna zobaczy\u0107 wiele interesuj\u0105cych dokument\u00f3w, takich jak protoko\u0142y operacyjne, mapy, eksponaty i materia\u0142y wizualne dotycz\u0105ce gaszenia po\u017car\u00f3w las\u00f3w.<\/p>\n<p>Przedstawiono nast\u0119puj\u0105ce tematy:<\/p>\n<ul>\n<li>Wie\u017ce przeciwpo\u017carowe dawniej i dzi\u015b<\/li>\n<li>Sprz\u0119t ga\u015bniczy, pojazdy ga\u015bnicze, zaopatrzenie w wod\u0119 do gaszenia po\u017car\u00f3w<\/li>\n<li>Klasy zagro\u017cenia po\u017carowego las\u00f3w, typy po\u017car\u00f3w las\u00f3w<\/li>\n<li>szczeg\u00f3lne cechy lasu w Niederlausitz, jednym z najbardziej zagro\u017conych po\u017carami region\u00f3w w Niemczech.<\/li>\n<li>Nie brakuje te\u017c do\u015bwiadcze\u0144 mi\u0119dzynarodowych, np. z Grecji, Francji i Ameryki. W zwi\u0105zku z tym nie mo\u017cna przegapi\u0107 krajowych i mi\u0119dzynarodowych eksponat\u00f3w, takich jak odzie\u017c ochronna i kaski.<\/li>\n<\/ul>\n<h3>Wystawy specjalne \/ oferty towarzysz\u0105ce<a id=\"austellung_gosda\"><\/a><\/h3>\n<ul>\n<li>\u015acie\u017cka dydaktyczna jest wykorzystywana do uwra\u017cliwiania dzieci i m\u0142odzie\u017cy na temat \"ochrony przeciwpo\u017carowej las\u00f3w\" oraz do werbowania ich do m\u0142odzie\u017cowej stra\u017cy po\u017carnej dzi\u0119ki jej historycznemu znaczeniu w po\u0142\u0105czeniu z prezentacj\u0105 techniczn\u0105.<\/li>\n<\/ul>\n<h3>Oferty dla dzieci - Z Kobim do muzeum<a id=\"kinderangebot_gosda\"><\/a><\/h3>\n<p align=\"left\">Kobi - duch ma\u0142ego domku - czuje si\u0119 w muzeum jak w domu. Mieszka tam w kapciu pod piecem. O p\u00f3\u0142nocy pods\u0142uchuje starych muzealnik\u00f3w, kt\u00f3rzy opowiadaj\u0105 historie z przesz\u0142o\u015bci. Opowiada te fascynuj\u0105ce opowie\u015bci pracownikom muzeum, kt\u00f3rzy nast\u0119pnie przekazuj\u0105 je dzieciom - historie z dawnych, starych czas\u00f3w.<\/p>\n<p>Kobi proponuje:<\/p>\n<h5>Gaszenie po\u017car\u00f3w las\u00f3w wczoraj i dzi\u015b<\/h5>\n<div data-post-id='waldbrandbekaempfung' class='insert-page insert-page-waldbrandbekaempfung'>\t\t\t\t\t<p>Dawna remiza stra\u017cacka jest wykorzystywana do uwra\u017cliwiania dzieci i m\u0142odzie\u017cy na temat \"ochrony przeciwpo\u017carowej las\u00f3w\" i przyci\u0105gania ich do m\u0142odzie\u017cowej stra\u017cy po\u017carnej ze wzgl\u0119du na jej znaczenie historyczne w po\u0142\u0105czeniu z pokazem technicznym.<\/p>\n<p>Oferta odbywa si\u0119 w pomieszczeniach i na zewn\u0105trz i jest skierowana do dzieci w wieku szkolnym.<br \/>\nw klasach od 1 do 10.<br \/>\nTerminy: po uzgodnieniu<br \/>\nRejestracja wst\u0119pna: co najmniej 1 dzie\u0144 przed<\/p>\n<p><a title=\"\u015acie\u017cka edukacyjna &quot;Walka z po\u017carami las\u00f3w wczoraj i dzi\u015b&quot; Gosda II\" href=\"\/museen\/lehrpfad-waldbrandbekaempfung-gestern-und-heute-gosda-ii\/\">Muzeum Stra\u017cy Po\u017carnej Gosda II<\/a><\/p>\n\t\t\t\t\t<\/div>\n<p>&nbsp;<\/p>\n<h3>Galeria<a id=\"galerie_gosda\"><\/a><\/h3>\n<div id=\"envira-gallery-wrap-225\" class=\"envira-gallery-wrap envira-gallery-theme-base envira-lightbox-theme-base\" itemscope itemtype=\"https:\/\/schema.org\/ImageGallery\"><div data-row-height=\"\" data-gallery-theme=\"\" id=\"envira-gallery-225\" class=\"envira-gallery-public  envira-gallery-3-columns envira-clear enviratope envira-gallery-css-animations\" data-envira-columns=\"3\"><div id=\"envira-gallery-item-3476\" class=\"envira-gallery-item enviratope-item envira-gallery-item-1\" style=\"padding-left: 5px; padding-bottom: 10px; padding-right: 5px;\"  itemscope itemtype=\"https:\/\/schema.org\/ImageObject\"><div class=\"envira-gallery-item-inner\"><div class=\"envira-gallery-position-overlay  envira-gallery-top-left\"><\/div><div class=\"envira-gallery-position-overlay  envira-gallery-top-right\"><\/div><div class=\"envira-gallery-position-overlay  envira-gallery-bottom-left\"><\/div><div class=\"envira-gallery-position-overlay  envira-gallery-bottom-right\"><\/div><a href=\"https:\/\/www.lausitzer-museenland.de\/wp-content\/uploads\/2014\/11\/153.jpg\" class=\"envira-gallery-225 envira-gallery-link\" rel=\"enviragallery225\" title=\"Muzeum Stra\u017cy Po\u017carnej w zabytkowej remizie stra\u017cackiej\" data-envira-caption=\"Feuerwehrmuseum im Historischen Spritzenhaus\" data-envira-retina=\"\" data-thumbnail=\"\"  itemprop=\"contentUrl\"><div class=\"envira-lazy\" data-test-width=\"960\" data-test-height=\"300\" style=\"padding-bottom:31.25%;\"><img id=\"envira-gallery-image-3476\" class=\"envira-gallery-image envira-gallery-image-1\" data-envira-index=\"1\" src=\"https:\/\/www.lausitzer-museenland.de\/wp-content\/uploads\/2014\/11\/153.jpg\" data-envira-src=\"https:\/\/www.lausitzer-museenland.de\/wp-content\/uploads\/2014\/11\/153.jpg\" data-envira-gallery-id=\"225\" data-envira-item-id=\"3476\" data-envira-caption=\"Feuerwehrmuseum im Historischen Spritzenhaus\" alt=\"\" title=\"Muzeum Stra\u017cy Po\u017carnej w zabytkowej remizie stra\u017cackiej\"  itemprop=\"thumbnailUrl\" data-envira-srcset=\"https:\/\/www.lausitzer-museenland.de\/wp-content\/uploads\/2014\/11\/153.jpg 400w,https:\/\/www.lausitzer-museenland.de\/wp-content\/uploads\/2014\/11\/153.jpg 2x\" srcset=\"data:image\/gif;base64,R0lGODlhAQABAIAAAP\/\/\/\/\/\/\/yH5BAEKAAEALAAAAAABAAEAAAICTAEAOw==\" \/><\/div><\/a><\/div><\/div><div id=\"envira-gallery-item-3477\" class=\"envira-gallery-item enviratope-item envira-gallery-item-2\" style=\"padding-left: 5px; padding-bottom: 10px; padding-right: 5px;\"  itemscope itemtype=\"https:\/\/schema.org\/ImageObject\"><div class=\"envira-gallery-item-inner\"><div class=\"envira-gallery-position-overlay  envira-gallery-top-left\"><\/div><div class=\"envira-gallery-position-overlay  envira-gallery-top-right\"><\/div><div class=\"envira-gallery-position-overlay  envira-gallery-bottom-left\"><\/div><div class=\"envira-gallery-position-overlay  envira-gallery-bottom-right\"><\/div><a href=\"https:\/\/www.lausitzer-museenland.de\/wp-content\/uploads\/2014\/11\/220.jpg\" class=\"envira-gallery-225 envira-gallery-link\" rel=\"enviragallery225\" title=\"Muzeum Stra\u017cy Po\u017carnej w zabytkowej remizie stra\u017cackiej\" data-envira-caption=\"Feuerwehrmuseum im Historischen Spritzenhaus\" data-envira-retina=\"\" data-thumbnail=\"\"  itemprop=\"contentUrl\"><div class=\"envira-lazy\" data-test-width=\"960\" data-test-height=\"300\" style=\"padding-bottom:31.25%;\"><img id=\"envira-gallery-image-3477\" class=\"envira-gallery-image envira-gallery-image-2\" data-envira-index=\"2\" src=\"https:\/\/www.lausitzer-museenland.de\/wp-content\/uploads\/2014\/11\/220.jpg\" data-envira-src=\"https:\/\/www.lausitzer-museenland.de\/wp-content\/uploads\/2014\/11\/220.jpg\" data-envira-gallery-id=\"225\" data-envira-item-id=\"3477\" data-envira-caption=\"Feuerwehrmuseum im Historischen Spritzenhaus\" alt=\"\" title=\"Muzeum Stra\u017cy Po\u017carnej w zabytkowej remizie stra\u017cackiej\"  itemprop=\"thumbnailUrl\" data-envira-srcset=\"https:\/\/www.lausitzer-museenland.de\/wp-content\/uploads\/2014\/11\/220.jpg 400w,https:\/\/www.lausitzer-museenland.de\/wp-content\/uploads\/2014\/11\/220.jpg 2x\" srcset=\"data:image\/gif;base64,R0lGODlhAQABAIAAAP\/\/\/\/\/\/\/yH5BAEKAAEALAAAAAABAAEAAAICTAEAOw==\" \/><\/div><\/a><\/div><\/div><div id=\"envira-gallery-item-3478\" class=\"envira-gallery-item enviratope-item envira-gallery-item-3\" style=\"padding-left: 5px; padding-bottom: 10px; padding-right: 5px;\"  itemscope itemtype=\"https:\/\/schema.org\/ImageObject\"><div class=\"envira-gallery-item-inner\"><div class=\"envira-gallery-position-overlay  envira-gallery-top-left\"><\/div><div class=\"envira-gallery-position-overlay  envira-gallery-top-right\"><\/div><div class=\"envira-gallery-position-overlay  envira-gallery-bottom-left\"><\/div><div class=\"envira-gallery-position-overlay  envira-gallery-bottom-right\"><\/div><a href=\"https:\/\/www.lausitzer-museenland.de\/wp-content\/uploads\/2014\/11\/311.jpg\" class=\"envira-gallery-225 envira-gallery-link\" rel=\"enviragallery225\" title=\"Muzeum Stra\u017cy Po\u017carnej w zabytkowej remizie stra\u017cackiej\" data-envira-caption=\"Feuerwehrmuseum im Historischen Spritzenhaus\" data-envira-retina=\"\" data-thumbnail=\"\"  itemprop=\"contentUrl\"><div class=\"envira-lazy\" data-test-width=\"960\" data-test-height=\"300\" style=\"padding-bottom:31.25%;\"><img id=\"envira-gallery-image-3478\" class=\"envira-gallery-image envira-gallery-image-3\" data-envira-index=\"3\" src=\"https:\/\/www.lausitzer-museenland.de\/wp-content\/uploads\/2014\/11\/311.jpg\" data-envira-src=\"https:\/\/www.lausitzer-museenland.de\/wp-content\/uploads\/2014\/11\/311.jpg\" data-envira-gallery-id=\"225\" data-envira-item-id=\"3478\" data-envira-caption=\"Feuerwehrmuseum im Historischen Spritzenhaus\" alt=\"\" title=\"Muzeum Stra\u017cy Po\u017carnej w zabytkowej remizie stra\u017cackiej\"  itemprop=\"thumbnailUrl\" data-envira-srcset=\"https:\/\/www.lausitzer-museenland.de\/wp-content\/uploads\/2014\/11\/311.jpg 400w,https:\/\/www.lausitzer-museenland.de\/wp-content\/uploads\/2014\/11\/311.jpg 2x\" srcset=\"data:image\/gif;base64,R0lGODlhAQABAIAAAP\/\/\/\/\/\/\/yH5BAEKAAEALAAAAAABAAEAAAICTAEAOw==\" \/><\/div><\/a><\/div><\/div><\/div><\/div><noscript><img src=\"https:\/\/www.lausitzer-museenland.de\/wp-content\/uploads\/2014\/11\/153.jpg\" alt=\"\" \/><img src=\"https:\/\/www.lausitzer-museenland.de\/wp-content\/uploads\/2014\/11\/220.jpg\" alt=\"\" \/><img src=\"https:\/\/www.lausitzer-museenland.de\/wp-content\/uploads\/2014\/11\/311.jpg\" alt=\"\" \/><\/noscript>","protected":false},"excerpt":{"rendered":"<p>Galeria | Wystawy | Oferta dla dzieci Muzeum Stra\u017cy Po\u017carnej w zabytkowym budynku remizy \/ Sytuacja w\u0142asno\u015bciowa Kiedy w po\u0142owie lat 90-tych Ochotnicza Stra\u017c Po\u017carna w Gosdzie przenios\u0142a si\u0119 do nowej remizy, pad\u0142o pytanie: \"Co stanie si\u0119 ze starym budynkiem, zabytkow\u0105 remiz\u0105?\". Powsta\u0142 pomys\u0142, aby historycznie przerobi\u0107 ochron\u0119 przeciwpo\u017carow\u0105 i gaszenie po\u017car\u00f3w w budynku, kt\u00f3ry by\u0142 warty zachowania, ale tak\u017ce, aby<\/p>","protected":false},"author":13,"featured_media":0,"parent":113,"menu_order":0,"comment_status":"closed","ping_status":"closed","template":"","meta":[],"_links":{"self":[{"href":"https:\/\/www.lausitzer-museenland.de\/pl\/wp-json\/wp\/v2\/pages\/225"}],"collection":[{"href":"https:\/\/www.lausitzer-museenland.de\/pl\/wp-json\/wp\/v2\/pages"}],"about":[{"href":"https:\/\/www.lausitzer-museenland.de\/pl\/wp-json\/wp\/v2\/types\/page"}],"author":[{"embeddable":true,"href":"https:\/\/www.lausitzer-museenland.de\/pl\/wp-json\/wp\/v2\/users\/13"}],"replies":[{"embeddable":true,"href":"https:\/\/www.lausitzer-museenland.de\/pl\/wp-json\/wp\/v2\/comments?post=225"}],"version-history":[{"count":12,"href":"https:\/\/www.lausitzer-museenland.de\/pl\/wp-json\/wp\/v2\/pages\/225\/revisions"}],"predecessor-version":[{"id":53932,"href":"https:\/\/www.lausitzer-museenland.de\/pl\/wp-json\/wp\/v2\/pages\/225\/revisions\/53932"}],"up":[{"embeddable":true,"href":"https:\/\/www.lausitzer-museenland.de\/pl\/wp-json\/wp\/v2\/pages\/113"}],"wp:attachment":[{"href":"https:\/\/www.lausitzer-museenland.de\/pl\/wp-json\/wp\/v2\/media?parent=225"}],"curies":[{"name":"wp","href":"https:\/\/api.w.org\/{rel}","templated":true}]}}