{"id":227,"date":"2014-11-05T17:58:58","date_gmt":"2014-11-05T16:58:58","guid":{"rendered":"http:\/\/lausitzer-museenland.de\/?page_id=227"},"modified":"2022-05-31T07:43:57","modified_gmt":"2022-05-31T05:43:57","slug":"militaerhistorisches-museum-kolkwitz","status":"publish","type":"page","link":"https:\/\/www.lausitzer-museenland.de\/pl\/muzea\/muzeum-wojskowo-historyczne-kolkwitz\/","title":{"rendered":"Muzeum Historii Wojskowo\u015bci w Ko\u0142kwicy \/ W\u00f3jarsko-stawizniski muzej Go\u0142kojce"},"content":{"rendered":"<p><a href=\"#austellung_mili_kolkwitz\">Wystawy<\/a>\u00a0| <a href=\"#kinderangebot_mili_kolkwitz\">Oferty dla dzieci<\/a><br \/>\n<img loading=\"lazy\" class=\"enigma_img_responsive alignnone wp-image-1270\" src=\"https:\/\/www.lausitzer-museenland.de\/wp-content\/uploads\/2014\/11\/124.jpg\" alt=\"1\" width=\"800\" height=\"398\" srcset=\"https:\/\/www.lausitzer-museenland.de\/wp-content\/uploads\/2014\/11\/124.jpg 402w, https:\/\/www.lausitzer-museenland.de\/wp-content\/uploads\/2014\/11\/124-300x149.jpg 300w, https:\/\/www.lausitzer-museenland.de\/wp-content\/uploads\/2014\/11\/124-100x49.jpg 100w, https:\/\/www.lausitzer-museenland.de\/wp-content\/uploads\/2014\/11\/124-150x74.jpg 150w, https:\/\/www.lausitzer-museenland.de\/wp-content\/uploads\/2014\/11\/124-200x99.jpg 200w\" sizes=\"(max-width: 800px) 100vw, 800px\" \/><\/p>\n\n<p>Tajemnicze g\u0142\u0119biny - wystawa w dawnej budowli ochronnej<\/p>\n<h3>Po\u0142o\u017cenie budynku\/dzia\u0142ki<\/h3>\n<p>Struktur\u0119 ochronn\u0105 by\u0142ej Narodowej Armii Ludowej (NVA) NRD budowano od 1965 r., a oddano do u\u017cytku w 1967 r. W systemie s\u0142u\u017cbowym by\u0142 wykorzystywany do prowadzenia rozpoznania lotniczego na terenach cywilnych i wojskowych (kr\u00f3tkie oznaczenie: GS-31 z 1. LVD). G\u0142\u00f3wny budynek ma 42,50 m d\u0142ugo\u015bci, 18,00 m szeroko\u015bci i jest podpiwniczony na trzech poziomach do g\u0142\u0119boko\u015bci 9,93 m. Powierzchnia u\u017cytkowa wynosi 700 m2, a wysoko\u015b\u0107 pomieszcze\u0144 od 4 m do 1,50 m.<\/p>\n<h3>Charakterystyka<\/h3>\n<p>Od 2004 roku organizacja \"Kolkwitzer Bunkerfreunde GS-31 e.V.\" zachowuje cz\u0119\u015b\u0107 historii wojskowo\u015bci w Kolkwitz i udost\u0119pnia j\u0105 szerokiej publiczno\u015bci. W ten spos\u00f3b muzeum historii wojskowo\u015bci prowadzi r\u00f3wnie\u017c dzia\u0142alno\u015b\u0107 edukacyjn\u0105, umo\u017cliwiaj\u0105c zej\u015bcie w g\u0142\u0105b tej niegdy\u015b dobrze strze\u017conej tajemnicy.<\/p>\n<p>W podziemnym labiryncie mo\u017cna obejrze\u0107 wyposa\u017cenie techniczne konstrukcji ochronnej i wy\u015bwietlacz sytuacji powietrznej, a tak\u017ce pomieszczenia mieszkalne i zaopatrzeniowe dla za\u0142\u00f3g.<\/p>\n<h3>Wystawy specjalne \/ oferty towarzysz\u0105ce<a id=\"austellung_mili_kolkwitz\"><\/a><\/h3>\n<p>Aktywne dzia\u0142ania rozwojowe stowarzyszenia stale otwieraj\u0105 nowe aspekty wystawy, kt\u00f3re s\u0105 prezentowane zwiedzaj\u0105cym m.in. w \"terminach ogl\u0105dania z niespodziankami\". Wydarzenia specjalne i jubileusze z tematycznie dopasowanymi programami, a tak\u017ce spotkania by\u0142ych cz\u0142onk\u00f3w to najwa\u017cniejsze punkty dzia\u0142alno\u015bci muzeum.<\/p>\n<h3>Oferty dla dzieci - Z Kobim do muzeum<a id=\"kinderangebot_mili_kolkwitz\"><\/a><\/h3>\n<p align=\"left\">Kobi - duch ma\u0142ego domku - czuje si\u0119 w muzeum jak w domu. Mieszka tam w kapciu pod piecem. O p\u00f3\u0142nocy pods\u0142uchuje starych muzealnik\u00f3w, kt\u00f3rzy opowiadaj\u0105 historie z przesz\u0142o\u015bci. Opowiada te fascynuj\u0105ce opowie\u015bci pracownikom muzeum, kt\u00f3rzy nast\u0119pnie przekazuj\u0105 je dzieciom - historie z dawnych, starych czas\u00f3w.<\/p>\n<p>Kobi proponuje:<\/p>\n<h5>Tajemnicze g\u0142\u0119biny - wystawa w dawnej budowli ochronnej<a title=\"Tajemnicze g\u0142\u0119biny - wystawa w dawnej budowli ochronnej\" href=\"\/kobi\/ausstellung-ehemaligen-schutzbauwerk\/\"><br \/>\n<\/a><\/h5>\n<div data-post-id='ausstellung-ehemaligen-schutzbauwerk' class='insert-page insert-page-ausstellung-ehemaligen-schutzbauwerk'>\t\t\t\t\t<p>Od 2004 roku organizacja \"Kolkwitzer Bunkerfreunde GS-31 e.V.\" zachowuje cz\u0119\u015b\u0107 historii wojskowo\u015bci w Kolkwitz i udost\u0119pnia j\u0105 szerokiej publiczno\u015bci. Muzeum Historii Wojskowo\u015bci prowadzi dzia\u0142ania edukacyjne, umo\u017cliwiaj\u0105c zej\u015bcie w g\u0142\u0105b tej niegdy\u015b dobrze strze\u017conej tajemnicy.<br \/>\nW podziemnym labiryncie mo\u017cna obejrze\u0107 wyposa\u017cenie techniczne konstrukcji ochronnej i wy\u015bwietlacz sytuacji powietrznej, a tak\u017ce pomieszczenia mieszkalne i zaopatrzeniowe dla za\u0142\u00f3g.<\/p>\n<p>Oferta odbywa si\u0119 w pomieszczeniach zamkni\u0119tych i jest skierowana do<br \/>\nUczniowie klas od 5 do 12.<br \/>\nTerminy: w ka\u017cd\u0105 trzeci\u0105 sobot\u0119 miesi\u0105ca o godz. 9.00, 10.30 i 12.00.<br \/>\nWst\u0119pna rejestracja: nie<br \/>\nCzas trwania: ok. 1,5 godz.<\/p>\n<p>Uwagi:<br \/>\nTemperatura w zbiorniku wynosi 11\u00b0 C.<\/p>\n<p>Zwiedzanie mo\u017cliwe r\u00f3wnie\u017c w innych terminach, po uprzedniej rezerwacji z 1-tygodniowym wyprzedzeniem<\/p>\n<p><a href=\"http:\/\/www.kolkwitzerbunker.de\/\" target=\"_blank\">Muzeum Historii Wojskowo\u015bci w Kolkwitz<\/a><\/p>\n\t\t\t\t\t<\/div>\n<h3><\/h3>","protected":false},"excerpt":{"rendered":"<p>Wystawy | Oferta dla dzieci Tajemnicze g\u0142\u0119bie - wystawa w dawnej budowli ochronnej Budynek \/ sytuacja na miejscu Budowla ochronna dawnej Narodowej Armii Ludowej (NVA) NRD by\u0142a budowana od 1965 roku i oddana do u\u017cytku w 1967 roku. U\u017cywany by\u0142 w systemie s\u0142u\u017cbowym do cywilnego i wojskowego rozpoznania lotniczego (kr\u00f3tkie oznaczenie: GS-31 z 1. LVD). G\u0142\u00f3wna konstrukcja ma d\u0142ugo\u015b\u0107 42,50 m,<\/p>","protected":false},"author":13,"featured_media":0,"parent":113,"menu_order":0,"comment_status":"closed","ping_status":"closed","template":"","meta":[],"_links":{"self":[{"href":"https:\/\/www.lausitzer-museenland.de\/pl\/wp-json\/wp\/v2\/pages\/227"}],"collection":[{"href":"https:\/\/www.lausitzer-museenland.de\/pl\/wp-json\/wp\/v2\/pages"}],"about":[{"href":"https:\/\/www.lausitzer-museenland.de\/pl\/wp-json\/wp\/v2\/types\/page"}],"author":[{"embeddable":true,"href":"https:\/\/www.lausitzer-museenland.de\/pl\/wp-json\/wp\/v2\/users\/13"}],"replies":[{"embeddable":true,"href":"https:\/\/www.lausitzer-museenland.de\/pl\/wp-json\/wp\/v2\/comments?post=227"}],"version-history":[{"count":11,"href":"https:\/\/www.lausitzer-museenland.de\/pl\/wp-json\/wp\/v2\/pages\/227\/revisions"}],"predecessor-version":[{"id":53934,"href":"https:\/\/www.lausitzer-museenland.de\/pl\/wp-json\/wp\/v2\/pages\/227\/revisions\/53934"}],"up":[{"embeddable":true,"href":"https:\/\/www.lausitzer-museenland.de\/pl\/wp-json\/wp\/v2\/pages\/113"}],"wp:attachment":[{"href":"https:\/\/www.lausitzer-museenland.de\/pl\/wp-json\/wp\/v2\/media?parent=227"}],"curies":[{"name":"wp","href":"https:\/\/api.w.org\/{rel}","templated":true}]}}