{"id":231,"date":"2014-11-06T09:56:22","date_gmt":"2014-11-06T08:56:22","guid":{"rendered":"http:\/\/lausitzer-museenland.de\/?page_id=231"},"modified":"2022-05-31T07:44:15","modified_gmt":"2022-05-31T05:44:15","slug":"niederlausitzer-heidemuseum-spremberg","status":"publish","type":"page","link":"https:\/\/www.lausitzer-museenland.de\/pl\/muzea\/niederlausitzer-heidemuseum-spremberg\/","title":{"rendered":"Niederlausitzer Heidemuseum Spremberg \/ Dolno\u0142u\u017eyski g\u00f3la\u0144ski muzej Grodk"},"content":{"rendered":"<p><a href=\"#galerie_spremberg\">Galeria<\/a> | <a href=\"#austellung_spremberg\">Wystawy<\/a> | <a href=\"#kinderangebot_spremberg\">Oferty dla dzieci<\/a><br \/>\n<img loading=\"lazy\" class=\"enigma_img_responsive alignnone wp-image-53345\" src=\"https:\/\/www.lausitzer-museenland.de\/wp-content\/uploads\/2021\/05\/Schloss_SPB_01.png\" alt=\"\" width=\"800\" height=\"398\" srcset=\"https:\/\/www.lausitzer-museenland.de\/wp-content\/uploads\/2021\/05\/Schloss_SPB_01.png 800w, https:\/\/www.lausitzer-museenland.de\/wp-content\/uploads\/2021\/05\/Schloss_SPB_01-300x149.png 300w, https:\/\/www.lausitzer-museenland.de\/wp-content\/uploads\/2021\/05\/Schloss_SPB_01-768x382.png 768w\" sizes=\"(max-width: 800px) 100vw, 800px\" \/><\/p>\n\n<p>Muzeum Okr\u0119gowe w Pa\u0142acu Kultury Dzielnicy Sprewa-Nysa<\/p>\n<h3>Po\u0142o\u017cenie budynku\/dzia\u0142ki<\/h3>\n<p>Zamek Spremberg, w kt\u00f3rym mie\u015bci si\u0119 muzeum, w r\u00f3\u017cnych etapach budowy przeszed\u0142 ewolucj\u0119 od zamku roma\u0144skiego do p\u00f3\u017anobarokowego kompleksu czteroskrzyd\u0142owego. Historia budynku jest udokumentowana od XI wieku. Dolna cz\u0119\u015b\u0107 du\u017cej wie\u017cy g\u0142\u00f3wnej, kt\u00f3rej mury maj\u0105 grubo\u015b\u0107 do czterech metr\u00f3w, jest najstarsz\u0105 cz\u0119\u015bci\u0105 kompleksu zamkowego.<\/p>\n<h3>Charakterystyka<\/h3>\n<p>Niederlausitzer Heidemuseum, muzeum okr\u0119gowe powiatu Sprewa-Nysa, prezentuje na swoich wystawach krajobraz wrzosowisk w po\u0142udniowo-wschodniej Brandenburgii. Za\u0142o\u017cone 9 grudnia 1911 r. jako muzeum miejskie, mie\u015bci\u0142o si\u0119 w zmieniaj\u0105cych si\u0119 domach, a w 1997 r. po raz drugi zosta\u0142o przeniesione do zamku.<\/p>\n<p>W jego profilu znajduj\u0105 si\u0119 nast\u0119puj\u0105ce wystawy sta\u0142e i zbiory:<\/p>\n<ul>\n<li style=\"list-style-type: none;\"><\/li>\n<\/ul>\n<ul>\n<li>Regionalna historia zamku i muzeum<\/li>\n<li>Folklor - historia osadnictwa regionalnego, zwyczaje serbo\u0142u\u017cyckie<\/li>\n<li>Historia przemys\u0142u<\/li>\n<li>Historia naturalna<\/li>\n<li>\u017bycie i tw\u00f3rczo\u015b\u0107 urodzonego w Sprembergu pisarza Erwina Strittmattera<\/li>\n<\/ul>\n<p>Relacje mi\u0119dzy cz\u0142owiekiem, przyrod\u0105 i kultur\u0105 odgrywaj\u0105 wa\u017cn\u0105 rol\u0119 w regionie, kt\u00f3ry zosta\u0142 ukszta\u0142towany przez wydobycie w\u0119gla brunatnego. Skansen wybudowany obok zamku pozwala zapozna\u0107 si\u0119 z wiejskim stylem \u017cycia rolnik\u00f3w z Dolnych \u0141u\u017cyc. Zesp\u00f3\u0142 gospodarstwa wiejskiego sk\u0142ada si\u0119 z budynku mieszkalnego, stajni, stodo\u0142y z szop\u0105 (obie przeniesione w inne miejsce) i budynku gospodarczego. <em>Repliki<\/em>), studni\u0119 czerpaln\u0105, go\u0142\u0119bnik, pszczelarni\u0119 i piekarni\u0119. Ponad 200-letnia zagroda, wraz z jej wyposa\u017ceniem i towarzysz\u0105cymi jej narz\u0119dziami, ilustruje wiejski styl \u017cycia i zamieszkiwania we wsiach wrzosowiskowych oko\u0142o 1900 r. W lapidarium mo\u017cna uzyska\u0107 informacje o kamiennych \u015bwiadkach Dolnych \u0141u\u017cyc.<\/p>\n<h3>Wystawy specjalne \/ oferty towarzysz\u0105ce<a id=\"austellung_spremberg\"><\/a><\/h3>\n<p>Trzy lub cztery wystawy specjalne rocznie wzbogacaj\u0105 program wystawienniczy o r\u00f3\u017cnorodn\u0105 tematyk\u0119.<\/p>\n<ul>\n<li>Tradycyjny Jarmark Wielkanocny z wystaw\u0105 ma\u0142ych jajek wielkanocnych w Sali Festiwalowej Zamku w Wielki Pi\u0105tek<\/li>\n<li>Imprezy muzyczne i literackie w sali balowej zamku<\/li>\n<li>Tradycyjne imprezy na \u015bwie\u017cym powietrzu i na dziedzi\u0144cu zamkowym, takie jak festyn jesienny czy popo\u0142udniowa kawa podczas festiwalu dziedzictwa lokalnego<\/li>\n<li>Szeroka gama muzealnych zaj\u0119\u0107 edukacyjnych<\/li>\n<li>Obszerne archiwum do cel\u00f3w badawczych<\/li>\n<\/ul>\n<h3>Oferty dla dzieci - Z Kobim do muzeum<a id=\"kinderangebot_spremberg\"><\/a><\/h3>\n<p align=\"left\">Kobi - duch ma\u0142ego domku - czuje si\u0119 w muzeum jak w domu. Mieszka tam w kapciu pod piecem. O p\u00f3\u0142nocy pods\u0142uchuje starych muzealnik\u00f3w, kt\u00f3rzy opowiadaj\u0105 historie z przesz\u0142o\u015bci. Opowiada te fascynuj\u0105ce opowie\u015bci pracownikom muzeum, kt\u00f3rzy nast\u0119pnie przekazuj\u0105 je dzieciom - historie z dawnych, starych czas\u00f3w.<\/p>\n<p>Kobi proponuje:<\/p>\n<h5>1. \u017cycie dawniej i dzi\u015b<\/h5>\n<div data-post-id='leben-frueher-und-heute' class='insert-page insert-page-leben-frueher-und-heute'>\t\t\t\t\t<p>Por\u00f3wnamy dzie\u0144 prze\u017cyty przez pradziadk\u00f3w z dniem dzisiejszym. Zapoznamy si\u0119 z \u00f3wczesnymi sposobami przechowywania \u017cywno\u015bci, jej od\u017cywiania, pozyskiwania i konserwowania.<\/p>\n<p>Kr\u00f3tki film pokazuje historyczne rzemios\u0142a. Historia staje si\u0119 w ten spos\u00f3b ekscytuj\u0105cym do\u015bwiadczeniem.<br \/>\nNast\u0119pnie \"ogl\u0105damy\" r\u00f3\u017cne urz\u0105dzenia i wypr\u00f3bowujemy je.<\/p>\n<p>Program odbywa si\u0119 w pomieszczeniach i na \u015bwie\u017cym powietrzu i jest skierowany do uczni\u00f3w klas 1-6.<br \/>\nWielko\u015b\u0107 grupy: od 5 do 20 os\u00f3b<br \/>\nTerminy: po uzgodnieniu<br \/>\nRejestracja wst\u0119pna: najp\u00f3\u017aniej 5 dni przed<br \/>\nCzas trwania: ok. 1,5 godz.<br \/>\nWst\u0119p dla jednej osoby: 2,00 \u20ac<\/p>\n<p>Uwagi:<br \/>\nJe\u015bli klasa jest liczniejsza, konieczne jest podzielenie klasy.<\/p>\n<div>\n<p>W zwi\u0105zku z tym prosimy o przeznaczenie 1\/2 godziny wi\u0119cej czasu.<\/p>\n<p><a title=\"Niederlausitzer Heidemuseum Spremberg \/ Dolno\u0142u\u017eyski g\u00f3la\u0144ski muzej Grodk\" href=\"\/museen\/niederlausitzer-heidemuseum-spremberg\/\">Muzeum Wrzosowisk Dolnych \u0141u\u017cyc Spremberg<\/a><\/p>\n<\/div>\n\t\t\t\t\t<\/div>\n<h5>2. luz zamka<\/h5>\n<div data-post-id='schlossspiel' class='insert-page insert-page-schlossspiel'>\t\t\t\t\t<p>Gra w zamek to gra w poszukiwanie i orientacj\u0119 w muzeum. Przebrani w \u015bredniowieczne stroje wyruszamy na poszukiwanie wcze\u015bniej sfotografowanych eksponat\u00f3w. Je\u015bli znajdziemy je wszystkie, w tym stary klucz, b\u0119dziemy mogli u\u017cy\u0107 go do otwarcia skrzyni ze skarbami. Znajduj\u0105 si\u0119 tam kr\u00f3tkie informacje na temat znalezionych przedmiot\u00f3w. W ten spos\u00f3b wszystkie pomieszczenia domu s\u0105 o\u015bwietlone, a cel muzeum zostaje wyja\u015bniony.<\/p>\n<p>Nale\u017cy rozwi\u0105zywa\u0107 r\u00f3\u017cne zadania w zale\u017cno\u015bci od wieku uczestnik\u00f3w.<\/p>\n<p>Oferta odbywa si\u0119 w pomieszczeniach zamkni\u0119tych i jest skierowana do uczni\u00f3w klas 1-7.<br \/>\nWielko\u015b\u0107 grupy: od 5 do 20 os\u00f3b<br \/>\nTerminy: po uzgodnieniu<br \/>\nRejestracja wst\u0119pna: najp\u00f3\u017aniej 5 dni przed<br \/>\nCzas trwania: ok. 1,5 godz.<br \/>\nWst\u0119p dla jednej osoby: 2,00 \u20ac<\/p>\n<p>Uwagi:<br \/>\nW przypadku wi\u0119kszej liczebno\u015bci klasy konieczne jest jej podzielenie. W zwi\u0105zku z tym prosimy o przeznaczenie 1\/2 godziny wi\u0119cej czasu.<\/p>\n<p><a title=\"Niederlausitzer Heidemuseum Spremberg \/ Dolno\u0142u\u017eyski g\u00f3la\u0144ski muzej Grodk\" href=\"\/museen\/niederlausitzer-heidemuseum-spremberg\/\">Muzeum Wrzosowisk Dolnych \u0141u\u017cyc Spremberg<\/a><\/p>\n\t\t\t\t\t<\/div>\n<h5>3. tajne zielarstwo<\/h5>\n<div data-post-id='geheime-kraeuterkunde' class='insert-page insert-page-geheime-kraeuterkunde'>\t\t\t\t\t<p>Wiedza o uprawie i stosowaniu zi\u00f3\u0142 liczy sobie tysi\u0105ce lat. Zabawa polega na w\u0105chaniu zi\u00f3\u0142, ich identyfikowaniu i pa\u0142aszowaniu. Ale uwa\u017caj! Nie wszystkie z nich s\u0105 jadalne i wymagaj\u0105 rafinacji. Nast\u0119pnie mo\u017cna skorzysta\u0107 z przek\u0105sek z domowym mas\u0142em i sol\u0105 zio\u0142ow\u0105. Na \u017cyczenie mo\u017cna zorganizowa\u0107 zwiedzanie ogrodu zio\u0142owego z przewodnikiem z Turmapotheke Spremberg.<\/p>\n<p>Program odbywa si\u0119 w pomieszczeniach i na \u015bwie\u017cym powietrzu i jest skierowany do uczni\u00f3w klas 1-7.<br \/>\nWielko\u015b\u0107 grupy: od 5 do 20 os\u00f3b<br \/>\nTerminy: po uzgodnieniu<br \/>\nRejestracja wst\u0119pna: najp\u00f3\u017aniej 5 dni przed<br \/>\nCzas trwania: ok. 1,5 godz.<br \/>\nWst\u0119p dla jednej osoby: 2,00 \u20ac<\/p>\n<p>Uwagi:<br \/>\nW przypadku wi\u0119kszej liczebno\u015bci klasy konieczne jest jej podzielenie. W zwi\u0105zku z tym prosimy o przeznaczenie 1\/2 godziny wi\u0119cej czasu.<\/p>\n<p><a title=\"Niederlausitzer Heidemuseum Spremberg \/ Dolno\u0142u\u017eyski g\u00f3la\u0144ski muzej Grodk\" href=\"\/museen\/niederlausitzer-heidemuseum-spremberg\/\">Muzeum Wrzosowisk Dolnych \u0141u\u017cyc Spremberg<\/a><\/p>\n\t\t\t\t\t<\/div>\n<h5>4. dzie\u0144 prania<\/h5>\n<div data-post-id='waschtag' class='insert-page insert-page-waschtag'>\t\t\t\t\t<p>Dzi\u0119ki cynkowej wannie, desce do prania i wieszakowi na ubrania, du\u017ce i ma\u0142e pranie zn\u00f3w staje si\u0119 czyste w ogrodzie gospodarczym. Mo\u017cna si\u0119 tu wiele dowiedzie\u0107 o tym, co musia\u0142y robi\u0107 praczki i jak uci\u0105\u017cliwe by\u0142o dbanie o pranie.<\/p>\n<p>Program odbywa si\u0119 na \u015bwie\u017cym powietrzu i jest skierowany do uczni\u00f3w klas 1-5.<br \/>\nWielko\u015b\u0107 grupy: od 5 do 20 os\u00f3b<br \/>\nTerminy: po uzgodnieniu<br \/>\nRejestracja wst\u0119pna: najp\u00f3\u017aniej 5 dni przed<br \/>\nCzas trwania: ok. 1,5 godz.<br \/>\nWst\u0119p dla jednej osoby: 2,00 \u20ac<\/p>\n<p>Uwagi:<br \/>\nW przypadku wi\u0119kszej liczebno\u015bci klasy konieczne jest jej podzielenie. W zwi\u0105zku z tym prosimy o przeznaczenie 1\/2 godziny wi\u0119cej czasu.<\/p>\n<p><a title=\"Niederlausitzer Heidemuseum Spremberg \/ Dolno\u0142u\u017eyski g\u00f3la\u0144ski muzej Grodk\" href=\"\/museen\/niederlausitzer-heidemuseum-spremberg\/\">Muzeum Wrzosowisk Dolnych \u0141u\u017cyc Spremberg<\/a><\/p>\n\t\t\t\t\t<\/div>\n<h3><\/h3>\n<p>&nbsp;<\/p>\n<h3>Galeria<a id=\"galerie_spremberg\"><\/a><\/h3>\n<div id=\"envira-gallery-wrap-53179\" class=\"envira-gallery-wrap envira-gallery-theme-base envira-lightbox-theme-base\" itemscope itemtype=\"https:\/\/schema.org\/ImageGallery\"><div data-row-height=\"150\" data-gallery-theme=\"normal\" id=\"envira-gallery-53179\" class=\"envira-gallery-public envira-gallery-justified-public envira-gallery-0-columns envira-clear enviratope envira-gallery-css-animations\" data-envira-columns=\"0\"><div id=\"envira-gallery-item-53180\" class=\"envira-gallery-item enviratope-item envira-gallery-item-1 envira-lazy-load\" style=\"padding-left: 5px; padding-bottom: 10px; padding-right: 5px;\"  itemscope itemtype=\"https:\/\/schema.org\/ImageObject\"><div class=\"envira-gallery-item-inner\"><div class=\"envira-gallery-position-overlay  envira-gallery-top-left\"><\/div><div class=\"envira-gallery-position-overlay  envira-gallery-top-right\"><\/div><div class=\"envira-gallery-position-overlay  envira-gallery-bottom-left\"><\/div><div class=\"envira-gallery-position-overlay  envira-gallery-bottom-right\"><\/div><a href=\"https:\/\/www.lausitzer-museenland.de\/wp-content\/uploads\/2020\/11\/Heidemuseum-Spremberg2020-22.jpg\" class=\"envira-gallery-53179 envira-gallery-link\" rel=\"enviragallery53179\" title=\"\u015apiewnik serbo\u0142u\u017cycki Zdj\u0119cie: Bernd Choritz\" data-envira-caption=\"sorbisches Gesangsbuch Foto: Bernd Choritz\" data-envira-retina=\"\" data-thumbnail=\"\"  itemprop=\"contentUrl\"><img id=\"envira-gallery-image-53180\" class=\"envira-gallery-image envira-gallery-image-1 envira-normal envira-lazy\" data-envira-index=\"1\" src=\"https:\/\/www.lausitzer-museenland.de\/wp-content\/uploads\/2020\/11\/Heidemuseum-Spremberg2020-22-1024x683.jpg\" data-envira-src=\"https:\/\/www.lausitzer-museenland.de\/wp-content\/uploads\/2020\/11\/Heidemuseum-Spremberg2020-22-1024x683.jpg\" data-envira-gallery-id=\"53179\" data-envira-item-id=\"53180\" data-envira-caption=\"sorbisches Gesangsbuch Foto: Bernd Choritz\" alt=\"\" title=\"\u015apiewnik serbo\u0142u\u017cycki Zdj\u0119cie: Bernd Choritz\"  itemprop=\"thumbnailUrl\" data-envira-srcset=\"https:\/\/www.lausitzer-museenland.de\/wp-content\/uploads\/2020\/11\/Heidemuseum-Spremberg2020-22-1024x683.jpg 400w,https:\/\/www.lausitzer-museenland.de\/wp-content\/uploads\/2020\/11\/Heidemuseum-Spremberg2020-22-1024x683.jpg 2x\" data-envira-width=\"300\" data-envira-height=\"200\" srcset=\"data:image\/gif;base64,R0lGODlhAQABAIAAAP\/\/\/\/\/\/\/yH5BAEKAAEALAAAAAABAAEAAAICTAEAOw==\" data-safe-src=\"data:image\/gif;base64,R0lGODlhAQABAIAAAP\/\/\/\/\/\/\/yH5BAEKAAEALAAAAAABAAEAAAICTAEAOw==\" \/><\/a><\/div><\/div><div id=\"envira-gallery-item-53181\" class=\"envira-gallery-item enviratope-item envira-gallery-item-2 envira-lazy-load\" style=\"padding-left: 5px; padding-bottom: 10px; padding-right: 5px;\"  itemscope itemtype=\"https:\/\/schema.org\/ImageObject\"><div class=\"envira-gallery-item-inner\"><div class=\"envira-gallery-position-overlay  envira-gallery-top-left\"><\/div><div class=\"envira-gallery-position-overlay  envira-gallery-top-right\"><\/div><div class=\"envira-gallery-position-overlay  envira-gallery-bottom-left\"><\/div><div class=\"envira-gallery-position-overlay  envira-gallery-bottom-right\"><\/div><a href=\"https:\/\/www.lausitzer-museenland.de\/wp-content\/uploads\/2020\/11\/Heidemuseum-Spremberg2020-35.jpg\" class=\"envira-gallery-53179 envira-gallery-link\" rel=\"enviragallery53179\" title=\"Heidemuseum Spremberg Zdj\u0119cie: Bernd Choritz\" data-envira-caption=\"Heidemuseum Spremberg Foto: Bernd Choritz\" data-envira-retina=\"\" data-thumbnail=\"\"  itemprop=\"contentUrl\"><img id=\"envira-gallery-image-53181\" class=\"envira-gallery-image envira-gallery-image-2 envira-normal envira-lazy\" data-envira-index=\"2\" src=\"https:\/\/www.lausitzer-museenland.de\/wp-content\/uploads\/2020\/11\/Heidemuseum-Spremberg2020-35-1024x683.jpg\" data-envira-src=\"https:\/\/www.lausitzer-museenland.de\/wp-content\/uploads\/2020\/11\/Heidemuseum-Spremberg2020-35-1024x683.jpg\" data-envira-gallery-id=\"53179\" data-envira-item-id=\"53181\" data-envira-caption=\"Heidemuseum Spremberg Foto: Bernd Choritz\" alt=\"\" title=\"Heidemuseum Spremberg Zdj\u0119cie: Bernd Choritz\"  itemprop=\"thumbnailUrl\" data-envira-srcset=\"https:\/\/www.lausitzer-museenland.de\/wp-content\/uploads\/2020\/11\/Heidemuseum-Spremberg2020-35-1024x683.jpg 400w,https:\/\/www.lausitzer-museenland.de\/wp-content\/uploads\/2020\/11\/Heidemuseum-Spremberg2020-35-1024x683.jpg 2x\" data-envira-width=\"300\" data-envira-height=\"200\" srcset=\"data:image\/gif;base64,R0lGODlhAQABAIAAAP\/\/\/\/\/\/\/yH5BAEKAAEALAAAAAABAAEAAAICTAEAOw==\" data-safe-src=\"data:image\/gif;base64,R0lGODlhAQABAIAAAP\/\/\/\/\/\/\/yH5BAEKAAEALAAAAAABAAEAAAICTAEAOw==\" \/><\/a><\/div><\/div><div id=\"envira-gallery-item-53182\" class=\"envira-gallery-item enviratope-item envira-gallery-item-3 envira-lazy-load\" style=\"padding-left: 5px; padding-bottom: 10px; padding-right: 5px;\"  itemscope itemtype=\"https:\/\/schema.org\/ImageObject\"><div class=\"envira-gallery-item-inner\"><div class=\"envira-gallery-position-overlay  envira-gallery-top-left\"><\/div><div class=\"envira-gallery-position-overlay  envira-gallery-top-right\"><\/div><div class=\"envira-gallery-position-overlay  envira-gallery-bottom-left\"><\/div><div class=\"envira-gallery-position-overlay  envira-gallery-bottom-right\"><\/div><a href=\"https:\/\/www.lausitzer-museenland.de\/wp-content\/uploads\/2020\/11\/Heidemuseum-Spremberg2020-48.jpg\" class=\"envira-gallery-53179 envira-gallery-link\" rel=\"enviragallery53179\" title=\"Wystawa Strittmatter 01 Zdj\u0119cie: Bernd Choritz\" data-envira-caption=\"Strittmatterausstellung 01 Foto: Bernd Choritz\" data-envira-retina=\"\" data-thumbnail=\"\"  itemprop=\"contentUrl\"><img id=\"envira-gallery-image-53182\" class=\"envira-gallery-image envira-gallery-image-3 envira-normal envira-lazy\" data-envira-index=\"3\" src=\"https:\/\/www.lausitzer-museenland.de\/wp-content\/uploads\/2020\/11\/Heidemuseum-Spremberg2020-48-1024x683.jpg\" data-envira-src=\"https:\/\/www.lausitzer-museenland.de\/wp-content\/uploads\/2020\/11\/Heidemuseum-Spremberg2020-48-1024x683.jpg\" data-envira-gallery-id=\"53179\" data-envira-item-id=\"53182\" data-envira-caption=\"Strittmatterausstellung 01 Foto: Bernd Choritz\" alt=\"\" title=\"Wystawa Strittmatter 01 Zdj\u0119cie: Bernd Choritz\"  itemprop=\"thumbnailUrl\" data-envira-srcset=\"https:\/\/www.lausitzer-museenland.de\/wp-content\/uploads\/2020\/11\/Heidemuseum-Spremberg2020-48-1024x683.jpg 400w,https:\/\/www.lausitzer-museenland.de\/wp-content\/uploads\/2020\/11\/Heidemuseum-Spremberg2020-48-1024x683.jpg 2x\" data-envira-width=\"300\" data-envira-height=\"200\" srcset=\"data:image\/gif;base64,R0lGODlhAQABAIAAAP\/\/\/\/\/\/\/yH5BAEKAAEALAAAAAABAAEAAAICTAEAOw==\" data-safe-src=\"data:image\/gif;base64,R0lGODlhAQABAIAAAP\/\/\/\/\/\/\/yH5BAEKAAEALAAAAAABAAEAAAICTAEAOw==\" \/><\/a><\/div><\/div><div id=\"envira-gallery-item-53183\" class=\"envira-gallery-item enviratope-item envira-gallery-item-4 envira-lazy-load\" style=\"padding-left: 5px; padding-bottom: 10px; padding-right: 5px;\"  itemscope itemtype=\"https:\/\/schema.org\/ImageObject\"><div class=\"envira-gallery-item-inner\"><div class=\"envira-gallery-position-overlay  envira-gallery-top-left\"><\/div><div class=\"envira-gallery-position-overlay  envira-gallery-top-right\"><\/div><div class=\"envira-gallery-position-overlay  envira-gallery-bottom-left\"><\/div><div class=\"envira-gallery-position-overlay  envira-gallery-bottom-right\"><\/div><a href=\"https:\/\/www.lausitzer-museenland.de\/wp-content\/uploads\/2020\/11\/Heidemuseum-Spremberg2020-54.jpg\" class=\"envira-gallery-53179 envira-gallery-link\" rel=\"enviragallery53179\" title=\"Wystawa Strittmatter 02 Zdj\u0119cie: Bernd Choritz\" data-envira-caption=\"Strittmatterausstellung 02 Foto: Bernd Choritz\" data-envira-retina=\"\" data-thumbnail=\"\"  itemprop=\"contentUrl\"><img id=\"envira-gallery-image-53183\" class=\"envira-gallery-image envira-gallery-image-4 envira-normal envira-lazy\" data-envira-index=\"4\" src=\"https:\/\/www.lausitzer-museenland.de\/wp-content\/uploads\/2020\/11\/Heidemuseum-Spremberg2020-54-1024x683.jpg\" data-envira-src=\"https:\/\/www.lausitzer-museenland.de\/wp-content\/uploads\/2020\/11\/Heidemuseum-Spremberg2020-54-1024x683.jpg\" data-envira-gallery-id=\"53179\" data-envira-item-id=\"53183\" data-envira-caption=\"Strittmatterausstellung 02 Foto: Bernd Choritz\" alt=\"\" title=\"Wystawa Strittmatter 02 Zdj\u0119cie: Bernd Choritz\"  itemprop=\"thumbnailUrl\" data-envira-srcset=\"https:\/\/www.lausitzer-museenland.de\/wp-content\/uploads\/2020\/11\/Heidemuseum-Spremberg2020-54-1024x683.jpg 400w,https:\/\/www.lausitzer-museenland.de\/wp-content\/uploads\/2020\/11\/Heidemuseum-Spremberg2020-54-1024x683.jpg 2x\" data-envira-width=\"300\" data-envira-height=\"200\" srcset=\"data:image\/gif;base64,R0lGODlhAQABAIAAAP\/\/\/\/\/\/\/yH5BAEKAAEALAAAAAABAAEAAAICTAEAOw==\" data-safe-src=\"data:image\/gif;base64,R0lGODlhAQABAIAAAP\/\/\/\/\/\/\/yH5BAEKAAEALAAAAAABAAEAAAICTAEAOw==\" \/><\/a><\/div><\/div><\/div><\/div><noscript><img src=\"https:\/\/www.lausitzer-museenland.de\/wp-content\/uploads\/2020\/11\/Heidemuseum-Spremberg2020-22.jpg\" alt=\"\" \/><img src=\"https:\/\/www.lausitzer-museenland.de\/wp-content\/uploads\/2020\/11\/Heidemuseum-Spremberg2020-35.jpg\" alt=\"\" \/><img src=\"https:\/\/www.lausitzer-museenland.de\/wp-content\/uploads\/2020\/11\/Heidemuseum-Spremberg2020-48.jpg\" alt=\"\" \/><img src=\"https:\/\/www.lausitzer-museenland.de\/wp-content\/uploads\/2020\/11\/Heidemuseum-Spremberg2020-54.jpg\" alt=\"\" \/><\/noscript>","protected":false},"excerpt":{"rendered":"<p>Galeria | Wystawy | Oferta dla dzieci Muzeum okr\u0119gowe w zamku kulturalnym powiatu Sprewa-Nysa Budynek \/ sytuacja na miejscu Zamek Spremberg, w kt\u00f3rym znajduje si\u0119 muzeum, rozwija\u0142 si\u0119 w r\u00f3\u017cnych fazach budowy od zamku roma\u0144skiego do p\u00f3\u017anobarokowego kompleksu czteroskrzyd\u0142owego. Historia budynku jest udokumentowana od XI wieku. Dolna cz\u0119\u015b\u0107 du\u017cej wie\u017cy g\u0142\u00f3wnej z jej<\/p>","protected":false},"author":13,"featured_media":0,"parent":113,"menu_order":0,"comment_status":"closed","ping_status":"closed","template":"","meta":[],"_links":{"self":[{"href":"https:\/\/www.lausitzer-museenland.de\/pl\/wp-json\/wp\/v2\/pages\/231"}],"collection":[{"href":"https:\/\/www.lausitzer-museenland.de\/pl\/wp-json\/wp\/v2\/pages"}],"about":[{"href":"https:\/\/www.lausitzer-museenland.de\/pl\/wp-json\/wp\/v2\/types\/page"}],"author":[{"embeddable":true,"href":"https:\/\/www.lausitzer-museenland.de\/pl\/wp-json\/wp\/v2\/users\/13"}],"replies":[{"embeddable":true,"href":"https:\/\/www.lausitzer-museenland.de\/pl\/wp-json\/wp\/v2\/comments?post=231"}],"version-history":[{"count":15,"href":"https:\/\/www.lausitzer-museenland.de\/pl\/wp-json\/wp\/v2\/pages\/231\/revisions"}],"predecessor-version":[{"id":53936,"href":"https:\/\/www.lausitzer-museenland.de\/pl\/wp-json\/wp\/v2\/pages\/231\/revisions\/53936"}],"up":[{"embeddable":true,"href":"https:\/\/www.lausitzer-museenland.de\/pl\/wp-json\/wp\/v2\/pages\/113"}],"wp:attachment":[{"href":"https:\/\/www.lausitzer-museenland.de\/pl\/wp-json\/wp\/v2\/media?parent=231"}],"curies":[{"name":"wp","href":"https:\/\/api.w.org\/{rel}","templated":true}]}}