{"id":239,"date":"2014-11-06T10:02:32","date_gmt":"2014-11-06T09:02:32","guid":{"rendered":"http:\/\/lausitzer-museenland.de\/?page_id=239"},"modified":"2022-05-31T07:44:48","modified_gmt":"2022-05-31T05:44:48","slug":"nossdorfer-wassermuehle","status":"publish","type":"page","link":"https:\/\/www.lausitzer-museenland.de\/pl\/muzea\/nossdorfer-mlyn-wodny\/","title":{"rendered":"No\u00dfdorfski m\u0142yn wodny \/ Nosyd\u0142ojski w\u00f3dny m\u0142yn"},"content":{"rendered":"<p><a href=\"#galerie_nossdorf\">Galeria<\/a> |\u00a0<a href=\"#austellung_nossdorf\">Wystawy<\/a>\u00a0| <a href=\"#kinderangebot_nossdorf\">Oferty dla dzieci<\/a><br \/>\n<img loading=\"lazy\" class=\"enigma_img_responsive alignnone wp-image-3497\" src=\"https:\/\/www.lausitzer-museenland.de\/wp-content\/uploads\/2014\/11\/156.jpg\" alt=\"1\" width=\"800\" height=\"398\" srcset=\"https:\/\/www.lausitzer-museenland.de\/wp-content\/uploads\/2014\/11\/156.jpg 402w, https:\/\/www.lausitzer-museenland.de\/wp-content\/uploads\/2014\/11\/156-300x149.jpg 300w\" sizes=\"(max-width: 800px) 100vw, 800px\" \/><\/p>\n\n<p>Historia m\u0142yna i tradycyjne rzemios\u0142o<\/p>\n<h3>Po\u0142o\u017cenie budynku\/dzia\u0142ki<\/h3>\n<p>Historia rodzinna m\u0142yna wodnego No\u00dfdorf si\u0119ga 1624 r., kiedy to po raz pierwszy wymieniono go w rejestrze ko\u015bcielnym w Forster. W 1841 r. m\u0142yn i jaz zosta\u0142y rozbudowane. Hrabia von Br\u00fchl dostarcza\u0142 m\u0142ynarzom niezb\u0119dne drewno, cz\u0119\u015bciowo za darmo lub po niskiej cenie. W 1864 r. m\u0142yn i dom mieszkalny zosta\u0142y przebudowane.<\/p>\n<p>Stare ko\u0142o wodne przesta\u0142o dzia\u0142a\u0107 w 1925 r. i musia\u0142o zosta\u0107 zast\u0105pione turbin\u0105. Oznacza\u0142o to, \u017ce m\u0142yn, z luzem na ko\u0142ach, straci\u0142 znaczn\u0105 cz\u0119\u015b\u0107 swojej dawnej magii. Jednak z czasem nap\u0119d parowy r\u00f3wnie\u017c sta\u0142 si\u0119 przestarza\u0142y, poniewa\u017c moc wody w Malxe by\u0142a wystarczaj\u0105ca.<br \/>\nW 1990 r. budynek zosta\u0142 wpisany na list\u0119 zabytk\u00f3w, a w 1993 r. udost\u0119pniono go zwiedzaj\u0105cym jako muzeum techniki. W latach 90. przeprowadzono kilka renowacji. Dach zosta\u0142 pokryty ponownie w starej formie. Naprawiono tak\u017ce zawalony most nad bie\u017cni\u0105 m\u0142yna, wyremontowano wozowni\u0119 i odrestaurowano p\u00f3\u0142bruk g\u0142\u00f3wnego budynku m\u0142yna. Stara, zawalona kot\u0142ownia zosta\u0142a odbudowana zgodnie z orygina\u0142em, co nadaje szczeg\u00f3lny wygl\u0105d staremu dziedzi\u0144cowi z kominem o wysoko\u015bci ok. 40 m.<\/p>\n<h3>Charakterystyka<\/h3>\n<p>Na przestrzeni wiek\u00f3w m\u0142yn wodny w No\u00dfdorfie prowadzony by\u0142 przez wiele rodzin. W listopadzie 2007 r. zosta\u0142 cz\u0119\u015bciowo odnowiony du\u017cym nak\u0142adem koszt\u00f3w i przywr\u00f3cony do \u017cycia. Obok ca\u0142kowicie odnowionej cz\u0119\u015bci mieszkalnej m\u0142yna znajduje si\u0119 wystawa technologii m\u0142y\u0144skiej, kt\u00f3ra zosta\u0142a zachowana w oryginalnym stanie. Do 1975 r. by\u0142 wykorzystywany do przemia\u0142u.<br \/>\nZwiedzaj\u0105cy zapoznaj\u0105 si\u0119 z tradycj\u0105 i ci\u0119\u017ck\u0105 prac\u0105 m\u0142ynarza. Drog\u0119 od ziarna do m\u0105ki mo\u017cna prze\u017cy\u0107. W tym miejscu mo\u017cna w szczeg\u00f3lny spos\u00f3b prze\u015bledzi\u0107 rozw\u00f3j rzemios\u0142a m\u0142ynarskiego od r\u0119cznego mielenia do uprzemys\u0142owienia.<\/p>\n<h3>Oferty towarzysz\u0105ce<a id=\"austellung_nossdorf\"><\/a><\/h3>\n<p>W m\u0142ynie wodnym w No\u00dfdorf odbywaj\u0105 si\u0119 coroczne imprezy:<\/p>\n<ul>\n<li>Wznowienie maj\u00f3wki<\/li>\n<li>\u015awi\u0119to m\u0142yna<\/li>\n<li>\u0141u\u017cycka Noc Muze\u00f3w<\/li>\n<li>Jarmark bo\u017conarodzeniowy<\/li>\n<\/ul>\n<p>Stowarzyszenie m\u0142yn\u00f3w wodnych co roku bierze udzia\u0142 w festiwalach i rocznicach miasta Forst. (festiwal wiosenny i targ jesienny). Stowarzyszenie m\u0142yna organizuje tak\u017ce zwiedzanie z przewodnikiem ko\u015bcio\u0142a ewangelickiego w No\u00dfdorf.<\/p>\n<h3>Wystawa specjalna \"\u015awiergotanie koguta i wsi<\/h3>\n<p>To wyj\u0105tkowe przedstawienie kukie\u0142kowe powsta\u0142o we wsp\u00f3\u0142pracy z Heimatstube No\u00dfdorf oraz sojuszem No\u00dfdorf \"Tradycja i przysz\u0142o\u015b\u0107\". Lalki z No\u00dfdorfu\" reprezentuj\u0105 du\u017cy zbi\u00f3r stroj\u00f3w historycznych, a tak\u017ce stroj\u00f3w roboczych i s\u0142u\u017cbowych. Przedstawiaj\u0105 one sceny zwi\u0105zane z r\u0119kodzie\u0142em, gospodarstwem domowym i \u017cyciem codziennym wraz z odpowiednimi przyborami.<\/p>\n<p>T\u0119 specjaln\u0105 wystaw\u0119 mo\u017cna obecnie zwiedza\u0107 w centrum Forster przy Karlstra\u00dfe (dawny rynek Schlecker) po wcze\u015bniejszym um\u00f3wieniu si\u0119.<\/p>\n<p>Istnieje r\u00f3wnie\u017c mo\u017cliwo\u015b\u0107 wypo\u017cyczenia przedmiot\u00f3w na r\u00f3\u017cne okazje i tematy. Pan G\u00fcnter Andreck jest odpowiedzialny za t\u0119 kolekcj\u0119 i konstrukcj\u0119 wystawy.<\/p>\n<h3>Oferty dla dzieci - Z Kobim do muzeum<a id=\"kinderangebot_nossdorf\"><\/a><\/h3>\n<p align=\"left\">Kobi - duch ma\u0142ego domku - czuje si\u0119 w muzeum jak w domu. Mieszka tam w kapciu pod piecem. O p\u00f3\u0142nocy pods\u0142uchuje starych muzealnik\u00f3w, kt\u00f3rzy opowiadaj\u0105 historie z przesz\u0142o\u015bci. Opowiada te fascynuj\u0105ce opowie\u015bci pracownikom muzeum, kt\u00f3rzy nast\u0119pnie przekazuj\u0105 je dzieciom - historie z dawnych, starych czas\u00f3w.<\/p>\n<p>Kobi proponuje:<\/p>\n<h5>Droga od ziarna do m\u0105ki<\/h5>\n<div data-post-id='der-weg-vom-korn-zum-mehl' class='insert-page insert-page-der-weg-vom-korn-zum-mehl'>\t\t\t\t\t<p>Warto wybra\u0107 si\u0119 na wycieczk\u0119 do m\u0142yna wodnego w No\u00dfdorf, o kt\u00f3rym pierwsze wzmianki pochodz\u0105 z 1624 roku. Na przestrzeni wiek\u00f3w by\u0142 prowadzony przez r\u00f3\u017cne rodziny. W 1975 r., z przyczyn ekonomicznych, zak\u0142ad zako\u0144czy\u0142 dzia\u0142alno\u015b\u0107. W 1990 r. m\u0142yn zosta\u0142 wpisany na list\u0119 zabytk\u00f3w, a w 1993 r. udost\u0119pniono go zwiedzaj\u0105cym jako muzeum techniki.<\/p>\n<p>Urz\u0105dzenia znajduj\u0105ce si\u0119 w m\u0142ynie s\u0142u\u017c\u0105 do zilustrowania drogi od ziarna do m\u0105ki oraz ci\u0119\u017ckiej pracy m\u0142ynarza.<br \/>\nOferta odbywa si\u0119 wewn\u0105trz i na zewn\u0105trz budynk\u00f3w i jest skierowana do<br \/>\nUczniowie klas od 1 do 10.<br \/>\nTerminy: po uzgodnieniu<br \/>\nRejestracja wst\u0119pna: z co najmniej 2-tygodniowym wyprzedzeniem<br \/>\nWst\u0119p dla jednej osoby: 1,00 \u20ac<\/p>\n<p><a title=\"M\u0142yn wodny w Rossdorfie\" href=\"\/museen\/nossdorfer-wassermuehle\/\">M\u0142yn wodny w Rossdorfie<\/a><\/p>\n\t\t\t\t\t<\/div>\n<h3><\/h3>\n<p>&nbsp;<\/p>\n<h3>Galeria<a id=\"galerie_nossdorf\"><\/a><\/h3>\n<p><code><div id=\"envira-gallery-wrap-239\" class=\"envira-gallery-wrap envira-gallery-theme-base envira-lightbox-theme-base\" itemscope itemtype=\"https:\/\/schema.org\/ImageGallery\"><div data-row-height=\"\" data-gallery-theme=\"\" id=\"envira-gallery-239\" class=\"envira-gallery-public  envira-gallery-3-columns envira-clear enviratope envira-gallery-css-animations\" data-envira-columns=\"3\"><div id=\"envira-gallery-item-3497\" class=\"envira-gallery-item enviratope-item envira-gallery-item-1\" style=\"padding-left: 5px; padding-bottom: 10px; padding-right: 5px;\"  itemscope itemtype=\"https:\/\/schema.org\/ImageObject\"><div class=\"envira-gallery-item-inner\"><div class=\"envira-gallery-position-overlay  envira-gallery-top-left\"><\/div><div class=\"envira-gallery-position-overlay  envira-gallery-top-right\"><\/div><div class=\"envira-gallery-position-overlay  envira-gallery-bottom-left\"><\/div><div class=\"envira-gallery-position-overlay  envira-gallery-bottom-right\"><\/div><a href=\"https:\/\/www.lausitzer-museenland.de\/wp-content\/uploads\/2014\/11\/156.jpg\" class=\"envira-gallery-239 envira-gallery-link\" rel=\"enviragallery239\" title=\"M\u0142yn wodny w Rossdorfie\" data-envira-caption=\"No&szlig;dorfer Wasserm&uuml;hle\" data-envira-retina=\"\" data-thumbnail=\"\"  itemprop=\"contentUrl\"><div class=\"envira-lazy\" data-test-width=\"960\" data-test-height=\"300\" style=\"padding-bottom:31.25%;\"><img id=\"envira-gallery-image-3497\" class=\"envira-gallery-image envira-gallery-image-1\" data-envira-index=\"1\" src=\"https:\/\/www.lausitzer-museenland.de\/wp-content\/uploads\/2014\/11\/156.jpg\" data-envira-src=\"https:\/\/www.lausitzer-museenland.de\/wp-content\/uploads\/2014\/11\/156.jpg\" data-envira-gallery-id=\"239\" data-envira-item-id=\"3497\" data-envira-caption=\"No&szlig;dorfer Wasserm&uuml;hle\" alt=\"\" title=\"No&amp;szlig;dorfer Wasserm&amp;uuml;hle\"  itemprop=\"thumbnailUrl\" data-envira-srcset=\"https:\/\/www.lausitzer-museenland.de\/wp-content\/uploads\/2014\/11\/156.jpg 400w,https:\/\/www.lausitzer-museenland.de\/wp-content\/uploads\/2014\/11\/156.jpg 2x\" srcset=\"data:image\/gif;base64,R0lGODlhAQABAIAAAP\/\/\/\/\/\/\/yH5BAEKAAEALAAAAAABAAEAAAICTAEAOw==\" \/><\/div><\/a><\/div><\/div><div id=\"envira-gallery-item-3498\" class=\"envira-gallery-item enviratope-item envira-gallery-item-2\" style=\"padding-left: 5px; padding-bottom: 10px; padding-right: 5px;\"  itemscope itemtype=\"https:\/\/schema.org\/ImageObject\"><div class=\"envira-gallery-item-inner\"><div class=\"envira-gallery-position-overlay  envira-gallery-top-left\"><\/div><div class=\"envira-gallery-position-overlay  envira-gallery-top-right\"><\/div><div class=\"envira-gallery-position-overlay  envira-gallery-bottom-left\"><\/div><div class=\"envira-gallery-position-overlay  envira-gallery-bottom-right\"><\/div><a href=\"https:\/\/www.lausitzer-museenland.de\/wp-content\/uploads\/2014\/11\/223.jpg\" class=\"envira-gallery-239 envira-gallery-link\" rel=\"enviragallery239\" title=\"M\u0142yn wodny w Rossdorfie\" data-envira-caption=\"No&szlig;dorfer Wasserm&uuml;hle\" data-envira-retina=\"\" data-thumbnail=\"\"  itemprop=\"contentUrl\"><div class=\"envira-lazy\" data-test-width=\"960\" data-test-height=\"300\" style=\"padding-bottom:31.25%;\"><img id=\"envira-gallery-image-3498\" class=\"envira-gallery-image envira-gallery-image-2\" data-envira-index=\"2\" src=\"https:\/\/www.lausitzer-museenland.de\/wp-content\/uploads\/2014\/11\/223.jpg\" data-envira-src=\"https:\/\/www.lausitzer-museenland.de\/wp-content\/uploads\/2014\/11\/223.jpg\" data-envira-gallery-id=\"239\" data-envira-item-id=\"3498\" data-envira-caption=\"No&szlig;dorfer Wasserm&uuml;hle\" alt=\"\" title=\"No&amp;szlig;dorfer Wasserm&amp;uuml;hle\"  itemprop=\"thumbnailUrl\" data-envira-srcset=\"https:\/\/www.lausitzer-museenland.de\/wp-content\/uploads\/2014\/11\/223.jpg 400w,https:\/\/www.lausitzer-museenland.de\/wp-content\/uploads\/2014\/11\/223.jpg 2x\" srcset=\"data:image\/gif;base64,R0lGODlhAQABAIAAAP\/\/\/\/\/\/\/yH5BAEKAAEALAAAAAABAAEAAAICTAEAOw==\" \/><\/div><\/a><\/div><\/div><div id=\"envira-gallery-item-3499\" class=\"envira-gallery-item enviratope-item envira-gallery-item-3\" style=\"padding-left: 5px; padding-bottom: 10px; padding-right: 5px;\"  itemscope itemtype=\"https:\/\/schema.org\/ImageObject\"><div class=\"envira-gallery-item-inner\"><div class=\"envira-gallery-position-overlay  envira-gallery-top-left\"><\/div><div class=\"envira-gallery-position-overlay  envira-gallery-top-right\"><\/div><div class=\"envira-gallery-position-overlay  envira-gallery-bottom-left\"><\/div><div class=\"envira-gallery-position-overlay  envira-gallery-bottom-right\"><\/div><a href=\"https:\/\/www.lausitzer-museenland.de\/wp-content\/uploads\/2014\/11\/314.jpg\" class=\"envira-gallery-239 envira-gallery-link\" rel=\"enviragallery239\" title=\"Hebekran f&uuml;r Mahlsteine\" data-envira-caption=\"Hebekran f&uuml;r Mahlsteine\" data-envira-retina=\"\" data-thumbnail=\"\"  itemprop=\"contentUrl\"><div class=\"envira-lazy\" data-test-width=\"960\" data-test-height=\"300\" style=\"padding-bottom:31.25%;\"><img id=\"envira-gallery-image-3499\" class=\"envira-gallery-image envira-gallery-image-3\" data-envira-index=\"3\" src=\"https:\/\/www.lausitzer-museenland.de\/wp-content\/uploads\/2014\/11\/314.jpg\" data-envira-src=\"https:\/\/www.lausitzer-museenland.de\/wp-content\/uploads\/2014\/11\/314.jpg\" data-envira-gallery-id=\"239\" data-envira-item-id=\"3499\" data-envira-caption=\"Hebekran f&uuml;r Mahlsteine\" alt=\"\" title=\"Hebekran f&amp;uuml;r Mahlsteine\"  itemprop=\"thumbnailUrl\" data-envira-srcset=\"https:\/\/www.lausitzer-museenland.de\/wp-content\/uploads\/2014\/11\/314.jpg 400w,https:\/\/www.lausitzer-museenland.de\/wp-content\/uploads\/2014\/11\/314.jpg 2x\" srcset=\"data:image\/gif;base64,R0lGODlhAQABAIAAAP\/\/\/\/\/\/\/yH5BAEKAAEALAAAAAABAAEAAAICTAEAOw==\" \/><\/div><\/a><\/div><\/div><div id=\"envira-gallery-item-3500\" class=\"envira-gallery-item enviratope-item envira-gallery-item-4\" style=\"padding-left: 5px; padding-bottom: 10px; padding-right: 5px;\"  itemscope itemtype=\"https:\/\/schema.org\/ImageObject\"><div class=\"envira-gallery-item-inner\"><div class=\"envira-gallery-position-overlay  envira-gallery-top-left\"><\/div><div class=\"envira-gallery-position-overlay  envira-gallery-top-right\"><\/div><div class=\"envira-gallery-position-overlay  envira-gallery-bottom-left\"><\/div><div class=\"envira-gallery-position-overlay  envira-gallery-bottom-right\"><\/div><a href=\"https:\/\/www.lausitzer-museenland.de\/wp-content\/uploads\/2014\/11\/410.jpg\" class=\"envira-gallery-239 envira-gallery-link\" rel=\"enviragallery239\" title=\"Mischschnecke\" data-envira-caption=\"Mischschnecke\" data-envira-retina=\"\" data-thumbnail=\"\"  itemprop=\"contentUrl\"><div class=\"envira-lazy\" data-test-width=\"960\" data-test-height=\"300\" style=\"padding-bottom:31.25%;\"><img id=\"envira-gallery-image-3500\" class=\"envira-gallery-image envira-gallery-image-4\" data-envira-index=\"4\" src=\"https:\/\/www.lausitzer-museenland.de\/wp-content\/uploads\/2014\/11\/410.jpg\" data-envira-src=\"https:\/\/www.lausitzer-museenland.de\/wp-content\/uploads\/2014\/11\/410.jpg\" data-envira-gallery-id=\"239\" data-envira-item-id=\"3500\" data-envira-caption=\"Mischschnecke\" alt=\"\" title=\"Mischschnecke\"  itemprop=\"thumbnailUrl\" data-envira-srcset=\"https:\/\/www.lausitzer-museenland.de\/wp-content\/uploads\/2014\/11\/410.jpg 400w,https:\/\/www.lausitzer-museenland.de\/wp-content\/uploads\/2014\/11\/410.jpg 2x\" srcset=\"data:image\/gif;base64,R0lGODlhAQABAIAAAP\/\/\/\/\/\/\/yH5BAEKAAEALAAAAAABAAEAAAICTAEAOw==\" \/><\/div><\/a><\/div><\/div><div id=\"envira-gallery-item-3501\" class=\"envira-gallery-item enviratope-item envira-gallery-item-5\" style=\"padding-left: 5px; padding-bottom: 10px; padding-right: 5px;\"  itemscope itemtype=\"https:\/\/schema.org\/ImageObject\"><div class=\"envira-gallery-item-inner\"><div class=\"envira-gallery-position-overlay  envira-gallery-top-left\"><\/div><div class=\"envira-gallery-position-overlay  envira-gallery-top-right\"><\/div><div class=\"envira-gallery-position-overlay  envira-gallery-bottom-left\"><\/div><div class=\"envira-gallery-position-overlay  envira-gallery-bottom-right\"><\/div><a href=\"https:\/\/www.lausitzer-museenland.de\/wp-content\/uploads\/2014\/11\/56.jpg\" class=\"envira-gallery-239 envira-gallery-link\" rel=\"enviragallery239\" title=\"Mehlabf&uuml;llung\" data-envira-caption=\"Mehlabf&uuml;llung\" data-envira-retina=\"\" data-thumbnail=\"\"  itemprop=\"contentUrl\"><div class=\"envira-lazy\" data-test-width=\"960\" data-test-height=\"300\" style=\"padding-bottom:31.25%;\"><img id=\"envira-gallery-image-3501\" class=\"envira-gallery-image envira-gallery-image-5\" data-envira-index=\"5\" src=\"https:\/\/www.lausitzer-museenland.de\/wp-content\/uploads\/2014\/11\/56.jpg\" data-envira-src=\"https:\/\/www.lausitzer-museenland.de\/wp-content\/uploads\/2014\/11\/56.jpg\" data-envira-gallery-id=\"239\" data-envira-item-id=\"3501\" data-envira-caption=\"Mehlabf&uuml;llung\" alt=\"\" title=\"Mehlabf&amp;uuml;llung\"  itemprop=\"thumbnailUrl\" data-envira-srcset=\"https:\/\/www.lausitzer-museenland.de\/wp-content\/uploads\/2014\/11\/56.jpg 400w,https:\/\/www.lausitzer-museenland.de\/wp-content\/uploads\/2014\/11\/56.jpg 2x\" srcset=\"data:image\/gif;base64,R0lGODlhAQABAIAAAP\/\/\/\/\/\/\/yH5BAEKAAEALAAAAAABAAEAAAICTAEAOw==\" \/><\/div><\/a><\/div><\/div><div id=\"envira-gallery-item-3502\" class=\"envira-gallery-item enviratope-item envira-gallery-item-6\" style=\"padding-left: 5px; padding-bottom: 10px; padding-right: 5px;\"  itemscope itemtype=\"https:\/\/schema.org\/ImageObject\"><div class=\"envira-gallery-item-inner\"><div class=\"envira-gallery-position-overlay  envira-gallery-top-left\"><\/div><div class=\"envira-gallery-position-overlay  envira-gallery-top-right\"><\/div><div class=\"envira-gallery-position-overlay  envira-gallery-bottom-left\"><\/div><div class=\"envira-gallery-position-overlay  envira-gallery-bottom-right\"><\/div><a href=\"https:\/\/www.lausitzer-museenland.de\/wp-content\/uploads\/2014\/11\/62.jpg\" class=\"envira-gallery-239 envira-gallery-link\" rel=\"enviragallery239\" title=\"R&uuml;ttelsieb\" data-envira-caption=\"R&uuml;ttelsieb\" data-envira-retina=\"\" data-thumbnail=\"\"  itemprop=\"contentUrl\"><div class=\"envira-lazy\" data-test-width=\"960\" data-test-height=\"300\" style=\"padding-bottom:31.25%;\"><img id=\"envira-gallery-image-3502\" class=\"envira-gallery-image envira-gallery-image-6\" data-envira-index=\"6\" src=\"https:\/\/www.lausitzer-museenland.de\/wp-content\/uploads\/2014\/11\/62.jpg\" data-envira-src=\"https:\/\/www.lausitzer-museenland.de\/wp-content\/uploads\/2014\/11\/62.jpg\" data-envira-gallery-id=\"239\" data-envira-item-id=\"3502\" data-envira-caption=\"R&uuml;ttelsieb\" alt=\"\" title=\"R&amp;uuml;ttelsieb\"  itemprop=\"thumbnailUrl\" data-envira-srcset=\"https:\/\/www.lausitzer-museenland.de\/wp-content\/uploads\/2014\/11\/62.jpg 400w,https:\/\/www.lausitzer-museenland.de\/wp-content\/uploads\/2014\/11\/62.jpg 2x\" srcset=\"data:image\/gif;base64,R0lGODlhAQABAIAAAP\/\/\/\/\/\/\/yH5BAEKAAEALAAAAAABAAEAAAICTAEAOw==\" \/><\/div><\/a><\/div><\/div><div id=\"envira-gallery-item-3503\" class=\"envira-gallery-item enviratope-item envira-gallery-item-7\" style=\"padding-left: 5px; padding-bottom: 10px; padding-right: 5px;\"  itemscope itemtype=\"https:\/\/schema.org\/ImageObject\"><div class=\"envira-gallery-item-inner\"><div class=\"envira-gallery-position-overlay  envira-gallery-top-left\"><\/div><div class=\"envira-gallery-position-overlay  envira-gallery-top-right\"><\/div><div class=\"envira-gallery-position-overlay  envira-gallery-bottom-left\"><\/div><div class=\"envira-gallery-position-overlay  envira-gallery-bottom-right\"><\/div><a href=\"https:\/\/www.lausitzer-museenland.de\/wp-content\/uploads\/2014\/11\/72.jpg\" class=\"envira-gallery-239 envira-gallery-link\" rel=\"enviragallery239\" title=\"Nossdorfer Wasserm&uuml;hle\" data-envira-caption=\"Nossdorfer Wasserm&uuml;hle\" data-envira-retina=\"\" data-thumbnail=\"\"  itemprop=\"contentUrl\"><div class=\"envira-lazy\" data-test-width=\"960\" data-test-height=\"300\" style=\"padding-bottom:31.25%;\"><img id=\"envira-gallery-image-3503\" class=\"envira-gallery-image envira-gallery-image-7\" data-envira-index=\"7\" src=\"https:\/\/www.lausitzer-museenland.de\/wp-content\/uploads\/2014\/11\/72.jpg\" data-envira-src=\"https:\/\/www.lausitzer-museenland.de\/wp-content\/uploads\/2014\/11\/72.jpg\" data-envira-gallery-id=\"239\" data-envira-item-id=\"3503\" data-envira-caption=\"Nossdorfer Wasserm&uuml;hle\" alt=\"\" title=\"Nossdorfer Wasserm&amp;uuml;hle\"  itemprop=\"thumbnailUrl\" data-envira-srcset=\"https:\/\/www.lausitzer-museenland.de\/wp-content\/uploads\/2014\/11\/72.jpg 400w,https:\/\/www.lausitzer-museenland.de\/wp-content\/uploads\/2014\/11\/72.jpg 2x\" srcset=\"data:image\/gif;base64,R0lGODlhAQABAIAAAP\/\/\/\/\/\/\/yH5BAEKAAEALAAAAAABAAEAAAICTAEAOw==\" \/><\/div><\/a><\/div><\/div><\/div><\/div><noscript><img src=\"https:\/\/www.lausitzer-museenland.de\/wp-content\/uploads\/2014\/11\/156.jpg\" alt=\"\" \/><img src=\"https:\/\/www.lausitzer-museenland.de\/wp-content\/uploads\/2014\/11\/223.jpg\" alt=\"\" \/><img src=\"https:\/\/www.lausitzer-museenland.de\/wp-content\/uploads\/2014\/11\/314.jpg\" alt=\"\" \/><img src=\"https:\/\/www.lausitzer-museenland.de\/wp-content\/uploads\/2014\/11\/410.jpg\" alt=\"\" \/><img src=\"https:\/\/www.lausitzer-museenland.de\/wp-content\/uploads\/2014\/11\/56.jpg\" alt=\"\" \/><img src=\"https:\/\/www.lausitzer-museenland.de\/wp-content\/uploads\/2014\/11\/62.jpg\" alt=\"\" \/><img src=\"https:\/\/www.lausitzer-museenland.de\/wp-content\/uploads\/2014\/11\/72.jpg\" alt=\"\" \/><\/noscript><\/code><\/p>","protected":false},"excerpt":{"rendered":"<p>Galeria | Wystawy | Oferta dla dzieci Historia m\u0142yna i tradycyjne rzemios\u0142o Sytuacja budowlana \/ w\u0142asno\u015bciowa Historia rodzinna m\u0142yna wodnego No\u00dfdorf si\u0119ga roku 1624, kiedy to zosta\u0142 on po raz pierwszy wymieniony w rejestrze ko\u015bcielnym Forster. W 1841 roku rozbudowano m\u0142yn i jaz. Hrabia von Br\u00fchl dostarcza\u0142 m\u0142ynarzom niezb\u0119dne drewno, cz\u0119\u015bciowo za darmo lub po cenie.<\/p>","protected":false},"author":13,"featured_media":0,"parent":113,"menu_order":0,"comment_status":"closed","ping_status":"closed","template":"","meta":[],"_links":{"self":[{"href":"https:\/\/www.lausitzer-museenland.de\/pl\/wp-json\/wp\/v2\/pages\/239"}],"collection":[{"href":"https:\/\/www.lausitzer-museenland.de\/pl\/wp-json\/wp\/v2\/pages"}],"about":[{"href":"https:\/\/www.lausitzer-museenland.de\/pl\/wp-json\/wp\/v2\/types\/page"}],"author":[{"embeddable":true,"href":"https:\/\/www.lausitzer-museenland.de\/pl\/wp-json\/wp\/v2\/users\/13"}],"replies":[{"embeddable":true,"href":"https:\/\/www.lausitzer-museenland.de\/pl\/wp-json\/wp\/v2\/comments?post=239"}],"version-history":[{"count":16,"href":"https:\/\/www.lausitzer-museenland.de\/pl\/wp-json\/wp\/v2\/pages\/239\/revisions"}],"predecessor-version":[{"id":53940,"href":"https:\/\/www.lausitzer-museenland.de\/pl\/wp-json\/wp\/v2\/pages\/239\/revisions\/53940"}],"up":[{"embeddable":true,"href":"https:\/\/www.lausitzer-museenland.de\/pl\/wp-json\/wp\/v2\/pages\/113"}],"wp:attachment":[{"href":"https:\/\/www.lausitzer-museenland.de\/pl\/wp-json\/wp\/v2\/media?parent=239"}],"curies":[{"name":"wp","href":"https:\/\/api.w.org\/{rel}","templated":true}]}}