{"id":249,"date":"2014-11-06T10:19:23","date_gmt":"2014-11-06T09:19:23","guid":{"rendered":"http:\/\/lausitzer-museenland.de\/?page_id=249"},"modified":"2020-11-26T10:23:33","modified_gmt":"2020-11-26T09:23:33","slug":"sorbische-webstube-drebkau","status":"publish","type":"page","link":"https:\/\/www.lausitzer-museenland.de\/pl\/muzea\/sorbijski-sklep-tkacki-drebkau\/","title":{"rendered":"Muzeum Serbo\u0142u\u017cyckiej Tkalni Drebkau \/ Muzej Serbska tkajarska \u015bpa Drjowk"},"content":{"rendered":"<p><a href=\"#galerie_drebkau\">Galeria<\/a> |\u00a0<a href=\"#austellung_drebkau\">Wystawy<\/a>\u00a0| \u00a0<a href=\"#kinderangebot_drebkau\">Oferty dla dzieci<\/a><br \/>\n<a href=\"https:\/\/www.lausitzer-museenland.de\/wp-content\/uploads\/2014\/11\/129.jpg\"><img loading=\"lazy\" class=\"enigma_img_responsive alignnone wp-image-1275\" src=\"https:\/\/www.lausitzer-museenland.de\/wp-content\/uploads\/2014\/11\/129.jpg\" alt=\"1\" width=\"800\" height=\"398\" srcset=\"https:\/\/www.lausitzer-museenland.de\/wp-content\/uploads\/2014\/11\/129.jpg 402w, https:\/\/www.lausitzer-museenland.de\/wp-content\/uploads\/2014\/11\/129-300x149.jpg 300w, https:\/\/www.lausitzer-museenland.de\/wp-content\/uploads\/2014\/11\/129-100x49.jpg 100w, https:\/\/www.lausitzer-museenland.de\/wp-content\/uploads\/2014\/11\/129-150x74.jpg 150w, https:\/\/www.lausitzer-museenland.de\/wp-content\/uploads\/2014\/11\/129-200x99.jpg 200w\" sizes=\"(max-width: 800px) 100vw, 800px\" \/><\/a><br \/>\nMuzeum folkloru z kolekcj\u0105 historii miejskiej<\/p>\n<h3>Sytuacja budynku\/nieruchomo\u015bci<\/h3>\n<p class=\"p1\">Dom Am Markt 10 zosta\u0142 zbudowany w stylu p\u00f3\u017anego baroku w 1805 r. jako budynek tynkowany. Obecnie jest to budynek wpisany na list\u0119 zabytk\u00f3w. Budynek pe\u0142ni\u0142 funkcj\u0119 zajazdu i domu mieszkalnego. Po gruntownej renowacji kompleks budynk\u00f3w jest dost\u0119pny dla zwiedzaj\u0105cych od 1995 r., a w 2000 r. na g\u00f3rnym pi\u0119trze umieszczono kolekcj\u0119 \"Serbo\u0142u\u017cyckiej tkalni\".<\/p>\n<h3>Charakterystyka<\/h3>\n<p class=\"p1\">Kolekcja obejmuje oko\u0142o 3 000 przedmiot\u00f3w i 3 200 pisanek z ponad 50 kraj\u00f3w i jest wynikiem dziesi\u0119cioleci pracy kolekcjonerskiej i badawczej za\u0142o\u017cyciela muzeum, dr Lotara Balke (\u2020 2.10.2008).<\/p>\n<p class=\"p1\">W salach wystawowych prezentowane s\u0105 zabytkowe meble i wyposa\u017cenie, a tak\u017ce \u015bwiadectwa kultury i sposobu \u017cycia oraz obyczaj\u00f3w ch\u0142opskich i drobnomieszcza\u0144skich. Prezentowane s\u0105 regionalne i narodowe serbo\u0142u\u017cyckie stroje tradycyjne i ich cz\u0119\u015bci, a tak\u017ce inne wyroby w\u0142\u00f3kiennicze. Kolekcja pisanek, koncentruj\u0105ca si\u0119 na lokalnych serbo\u0142u\u017cyckich tradycjach sztuki ludowej, jest reprezentowana na wystawie sta\u0142ej. Mo\u017cna j\u0105 jednak ogl\u0105da\u0107 w ca\u0142ej okaza\u0142o\u015bci tylko w okresie wielkanocnym.<\/p>\n<p class=\"p1\">Kolejnym tematem wystawy jest historia miasta ze szczeg\u00f3lnym uwzgl\u0119dnieniem rzemios\u0142a miejskiego i przemys\u0142u szklarskiego w Drebkau. Szczeg\u00f3ln\u0105 atrakcj\u0105 jest obszar \"Od lnu do p\u0142\u00f3tna\", zw\u0142aszcza \u017ce wszystkie wystawione urz\u0105dzenia s\u0105 w pe\u0142ni sprawne.<\/p>\n<h3>Wystawy specjalne\/oferty towarzysz\u0105ce<a id=\"austellung_drebkau\"><\/a><\/h3>\n<p class=\"p1\">Dwa razy w roku organizowane s\u0105 wystawy specjalne, a tak\u017ce doroczna wielkanocna prezentacja kolekcji dr Lotara Balke (\u2020 2.10.2008), na kt\u00f3rej prezentowanych jest ponad 3200 jaj z ca\u0142ego \u015bwiata. Odbywa si\u0119 on zawsze 4 tygodnie przed Wielkanoc\u0105 do 2 tygodni po Wielkanocy. Na Drebkauerowskim Jarmarku Jajek Wielkanocnych, organizowanym przez Przyjaci\u00f3\u0142 Muzeum, dzieci i doro\u015bli mog\u0105 podziwia\u0107 tradycyjne zdobienie jaj, prezentowane przez tw\u00f3rc\u00f3w ludowych z regionu. W okresie wielkanocnym istnieje mo\u017cliwo\u015b\u0107 um\u00f3wienia si\u0119 na malowanie jajek. Opr\u00f3cz innych ofert kulturalnych tradycyjnie organizowana jest coroczna Noc Muze\u00f3w.<\/p>\n<h3>Oferty dla dzieci - Z Kobim do muzeum<a id=\"kinderangebot_drebkau\"><\/a><\/h3>\n<p align=\"left\">Kobi - duch ma\u0142ego domku - czuje si\u0119 w muzeum jak w domu. Mieszka tam w kapciu pod piecem. O p\u00f3\u0142nocy pods\u0142uchuje starych muzealnik\u00f3w, kt\u00f3rzy opowiadaj\u0105 historie z przesz\u0142o\u015bci. Opowiada te fascynuj\u0105ce opowie\u015bci pracownikom muzeum, kt\u00f3rzy nast\u0119pnie przekazuj\u0105 je dzieciom - historie z dawnych, starych czas\u00f3w.<\/p>\n<p>Kobi proponuje:<\/p>\n<h5>1. malowanie pisanek po\u0142\u0105czone z wizyt\u0105 w muzeum<\/h5>\n<div data-post-id='ostereier-malen' class='insert-page insert-page-ostereier-malen'>\t\t\t\t\t<p>Wszystkich, kt\u00f3rzy chcieliby nauczy\u0107 si\u0119 tradycyjnego zdobienia jaj wielkanocnych przez Serbo\u0142u\u017cyczan\/Wend\u00f3w, zapraszamy na kurs dla pocz\u0105tkuj\u0105cych w zakresie dw\u00f3ch technik serbo\u0142u\u017cyckich. Cz\u0119\u015bci\u0105 dnia projektowego jest wizyta w muzeum.<\/p>\n<p>Oferta skierowana jest do uczni\u00f3w klas od 1 do 6.<br \/>\nTerminy: po uzgodnieniu<br \/>\nRejestracja wst\u0119pna: z co najmniej 2-tygodniowym wyprzedzeniem<br \/>\nWielko\u015b\u0107 grupy: do 10 os\u00f3b<br \/>\nUdzia\u0142 w kosztach na osob\u0119: 2,50 \u20ac<\/p>\n<p><a title=\"Sorbische Webstube Drebkau \/ Serbska tkajarska \u0161pa Drjowk\" href=\"\/museen\/sorbische-webstube-drebkau\/\">Tkalnia serbo\u0142u\u017cycka Drebkau<\/a><\/p>\n\t\t\t\t\t<\/div>\n<h5>2. wyroby r\u0119kodzielnicze w okresie przed\u015bwi\u0105tecznym<\/h5>\n<div data-post-id='basteln-in-der-vorweihnachtszeit' class='insert-page insert-page-basteln-in-der-vorweihnachtszeit'>\t\t\t\t\t<p>Oczekiwanie, najpi\u0119kniejsza rado\u015b\u0107, rado\u015b\u0107 w Adwencie... Co roku w okresie Adwentu Tkalnia Serbo\u0142u\u017cycka w Drebkau oferuje r\u00f3\u017cnorodne r\u0119kodzie\u0142a bo\u017conarodzeniowe dla r\u00f3\u017cnych grup wiekowych. Bardzo osobisty prezent - w\u0142asnor\u0119cznie wykonane ozdoby adwentowe. W ramach projektu odb\u0119dzie si\u0119 zwiedzanie muzeum z przewodnikiem.<\/p>\n<p>Oferta skierowana jest do uczni\u00f3w klas od 1 do 6.<br \/>\nTerminy: po uzgodnieniu<br \/>\nRejestracja wst\u0119pna: z co najmniej 2-tygodniowym wyprzedzeniem<br \/>\nWielko\u015b\u0107 grupy: od 8 do 10 os\u00f3b<br \/>\nUdzia\u0142 w kosztach na osob\u0119: 2,50 \u20ac<\/p>\n<p><a title=\"Sorbische Webstube Drebkau \/ Serbska tkajarska \u0161pa Drjowk\" href=\"\/museen\/sorbische-webstube-drebkau\/\">Tkalnia serbo\u0142u\u017cycka Drebkau<\/a><\/p>\n\t\t\t\t\t<\/div>\n<h3><\/h3>\n<p>&nbsp;<\/p>\n<h3>Galeria<a id=\"galerie_drebkau\"><\/a><\/h3>\n<div id=\"envira-gallery-wrap-53204\" class=\"envira-gallery-wrap envira-gallery-theme-base envira-lightbox-theme-base\" itemscope itemtype=\"https:\/\/schema.org\/ImageGallery\"><div data-row-height=\"150\" data-gallery-theme=\"normal\" id=\"envira-gallery-53204\" class=\"envira-gallery-public envira-gallery-justified-public envira-gallery-0-columns envira-clear enviratope envira-gallery-css-animations\" data-envira-columns=\"0\"><div id=\"envira-gallery-item-53205\" class=\"envira-gallery-item enviratope-item envira-gallery-item-1 envira-lazy-load\" style=\"padding-left: 5px; padding-bottom: 10px; padding-right: 5px;\"  itemscope itemtype=\"https:\/\/schema.org\/ImageObject\"><div class=\"envira-gallery-item-inner\"><div class=\"envira-gallery-position-overlay  envira-gallery-top-left\"><\/div><div class=\"envira-gallery-position-overlay  envira-gallery-top-right\"><\/div><div class=\"envira-gallery-position-overlay  envira-gallery-bottom-left\"><\/div><div class=\"envira-gallery-position-overlay  envira-gallery-bottom-right\"><\/div><a href=\"https:\/\/www.lausitzer-museenland.de\/wp-content\/uploads\/2020\/11\/Webstube-Drebkau2020-34.jpg\" class=\"envira-gallery-53204 envira-gallery-link\" rel=\"enviragallery53204\" title=\"Tkalnia w Drebkau, przy krosnach Zdj\u0119cie: Bernd Choritz\" data-envira-caption=\"Webstube Drebkau, Am Webstuhl Foto: Bernd Choritz\" data-envira-retina=\"\" data-thumbnail=\"\"  itemprop=\"contentUrl\"><img id=\"envira-gallery-image-53205\" class=\"envira-gallery-image envira-gallery-image-1 envira-normal envira-lazy\" data-envira-index=\"1\" src=\"https:\/\/www.lausitzer-museenland.de\/wp-content\/uploads\/2020\/11\/Webstube-Drebkau2020-34-1024x683.jpg\" data-envira-src=\"https:\/\/www.lausitzer-museenland.de\/wp-content\/uploads\/2020\/11\/Webstube-Drebkau2020-34-1024x683.jpg\" data-envira-gallery-id=\"53204\" data-envira-item-id=\"53205\" data-envira-caption=\"Webstube Drebkau, Am Webstuhl Foto: Bernd Choritz\" alt=\"\" title=\"Tkalnia w Drebkau, przy krosnach Zdj\u0119cie: Bernd Choritz\"  itemprop=\"thumbnailUrl\" data-envira-srcset=\"https:\/\/www.lausitzer-museenland.de\/wp-content\/uploads\/2020\/11\/Webstube-Drebkau2020-34-1024x683.jpg 400w,https:\/\/www.lausitzer-museenland.de\/wp-content\/uploads\/2020\/11\/Webstube-Drebkau2020-34-1024x683.jpg 2x\" data-envira-width=\"300\" data-envira-height=\"200\" srcset=\"data:image\/gif;base64,R0lGODlhAQABAIAAAP\/\/\/\/\/\/\/yH5BAEKAAEALAAAAAABAAEAAAICTAEAOw==\" data-safe-src=\"data:image\/gif;base64,R0lGODlhAQABAIAAAP\/\/\/\/\/\/\/yH5BAEKAAEALAAAAAABAAEAAAICTAEAOw==\" \/><\/a><\/div><\/div><div id=\"envira-gallery-item-53206\" class=\"envira-gallery-item enviratope-item envira-gallery-item-2 envira-lazy-load\" style=\"padding-left: 5px; padding-bottom: 10px; padding-right: 5px;\"  itemscope itemtype=\"https:\/\/schema.org\/ImageObject\"><div class=\"envira-gallery-item-inner\"><div class=\"envira-gallery-position-overlay  envira-gallery-top-left\"><\/div><div class=\"envira-gallery-position-overlay  envira-gallery-top-right\"><\/div><div class=\"envira-gallery-position-overlay  envira-gallery-bottom-left\"><\/div><div class=\"envira-gallery-position-overlay  envira-gallery-bottom-right\"><\/div><a href=\"https:\/\/www.lausitzer-museenland.de\/wp-content\/uploads\/2020\/11\/Webstube-Drebkau2020-9.jpg\" class=\"envira-gallery-53204 envira-gallery-link\" rel=\"enviragallery53204\" title=\"Webstube Drebkau, dekorowanie jajek wielkanocnych Zdj\u0119cie: Bernd Choritz\" data-envira-caption=\"Webstube Drebkau, beim Ostereierverzieren Foto: Bernd Choritz\" data-envira-retina=\"\" data-thumbnail=\"\"  itemprop=\"contentUrl\"><img id=\"envira-gallery-image-53206\" class=\"envira-gallery-image envira-gallery-image-2 envira-normal envira-lazy\" data-envira-index=\"2\" src=\"https:\/\/www.lausitzer-museenland.de\/wp-content\/uploads\/2020\/11\/Webstube-Drebkau2020-9-1024x683.jpg\" data-envira-src=\"https:\/\/www.lausitzer-museenland.de\/wp-content\/uploads\/2020\/11\/Webstube-Drebkau2020-9-1024x683.jpg\" data-envira-gallery-id=\"53204\" data-envira-item-id=\"53206\" data-envira-caption=\"Webstube Drebkau, beim Ostereierverzieren Foto: Bernd Choritz\" alt=\"\" title=\"Webstube Drebkau, dekorowanie jajek wielkanocnych Zdj\u0119cie: Bernd Choritz\"  itemprop=\"thumbnailUrl\" data-envira-srcset=\"https:\/\/www.lausitzer-museenland.de\/wp-content\/uploads\/2020\/11\/Webstube-Drebkau2020-9-1024x683.jpg 400w,https:\/\/www.lausitzer-museenland.de\/wp-content\/uploads\/2020\/11\/Webstube-Drebkau2020-9-1024x683.jpg 2x\" data-envira-width=\"300\" data-envira-height=\"200\" srcset=\"data:image\/gif;base64,R0lGODlhAQABAIAAAP\/\/\/\/\/\/\/yH5BAEKAAEALAAAAAABAAEAAAICTAEAOw==\" data-safe-src=\"data:image\/gif;base64,R0lGODlhAQABAIAAAP\/\/\/\/\/\/\/yH5BAEKAAEALAAAAAABAAEAAAICTAEAOw==\" \/><\/a><\/div><\/div><div id=\"envira-gallery-item-53207\" class=\"envira-gallery-item enviratope-item envira-gallery-item-3 envira-lazy-load\" style=\"padding-left: 5px; padding-bottom: 10px; padding-right: 5px;\"  itemscope itemtype=\"https:\/\/schema.org\/ImageObject\"><div class=\"envira-gallery-item-inner\"><div class=\"envira-gallery-position-overlay  envira-gallery-top-left\"><\/div><div class=\"envira-gallery-position-overlay  envira-gallery-top-right\"><\/div><div class=\"envira-gallery-position-overlay  envira-gallery-bottom-left\"><\/div><div class=\"envira-gallery-position-overlay  envira-gallery-bottom-right\"><\/div><a href=\"https:\/\/www.lausitzer-museenland.de\/wp-content\/uploads\/2020\/11\/Webstube-Drebkau2020-47.jpg\" class=\"envira-gallery-53204 envira-gallery-link\" rel=\"enviragallery53204\" title=\"Webstube Drebkau, wystawa 01 Zdj\u0119cie: Bernd Choritz\" data-envira-caption=\"Webstube Drebkau, Ausstellung 01 Foto: Bernd Choritz\" data-envira-retina=\"\" data-thumbnail=\"\"  itemprop=\"contentUrl\"><img id=\"envira-gallery-image-53207\" class=\"envira-gallery-image envira-gallery-image-3 envira-normal envira-lazy\" data-envira-index=\"3\" src=\"https:\/\/www.lausitzer-museenland.de\/wp-content\/uploads\/2020\/11\/Webstube-Drebkau2020-47-683x1024.jpg\" data-envira-src=\"https:\/\/www.lausitzer-museenland.de\/wp-content\/uploads\/2020\/11\/Webstube-Drebkau2020-47-683x1024.jpg\" data-envira-gallery-id=\"53204\" data-envira-item-id=\"53207\" data-envira-caption=\"Webstube Drebkau, Ausstellung 01 Foto: Bernd Choritz\" alt=\"\" title=\"Webstube Drebkau, wystawa 01 Zdj\u0119cie: Bernd Choritz\"  itemprop=\"thumbnailUrl\" data-envira-srcset=\"https:\/\/www.lausitzer-museenland.de\/wp-content\/uploads\/2020\/11\/Webstube-Drebkau2020-47-683x1024.jpg 400w,https:\/\/www.lausitzer-museenland.de\/wp-content\/uploads\/2020\/11\/Webstube-Drebkau2020-47-683x1024.jpg 2x\" data-envira-width=\"200\" data-envira-height=\"300\" srcset=\"data:image\/gif;base64,R0lGODlhAQABAIAAAP\/\/\/\/\/\/\/yH5BAEKAAEALAAAAAABAAEAAAICTAEAOw==\" data-safe-src=\"data:image\/gif;base64,R0lGODlhAQABAIAAAP\/\/\/\/\/\/\/yH5BAEKAAEALAAAAAABAAEAAAICTAEAOw==\" \/><\/a><\/div><\/div><div id=\"envira-gallery-item-53208\" class=\"envira-gallery-item enviratope-item envira-gallery-item-4 envira-lazy-load\" style=\"padding-left: 5px; padding-bottom: 10px; padding-right: 5px;\"  itemscope itemtype=\"https:\/\/schema.org\/ImageObject\"><div class=\"envira-gallery-item-inner\"><div class=\"envira-gallery-position-overlay  envira-gallery-top-left\"><\/div><div class=\"envira-gallery-position-overlay  envira-gallery-top-right\"><\/div><div class=\"envira-gallery-position-overlay  envira-gallery-bottom-left\"><\/div><div class=\"envira-gallery-position-overlay  envira-gallery-bottom-right\"><\/div><a href=\"https:\/\/www.lausitzer-museenland.de\/wp-content\/uploads\/2020\/11\/Webstube-Drebkau2020-64.jpg\" class=\"envira-gallery-53204 envira-gallery-link\" rel=\"enviragallery53204\" title=\"Webstube Drebkau, wystawa 02 Zdj\u0119cie: Bernd Choritz\" data-envira-caption=\"Webstube Drebkau, Ausstellung 02 Foto: Bernd Choritz\" data-envira-retina=\"\" data-thumbnail=\"\"  itemprop=\"contentUrl\"><img id=\"envira-gallery-image-53208\" class=\"envira-gallery-image envira-gallery-image-4 envira-normal envira-lazy\" data-envira-index=\"4\" src=\"https:\/\/www.lausitzer-museenland.de\/wp-content\/uploads\/2020\/11\/Webstube-Drebkau2020-64-1024x683.jpg\" data-envira-src=\"https:\/\/www.lausitzer-museenland.de\/wp-content\/uploads\/2020\/11\/Webstube-Drebkau2020-64-1024x683.jpg\" data-envira-gallery-id=\"53204\" data-envira-item-id=\"53208\" data-envira-caption=\"Webstube Drebkau, Ausstellung 02 Foto: Bernd Choritz\" alt=\"\" title=\"Webstube Drebkau, wystawa 02 Zdj\u0119cie: Bernd Choritz\"  itemprop=\"thumbnailUrl\" data-envira-srcset=\"https:\/\/www.lausitzer-museenland.de\/wp-content\/uploads\/2020\/11\/Webstube-Drebkau2020-64-1024x683.jpg 400w,https:\/\/www.lausitzer-museenland.de\/wp-content\/uploads\/2020\/11\/Webstube-Drebkau2020-64-1024x683.jpg 2x\" data-envira-width=\"300\" data-envira-height=\"200\" srcset=\"data:image\/gif;base64,R0lGODlhAQABAIAAAP\/\/\/\/\/\/\/yH5BAEKAAEALAAAAAABAAEAAAICTAEAOw==\" data-safe-src=\"data:image\/gif;base64,R0lGODlhAQABAIAAAP\/\/\/\/\/\/\/yH5BAEKAAEALAAAAAABAAEAAAICTAEAOw==\" \/><\/a><\/div><\/div><\/div><\/div><noscript><img src=\"https:\/\/www.lausitzer-museenland.de\/wp-content\/uploads\/2020\/11\/Webstube-Drebkau2020-34.jpg\" alt=\"\" \/><img src=\"https:\/\/www.lausitzer-museenland.de\/wp-content\/uploads\/2020\/11\/Webstube-Drebkau2020-9.jpg\" alt=\"\" \/><img src=\"https:\/\/www.lausitzer-museenland.de\/wp-content\/uploads\/2020\/11\/Webstube-Drebkau2020-47.jpg\" alt=\"\" \/><img src=\"https:\/\/www.lausitzer-museenland.de\/wp-content\/uploads\/2020\/11\/Webstube-Drebkau2020-64.jpg\" alt=\"\" \/><\/noscript>","protected":false},"excerpt":{"rendered":"<p>Galeria | Wystawy | Oferta dla dzieci Muzeum folkloru z kolekcj\u0105 historii miejskiej Budynek\/sytuacja w\u0142asno\u015bciowa Dom przy Am Markt 10 zosta\u0142 zbudowany w stylu p\u00f3\u017anego baroku jako budynek otynkowany w 1805 roku. Dzi\u015b jest to budynek zabytkowy. Budynek pe\u0142ni\u0142 funkcj\u0119 zajazdu i domu mieszkalnego. Po gruntownym remoncie kompleks budynk\u00f3w jest dost\u0119pny dla zwiedzaj\u0105cych od 1995 roku, a w<\/p>","protected":false},"author":13,"featured_media":0,"parent":113,"menu_order":0,"comment_status":"closed","ping_status":"closed","template":"","meta":[],"_links":{"self":[{"href":"https:\/\/www.lausitzer-museenland.de\/pl\/wp-json\/wp\/v2\/pages\/249"}],"collection":[{"href":"https:\/\/www.lausitzer-museenland.de\/pl\/wp-json\/wp\/v2\/pages"}],"about":[{"href":"https:\/\/www.lausitzer-museenland.de\/pl\/wp-json\/wp\/v2\/types\/page"}],"author":[{"embeddable":true,"href":"https:\/\/www.lausitzer-museenland.de\/pl\/wp-json\/wp\/v2\/users\/13"}],"replies":[{"embeddable":true,"href":"https:\/\/www.lausitzer-museenland.de\/pl\/wp-json\/wp\/v2\/comments?post=249"}],"version-history":[{"count":15,"href":"https:\/\/www.lausitzer-museenland.de\/pl\/wp-json\/wp\/v2\/pages\/249\/revisions"}],"predecessor-version":[{"id":53941,"href":"https:\/\/www.lausitzer-museenland.de\/pl\/wp-json\/wp\/v2\/pages\/249\/revisions\/53941"}],"up":[{"embeddable":true,"href":"https:\/\/www.lausitzer-museenland.de\/pl\/wp-json\/wp\/v2\/pages\/113"}],"wp:attachment":[{"href":"https:\/\/www.lausitzer-museenland.de\/pl\/wp-json\/wp\/v2\/media?parent=249"}],"curies":[{"name":"wp","href":"https:\/\/api.w.org\/{rel}","templated":true}]}}