{"id":260,"date":"2014-11-06T10:28:06","date_gmt":"2014-11-06T09:28:06","guid":{"rendered":"http:\/\/lausitzer-museenland.de\/?page_id=260"},"modified":"2024-01-03T11:49:41","modified_gmt":"2024-01-03T10:49:41","slug":"wendisch-deutsches-heimatmuseum-jaenschwalde","status":"publish","type":"page","link":"https:\/\/www.lausitzer-museenland.de\/pl\/muzea\/wendisch-german-home-museum-jaenschwalde\/","title":{"rendered":"Wendyjsko-niemieckie Muzeum Historii Lokalnej J\u00e4nschwalde \/ Serbsko-nimski domowniski muzej Jan\u0161ojce"},"content":{"rendered":"<p><a href=\"#galerie_jaenschwalde\">Galeria<\/a> |\u00a0<a href=\"#austellung_jaenschwalde\">Wystawy<\/a>\u00a0| <a href=\"#kinderangebot_jaenschwalde\">Oferty dla dzieci<\/a><br \/>\n<img loading=\"lazy\" class=\"enigma_img_responsive alignnone wp-image-1277\" src=\"https:\/\/www.lausitzer-museenland.de\/wp-content\/uploads\/2014\/11\/131.jpg\" alt=\"1\" width=\"800\" height=\"398\" srcset=\"https:\/\/www.lausitzer-museenland.de\/wp-content\/uploads\/2014\/11\/131.jpg 402w, https:\/\/www.lausitzer-museenland.de\/wp-content\/uploads\/2014\/11\/131-300x149.jpg 300w, https:\/\/www.lausitzer-museenland.de\/wp-content\/uploads\/2014\/11\/131-100x49.jpg 100w, https:\/\/www.lausitzer-museenland.de\/wp-content\/uploads\/2014\/11\/131-150x74.jpg 150w, https:\/\/www.lausitzer-museenland.de\/wp-content\/uploads\/2014\/11\/131-200x99.jpg 200w\" sizes=\"(max-width: 800px) 100vw, 800px\" \/><\/p>\n\n<p>Nauczanie i zachowywanie zwyczaj\u00f3w i j\u0119zyka<\/p>\n<h3>Po\u0142o\u017cenie budynku\/dzia\u0142ki<\/h3>\n<p>Muzeum znajduje si\u0119 w historycznym centrum miejscowo\u015bci, tu\u017c obok bezwie\u017cowego neoklasycystycznego ko\u015bcio\u0142a wiejskiego. Wi\u0119kszo\u015b\u0107 ekspozycji znajduje si\u0119 w pomieszczeniach budynku szko\u0142y, kt\u00f3ry zosta\u0142 zbudowany w 1875 roku. Stara stodo\u0142a parafialna zosta\u0142a przekszta\u0142cona w kolejny budynek muzealny, zgodnie z jej statusem zabytku. W s\u0105siednich stajniach, kt\u00f3re podobnie jak stodo\u0142a pochodz\u0105 z pierwszej po\u0142owy XIX wieku, znajduj\u0105 si\u0119 cztery kolejne sale wystawowe. Daj\u0105 one odwiedzaj\u0105cym wgl\u0105d w codzienne czynno\u015bci rolnicze, takie jak pranie, ubijanie mas\u0142a, gromadzenie zapas\u00f3w i obr\u00f3bka lnu.<\/p>\n<h3>Charakterystyka<\/h3>\n<p>Wendyjsko-niemieckie muzeum historii lokalnej znajduje si\u0119 w centrum wsi. Wystawa po\u015bwi\u0119cona jest wiejskiemu \u017cyciu ludno\u015bci wendyjskiej i niemieckiej. Historia wsi o\u017cywiona jest za pomoc\u0105 mebli gospodarskich i sprz\u0119t\u00f3w domowych. Na wystawie prezentowana jest technologia rolnicza na ma\u0142\u0105 skal\u0119 i narz\u0119dzia rzemie\u015blnicze. Oczywi\u015bcie historia jest tu r\u00f3wnie\u017c ilustrowana zdj\u0119ciami, dokumentami i certyfikatami. Eksponaty s\u0105 prezentowane jako kolekcja wystawowa na 560 metrach kwadratowych. Kolejnym obiektem muzealnym jest znajduj\u0105ca si\u0119 naprzeciwko stodo\u0142a parafialna, kt\u00f3ra zosta\u0142a odnowiona w ostatnich latach zgodnie z jej statusem zabytku. W stodole parafialnej znajduje si\u0119 pere\u0142ka lokalnego muzeum historii: jeden z ostatnich zachowanych powoz\u00f3w pogrzebowych w regionie. Znajduje si\u0119 tam r\u00f3wnie\u017c w pe\u0142ni funkcjonalne krosno. Kolekcja ceramiki obejmuje naczynia domowe i artefakty z ostatnich 300 lat. Muzeum jest konsekwentnie oznakowane dwuj\u0119zycznie w j\u0119zyku wendyjskim i niemieckim. Tradycyjny str\u00f3j j\u00e4nschwaldzki jest prezentowany we wszystkich jego aspektach. Muzeum wnios\u0142o wielki wk\u0142ad w j\u00e4nschwaldzkie Dzieci\u0105tko, \"Jan\u0161ojski bog\". Figurka ta jest cz\u0119\u015bci\u0105 regionalnego zwyczaju przed\u015bwi\u0105tecznego, kt\u00f3ry przetrwa\u0142 do dzi\u015b tylko w gminie J\u00e4nschwalde.<br \/>\nMuzeum oferuje r\u00f3wnie\u017c cyfrowe do\u015bwiadczenie: Za pomoc\u0105 okular\u00f3w VR 360\u00b0 mo\u017cna zanurzy\u0107 si\u0119 w filmie dokumentalnym \"Od \u0142odygi lnu do lnianej \u015bciany\" i przenie\u015b\u0107 si\u0119 w sam \u015brodek obr\u00f3bki lnu sprzed 100 lat.<\/p>\n<h3>Wystawy specjalne \/ oferty towarzysz\u0105ce<a id=\"austellung_jaenschwalde\"><\/a><\/h3>\n<p>Zmieniaj\u0105ce si\u0119 wystawy specjalne<\/p>\n<ul>\n<li>Cz\u0119\u015bci\u0105 programu s\u0105 wycieczki tematyczne dla klas szkolnych i grup wycieczkowych.<\/li>\n<li>Chrystusowe Dzieci\u0105tko z J\u00e4nschwaldu jest bardzo poszukiwan\u0105 tradycj\u0105, a w okresie Bo\u017cego Narodzenia pojawia si\u0119 tak\u017ce w s\u0105siednich miejscowo\u015bciach.<\/li>\n<\/ul>\n<h3>Oferty dla dzieci - Z Kobim do muzeum<a id=\"kinderangebot_jaenschwalde\"><\/a><\/h3>\n<p align=\"left\">Kobi - duch ma\u0142ego domku - czuje si\u0119 w muzeum jak w domu. Mieszka tam w kapciu pod piecem. O p\u00f3\u0142nocy pods\u0142uchuje starych muzealnik\u00f3w, kt\u00f3rzy opowiadaj\u0105 historie z przesz\u0142o\u015bci. Opowiada te fascynuj\u0105ce opowie\u015bci pracownikom muzeum, kt\u00f3rzy nast\u0119pnie przekazuj\u0105 je dzieciom - historie z dawnych, starych czas\u00f3w.<\/p>\n<p>&nbsp;<\/p>\n<h3><\/h3>\n<h3>Galeria<\/h3>\n<div id=\"envira-gallery-wrap-52960\" class=\"envira-gallery-wrap envira-gallery-theme-base envira-lightbox-theme-base\" itemscope itemtype=\"https:\/\/schema.org\/ImageGallery\"><div data-row-height=\"150\" data-gallery-theme=\"normal\" id=\"envira-gallery-52960\" class=\"envira-gallery-public envira-gallery-justified-public envira-gallery-0-columns envira-clear enviratope envira-gallery-css-animations\" data-envira-columns=\"0\"><div id=\"envira-gallery-item-52772\" class=\"envira-gallery-item enviratope-item envira-gallery-item-1\" style=\"padding-left: 5px; padding-bottom: 10px; padding-right: 5px;\"  itemscope itemtype=\"https:\/\/schema.org\/ImageObject\"><div class=\"envira-gallery-item-inner\"><div class=\"envira-gallery-position-overlay  envira-gallery-top-left\"><\/div><div class=\"envira-gallery-position-overlay  envira-gallery-top-right\"><\/div><div class=\"envira-gallery-position-overlay  envira-gallery-bottom-left\"><\/div><div class=\"envira-gallery-position-overlay  envira-gallery-bottom-right\"><\/div><a href=\"https:\/\/www.lausitzer-museenland.de\/wp-content\/uploads\/2020\/02\/Ausstellung_01_jw_karge_2015_kwad.jpg\" class=\"envira-gallery-52960 envira-gallery-link\" rel=\"enviragallery52960\" title=\"Wesele wendyjskie\" data-envira-caption=\"wendische Hochzeit\" data-envira-retina=\"\" data-thumbnail=\"\"  itemprop=\"contentUrl\"><img id=\"envira-gallery-image-52772\" class=\"envira-gallery-image envira-gallery-image-1 envira-normal\" data-envira-index=\"1\" src=\"https:\/\/www.lausitzer-museenland.de\/wp-content\/uploads\/2020\/02\/Ausstellung_01_jw_karge_2015_kwad-1024x683.jpg\" data-envira-src=\"https:\/\/www.lausitzer-museenland.de\/wp-content\/uploads\/2020\/02\/Ausstellung_01_jw_karge_2015_kwad-1024x683.jpg\" data-envira-gallery-id=\"52960\" data-envira-item-id=\"52772\" data-envira-caption=\"wendische Hochzeit\" alt=\"\" title=\"Wesele wendyjskie\"  itemprop=\"thumbnailUrl\" data-envira-srcset=\"https:\/\/www.lausitzer-museenland.de\/wp-content\/uploads\/2020\/02\/Ausstellung_01_jw_karge_2015_kwad-1024x683.jpg 400w,https:\/\/www.lausitzer-museenland.de\/wp-content\/uploads\/2020\/02\/Ausstellung_01_jw_karge_2015_kwad-1024x683.jpg 2x\" data-envira-width=\"300\" data-envira-height=\"200\" srcset=\"https:\/\/www.lausitzer-museenland.de\/wp-content\/uploads\/2020\/02\/Ausstellung_01_jw_karge_2015_kwad.jpg 2x\" data-safe-src=\"https:\/\/www.lausitzer-museenland.de\/wp-content\/uploads\/2020\/02\/Ausstellung_01_jw_karge_2015_kwad-1024x683.jpg\" \/><\/a><\/div><\/div><div id=\"envira-gallery-item-52773\" class=\"envira-gallery-item enviratope-item envira-gallery-item-2\" style=\"padding-left: 5px; padding-bottom: 10px; padding-right: 5px;\"  itemscope itemtype=\"https:\/\/schema.org\/ImageObject\"><div class=\"envira-gallery-item-inner\"><div class=\"envira-gallery-position-overlay  envira-gallery-top-left\"><\/div><div class=\"envira-gallery-position-overlay  envira-gallery-top-right\"><\/div><div class=\"envira-gallery-position-overlay  envira-gallery-bottom-left\"><\/div><div class=\"envira-gallery-position-overlay  envira-gallery-bottom-right\"><\/div><a href=\"https:\/\/www.lausitzer-museenland.de\/wp-content\/uploads\/2020\/02\/Ausstellung_06_jw_karge_2015_kwad.jpg\" class=\"envira-gallery-52960 envira-gallery-link\" rel=\"enviragallery52960\" title=\"Kolekcja ceramiki\" data-envira-caption=\"Keramiksammlung\" data-envira-retina=\"\" data-thumbnail=\"\"  itemprop=\"contentUrl\"><img id=\"envira-gallery-image-52773\" class=\"envira-gallery-image envira-gallery-image-2 envira-normal\" data-envira-index=\"2\" src=\"https:\/\/www.lausitzer-museenland.de\/wp-content\/uploads\/2020\/02\/Ausstellung_06_jw_karge_2015_kwad-1024x683.jpg\" data-envira-src=\"https:\/\/www.lausitzer-museenland.de\/wp-content\/uploads\/2020\/02\/Ausstellung_06_jw_karge_2015_kwad-1024x683.jpg\" data-envira-gallery-id=\"52960\" data-envira-item-id=\"52773\" data-envira-caption=\"Keramiksammlung\" alt=\"\" title=\"Kolekcja ceramiki\"  itemprop=\"thumbnailUrl\" data-envira-srcset=\"https:\/\/www.lausitzer-museenland.de\/wp-content\/uploads\/2020\/02\/Ausstellung_06_jw_karge_2015_kwad-1024x683.jpg 400w,https:\/\/www.lausitzer-museenland.de\/wp-content\/uploads\/2020\/02\/Ausstellung_06_jw_karge_2015_kwad-1024x683.jpg 2x\" data-envira-width=\"300\" data-envira-height=\"200\" srcset=\"https:\/\/www.lausitzer-museenland.de\/wp-content\/uploads\/2020\/02\/Ausstellung_06_jw_karge_2015_kwad.jpg 2x\" data-safe-src=\"https:\/\/www.lausitzer-museenland.de\/wp-content\/uploads\/2020\/02\/Ausstellung_06_jw_karge_2015_kwad-1024x683.jpg\" \/><\/a><\/div><\/div><div id=\"envira-gallery-item-52775\" class=\"envira-gallery-item enviratope-item envira-gallery-item-3\" style=\"padding-left: 5px; padding-bottom: 10px; padding-right: 5px;\"  itemscope itemtype=\"https:\/\/schema.org\/ImageObject\"><div class=\"envira-gallery-item-inner\"><div class=\"envira-gallery-position-overlay  envira-gallery-top-left\"><\/div><div class=\"envira-gallery-position-overlay  envira-gallery-top-right\"><\/div><div class=\"envira-gallery-position-overlay  envira-gallery-bottom-left\"><\/div><div class=\"envira-gallery-position-overlay  envira-gallery-bottom-right\"><\/div><a href=\"https:\/\/www.lausitzer-museenland.de\/wp-content\/uploads\/2020\/02\/Wieczorek_DSCF0269.jpg\" class=\"envira-gallery-52960 envira-gallery-link\" rel=\"enviragallery52960\" title=\"J\u00e4nschwald Dzieci\u0105tko Chrystus\" data-envira-caption=\"J&auml;nschwalder Christkind\" data-envira-retina=\"\" data-thumbnail=\"\"  itemprop=\"contentUrl\"><img id=\"envira-gallery-image-52775\" class=\"envira-gallery-image envira-gallery-image-3 envira-normal\" data-envira-index=\"3\" src=\"https:\/\/www.lausitzer-museenland.de\/wp-content\/uploads\/2020\/02\/Wieczorek_DSCF0269-1024x683.jpg\" data-envira-src=\"https:\/\/www.lausitzer-museenland.de\/wp-content\/uploads\/2020\/02\/Wieczorek_DSCF0269-1024x683.jpg\" data-envira-gallery-id=\"52960\" data-envira-item-id=\"52775\" data-envira-caption=\"J&auml;nschwalder Christkind\" alt=\"\" title=\"J\u00e4nschwald Dzieci\u0105tko Chrystus\"  itemprop=\"thumbnailUrl\" data-envira-srcset=\"https:\/\/www.lausitzer-museenland.de\/wp-content\/uploads\/2020\/02\/Wieczorek_DSCF0269-1024x683.jpg 400w,https:\/\/www.lausitzer-museenland.de\/wp-content\/uploads\/2020\/02\/Wieczorek_DSCF0269-1024x683.jpg 2x\" data-envira-width=\"300\" data-envira-height=\"200\" srcset=\"https:\/\/www.lausitzer-museenland.de\/wp-content\/uploads\/2020\/02\/Wieczorek_DSCF0269.jpg 2x\" data-safe-src=\"https:\/\/www.lausitzer-museenland.de\/wp-content\/uploads\/2020\/02\/Wieczorek_DSCF0269-1024x683.jpg\" \/><\/a><\/div><\/div><div id=\"envira-gallery-item-52774\" class=\"envira-gallery-item enviratope-item envira-gallery-item-4\" style=\"padding-left: 5px; padding-bottom: 10px; padding-right: 5px;\"  itemscope itemtype=\"https:\/\/schema.org\/ImageObject\"><div class=\"envira-gallery-item-inner\"><div class=\"envira-gallery-position-overlay  envira-gallery-top-left\"><\/div><div class=\"envira-gallery-position-overlay  envira-gallery-top-right\"><\/div><div class=\"envira-gallery-position-overlay  envira-gallery-bottom-left\"><\/div><div class=\"envira-gallery-position-overlay  envira-gallery-bottom-right\"><\/div><a href=\"https:\/\/www.lausitzer-museenland.de\/wp-content\/uploads\/2020\/02\/Schuster_P7110013.jpg\" class=\"envira-gallery-52960 envira-gallery-link\" rel=\"enviragallery52960\" title=\"karawan historyczny\" data-envira-caption=\"historischer Begr&auml;bniswagen\" data-envira-retina=\"\" data-thumbnail=\"\"  itemprop=\"contentUrl\"><img id=\"envira-gallery-image-52774\" class=\"envira-gallery-image envira-gallery-image-4 envira-normal\" data-envira-index=\"4\" src=\"https:\/\/www.lausitzer-museenland.de\/wp-content\/uploads\/2020\/02\/Schuster_P7110013-1024x768.jpg\" data-envira-src=\"https:\/\/www.lausitzer-museenland.de\/wp-content\/uploads\/2020\/02\/Schuster_P7110013-1024x768.jpg\" data-envira-gallery-id=\"52960\" data-envira-item-id=\"52774\" data-envira-caption=\"historischer Begr&auml;bniswagen\" alt=\"\" title=\"karawan historyczny\"  itemprop=\"thumbnailUrl\" data-envira-srcset=\"https:\/\/www.lausitzer-museenland.de\/wp-content\/uploads\/2020\/02\/Schuster_P7110013-1024x768.jpg 400w,https:\/\/www.lausitzer-museenland.de\/wp-content\/uploads\/2020\/02\/Schuster_P7110013-1024x768.jpg 2x\" data-envira-width=\"300\" data-envira-height=\"225\" srcset=\"https:\/\/www.lausitzer-museenland.de\/wp-content\/uploads\/2020\/02\/Schuster_P7110013.jpg 2x\" data-safe-src=\"https:\/\/www.lausitzer-museenland.de\/wp-content\/uploads\/2020\/02\/Schuster_P7110013-1024x768.jpg\" \/><\/a><\/div><\/div><div id=\"envira-gallery-item-52962\" class=\"envira-gallery-item enviratope-item envira-gallery-item-5\" style=\"padding-left: 5px; padding-bottom: 10px; padding-right: 5px;\"  itemscope itemtype=\"https:\/\/schema.org\/ImageObject\"><div class=\"envira-gallery-item-inner\"><div class=\"envira-gallery-position-overlay  envira-gallery-top-left\"><\/div><div class=\"envira-gallery-position-overlay  envira-gallery-top-right\"><\/div><div class=\"envira-gallery-position-overlay  envira-gallery-bottom-left\"><\/div><div class=\"envira-gallery-position-overlay  envira-gallery-bottom-right\"><\/div><a href=\"https:\/\/www.lausitzer-museenland.de\/wp-content\/uploads\/2020\/07\/Eingang-Museum.jpg\" class=\"envira-gallery-52960 envira-gallery-link\" rel=\"enviragallery52960\" title=\"Wej\u015bcie do muzeum\" data-envira-caption=\"Eingang Museum\" data-envira-retina=\"\" data-thumbnail=\"\"  itemprop=\"contentUrl\"><img id=\"envira-gallery-image-52962\" class=\"envira-gallery-image envira-gallery-image-5 envira-normal\" data-envira-index=\"5\" src=\"https:\/\/www.lausitzer-museenland.de\/wp-content\/uploads\/2020\/07\/Eingang-Museum-1024x1024.jpg\" data-envira-src=\"https:\/\/www.lausitzer-museenland.de\/wp-content\/uploads\/2020\/07\/Eingang-Museum-1024x1024.jpg\" data-envira-gallery-id=\"52960\" data-envira-item-id=\"52962\" data-envira-caption=\"Eingang Museum\" alt=\"\" title=\"Wej\u015bcie do muzeum\"  itemprop=\"thumbnailUrl\" data-envira-srcset=\"https:\/\/www.lausitzer-museenland.de\/wp-content\/uploads\/2020\/07\/Eingang-Museum-1024x1024.jpg 400w,https:\/\/www.lausitzer-museenland.de\/wp-content\/uploads\/2020\/07\/Eingang-Museum-1024x1024.jpg 2x\" data-envira-width=\"300\" data-envira-height=\"300\" srcset=\"https:\/\/www.lausitzer-museenland.de\/wp-content\/uploads\/2020\/07\/Eingang-Museum.jpg 2x\" data-safe-src=\"https:\/\/www.lausitzer-museenland.de\/wp-content\/uploads\/2020\/07\/Eingang-Museum-1024x1024.jpg\" \/><\/a><\/div><\/div><div id=\"envira-gallery-item-52963\" class=\"envira-gallery-item enviratope-item envira-gallery-item-6\" style=\"padding-left: 5px; padding-bottom: 10px; padding-right: 5px;\"  itemscope itemtype=\"https:\/\/schema.org\/ImageObject\"><div class=\"envira-gallery-item-inner\"><div class=\"envira-gallery-position-overlay  envira-gallery-top-left\"><\/div><div class=\"envira-gallery-position-overlay  envira-gallery-top-right\"><\/div><div class=\"envira-gallery-position-overlay  envira-gallery-bottom-left\"><\/div><div class=\"envira-gallery-position-overlay  envira-gallery-bottom-right\"><\/div><a href=\"https:\/\/www.lausitzer-museenland.de\/wp-content\/uploads\/2020\/07\/kuchnja.jpg\" class=\"envira-gallery-52960 envira-gallery-link\" rel=\"enviragallery52960\" title=\"kuchnja\" data-envira-caption=\"kuchnja\" data-envira-retina=\"\" data-thumbnail=\"\"  itemprop=\"contentUrl\"><img id=\"envira-gallery-image-52963\" class=\"envira-gallery-image envira-gallery-image-6 envira-normal\" data-envira-index=\"6\" src=\"https:\/\/www.lausitzer-museenland.de\/wp-content\/uploads\/2020\/07\/kuchnja-1024x1024.jpg\" data-envira-src=\"https:\/\/www.lausitzer-museenland.de\/wp-content\/uploads\/2020\/07\/kuchnja-1024x1024.jpg\" data-envira-gallery-id=\"52960\" data-envira-item-id=\"52963\" data-envira-caption=\"kuchnja\" alt=\"\" title=\"kuchnja\"  itemprop=\"thumbnailUrl\" data-envira-srcset=\"https:\/\/www.lausitzer-museenland.de\/wp-content\/uploads\/2020\/07\/kuchnja-1024x1024.jpg 400w,https:\/\/www.lausitzer-museenland.de\/wp-content\/uploads\/2020\/07\/kuchnja-1024x1024.jpg 2x\" data-envira-width=\"300\" data-envira-height=\"300\" srcset=\"https:\/\/www.lausitzer-museenland.de\/wp-content\/uploads\/2020\/07\/kuchnja.jpg 2x\" data-safe-src=\"https:\/\/www.lausitzer-museenland.de\/wp-content\/uploads\/2020\/07\/kuchnja-1024x1024.jpg\" \/><\/a><\/div><\/div><div id=\"envira-gallery-item-52964\" class=\"envira-gallery-item enviratope-item envira-gallery-item-7\" style=\"padding-left: 5px; padding-bottom: 10px; padding-right: 5px;\"  itemscope itemtype=\"https:\/\/schema.org\/ImageObject\"><div class=\"envira-gallery-item-inner\"><div class=\"envira-gallery-position-overlay  envira-gallery-top-left\"><\/div><div class=\"envira-gallery-position-overlay  envira-gallery-top-right\"><\/div><div class=\"envira-gallery-position-overlay  envira-gallery-bottom-left\"><\/div><div class=\"envira-gallery-position-overlay  envira-gallery-bottom-right\"><\/div><a href=\"https:\/\/www.lausitzer-museenland.de\/wp-content\/uploads\/2020\/07\/Museumsscheune.jpg\" class=\"envira-gallery-52960 envira-gallery-link\" rel=\"enviragallery52960\" title=\"Stodo\u0142a muzealna\" data-envira-caption=\"Museumsscheune\" data-envira-retina=\"\" data-thumbnail=\"\"  itemprop=\"contentUrl\"><img id=\"envira-gallery-image-52964\" class=\"envira-gallery-image envira-gallery-image-7 envira-normal\" data-envira-index=\"7\" src=\"https:\/\/www.lausitzer-museenland.de\/wp-content\/uploads\/2020\/07\/Museumsscheune-1024x768.jpg\" data-envira-src=\"https:\/\/www.lausitzer-museenland.de\/wp-content\/uploads\/2020\/07\/Museumsscheune-1024x768.jpg\" data-envira-gallery-id=\"52960\" data-envira-item-id=\"52964\" data-envira-caption=\"Museumsscheune\" alt=\"\" title=\"Stodo\u0142a muzealna\"  itemprop=\"thumbnailUrl\" data-envira-srcset=\"https:\/\/www.lausitzer-museenland.de\/wp-content\/uploads\/2020\/07\/Museumsscheune-1024x768.jpg 400w,https:\/\/www.lausitzer-museenland.de\/wp-content\/uploads\/2020\/07\/Museumsscheune-1024x768.jpg 2x\" data-envira-width=\"300\" data-envira-height=\"225\" srcset=\"https:\/\/www.lausitzer-museenland.de\/wp-content\/uploads\/2020\/07\/Museumsscheune.jpg 2x\" data-safe-src=\"https:\/\/www.lausitzer-museenland.de\/wp-content\/uploads\/2020\/07\/Museumsscheune-1024x768.jpg\" \/><\/a><\/div><\/div><div id=\"envira-gallery-item-52965\" class=\"envira-gallery-item enviratope-item envira-gallery-item-8\" style=\"padding-left: 5px; padding-bottom: 10px; padding-right: 5px;\"  itemscope itemtype=\"https:\/\/schema.org\/ImageObject\"><div class=\"envira-gallery-item-inner\"><div class=\"envira-gallery-position-overlay  envira-gallery-top-left\"><\/div><div class=\"envira-gallery-position-overlay  envira-gallery-top-right\"><\/div><div class=\"envira-gallery-position-overlay  envira-gallery-bottom-left\"><\/div><div class=\"envira-gallery-position-overlay  envira-gallery-bottom-right\"><\/div><a href=\"https:\/\/www.lausitzer-museenland.de\/wp-content\/uploads\/2020\/07\/Br\u00e4uche-Traditonen-und-Trachten.jpg\" class=\"envira-gallery-52960 envira-gallery-link\" rel=\"enviragallery52960\" title=\"Zwyczaje, tradycje i tradycyjne stroje\" data-envira-caption=\"Br&auml;uche, Traditonen und Trachten\" data-envira-retina=\"\" data-thumbnail=\"\"  itemprop=\"contentUrl\"><img id=\"envira-gallery-image-52965\" class=\"envira-gallery-image envira-gallery-image-8 envira-normal\" data-envira-index=\"8\" src=\"https:\/\/www.lausitzer-museenland.de\/wp-content\/uploads\/2020\/07\/Br\u00e4uche-Traditonen-und-Trachten-768x1024.jpg\" data-envira-src=\"https:\/\/www.lausitzer-museenland.de\/wp-content\/uploads\/2020\/07\/Br\u00e4uche-Traditonen-und-Trachten-768x1024.jpg\" data-envira-gallery-id=\"52960\" data-envira-item-id=\"52965\" data-envira-caption=\"Br&auml;uche, Traditonen und Trachten\" alt=\"\" title=\"Zwyczaje, tradycje i tradycyjne stroje\"  itemprop=\"thumbnailUrl\" data-envira-srcset=\"https:\/\/www.lausitzer-museenland.de\/wp-content\/uploads\/2020\/07\/Br\u00e4uche-Traditonen-und-Trachten-768x1024.jpg 400w,https:\/\/www.lausitzer-museenland.de\/wp-content\/uploads\/2020\/07\/Br\u00e4uche-Traditonen-und-Trachten-768x1024.jpg 2x\" data-envira-width=\"225\" data-envira-height=\"300\" srcset=\"https:\/\/www.lausitzer-museenland.de\/wp-content\/uploads\/2020\/07\/Br\u00e4uche-Traditonen-und-Trachten.jpg 2x\" data-safe-src=\"https:\/\/www.lausitzer-museenland.de\/wp-content\/uploads\/2020\/07\/Br\u00e4uche-Traditonen-und-Trachten-768x1024.jpg\" \/><\/a><\/div><\/div><div id=\"envira-gallery-item-52966\" class=\"envira-gallery-item enviratope-item envira-gallery-item-9\" style=\"padding-left: 5px; padding-bottom: 10px; padding-right: 5px;\"  itemscope itemtype=\"https:\/\/schema.org\/ImageObject\"><div class=\"envira-gallery-item-inner\"><div class=\"envira-gallery-position-overlay  envira-gallery-top-left\"><\/div><div class=\"envira-gallery-position-overlay  envira-gallery-top-right\"><\/div><div class=\"envira-gallery-position-overlay  envira-gallery-bottom-left\"><\/div><div class=\"envira-gallery-position-overlay  envira-gallery-bottom-right\"><\/div><a href=\"https:\/\/www.lausitzer-museenland.de\/wp-content\/uploads\/2020\/07\/Scheune_Winter-mit-Filter.jpg\" class=\"envira-gallery-52960 envira-gallery-link\" rel=\"enviragallery52960\" title=\"Stodo\u0142a muzealna zim\u0105\" data-envira-caption=\"Museumsscheune im Winter\" data-envira-retina=\"\" data-thumbnail=\"\"  itemprop=\"contentUrl\"><img id=\"envira-gallery-image-52966\" class=\"envira-gallery-image envira-gallery-image-9 envira-normal\" data-envira-index=\"9\" src=\"https:\/\/www.lausitzer-museenland.de\/wp-content\/uploads\/2020\/07\/Scheune_Winter-mit-Filter-1024x675.jpg\" data-envira-src=\"https:\/\/www.lausitzer-museenland.de\/wp-content\/uploads\/2020\/07\/Scheune_Winter-mit-Filter-1024x675.jpg\" data-envira-gallery-id=\"52960\" data-envira-item-id=\"52966\" data-envira-caption=\"Museumsscheune im Winter\" alt=\"\" title=\"Stodo\u0142a muzealna zim\u0105\"  itemprop=\"thumbnailUrl\" data-envira-srcset=\"https:\/\/www.lausitzer-museenland.de\/wp-content\/uploads\/2020\/07\/Scheune_Winter-mit-Filter-1024x675.jpg 400w,https:\/\/www.lausitzer-museenland.de\/wp-content\/uploads\/2020\/07\/Scheune_Winter-mit-Filter-1024x675.jpg 2x\" data-envira-width=\"300\" data-envira-height=\"198\" srcset=\"https:\/\/www.lausitzer-museenland.de\/wp-content\/uploads\/2020\/07\/Scheune_Winter-mit-Filter.jpg 2x\" data-safe-src=\"https:\/\/www.lausitzer-museenland.de\/wp-content\/uploads\/2020\/07\/Scheune_Winter-mit-Filter-1024x675.jpg\" \/><\/a><\/div><\/div><\/div><\/div><noscript><img src=\"https:\/\/www.lausitzer-museenland.de\/wp-content\/uploads\/2020\/02\/Ausstellung_01_jw_karge_2015_kwad.jpg\" alt=\"\" \/><img src=\"https:\/\/www.lausitzer-museenland.de\/wp-content\/uploads\/2020\/02\/Ausstellung_06_jw_karge_2015_kwad.jpg\" alt=\"\" \/><img src=\"https:\/\/www.lausitzer-museenland.de\/wp-content\/uploads\/2020\/02\/Wieczorek_DSCF0269.jpg\" alt=\"\" \/><img src=\"https:\/\/www.lausitzer-museenland.de\/wp-content\/uploads\/2020\/02\/Schuster_P7110013.jpg\" alt=\"\" \/><img src=\"https:\/\/www.lausitzer-museenland.de\/wp-content\/uploads\/2020\/07\/Eingang-Museum.jpg\" alt=\"\" \/><img src=\"https:\/\/www.lausitzer-museenland.de\/wp-content\/uploads\/2020\/07\/kuchnja.jpg\" alt=\"\" \/><img src=\"https:\/\/www.lausitzer-museenland.de\/wp-content\/uploads\/2020\/07\/Museumsscheune.jpg\" alt=\"\" \/><img src=\"https:\/\/www.lausitzer-museenland.de\/wp-content\/uploads\/2020\/07\/Br\u00e4uche-Traditonen-und-Trachten.jpg\" alt=\"\" \/><img src=\"https:\/\/www.lausitzer-museenland.de\/wp-content\/uploads\/2020\/07\/Scheune_Winter-mit-Filter.jpg\" alt=\"\" \/><\/noscript>","protected":false},"excerpt":{"rendered":"<p>Galeria | Wystawy | Oferta dla dzieci Nauczanie i zachowanie zwyczaj\u00f3w i j\u0119zyka Budynek \/ po\u0142o\u017cenie Muzeum znajduje si\u0119 w historycznym centrum wsi, tu\u017c obok bezwie\u017cowego klasycystycznego ko\u015bcio\u0142a wiejskiego. Wi\u0119kszo\u015b\u0107 ekspozycji znajduje si\u0119 w pomieszczeniach budynku szko\u0142y, kt\u00f3ry zosta\u0142 zbudowany w 1875 roku. Stara stodo\u0142a parafialna zosta\u0142a przekszta\u0142cona w kolejny budynek muzealny zgodnie z jej statusem zabytku. W s\u0105siednich stajniach, kt\u00f3re<\/p>","protected":false},"author":13,"featured_media":0,"parent":113,"menu_order":0,"comment_status":"closed","ping_status":"closed","template":"","meta":[],"_links":{"self":[{"href":"https:\/\/www.lausitzer-museenland.de\/pl\/wp-json\/wp\/v2\/pages\/260"}],"collection":[{"href":"https:\/\/www.lausitzer-museenland.de\/pl\/wp-json\/wp\/v2\/pages"}],"about":[{"href":"https:\/\/www.lausitzer-museenland.de\/pl\/wp-json\/wp\/v2\/types\/page"}],"author":[{"embeddable":true,"href":"https:\/\/www.lausitzer-museenland.de\/pl\/wp-json\/wp\/v2\/users\/13"}],"replies":[{"embeddable":true,"href":"https:\/\/www.lausitzer-museenland.de\/pl\/wp-json\/wp\/v2\/comments?post=260"}],"version-history":[{"count":24,"href":"https:\/\/www.lausitzer-museenland.de\/pl\/wp-json\/wp\/v2\/pages\/260\/revisions"}],"predecessor-version":[{"id":54944,"href":"https:\/\/www.lausitzer-museenland.de\/pl\/wp-json\/wp\/v2\/pages\/260\/revisions\/54944"}],"up":[{"embeddable":true,"href":"https:\/\/www.lausitzer-museenland.de\/pl\/wp-json\/wp\/v2\/pages\/113"}],"wp:attachment":[{"href":"https:\/\/www.lausitzer-museenland.de\/pl\/wp-json\/wp\/v2\/media?parent=260"}],"curies":[{"name":"wp","href":"https:\/\/api.w.org\/{rel}","templated":true}]}}