{"id":34720,"date":"2019-02-06T12:36:09","date_gmt":"2019-02-06T11:36:09","guid":{"rendered":"http:\/\/lausitzer-museenland.de\/service\/archiv\/"},"modified":"2026-03-31T13:10:37","modified_gmt":"2026-03-31T11:10:37","slug":"archiv","status":"publish","type":"page","link":"https:\/\/www.lausitzer-museenland.de\/pl\/serwis\/archiwum\/","title":{"rendered":"\u00dcber mich"},"content":{"rendered":"<p><img loading=\"lazy\" class=\"aligncenter size-full wp-image-54251\" src=\"https:\/\/www.lausitzer-museenland.de\/wp-content\/uploads\/2022\/09\/Archive.png\" alt=\"\" width=\"750\" height=\"432\" srcset=\"https:\/\/www.lausitzer-museenland.de\/wp-content\/uploads\/2022\/09\/Archive.png 750w, https:\/\/www.lausitzer-museenland.de\/wp-content\/uploads\/2022\/09\/Archive-300x173.png 300w, https:\/\/www.lausitzer-museenland.de\/wp-content\/uploads\/2022\/09\/Archive-18x10.png 18w\" sizes=\"(max-width: 750px) 100vw, 750px\" \/>Mein Name ist Sven Vogt, ich bin Jahrgang 1964 und lebe in S\u00fcdbrandenburg. Als Koordinator des Projekts \u201eLausitzer Museenland\u201d vernetze und st\u00e4rke ich die Museumslandschaft in der Niederlausitz. Ich unterst\u00fctze museale Einrichtungen in ihrer t\u00e4glichen Arbeit, f\u00f6rdere den fachlichen Austausch und entwickle gemeinsam mit Partnern zukunftsf\u00e4hige Perspektiven.<br \/>\nDurch enge Kooperationen auf regionaler und Landesebene entstehen neue Impulse, und die Museen werden sichtbarer. In meiner Arbeit verbinde ich Organisation, Beratung und Kommunikation: von \u00d6ffentlichkeitsarbeit \u00fcber Projektbegleitung bis hin zur Betreuung zentraler Plattformen und Veranstaltungen wie den \u201eLausitzer Museumsn\u00e4chten\u201c.<br \/>\nEin Schwerpunkt liegt auf individueller Beratung, beispielsweise zu Museumskonzepten, Digitalisierung, F\u00f6rderantr\u00e4gen, Barrierefreiheit und Notfallplanung. Mein Ziel sind praxisnahe L\u00f6sungen, die Museen nachhaltig st\u00e4rken. Auch die Bereitstellung und Vermittlung von Wanderausstellungen geh\u00f6rt zu meinem Aufgabenbereich, um den Museen zus\u00e4tzliche M\u00f6glichkeiten f\u00fcr attraktive Sonderausstellungen zu er\u00f6ffnen.<br \/>\nDie Zusammenarbeit mit den Museen basiert auf Austausch, Vertrauen und pers\u00f6nlichem Einsatz. Vieles davon geschieht im Hintergrund und geht \u00fcber das Sichtbare hinaus.<br \/>\nWenn Sie mich und meine Arbeit f\u00fcr das Lausitzer Museenland unterst\u00fctzen m\u00f6chten, freue ich mich \u00fcber Ihre <a href=\"https:\/\/www.gofundme.com\/f\/hilfe-fur-museumskoordinator-sven-gemeinsam-gegen-krebs\" target=\"_blank\" rel=\"noopener\">freiwillige Spende<\/a>.<\/p>\n<p>&nbsp;<\/p>","protected":false},"excerpt":{"rendered":"<p>Mein Name ist Sven Vogt, ich bin Jahrgang 1964 und lebe in S\u00fcdbrandenburg. Als Koordinator des Projekts \u201eLausitzer Museenland\u201d vernetze und st\u00e4rke ich die Museumslandschaft in der Niederlausitz. Ich unterst\u00fctze museale Einrichtungen in ihrer t\u00e4glichen Arbeit, f\u00f6rdere den fachlichen Austausch und entwickle gemeinsam mit Partnern zukunftsf\u00e4hige Perspektiven. Durch enge Kooperationen auf regionaler und Landesebene entstehen<\/p>","protected":false},"author":13,"featured_media":0,"parent":281,"menu_order":0,"comment_status":"closed","ping_status":"closed","template":"","meta":[],"_links":{"self":[{"href":"https:\/\/www.lausitzer-museenland.de\/pl\/wp-json\/wp\/v2\/pages\/34720"}],"collection":[{"href":"https:\/\/www.lausitzer-museenland.de\/pl\/wp-json\/wp\/v2\/pages"}],"about":[{"href":"https:\/\/www.lausitzer-museenland.de\/pl\/wp-json\/wp\/v2\/types\/page"}],"author":[{"embeddable":true,"href":"https:\/\/www.lausitzer-museenland.de\/pl\/wp-json\/wp\/v2\/users\/13"}],"replies":[{"embeddable":true,"href":"https:\/\/www.lausitzer-museenland.de\/pl\/wp-json\/wp\/v2\/comments?post=34720"}],"version-history":[{"count":6,"href":"https:\/\/www.lausitzer-museenland.de\/pl\/wp-json\/wp\/v2\/pages\/34720\/revisions"}],"predecessor-version":[{"id":56005,"href":"https:\/\/www.lausitzer-museenland.de\/pl\/wp-json\/wp\/v2\/pages\/34720\/revisions\/56005"}],"up":[{"embeddable":true,"href":"https:\/\/www.lausitzer-museenland.de\/pl\/wp-json\/wp\/v2\/pages\/281"}],"wp:attachment":[{"href":"https:\/\/www.lausitzer-museenland.de\/pl\/wp-json\/wp\/v2\/media?parent=34720"}],"curies":[{"name":"wp","href":"https:\/\/api.w.org\/{rel}","templated":true}]}}