{"id":380,"date":"2014-11-12T10:21:28","date_gmt":"2014-11-12T09:21:28","guid":{"rendered":"http:\/\/lausitzer-museenland.de\/?page_id=380"},"modified":"2024-09-06T13:48:11","modified_gmt":"2024-09-06T11:48:11","slug":"kobi","status":"publish","type":"page","link":"https:\/\/www.lausitzer-museenland.de\/pl\/serwis\/kobi\/","title":{"rendered":"Do muzeum z Kobi"},"content":{"rendered":"<p>Kobi - duch ma\u0142ego domku - czuje si\u0119 w muzeum jak w domu. Tam mieszka w kapciu pod piecem. O p\u00f3\u0142nocy pods\u0142uchuje starych muzealnik\u00f3w, kt\u00f3rzy opowiadaj\u0105 historie z przesz\u0142o\u015bci. Opowiada te fascynuj\u0105ce historie pracownikom muzeum, kt\u00f3rzy nast\u0119pnie przekazuj\u0105 je dzieciom - historie z dawnych, starych czas\u00f3w.<\/p>\n<hr \/>\n<h4>\"Stary M\u0142yn\" Proschim<\/h4>\n<ol>\n<li class=\"entry-title post-title\">Wystawa techniki rolniczej i sposobu \u017cycia ch\u0142op\u00f3w<\/li>\n<\/ol>\n<p><a href=\"\/museen\/alte-muehle-proschim\/#kinderangebot_am_proschim\">Zobacz ofert\u0119 \u00a0<i class=\"wpcmsdev-icon fa fa-fa fa-lg  fa-caret-right\"><\/i><\/a><\/p>\n<hr \/>\n<h4>\"Stara szko\u0142a\" Graustein<\/h4>\n<ol>\n<li>\u015aladami Erwina Strittmattera w Graustein<\/li>\n<\/ol>\n<p><a href=\"\/museen\/alte-schule-graustein\/#kinderangebot_graustein\">Zobacz ofert\u0119 <i class=\"wpcmsdev-icon fa fa-fa fa-lg  fa-caret-right\"><\/i><\/a><\/p>\n<hr \/>\n<h4>Centrum Archeotechniczne w Welzow<\/h4>\n<ol>\n<li>Spacer przez epok\u0119 kamienia \u0142upanego<\/li>\n<li>Spacer przez \u015bredniowiecze<\/li>\n<li>Zr\u00f3bcie raz wykopaliska jak archeolodzy<\/li>\n<li>Czapka pe\u0142na archeologii<\/li>\n<li>Siedem pr\u00f3b przez prehistori\u0119<\/li>\n<\/ol>\n<p><a href=\"\/museen\/archaeotechnisches-zentrum-welzow\/#kinderangebot_atz\">Przegl\u0105daj oferty <i class=\"wpcmsdev-icon fa fa-fa fa-lg  fa-caret-right\"><\/i><\/a><\/p>\n<hr \/>\n<h4>Archiwum zaginionych miejsc<\/h4>\n<ol>\n<li>Dokumentacja przesiedle\u0144 zwi\u0105zanych z g\u00f3rnictwem w \"Archiwum gin\u0105cych miejsc<\/li>\n<\/ol>\n<p><a href=\"\/museen\/archiv-verschwundener-orte\/#kinderangebot_archiv_v_orte\">Zobacz ofert\u0119 <i class=\"wpcmsdev-icon fa fa-fa fa-lg  fa-caret-right\"><\/i><\/a><\/p>\n<hr \/>\n<h4>Brandenburskie Muzeum W\u0142\u00f3kiennictwa Forst (\u0141u\u017cyce)<\/h4>\n<ol>\n<li>\"Grubasek\" - wie\u017ca ci\u015bnie\u0144 Forster<\/li>\n<li>\"Schwarze Jule\" - kolej miejska w Forster<\/li>\n<li>Zwiedzanie miasta i rajd miejski<\/li>\n<li>Jak dawniej wygl\u0105da\u0142a szko\u0142a<\/li>\n<li>Zb\u00f3jnik baron Nickel von Rothe<\/li>\n<li>Powodzie i ich skutki<\/li>\n<li>Herb Bieberstein i herb Forster<\/li>\n<li>Uprzemys\u0142owienie<\/li>\n<li>Uszyj samodzielnie przytuln\u0105 poduszk\u0119 patchworkow\u0105<\/li>\n<li>Zdj\u0119cia gwint\u00f3w<\/li>\n<li>Filcowanie we\u0142ny owczej<\/li>\n<li>Tkaninowe serca<\/li>\n<li>Magia kwiat\u00f3w ze skrawk\u00f3w tkanin<\/li>\n<li>Cienkie nici staj\u0105 si\u0119 mocnym sznurem<\/li>\n<li>Tkanina staje si\u0119 serwet\u0105<\/li>\n<li>Technika serwetkowa<\/li>\n<li>W jaki spos\u00f3b mycie odbywa\u0142o si\u0119 w przesz\u0142o\u015bci?<\/li>\n<li>Sami produkujemy papier<\/li>\n<li>Jak kret zdoby\u0142 par\u0119 spodni<\/li>\n<li>Tkactwo na krosnach r\u0119cznych<\/li>\n<\/ol>\n<p><a href=\"\/museen\/brandenburgisches-textilmuseum-forst\/#kinderangebot_textil_forst\">Przegl\u0105daj oferty <i class=\"wpcmsdev-icon fa fa-fa fa-lg  fa-caret-right\"><\/i><\/a><\/p>\n<hr \/>\n<h4>Muzeum Wsi Sacro<\/h4>\n<ol>\n<li>\u015aladami serbo\u0142u\u017cyckich\/wendyjskich zwyczaj\u00f3w<\/li>\n<\/ol>\n<p><a href=\"\/museen\/dorfmuseum-sacro\/#kinderangebot_sacro\">Zobacz ofert\u0119 <i class=\"wpcmsdev-icon fa fa-fa fa-lg  fa-caret-right\"><\/i><\/a><\/p>\n<hr \/>\n<h4>Erwin Strittmatter Memoria\u0142 \"Sklep\" Bohsdorf<\/h4>\n<ol>\n<li>\u015aladami Erwina Strittmattera w Bohsdorfie<\/li>\n<\/ol>\n<p><a href=\"\/museen\/erwin-strittmatter-gedenkstaette-der-laden-bohsdorf\/#kinderangebot_laden\">Zobacz ofert\u0119 <i class=\"wpcmsdev-icon fa fa-fa fa-lg  fa-caret-right\"><\/i><\/a><\/p>\n<hr \/>\n<h4>Wie\u017ca Twierdzy Peitz<\/h4>\n<ol>\n<li>Zwiedzanie wie\u017cy Twierdzy Peitz z przewodnikiem<\/li>\n<\/ol>\n<p><a href=\"\/museen\/festungsturm-peitz\/#kinderangebot_fest_peitz\">Zobacz ofert\u0119 <i class=\"wpcmsdev-icon fa fa-fa fa-lg  fa-caret-right\"><\/i><\/a><\/p>\n<hr \/>\n<h4>Muzeum Stra\u017cy Po\u017carnej w Welzow<\/h4>\n<ol>\n<li>Technika po\u017carnicza<\/li>\n<\/ol>\n<p><a href=\"\/museen\/feuerwehrmuseum-welzow\/#kinderangebot_feuerwehr_welzow\">Zobacz ofert\u0119 <i class=\"wpcmsdev-icon fa fa-fa fa-lg  fa-caret-right\"><\/i><\/a><\/p>\n<hr \/>\n<h4>Muzeum Lotnictwa w Welzow<\/h4>\n<ol>\n<li>Historia lotniska w Welzow<\/li>\n<\/ol>\n<p><a href=\"\/museen\/flugplatzmuseum-welzow\/#kinderangebot_flugplatz_welzow\">Zobacz ofert\u0119 <i class=\"wpcmsdev-icon fa fa-fa fa-lg  fa-caret-right\"><\/i><\/a><\/p>\n<hr \/>\n<h4>Skansen \"Zeitsprung\" Klinge<\/h4>\n<ol>\n<li>Skamienia\u0142o\u015bci z bliska i osobi\u015bcie - szczeg\u00f3lny rodzaj skoku w przesz\u0142o\u015b\u0107 do eemskiego okresu ciep\u0142ego<\/li>\n<\/ol>\n<p><a href=\"\/museen\/freilichtmuseum-zeitsprung-klinge\/#kinderangebot_zeitsprung\">Zobacz ofert\u0119 <i class=\"wpcmsdev-icon fa fa-fa fa-lg  fa-caret-right\"><\/i><\/a><\/p>\n<hr \/>\n<h4>Wystawa Johanna Friedricha Fritza - Ko\u015bci\u00f3\u0142 ewangelicki w Kolkwitz<\/h4>\n<ol>\n<li>Wystawa o Johannie Friedrichu Fritze<\/li>\n<\/ol>\n<p><a href=\"\/museen\/johann-friedrich-fritze-ausstellung\/#kinderangebot_fritzemuseum\">Zobacz ofert\u0119 <i class=\"wpcmsdev-icon fa fa-fa fa-lg  fa-caret-right\"><\/i><\/a><\/p>\n<hr \/>\n<h4>Muzeum historii lokalnej Dissen<\/h4>\n<ol>\n<li>\"Stary Lud - spotkanie z pradawnymi lud\u017ami\" - podr\u00f3\u017c w czasie do X\/XI wieku<\/li>\n<li>Kr\u00f3tki zarys historii Serbo\u0142u\u017cyczan\/Wend\u00f3w<\/li>\n<li>Rok ko\u015bcielny - Projekt LER<\/li>\n<li>Bocianie lato, czyli \"Gdzie s\u0105 bociany zim\u0105?\"- wycieczka przyrodnicza<\/li>\n<li>Zarys wsp\u00f3\u0142czesnej serbo\u0142u\u017cyckiej muzyki i literatury - r\u00f3\u017cnorodno\u015b\u0107 serbo\u0142u\u017cyckiej muzyki, tw\u00f3rczych poet\u00f3w i pisarzy<\/li>\n<li>Pos\u0142uchaj - przy\u0142\u0105cz si\u0119! - Piosenki do s\u0142uchania, \u015bpiewania i udzia\u0142u w zabawie<\/li>\n<li>Jedzenie i picie \u0142\u0105czy cia\u0142o i dusz\u0119 - O jedzeniu i piciu, gromadzeniu zapas\u00f3w i kolejno\u015bci posi\u0142k\u00f3w<\/li>\n<li>Opowie\u015bci wok\u00f3\u0142 s\u0142odkiej masy - gotowanie i opowiadanie w muzeum<\/li>\n<li>Samodzielne ozdabianie serbo\u0142u\u017cyckich pisanek - technika rezerwy woskowej<\/li>\n<li>Ceramiczne zawieszki na Wielkanoc i Bo\u017ce Narodzenie - Praca w glinie<\/li>\n<li>Czas na pieczone jab\u0142ka - Pieczone jab\u0142ka i bajki w muzeum<\/li>\n<li>Wypiekane gliniane poinsecje i serca<\/li>\n<li>Gwiazdy z p\u0142atk\u00f3w \u015bniegu - Sn\u0115\u017eynka - R\u0119kodzie\u0142o i opowiadanie w muzeum<\/li>\n<\/ol>\n<p><a href=\"\/museen\/heimatmuseum-dissen\/#kinderangebot_dissen\">Przegl\u0105daj oferty <i class=\"wpcmsdev-icon fa fa-fa fa-lg  fa-caret-right\"><\/i><\/a><\/p>\n<hr \/>\n<h4>Muzeum Krajoznawcze \"K\u00f3lasko\" Drachhausen<\/h4>\n<ol>\n<li>Len i p\u0142\u00f3tno<\/li>\n<\/ol>\n<p><a href=\"\/museen\/heimatmuseum-kolasko-drachhausen\/#kinderangebot_kolasko\">Zobacz ofert\u0119 <i class=\"wpcmsdev-icon fa fa-fa fa-lg  fa-caret-right\"><\/i><\/a><\/p>\n<hr \/>\n<h4>Muzeum krajoznawcze Tauer<\/h4>\n<ol>\n<li>Piec piekarniczy, zwyczaje i typowy ogr\u00f3d wiejski<\/li>\n<\/ol>\n<p><a href=\"\/museen\/heimatmuseum-tauer\/#kinderangebot_tauer\">Zobacz ofert\u0119 <i class=\"wpcmsdev-icon fa fa-fa fa-lg  fa-caret-right\"><\/i><\/a><\/p>\n<hr \/>\n<h4>Sala historii lokalnej w Burgu<\/h4>\n<ol>\n<li>Bajeczna podr\u00f3\u017c odkrywc\u00f3w<\/li>\n<li>Legendarne postacie Spreewaldu<\/li>\n<li>Sk\u0142adanie z papieru<\/li>\n<\/ol>\n<p><a href=\"\/museen\/heimatstube-burg\/#kinderangebot_burg\">Przegl\u0105daj oferty <i class=\"wpcmsdev-icon fa fa-fa fa-lg  fa-caret-right\"><\/i><\/a><\/p>\n<hr \/>\n<h4>Sala historii lokalnej D\u00f6bern<\/h4>\n<ol>\n<li>Dowody na lokaln\u0105 histori\u0119 D\u00f6bern<\/li>\n<\/ol>\n<p><a href=\"\/museen\/heimatstube-doebern\/#kinderangebot_doebern\">Zobacz ofert\u0119 <i class=\"wpcmsdev-icon fa fa-fa fa-lg  fa-caret-right\"><\/i><\/a><\/p>\n<hr \/>\n<h4>Sala historii lokalnej Gro\u00df K\u00f6lzig<\/h4>\n<ol>\n<li>Z pami\u0119tnika ziemi - ziemsko-historyczny rozw\u00f3j naszego rodzimego krajobrazu<\/li>\n<li>Sk\u0105d wiemy, co dzia\u0142o si\u0119 w przesz\u0142o\u015bci<\/li>\n<li>Z dawnych czas\u00f3w - lokalne legendy i opowie\u015bci o duchach<\/li>\n<li>Nasza lipa s\u0142upowa opowiada - jurysdykcja wiejska, historia osadnictwa dawnych wsi ko\u015bcielnych i posiad\u0142o\u015bci wersalskich<\/li>\n<li>Jak \u017cyli i pracowali ludzie w przesz\u0142o\u015bci - rolnictwo i g\u00f3rnictwo<\/li>\n<li>Jak dawniej wygl\u0105da\u0142a szko\u0142a<\/li>\n<li>Wspomnienia z tamtych strasznych czas\u00f3w<\/li>\n<\/ol>\n<p><a href=\"\/museen\/heimatstube-gross-koelzig\/\">Przegl\u0105daj oferty <i class=\"wpcmsdev-icon fa fa-fa fa-lg  fa-caret-right\"><\/i><\/a><\/p>\n<hr \/>\n<h4>Sala historii lokalnej Klein K\u00f6lzig<\/h4>\n<ol>\n<li>Sztuka i rzemios\u0142o oraz historia wsi<\/li>\n<li>\u015aladami \u0142u\u017cyckiej kolei ceglanej i lekkiej<\/li>\n<\/ol>\n<p><a href=\"\/museen\/heimatstube-klein-koelzig\/#kinderangebot_klein_koelzig\">Przegl\u0105daj oferty <i class=\"wpcmsdev-icon fa fa-fa fa-lg  fa-caret-right\"><\/i><\/a><\/p>\n<hr \/>\n<h4>Sala historii lokalnej w Trebendorfie<\/h4>\n<ol>\n<li>Historia lokalna i dw\u00f3r<\/li>\n<\/ol>\n<p><a href=\"\/museen\/heimatstube-trebendorf\/\">Zobacz ofert\u0119 <i class=\"wpcmsdev-icon fa fa-fa fa-lg  fa-caret-right\"><\/i><\/a><\/p>\n<hr \/>\n<h4>Sala historii lokalnej Tschernitz<\/h4>\n<ol>\n<li>Czerwona szko\u0142a i kolorowe szk\u0142o<\/li>\n<\/ol>\n<p><a href=\"\/museen\/heimatstube-tschernitz\/\">Zobacz ofert\u0119 <i class=\"wpcmsdev-icon fa fa-fa fa-lg  fa-caret-right\"><\/i><\/a><\/p>\n<hr \/>\n<h4>Sala historii lokalnej w Welzow<\/h4>\n<ol>\n<li>Historia przemys\u0142u mi\u0119dzy w\u0119glem a szk\u0142em<\/li>\n<\/ol>\n<p><a href=\"\/museen\/heimatstube-welzow\/#kinderangebot_h_welzow\">Zobacz ofert\u0119 <i class=\"wpcmsdev-icon fa fa-fa fa-lg  fa-caret-right\"><\/i><\/a><\/p>\n<hr \/>\n<h4>Muzeum Zabawek Kackrow<\/h4>\n<ol>\n<li>Zabytkowe lalki i zabawki<\/li>\n<\/ol>\n<p><a href=\"\/museen\/spielzeugmuseum-kackrow\/#kinderangebot_kackrow\">Zobacz ofert\u0119 <i class=\"wpcmsdev-icon fa fa-fa fa-lg  fa-caret-right\"><\/i><\/a><\/p>\n<hr \/>\n<h4>Muzeum Rybo\u0142\u00f3wstwa i Huty \u017belaza w Peitz<\/h4>\n<ol>\n<li>Zwiedzanie z przewodnikiem Huty Peitz i Muzeum Rybo\u0142\u00f3wstwa<\/li>\n<li>Odlewanie pokazowe z aluminium<\/li>\n<li>Upiec ciasto z klamr\u0105<\/li>\n<\/ol>\n<p><a href=\"\/museen\/eisenhuetten-und-fischereimuseum-peitz\/#kinderangebot_hu_peitz\">Przegl\u0105daj oferty <i class=\"wpcmsdev-icon fa fa-fa fa-lg  fa-caret-right\"><\/i><\/a><\/p>\n<hr \/>\n<h4>Centrum Informacji i Spotka\u0144 Ko\u015bcio\u0142a w Hornie<\/h4>\n<ol>\n<li>\"Zagubiony dom\" na ko\u015bcielnym strychu - wspomnienia o zniszczonych ko\u015bcio\u0142ach<\/li>\n<\/ol>\n<p><a href=\"\/museen\/kirchliches-informations-und-begegnungszentrum-horno\/#kinderangebot_horno\">Zobacz ofert\u0119 <i class=\"wpcmsdev-icon fa fa-fa fa-lg  fa-caret-right\"><\/i><\/a><\/p>\n<hr \/>\n<h4>\u015acie\u017cka edukacyjna \"Walka z po\u017carami las\u00f3w wczoraj i dzi\u015b\" Gosda II<\/h4>\n<ol>\n<li>Gaszenie po\u017car\u00f3w las\u00f3w wczoraj i dzi\u015b<\/li>\n<\/ol>\n<p><a href=\"\/museen\/lehrpfad-waldbrandbekaempfung-gestern-und-heute-gosda-ii\/#kinderangebot_gosda\">Zobacz ofert\u0119 <i class=\"wpcmsdev-icon fa fa-fa fa-lg  fa-caret-right\"><\/i><\/a><\/p>\n<hr \/>\n<h4>Muzeum Historii Wojskowo\u015bci w Kolkwitz<\/h4>\n<ol>\n<li>Tajemnicze g\u0142\u0119biny - wystawa w dawnej budowli ochronnej<\/li>\n<\/ol>\n<p><a href=\"\/museen\/militaerhistorisches-museum-kolkwitz\/#kinderangebot_mili_kolkwitz\">Zobacz ofert\u0119 <i class=\"wpcmsdev-icon fa fa-fa fa-lg  fa-caret-right\"><\/i><\/a><\/p>\n<hr \/>\n<h4>Muzeum Wrzosowisk Dolnych \u0141u\u017cyc Spremberg<\/h4>\n<ol>\n<li>\u017bycie dawniej i dzi\u015b<\/li>\n<li>Gra o zamek<\/li>\n<li>Tajna zielarstwo<\/li>\n<li>Dzie\u0144 prania<\/li>\n<\/ol>\n<p><a href=\"https:\/\/www.lausitzer-museenland.de\/museen\/niederlausitzer-heidemuseum-spremberg\/#kinderangebot_spremberg\">Przegl\u0105daj oferty <i class=\"wpcmsdev-icon fa fa-fa fa-lg  fa-caret-right\"><\/i><\/a><\/p>\n<hr \/>\n<h4>Muzeum Dolno\u0142u\u017cyckiej Wsi Serbo\u0142u\u017cyckiej Bloischdorf<\/h4>\n<ol>\n<li>Rolnictwo wczoraj i dzi\u015b<\/li>\n<li>Od ziarna do chleba<\/li>\n<li>Od krowy do mas\u0142a zio\u0142owego<\/li>\n<\/ol>\n<p><a href=\"\/museen\/niederlausitzer-sorbisches-dorfmuseum-bloischdorf\/#kinderangebot_bloischdorf\">Przegl\u0105daj oferty <i class=\"wpcmsdev-icon fa fa-fa fa-lg  fa-caret-right\"><\/i><\/a><\/p>\n<hr \/>\n<h4>M\u0142yn wodny w Rossdorfie<\/h4>\n<ol>\n<li>Droga od ziarna do m\u0105ki<\/li>\n<\/ol>\n<p><a href=\"\/museen\/nossdorfer-wassermuehle\/#kinderangebot_nossdorf\">Zobacz ofert\u0119 <i class=\"wpcmsdev-icon fa fa-fa fa-lg  fa-caret-right\"><\/i><\/a><\/p>\n<hr \/>\n<h4>Tkalnia serbo\u0142u\u017cycka Drebkau<\/h4>\n<ol>\n<li>Malowanie pisanek po\u0142\u0105czone z wizyt\u0105 w muzeum<\/li>\n<li>R\u0119kodzie\u0142o w okresie przed\u015bwi\u0105tecznym<\/li>\n<\/ol>\n<p><a href=\"\/museen\/sorbische-webstube-drebkau\/#kinderangebot_drebkau\">Przegl\u0105daj oferty <i class=\"wpcmsdev-icon fa fa-fa fa-lg  fa-caret-right\"><\/i><\/a><\/p>\n<hr \/>\n<h4>\u00a0\"M\u0142yn Spruckera\" Guben<\/h4>\n<ol>\n<li>\u017bycie ludzi w tamtych czasach<\/li>\n<li>Dni szko\u0142y - dawniej i dzi\u015b<\/li>\n<li>Karty raportowe<\/li>\n<li>Od ziarna do m\u0105ki<\/li>\n<li>Tradycje wielkanocne<\/li>\n<li>Samodzielne projektowanie pisanek<\/li>\n<\/ol>\n<p><a href=\"\/museen\/sprucker-muehle-guben\/#kinderangebot_sm_guben\">Przegl\u0105daj oferty <i class=\"wpcmsdev-icon fa fa-fa fa-lg  fa-caret-right\"><\/i><\/a><\/p>\n<hr \/>\n<h4>\u00a0Muzeum Miasta i Przemys\u0142u w Guben<\/h4>\n<ol>\n<li>Rajd muzealny (poznawanie muzeum w formie zabawy)<\/li>\n<li>Karty raportowe<\/li>\n<li>Produkcja kapeluszy<\/li>\n<li>\"Jak powstaje kapelusz\" - pokaz filmu o powstawaniu kapelusza<\/li>\n<li>Stacja degustacji prawdziwych kapeluszy<\/li>\n<li>Akcja zdj\u0119ciowa w stacji degustacyjnej \"Prawdziwy Kapelusz<\/li>\n<li>Filcowanie<\/li>\n<\/ol>\n<p><a href=\"\/museen\/stadt-und-industriemuseum-guben\/#kinderangebot_industrie_guben\">Przegl\u0105daj oferty <i class=\"wpcmsdev-icon fa fa-fa fa-lg  fa-caret-right\"><\/i><\/a><\/p>\n<hr \/>\n<h4>\u00a0Wendyjsko-Niemieckie Muzeum Historii Lokalnej J\u00e4nschwalde<\/h4>\n<ol>\n<li>Serbo\u0142u\u017cyckie zwyczaje wielkanocne<\/li>\n<\/ol>\n<p><a href=\"\/museen\/wendisch-deutsches-heimatmuseum-jaenschwalde\/#kinderangebot_jaenschwalde\">Zobacz ofert\u0119 <i class=\"wpcmsdev-icon fa fa-fa fa-lg  fa-caret-right\"><\/i><\/a><\/p>\n<hr \/>\n<h4>\u00a0Muzeum Wendyjskie Cottbus<\/h4>\n<ol>\n<li>Bogactwo kulturowe ma\u0142ego narodu serbo\u0142u\u017cycko-wendyjskiego<\/li>\n<li>Kursy malowania jajek wielkanocnych<\/li>\n<\/ol>\n<p><a href=\"\/museen\/wendisches-museum-cottbus\/#kinderangebot_wend_cottbus\">Przegl\u0105daj oferty <i class=\"wpcmsdev-icon fa fa-fa fa-lg  fa-caret-right\"><\/i><\/a><\/p>\n<hr \/>\n<h4>\u00a0Muzeum Jajek Wielkanocnych Sabrodta<\/h4>\n<ol>\n<li>Wszystko o jajkach - serbo\u0142u\u017cyckich i \u015bwiatowych - przynosz\u0105cych jajka, znosz\u0105cych jajka, przedmiotach zwi\u0105zanych z jajkami oraz wiele zabawnych rzeczy zwi\u0105zanych z jajkami i rzeczami w kszta\u0142cie jajek.<\/li>\n<\/ol>\n<p><a href=\"\/museen\/ostereiermuseum-sabrodt\/#kinderangebot_sabrodt\">Zobacz ofert\u0119 <i class=\"wpcmsdev-icon fa fa-fa fa-lg  fa-caret-right\"><\/i><\/a><\/p>\n<hr \/>\n<h4>Tkanina Gubenera i w\u0142\u00f3kna chemiczne<\/h4>\n<ol>\n<li>Rajd muzealny<\/li>\n<\/ol>\n<p><a href=\"\/museen\/ausstellung-gubener-tuche-und-chemiefasern\/#kinderangebot_museumsrallye\">Zobacz ofert\u0119 <i class=\"wpcmsdev-icon fa fa-fa fa-lg  fa-caret-right\"><\/i><\/a><\/p>\n<hr \/>\n<h4>Zamek Hornow<\/h4>\n<ol>\n<li>Zwiedzanie zamku<\/li>\n<\/ol>\n<p><a href=\"\/museen\/schloss-hornow-grod-lesce\/#kinderangebot_hornow\">Zobacz ofert\u0119 <i class=\"wpcmsdev-icon fa fa-fa fa-lg  fa-caret-right\"><\/i><\/a><\/p>\n<hr \/>","protected":false},"excerpt":{"rendered":"<p>Kobi - duch ma\u0142ego domu - jest w muzeum jak w domu. Tam mieszka w kapciuchu pod piecem. O p\u00f3\u0142nocy pods\u0142uchuje starych muzealnik\u00f3w, gdy opowiadaj\u0105 o przesz\u0142o\u015bci. Opowiada te ekscytuj\u0105ce historie pracownikom muzeum, kt\u00f3rzy nast\u0119pnie przekazuj\u0105 je dzieciom - historie z dawnych, starych czas\u00f3w. \"Stary M\u0142yn\" Proschim Wystawa wg.<\/p>","protected":false},"author":13,"featured_media":3832,"parent":281,"menu_order":0,"comment_status":"closed","ping_status":"closed","template":"","meta":[],"_links":{"self":[{"href":"https:\/\/www.lausitzer-museenland.de\/pl\/wp-json\/wp\/v2\/pages\/380"}],"collection":[{"href":"https:\/\/www.lausitzer-museenland.de\/pl\/wp-json\/wp\/v2\/pages"}],"about":[{"href":"https:\/\/www.lausitzer-museenland.de\/pl\/wp-json\/wp\/v2\/types\/page"}],"author":[{"embeddable":true,"href":"https:\/\/www.lausitzer-museenland.de\/pl\/wp-json\/wp\/v2\/users\/13"}],"replies":[{"embeddable":true,"href":"https:\/\/www.lausitzer-museenland.de\/pl\/wp-json\/wp\/v2\/comments?post=380"}],"version-history":[{"count":57,"href":"https:\/\/www.lausitzer-museenland.de\/pl\/wp-json\/wp\/v2\/pages\/380\/revisions"}],"predecessor-version":[{"id":55274,"href":"https:\/\/www.lausitzer-museenland.de\/pl\/wp-json\/wp\/v2\/pages\/380\/revisions\/55274"}],"up":[{"embeddable":true,"href":"https:\/\/www.lausitzer-museenland.de\/pl\/wp-json\/wp\/v2\/pages\/281"}],"wp:featuredmedia":[{"embeddable":true,"href":"https:\/\/www.lausitzer-museenland.de\/pl\/wp-json\/wp\/v2\/media\/3832"}],"wp:attachment":[{"href":"https:\/\/www.lausitzer-museenland.de\/pl\/wp-json\/wp\/v2\/media?parent=380"}],"curies":[{"name":"wp","href":"https:\/\/api.w.org\/{rel}","templated":true}]}}