{"id":3837,"date":"2015-01-12T14:14:04","date_gmt":"2015-01-12T13:14:04","guid":{"rendered":"http:\/\/lausitzer-museenland.de\/?page_id=3837"},"modified":"2023-11-21T13:38:30","modified_gmt":"2023-11-21T12:38:30","slug":"kontaktformular","status":"publish","type":"page","link":"https:\/\/www.lausitzer-museenland.de\/pl\/formularz-kontaktowy\/","title":{"rendered":"Kontakt"},"content":{"rendered":"<p>Haben Sie Fragen, W\u00fcnsche, Anregungen? Wir freuen uns \u00fcber Ihre Nachricht.\u00a0 Wir erheben so wenig personenbezogene Daten wie m\u00f6glich (Teledienstdatenschutzgesetz \u00a74 Absatz 1 TDDSG und Mediendienste-Staatsvertrag \u00a713 Absatz 1 MDStV). Aus nachvollziehbaren Gr\u00fcnden ben\u00f6tigen wir jedoch folgende Angaben: Name und E-Mail.<\/p>\n<div class=\"wpcmsdev-columns\">\n<div class=\"column column-width-one-half\">\n<h3>Anschrift<\/h3>\n<p>Koordinationsstelle<br \/>\nArbeitskreis Lausitzer Museenland<br \/>\nSven Vogt<br \/>\nSlamer H\u00f6he 22<br \/>\n03130 Spremberg<\/p>\n<p><i class=\"fa fa-phone\"><\/i> 0 35 63 \/ 59 31 407<\/p>\n<p><i class=\"fa fa-envelope\"><\/i> info[at]lausitzer-museenland.de<br \/>\n<a href=\"https:\/\/www.lausitzer-museenland.de\"><i class=\"fa fa-globe\"><\/i> www.lausitzer-museenland.de<\/a><\/p>\n<\/div>\n<div class=\"column column-width-one-half\">\n<h3>Anfahrt<\/h3>\n<p><iframe loading=\"lazy\" style=\"border: 0;\" src=\"https:\/\/www.google.com\/maps\/embed?pb=!1m18!1m12!1m3!1d2479.7687453291855!2d14.394230000000002!3d51.572472800000035!2m3!1f0!2f0!3f0!3m2!1i1024!2i768!4f13.1!3m3!1m2!1s0x47086f59915df35f%3A0xf1f4e26a8fb2332e!2sSlamener+H%C3%B6he+22%2C+03130+Spremberg!5e0!3m2!1sde!2sde!4v1428592960333\" width=\"350\" height=\"200\" frameborder=\"0\"><\/iframe><\/p>\n<\/div>\n<\/div>\n<hr \/>\n\n<div class=\"wpcf7 no-js\" id=\"wpcf7-f3836-o1\" lang=\"de-DE\" dir=\"ltr\">\n<div class=\"screen-reader-response\"><p role=\"status\" aria-live=\"polite\" aria-atomic=\"true\"><\/p> <ul><\/ul><\/div>\n<form action=\"\/pl\/wp-json\/wp\/v2\/pages\/3837#wpcf7-f3836-o1\" method=\"post\" class=\"wpcf7-form init\" aria-label=\"Kontaktformular\" novalidate=\"novalidate\" data-status=\"init\">\n<div style=\"display: none;\">\n<input type=\"hidden\" name=\"_wpcf7\" value=\"3836\" \/>\n<input type=\"hidden\" name=\"_wpcf7_version\" value=\"5.7.7\" \/>\n<input type=\"hidden\" name=\"_wpcf7_locale\" value=\"de_DE\" \/>\n<input type=\"hidden\" name=\"_wpcf7_unit_tag\" value=\"wpcf7-f3836-o1\" \/>\n<input type=\"hidden\" name=\"_wpcf7_container_post\" value=\"0\" \/>\n<input type=\"hidden\" name=\"_wpcf7_posted_data_hash\" value=\"\" \/>\n<\/div>\n<p>Ihr Name (Pflichtfeld)\n<\/p>\n<p><span class=\"wpcf7-form-control-wrap\" data-name=\"your-name\"><input size=\"40\" class=\"wpcf7-form-control wpcf7-text wpcf7-validates-as-required\" aria-required=\"true\" aria-invalid=\"false\" value=\"\" type=\"text\" name=\"your-name\" \/><\/span>\n<\/p>\n<p>Ihre E-Mail-Adresse (Pflichtfeld)\n<\/p>\n<p><span class=\"wpcf7-form-control-wrap\" data-name=\"your-email\"><input size=\"40\" class=\"wpcf7-form-control wpcf7-text wpcf7-email wpcf7-validates-as-required wpcf7-validates-as-email\" aria-required=\"true\" aria-invalid=\"false\" value=\"\" type=\"email\" name=\"your-email\" \/><\/span>\n<\/p>\n<p>Betreff\n<\/p>\n<p><span class=\"wpcf7-form-control-wrap\" data-name=\"your-subject\"><input size=\"40\" class=\"wpcf7-form-control wpcf7-text\" aria-invalid=\"false\" value=\"\" type=\"text\" name=\"your-subject\" \/><\/span>\n<\/p>\n<p>Ihre Nachricht\n<\/p>\n<p><span class=\"wpcf7-form-control-wrap\" data-name=\"your-message\"><textarea cols=\"40\" rows=\"10\" class=\"wpcf7-form-control wpcf7-textarea\" aria-invalid=\"false\" name=\"your-message\"><\/textarea><\/span>\n<\/p>\n<p>Datenschutz\n<\/p>\n<p><span class=\"wpcf7-form-control-wrap\" data-name=\"acceptance-3\"><span class=\"wpcf7-form-control wpcf7-acceptance\"><span class=\"wpcf7-list-item\"><input type=\"checkbox\" name=\"acceptance-3\" value=\"1\" aria-invalid=\"false\" \/><\/span><\/span><\/span> JA, Hiermit stimme ich der Nutzung meiner Daten lt. <a href=\"\/datenschutz\">Datenschutzerkl\u00e4rung<\/a> zu.\n<\/p>\n<p><br \/>\n<input type=\"hidden\" name=\"_wpcf7_captcha_challenge_captcha-684\" value=\"185556053\" \/><img class=\"wpcf7-form-control wpcf7-captchac wpcf7-captcha-captcha-684\" width=\"72\" height=\"24\" alt=\"captcha\" src=\"https:\/\/www.lausitzer-museenland.de\/wp-content\/uploads\/wpcf7_captcha\/185556053.png\" \/>\n<\/p>\n<p><br \/>\n<span class=\"wpcf7-form-control-wrap\" data-name=\"captcha-684\"><input size=\"40\" class=\"wpcf7-form-control wpcf7-captchar\" autocomplete=\"off\" aria-invalid=\"false\" value=\"\" type=\"text\" name=\"captcha-684\" \/><\/span>\n<\/p>\n<div class=\"enigma_blog_read_btn\">\n\t<p><input class=\"wpcf7-form-control has-spinner wpcf7-submit\" type=\"submit\" value=\"Senden\" \/><i class=\"fa fa-chevron-circle-right\"><\/i>\n\t<\/p>\n<\/div><div class=\"wpcf7-response-output\" aria-hidden=\"true\"><\/div>\n<\/form>\n<\/div>\n\n","protected":false},"excerpt":{"rendered":"<p>Czy masz jakie\u015b pytania, pro\u015bby lub sugestie? Czekamy na Twoj\u0105 wiadomo\u015b\u0107.  Gromadzimy jak najmniejsz\u0105 ilo\u015b\u0107 danych osobowych (Ustawa o ochronie danych osobowych w sektorze us\u0142ug telekomunikacyjnych \u00a74 ust. 1 TDDSG i Umowa pa\u0144stwowa o us\u0142ugach medialnych \u00a713 ust. 1 MDStV). Ze zrozumia\u0142ych wzgl\u0119d\u00f3w potrzebujemy jednak nast\u0119puj\u0105cych informacji: Imi\u0119 i nazwisko oraz e-mail.<\/p>","protected":false},"author":13,"featured_media":3842,"parent":0,"menu_order":0,"comment_status":"closed","ping_status":"closed","template":"","meta":[],"_links":{"self":[{"href":"https:\/\/www.lausitzer-museenland.de\/pl\/wp-json\/wp\/v2\/pages\/3837"}],"collection":[{"href":"https:\/\/www.lausitzer-museenland.de\/pl\/wp-json\/wp\/v2\/pages"}],"about":[{"href":"https:\/\/www.lausitzer-museenland.de\/pl\/wp-json\/wp\/v2\/types\/page"}],"author":[{"embeddable":true,"href":"https:\/\/www.lausitzer-museenland.de\/pl\/wp-json\/wp\/v2\/users\/13"}],"replies":[{"embeddable":true,"href":"https:\/\/www.lausitzer-museenland.de\/pl\/wp-json\/wp\/v2\/comments?post=3837"}],"version-history":[{"count":33,"href":"https:\/\/www.lausitzer-museenland.de\/pl\/wp-json\/wp\/v2\/pages\/3837\/revisions"}],"predecessor-version":[{"id":54891,"href":"https:\/\/www.lausitzer-museenland.de\/pl\/wp-json\/wp\/v2\/pages\/3837\/revisions\/54891"}],"wp:featuredmedia":[{"embeddable":true,"href":"https:\/\/www.lausitzer-museenland.de\/pl\/wp-json\/wp\/v2\/media\/3842"}],"wp:attachment":[{"href":"https:\/\/www.lausitzer-museenland.de\/pl\/wp-json\/wp\/v2\/media?parent=3837"}],"curies":[{"name":"wp","href":"https:\/\/api.w.org\/{rel}","templated":true}]}}