{"id":384,"date":"2014-11-12T10:23:33","date_gmt":"2014-11-12T09:23:33","guid":{"rendered":"http:\/\/lausitzer-museenland.de\/?page_id=384"},"modified":"2014-12-17T17:24:44","modified_gmt":"2014-12-17T16:24:44","slug":"klemmkuchenbacken","status":"publish","type":"page","link":"https:\/\/www.lausitzer-museenland.de\/pl\/serwis\/kobi\/klemmkuchenbacken\/","title":{"rendered":"Pieczenie ciastek zaciskowych w Muzeum Huty Peitz"},"content":{"rendered":"<p>W Muzeum Rybo\u0142\u00f3wstwa i Huty \u017belaza Peitz znajduje si\u0119 historyczna kolekcja klamrowych \u017celazek do ciasta. Zgodnie z oryginaln\u0105 receptur\u0105 przekazan\u0105 oko\u0142o 1900 r. pyszne ciastka zaciskowe wypiekane s\u0105 za pomoc\u0105 \u017celazka zaciskowego w piecu \u017celiwnym w hali wielkiego pieca muzeum.<\/p>\n<p>Oferta odbywa si\u0119 w pomieszczeniach zamkni\u0119tych i jest skierowana do wszystkich grup wiekowych.<\/p>\n<p>Terminy: po uzgodnieniu<br \/>\nCzas trwania: ok. 1 godz.<br \/>\nRejestracja wst\u0119pna: najp\u00f3\u017aniej 2 tygodnie przed<br \/>\nCena za osob\u0119: 1,00 \u20ac za osob\u0119 dla dzieci i uczni\u00f3w<\/p>\n<p><a title=\"Muzeum Hutnictwa i Rybo\u0142\u00f3wstwa w Peitz \/ Hutowy a rybarski muzej Picnjo\" href=\"https:\/\/www.lausitzer-museenland.de\/museen\/eisenhuetten-und-fischereimuseum-peitz\/\">Muzeum Rybo\u0142\u00f3wstwa i Huty \u017belaza w Peitz<\/a><\/p>","protected":false},"excerpt":{"rendered":"<p>W Muzeum Huty i Rybo\u0142\u00f3wstwa Peitz znajduje si\u0119 historyczna kolekcja \u017celiwiak\u00f3w zaciskowych. Zgodnie z oryginaln\u0105 receptur\u0105 przekazan\u0105 oko\u0142o 1900 roku, pyszne ciastka zaciskowe wypiekane s\u0105 w piecu kopu\u0142owym w hali wielkiego pieca muzeum przy pomocy \u017celazka do ciastek zaciskowych. Oferta odbywa si\u0119 w pomieszczeniach zamkni\u0119tych i jest skierowana do wszystkich grup wiekowych. Terminy: po uzgodnieniu Czas trwania: ok. 1 godziny Zg\u0142oszenie wst\u0119pne: najp\u00f3\u017aniej<\/p>","protected":false},"author":13,"featured_media":0,"parent":380,"menu_order":0,"comment_status":"closed","ping_status":"closed","template":"","meta":[],"_links":{"self":[{"href":"https:\/\/www.lausitzer-museenland.de\/pl\/wp-json\/wp\/v2\/pages\/384"}],"collection":[{"href":"https:\/\/www.lausitzer-museenland.de\/pl\/wp-json\/wp\/v2\/pages"}],"about":[{"href":"https:\/\/www.lausitzer-museenland.de\/pl\/wp-json\/wp\/v2\/types\/page"}],"author":[{"embeddable":true,"href":"https:\/\/www.lausitzer-museenland.de\/pl\/wp-json\/wp\/v2\/users\/13"}],"replies":[{"embeddable":true,"href":"https:\/\/www.lausitzer-museenland.de\/pl\/wp-json\/wp\/v2\/comments?post=384"}],"version-history":[{"count":4,"href":"https:\/\/www.lausitzer-museenland.de\/pl\/wp-json\/wp\/v2\/pages\/384\/revisions"}],"predecessor-version":[{"id":3624,"href":"https:\/\/www.lausitzer-museenland.de\/pl\/wp-json\/wp\/v2\/pages\/384\/revisions\/3624"}],"up":[{"embeddable":true,"href":"https:\/\/www.lausitzer-museenland.de\/pl\/wp-json\/wp\/v2\/pages\/380"}],"wp:attachment":[{"href":"https:\/\/www.lausitzer-museenland.de\/pl\/wp-json\/wp\/v2\/media?parent=384"}],"curies":[{"name":"wp","href":"https:\/\/api.w.org\/{rel}","templated":true}]}}