{"id":392,"date":"2014-11-12T10:34:07","date_gmt":"2014-11-12T09:34:07","guid":{"rendered":"http:\/\/lausitzer-museenland.de\/?page_id=392"},"modified":"2017-09-26T12:55:59","modified_gmt":"2017-09-26T11:55:59","slug":"ausstellung-ehemaligen-schutzbauwerk","status":"publish","type":"page","link":"https:\/\/www.lausitzer-museenland.de\/pl\/serwis\/kobi\/wystawa-forma-budynku-ochronnego\/","title":{"rendered":"Tajemnicze g\u0142\u0119biny - wystawa w by\u0142ej strukturze ochronnej - w Muzeum Historii Wojskowej w Ko\u0142kwicie"},"content":{"rendered":"<p>Od 2004 roku organizacja \"Kolkwitzer Bunkerfreunde GS-31 e.V.\" zachowuje cz\u0119\u015b\u0107 historii wojskowo\u015bci w Kolkwitz i udost\u0119pnia j\u0105 szerokiej publiczno\u015bci. Muzeum Historii Wojskowo\u015bci prowadzi dzia\u0142ania edukacyjne, umo\u017cliwiaj\u0105c zej\u015bcie w g\u0142\u0105b tej niegdy\u015b dobrze strze\u017conej tajemnicy.<br \/>\nW podziemnym labiryncie mo\u017cna obejrze\u0107 wyposa\u017cenie techniczne konstrukcji ochronnej i wy\u015bwietlacz sytuacji powietrznej, a tak\u017ce pomieszczenia mieszkalne i zaopatrzeniowe dla za\u0142\u00f3g.<\/p>\n<p>Oferta odbywa si\u0119 w pomieszczeniach zamkni\u0119tych i jest skierowana do<br \/>\nUczniowie klas od 5 do 12.<br \/>\nTerminy: w ka\u017cd\u0105 trzeci\u0105 sobot\u0119 miesi\u0105ca o godz. 9.00, 10.30 i 12.00.<br \/>\nWst\u0119pna rejestracja: nie<br \/>\nCzas trwania: ok. 1,5 godz.<\/p>\n<p>Uwagi:<br \/>\nTemperatura w zbiorniku wynosi 11\u00b0 C.<\/p>\n<p>Zwiedzanie mo\u017cliwe r\u00f3wnie\u017c w innych terminach, po uprzedniej rezerwacji z 1-tygodniowym wyprzedzeniem<\/p>\n<p><a href=\"http:\/\/www.kolkwitzerbunker.de\/\" target=\"_blank\">Muzeum Historii Wojskowo\u015bci w Kolkwitz<\/a><\/p>","protected":false},"excerpt":{"rendered":"<p>Od 2004 roku \"Kolkwitzer Bunkerfreunde GS-31 e.V.\" zachowuje cz\u0119\u015b\u0107 historii militarnej Kolkwitz i udost\u0119pnia j\u0105 spo\u0142ecze\u0144stwu. Muzeum Historii Wojskowo\u015bci wykonuje kawa\u0142 edukacyjnej roboty, umo\u017cliwiaj\u0105c zej\u015bcie do tej niegdy\u015b dobrze strze\u017conej tajemnicy. Wyposa\u017cenie techniczne budowli ochronnej oraz odwzorowanie sytuacji powietrznej mo\u017cna zobaczy\u0107 w podziemnym labiryncie.<\/p>","protected":false},"author":13,"featured_media":0,"parent":380,"menu_order":0,"comment_status":"closed","ping_status":"closed","template":"","meta":[],"_links":{"self":[{"href":"https:\/\/www.lausitzer-museenland.de\/pl\/wp-json\/wp\/v2\/pages\/392"}],"collection":[{"href":"https:\/\/www.lausitzer-museenland.de\/pl\/wp-json\/wp\/v2\/pages"}],"about":[{"href":"https:\/\/www.lausitzer-museenland.de\/pl\/wp-json\/wp\/v2\/types\/page"}],"author":[{"embeddable":true,"href":"https:\/\/www.lausitzer-museenland.de\/pl\/wp-json\/wp\/v2\/users\/13"}],"replies":[{"embeddable":true,"href":"https:\/\/www.lausitzer-museenland.de\/pl\/wp-json\/wp\/v2\/comments?post=392"}],"version-history":[{"count":7,"href":"https:\/\/www.lausitzer-museenland.de\/pl\/wp-json\/wp\/v2\/pages\/392\/revisions"}],"predecessor-version":[{"id":13613,"href":"https:\/\/www.lausitzer-museenland.de\/pl\/wp-json\/wp\/v2\/pages\/392\/revisions\/13613"}],"up":[{"embeddable":true,"href":"https:\/\/www.lausitzer-museenland.de\/pl\/wp-json\/wp\/v2\/pages\/380"}],"wp:attachment":[{"href":"https:\/\/www.lausitzer-museenland.de\/pl\/wp-json\/wp\/v2\/media?parent=392"}],"curies":[{"name":"wp","href":"https:\/\/api.w.org\/{rel}","templated":true}]}}