{"id":394,"date":"2014-11-12T10:36:13","date_gmt":"2014-11-12T09:36:13","guid":{"rendered":"http:\/\/lausitzer-museenland.de\/?page_id=394"},"modified":"2016-06-09T09:53:37","modified_gmt":"2016-06-09T08:53:37","slug":"der-weg-vom-korn-zum-mehl","status":"publish","type":"page","link":"https:\/\/www.lausitzer-museenland.de\/pl\/serwis\/kobi\/droga-od-ziarna-do-maki\/","title":{"rendered":"Droga od ziarna do m\u0105ki w m\u0142ynie wodnym w No\u00dfdorfie"},"content":{"rendered":"<p>Warto wybra\u0107 si\u0119 na wycieczk\u0119 do m\u0142yna wodnego w No\u00dfdorf, o kt\u00f3rym pierwsze wzmianki pochodz\u0105 z 1624 roku. Na przestrzeni wiek\u00f3w by\u0142 prowadzony przez r\u00f3\u017cne rodziny. W 1975 r., z przyczyn ekonomicznych, zak\u0142ad zako\u0144czy\u0142 dzia\u0142alno\u015b\u0107. W 1990 r. m\u0142yn zosta\u0142 wpisany na list\u0119 zabytk\u00f3w, a w 1993 r. udost\u0119pniono go zwiedzaj\u0105cym jako muzeum techniki.<\/p>\n<p>Urz\u0105dzenia znajduj\u0105ce si\u0119 w m\u0142ynie s\u0142u\u017c\u0105 do zilustrowania drogi od ziarna do m\u0105ki oraz ci\u0119\u017ckiej pracy m\u0142ynarza.<br \/>\nOferta odbywa si\u0119 wewn\u0105trz i na zewn\u0105trz budynk\u00f3w i jest skierowana do<br \/>\nUczniowie klas od 1 do 10.<br \/>\nTerminy: po uzgodnieniu<br \/>\nRejestracja wst\u0119pna: z co najmniej 2-tygodniowym wyprzedzeniem<br \/>\nWst\u0119p dla jednej osoby: 1,00 \u20ac<\/p>\n<p><a title=\"M\u0142yn wodny w Rossdorfie\" href=\"\/museen\/nossdorfer-wassermuehle\/\">M\u0142yn wodny w Rossdorfie<\/a><\/p>","protected":false},"excerpt":{"rendered":"<p>M\u0142yn wodny w No\u00dfdorf, o kt\u00f3rym pierwsze wzmianki pochodz\u0105 z 1624 roku, jest wartym uwagi celem wycieczki. Na przestrzeni wiek\u00f3w prowadzony by\u0142 przez r\u00f3\u017cne rodziny. W 1975 roku m\u0142yn zaprzesta\u0142 dzia\u0142alno\u015bci z przyczyn ekonomicznych. W 1990 roku m\u0142yn zosta\u0142 uznany za obiekt zabytkowy, a w 1993 roku zosta\u0142 otwarty dla publiczno\u015bci jako muzeum techniki. Przy pomocy urz\u0105dze\u0144 znajduj\u0105cych si\u0119 w m\u0142ynie mo\u017cna m.in.<\/p>","protected":false},"author":13,"featured_media":0,"parent":380,"menu_order":0,"comment_status":"closed","ping_status":"closed","template":"","meta":[],"_links":{"self":[{"href":"https:\/\/www.lausitzer-museenland.de\/pl\/wp-json\/wp\/v2\/pages\/394"}],"collection":[{"href":"https:\/\/www.lausitzer-museenland.de\/pl\/wp-json\/wp\/v2\/pages"}],"about":[{"href":"https:\/\/www.lausitzer-museenland.de\/pl\/wp-json\/wp\/v2\/types\/page"}],"author":[{"embeddable":true,"href":"https:\/\/www.lausitzer-museenland.de\/pl\/wp-json\/wp\/v2\/users\/13"}],"replies":[{"embeddable":true,"href":"https:\/\/www.lausitzer-museenland.de\/pl\/wp-json\/wp\/v2\/comments?post=394"}],"version-history":[{"count":7,"href":"https:\/\/www.lausitzer-museenland.de\/pl\/wp-json\/wp\/v2\/pages\/394\/revisions"}],"predecessor-version":[{"id":4658,"href":"https:\/\/www.lausitzer-museenland.de\/pl\/wp-json\/wp\/v2\/pages\/394\/revisions\/4658"}],"up":[{"embeddable":true,"href":"https:\/\/www.lausitzer-museenland.de\/pl\/wp-json\/wp\/v2\/pages\/380"}],"wp:attachment":[{"href":"https:\/\/www.lausitzer-museenland.de\/pl\/wp-json\/wp\/v2\/media?parent=394"}],"curies":[{"name":"wp","href":"https:\/\/api.w.org\/{rel}","templated":true}]}}