{"id":401,"date":"2014-11-12T10:47:49","date_gmt":"2014-11-12T09:47:49","guid":{"rendered":"http:\/\/lausitzer-museenland.de\/?page_id=401"},"modified":"2017-09-26T13:00:36","modified_gmt":"2017-09-26T12:00:36","slug":"alles-ums-ei-sorbisch-und-weltweit","status":"publish","type":"page","link":"https:\/\/www.lausitzer-museenland.de\/pl\/serwis\/kobi\/wszystko-o-twoim-sorbijskim-swiecie\/","title":{"rendered":"Wszystko o jajkach - po serbo\u0142u\u017cycku i na \u015bwiecie w Muzeum Pisanek Sabrodta"},"content":{"rendered":"<p>Nios\u0105cy jajka, znosz\u0105cy jajka, przedmioty z jajek oraz wiele zabawnych rzeczy zwi\u0105zanych z jajkami i rzeczami w kszta\u0142cie jajek: pisanki nagrodzone w konkursie w Budziszynie, zwyczaje zwi\u0105zane z jajkiem w Niemczech, warsztaty malowania jajek z mo\u017cliwo\u015bci\u0105 wzi\u0119cia udzia\u0142u w konkursie. W cudownym \u015bwiecie \"Wszystko o jajkach\" mo\u017cna poczu\u0107, posmakowa\u0107, pow\u0105cha\u0107 i us\u0142ysze\u0107. Wiele eksponat\u00f3w w muzeum jest ciekawych i unikalnych.<br \/>\nDziewczynki mog\u0105 za\u0142o\u017cy\u0107 str\u00f3j wendyjski.<br \/>\nOpr\u00f3cz tego mo\u017cna obejrze\u0107 filmy historyczne o zwyczajach Serbo\u0142u\u017cyczan i Wend\u00f3w.<br \/>\nProgram odbywa si\u0119 w pomieszczeniach lub na \u015bwie\u017cym powietrzu i jest skierowany do dzieci w wieku przedszkolnym oraz uczni\u00f3w do 12 klasy.<br \/>\nTerminy: po uzgodnieniu, od poniedzia\u0142ku do niedzieli, tak\u017ce wieczorem lub w nocy jako festiwal \u015bwiate\u0142<br \/>\nRejestracja wst\u0119pna: najp\u00f3\u017aniej na 2 godziny przed<br \/>\nWielko\u015b\u0107 grupy: od 5 do 50 os\u00f3b<br \/>\nWst\u0119p dla jednej osoby: 3,50 \u20ac<br \/>\nUdzia\u0142 w kosztach na osob\u0119 (na materia\u0142y itp.): 3,00 EUR<\/p>\n<p><em>Nale\u017cy zabra\u0107 ze sob\u0105 nast\u0119puj\u0105ce materia\u0142y robocze:<\/em><br \/>\nJaja wydmuchane lub \u015bwie\u017ce jaja bia\u0142e<\/p>\n<p><em>Uwagi dotycz\u0105ce oferty:<\/em><br \/>\nW gospodarstwie lub w ogrodzie mo\u017cna organizowa\u0107 wiele gier i konkurs\u00f3w o charakterze rozrywkowym. Na \u017cyczenie mo\u017cna zorganizowa\u0107 ma\u0142\u0105 lekcj\u0119 zi\u00f3\u0142 w ogrodzie, po\u0142\u0105czon\u0105 z degustacj\u0105, a tak\u017ce z lepieniem chleba na patyku, sol\u0105 lub jajkiem w \u0142upinie cebuli.<\/p>\n<p>Pod warunkiem zwrotu op\u0142at i koszt\u00f3w podr\u00f3\u017cy, oferta jest r\u00f3wnie\u017c dost\u0119pna na \u017cyczenie w \u015bwietlicy lub szkole.<\/p>\n<p><a href=\"http:\/\/www.ostereiermuseum.de\/\" target=\"_blank\">Muzeum Jajek Wielkanocnych Sabrodta<\/a><\/p>","protected":false},"excerpt":{"rendered":"<p>Przynosz\u0105cy jajka, nios\u0105cy jajka, przedmioty z jajek i wiele zabawnych rzeczy zwi\u0105zanych z jajkami i ich kszta\u0142tami: nagrodzone pisanki z konkursu w Bautzen, zwyczaje zwi\u0105zane z jajkiem w Niemczech, warsztaty malowania jajek z mo\u017cliwo\u015bci\u0105 wzi\u0119cia udzia\u0142u w konkursie. W cudownym \u015bwiecie \"Wszystko o jajkach\" mo\u017cna poczu\u0107, posmakowa\u0107, pow\u0105cha\u0107 i us\u0142ysze\u0107. Wiele eksponat\u00f3w w muzeum jest ciekawych i niepowtarzalnych. Dziewczyny mog\u0105 mie\u0107<\/p>","protected":false},"author":13,"featured_media":0,"parent":380,"menu_order":0,"comment_status":"closed","ping_status":"closed","template":"","meta":[],"_links":{"self":[{"href":"https:\/\/www.lausitzer-museenland.de\/pl\/wp-json\/wp\/v2\/pages\/401"}],"collection":[{"href":"https:\/\/www.lausitzer-museenland.de\/pl\/wp-json\/wp\/v2\/pages"}],"about":[{"href":"https:\/\/www.lausitzer-museenland.de\/pl\/wp-json\/wp\/v2\/types\/page"}],"author":[{"embeddable":true,"href":"https:\/\/www.lausitzer-museenland.de\/pl\/wp-json\/wp\/v2\/users\/13"}],"replies":[{"embeddable":true,"href":"https:\/\/www.lausitzer-museenland.de\/pl\/wp-json\/wp\/v2\/comments?post=401"}],"version-history":[{"count":11,"href":"https:\/\/www.lausitzer-museenland.de\/pl\/wp-json\/wp\/v2\/pages\/401\/revisions"}],"predecessor-version":[{"id":13778,"href":"https:\/\/www.lausitzer-museenland.de\/pl\/wp-json\/wp\/v2\/pages\/401\/revisions\/13778"}],"up":[{"embeddable":true,"href":"https:\/\/www.lausitzer-museenland.de\/pl\/wp-json\/wp\/v2\/pages\/380"}],"wp:attachment":[{"href":"https:\/\/www.lausitzer-museenland.de\/pl\/wp-json\/wp\/v2\/media?parent=401"}],"curies":[{"name":"wp","href":"https:\/\/api.w.org\/{rel}","templated":true}]}}