{"id":408,"date":"2014-11-12T10:54:14","date_gmt":"2014-11-12T09:54:14","guid":{"rendered":"http:\/\/lausitzer-museenland.de\/?page_id=408"},"modified":"2014-12-17T17:40:08","modified_gmt":"2014-12-17T16:40:08","slug":"historische-puppen-und-spielzeuge","status":"publish","type":"page","link":"https:\/\/www.lausitzer-museenland.de\/pl\/serwis\/kobi\/historical-dolls-and-toys\/","title":{"rendered":"Zabytkowe lalki i zabawki w Muzeum Zabawek w Kackrow"},"content":{"rendered":"<p>Na wystawie prezentowane s\u0105 w\u00f3zki i domki dla lalek, kuchnie, sklepy, lalki i zabawki - g\u0142\u00f3wnie z okresu od oko\u0142o 1880 do 1960 roku. Prezentowane s\u0105 lalki Schildkr\u00f6t, lalki K\u00e4the Kruse, lalki z porcelanow\u0105 g\u0142ow\u0105 i mas\u0105, misie, a tak\u017ce manekiny. Zwiedzaj\u0105cy powinni jednak mie\u0107 czas i spok\u00f3j, poniewa\u017c wiele rzeczy w gablotach mo\u017cna zobaczy\u0107 dopiero podczas drugiego zwiedzania.<\/p>\n<p>Oferta odbywa si\u0119 w pomieszczeniach zamkni\u0119tych i jest skierowana do dzieci w wieku przedszkolnym i uczni\u00f3w klas pierwszych.<br \/>\nTerminy: po uzgodnieniu<br \/>\nRejestracja wst\u0119pna: najp\u00f3\u017aniej 2 tygodnie przed<br \/>\nLiczebno\u015b\u0107 grupy: 10 os\u00f3b<br \/>\nWst\u0119p dla jednej osoby: 1,00 \u20ac<\/p>\n<p><a title=\"Muzeum zabawek Kackrow \/ Muzej grajkow Kokrjow\" href=\"\/museen\/spielzeugmuseum-kackrow\/\">Muzeum Zabawek Kackrow<\/a><\/p>","protected":false},"excerpt":{"rendered":"<p>Na wystawie prezentowane s\u0105 powozy i domki dla lalek, kuchnie, sklepy, lalki i zabawki - zasadniczo z okresu od oko\u0142o 1880 do 1960 roku. Prezentowane s\u0105 lalki Schildkr\u00f6t, lalki K\u00e4the Kruse, lalki z porcelanow\u0105 g\u0142ow\u0105 i mas\u0105, misie, a tak\u017ce manekiny. Zwiedzaj\u0105cy powinni jednak zabra\u0107 ze sob\u0105 czas i spok\u00f3j, bo wiele rzeczy w gablotach mo\u017cna zobaczy\u0107 dopiero wtedy, gdy s\u0105<\/p>","protected":false},"author":13,"featured_media":0,"parent":380,"menu_order":0,"comment_status":"closed","ping_status":"closed","template":"","meta":[],"_links":{"self":[{"href":"https:\/\/www.lausitzer-museenland.de\/pl\/wp-json\/wp\/v2\/pages\/408"}],"collection":[{"href":"https:\/\/www.lausitzer-museenland.de\/pl\/wp-json\/wp\/v2\/pages"}],"about":[{"href":"https:\/\/www.lausitzer-museenland.de\/pl\/wp-json\/wp\/v2\/types\/page"}],"author":[{"embeddable":true,"href":"https:\/\/www.lausitzer-museenland.de\/pl\/wp-json\/wp\/v2\/users\/13"}],"replies":[{"embeddable":true,"href":"https:\/\/www.lausitzer-museenland.de\/pl\/wp-json\/wp\/v2\/comments?post=408"}],"version-history":[{"count":5,"href":"https:\/\/www.lausitzer-museenland.de\/pl\/wp-json\/wp\/v2\/pages\/408\/revisions"}],"predecessor-version":[{"id":3643,"href":"https:\/\/www.lausitzer-museenland.de\/pl\/wp-json\/wp\/v2\/pages\/408\/revisions\/3643"}],"up":[{"embeddable":true,"href":"https:\/\/www.lausitzer-museenland.de\/pl\/wp-json\/wp\/v2\/pages\/380"}],"wp:attachment":[{"href":"https:\/\/www.lausitzer-museenland.de\/pl\/wp-json\/wp\/v2\/media?parent=408"}],"curies":[{"name":"wp","href":"https:\/\/api.w.org\/{rel}","templated":true}]}}