{"id":410,"date":"2014-11-12T10:56:21","date_gmt":"2014-11-12T09:56:21","guid":{"rendered":"http:\/\/lausitzer-museenland.de\/?page_id=410"},"modified":"2014-12-17T17:41:57","modified_gmt":"2014-12-17T16:41:57","slug":"verlorene-heimat-im-dachstuhl-der-kirche","status":"publish","type":"page","link":"https:\/\/www.lausitzer-museenland.de\/pl\/serwis\/kobi\/lost-home-in-the-attic-of-the-church\/","title":{"rendered":"\"Zagubiony dom\" w wi\u0119\u017abie dachowej ko\u015bcio\u0142a - wspomnienia o zniszczonych ko\u015bcio\u0142ach - Horno"},"content":{"rendered":"<p>W poprzednich dekadach przy wydobyciu w\u0119gla nie brano pod uwag\u0119 przysz\u0142ego krajobrazu. Liczy\u0142y si\u0119 wska\u017aniki wydobycia, a kwestie \u015brodowiskowe nie by\u0142y prawie w og\u00f3le brane pod uwag\u0119. Los mieszka\u0144c\u00f3w i wsp\u00f3lnot ko\u015bcielnych naznaczony by\u0142 ograniczeniami ekonomicznymi i niewystarczaj\u0105cymi odszkodowaniami. Temat ilustruje 27 modeli zaminowanych ko\u015bcio\u0142\u00f3w, 4 stacje filmowe z kr\u00f3tkimi filmami o spo\u0142eczno\u015bciach, w kt\u00f3rych poszkodowani opisuj\u0105 swoje pochodzenie i losy, 18 map teren\u00f3w, kt\u00f3re ju\u017c nie istniej\u0105, oraz oryginalne eksponaty zniszczonych ko\u015bcio\u0142\u00f3w. Dla potomnych dokumentowane s\u0105 fakty historyczne, ostatnie nabo\u017ce\u0144stwa, ponowne poch\u00f3wki, miejsca pobytu maj\u0105tku ko\u015bcielnego, praktyki przesiedle\u0144cze, budowa ko\u015bcio\u0142\u00f3w zast\u0119pczych, przenoszenie ko\u015bcio\u0142\u00f3w, ocalone zgromadzenia, zagro\u017cone miejsca.<\/p>\n<p>Oferta odbywa si\u0119 wewn\u0105trz i na zewn\u0105trz budynk\u00f3w i jest skierowana do<br \/>\nUczniowie klas od 6 do 12.<br \/>\nTerminy: po uzgodnieniu<br \/>\nRejestracja wst\u0119pna: najp\u00f3\u017aniej 2 tygodnie przed<br \/>\nWst\u0119p wolny \/ mile widziane datki<\/p>\n<p><a title=\"Centrum Informacji i Spotka\u0144 Ko\u015bcio\u0142a w Hornie \/ Cerkwiny informaciski a zmaka\u0144ski centrum\" href=\"\/museen\/kirchliches-informations-und-begegnungszentrum-horno\/\">Centrum Informacji i Spotka\u0144 Ko\u015bcio\u0142a w Hornie<\/a><\/p>","protected":false},"excerpt":{"rendered":"<p>We wcze\u015bniejszych dekadach przy wydobyciu w\u0119gla nie brano pod uwag\u0119 przysz\u0142ego krajobrazu. Liczono wska\u017aniki wydobycia, a kwestie \u015brodowiskowe prawie nie by\u0142y brane pod uwag\u0119. Losy mieszka\u0144c\u00f3w i wsp\u00f3lnot ko\u015bcielnych naznaczone by\u0142y ograniczeniami ekonomicznymi i niewystarczaj\u0105cymi odszkodowaniami. Temat ilustrowany jest 27 modelami odkopanych ko\u015bcio\u0142\u00f3w, 4 stacjami filmowymi z kr\u00f3tkimi filmami o spo\u0142eczno\u015bciach, w kt\u00f3rych<\/p>","protected":false},"author":13,"featured_media":0,"parent":380,"menu_order":0,"comment_status":"closed","ping_status":"closed","template":"","meta":[],"_links":{"self":[{"href":"https:\/\/www.lausitzer-museenland.de\/pl\/wp-json\/wp\/v2\/pages\/410"}],"collection":[{"href":"https:\/\/www.lausitzer-museenland.de\/pl\/wp-json\/wp\/v2\/pages"}],"about":[{"href":"https:\/\/www.lausitzer-museenland.de\/pl\/wp-json\/wp\/v2\/types\/page"}],"author":[{"embeddable":true,"href":"https:\/\/www.lausitzer-museenland.de\/pl\/wp-json\/wp\/v2\/users\/13"}],"replies":[{"embeddable":true,"href":"https:\/\/www.lausitzer-museenland.de\/pl\/wp-json\/wp\/v2\/comments?post=410"}],"version-history":[{"count":5,"href":"https:\/\/www.lausitzer-museenland.de\/pl\/wp-json\/wp\/v2\/pages\/410\/revisions"}],"predecessor-version":[{"id":3645,"href":"https:\/\/www.lausitzer-museenland.de\/pl\/wp-json\/wp\/v2\/pages\/410\/revisions\/3645"}],"up":[{"embeddable":true,"href":"https:\/\/www.lausitzer-museenland.de\/pl\/wp-json\/wp\/v2\/pages\/380"}],"wp:attachment":[{"href":"https:\/\/www.lausitzer-museenland.de\/pl\/wp-json\/wp\/v2\/media?parent=410"}],"curies":[{"name":"wp","href":"https:\/\/api.w.org\/{rel}","templated":true}]}}