{"id":428,"date":"2014-11-12T11:11:51","date_gmt":"2014-11-12T10:11:51","guid":{"rendered":"http:\/\/lausitzer-museenland.de\/?page_id=428"},"modified":"2014-12-17T17:56:48","modified_gmt":"2014-12-17T16:56:48","slug":"schlossspiel","status":"publish","type":"page","link":"https:\/\/www.lausitzer-museenland.de\/pl\/serwis\/kobi\/castle-play\/","title":{"rendered":"Gra zamkowa w Muzeum Wrzos\u00f3w Dolnych \u0141u\u017cyc Spremberg"},"content":{"rendered":"<p>Gra w zamek to gra w poszukiwanie i orientacj\u0119 w muzeum. Przebrani w \u015bredniowieczne stroje wyruszamy na poszukiwanie wcze\u015bniej sfotografowanych eksponat\u00f3w. Je\u015bli znajdziemy je wszystkie, w tym stary klucz, b\u0119dziemy mogli u\u017cy\u0107 go do otwarcia skrzyni ze skarbami. Znajduj\u0105 si\u0119 tam kr\u00f3tkie informacje na temat znalezionych przedmiot\u00f3w. W ten spos\u00f3b wszystkie pomieszczenia domu s\u0105 o\u015bwietlone, a cel muzeum zostaje wyja\u015bniony.<\/p>\n<p>Nale\u017cy rozwi\u0105zywa\u0107 r\u00f3\u017cne zadania w zale\u017cno\u015bci od wieku uczestnik\u00f3w.<\/p>\n<p>Oferta odbywa si\u0119 w pomieszczeniach zamkni\u0119tych i jest skierowana do uczni\u00f3w klas 1-7.<br \/>\nWielko\u015b\u0107 grupy: od 5 do 20 os\u00f3b<br \/>\nTerminy: po uzgodnieniu<br \/>\nRejestracja wst\u0119pna: najp\u00f3\u017aniej 5 dni przed<br \/>\nCzas trwania: ok. 1,5 godz.<br \/>\nWst\u0119p dla jednej osoby: 2,00 \u20ac<\/p>\n<p>Uwagi:<br \/>\nW przypadku wi\u0119kszej liczebno\u015bci klasy konieczne jest jej podzielenie. W zwi\u0105zku z tym prosimy o przeznaczenie 1\/2 godziny wi\u0119cej czasu.<\/p>\n<p><a title=\"Niederlausitzer Heidemuseum Spremberg \/ Dolno\u0142u\u017eyski g\u00f3la\u0144ski muzej Grodk\" href=\"\/museen\/niederlausitzer-heidemuseum-spremberg\/\">Muzeum Wrzosowisk Dolnych \u0141u\u017cyc Spremberg<\/a><\/p>","protected":false},"excerpt":{"rendered":"<p>Gra zamek to gra w wyszukiwanie i orientacj\u0119 w muzeum. Przebrani w \u015bredniowieczne stroje wyruszamy na poszukiwanie sfotografowanych wcze\u015bniej eksponat\u00f3w. Je\u015bli wszystkie zostan\u0105 znalezione, w tym stary klucz, to b\u0119dziemy mogli go u\u017cy\u0107 do otwarcia skrzyni ze skarbem. Jest tam kr\u00f3tka informacja o znalezionych obiektach. W ten spos\u00f3b o\u015bwietlone s\u0105 wszystkie obszary domu i wyja\u015bnione jest znaczenie muzeum.<\/p>","protected":false},"author":13,"featured_media":0,"parent":380,"menu_order":0,"comment_status":"closed","ping_status":"closed","template":"","meta":[],"_links":{"self":[{"href":"https:\/\/www.lausitzer-museenland.de\/pl\/wp-json\/wp\/v2\/pages\/428"}],"collection":[{"href":"https:\/\/www.lausitzer-museenland.de\/pl\/wp-json\/wp\/v2\/pages"}],"about":[{"href":"https:\/\/www.lausitzer-museenland.de\/pl\/wp-json\/wp\/v2\/types\/page"}],"author":[{"embeddable":true,"href":"https:\/\/www.lausitzer-museenland.de\/pl\/wp-json\/wp\/v2\/users\/13"}],"replies":[{"embeddable":true,"href":"https:\/\/www.lausitzer-museenland.de\/pl\/wp-json\/wp\/v2\/comments?post=428"}],"version-history":[{"count":6,"href":"https:\/\/www.lausitzer-museenland.de\/pl\/wp-json\/wp\/v2\/pages\/428\/revisions"}],"predecessor-version":[{"id":3664,"href":"https:\/\/www.lausitzer-museenland.de\/pl\/wp-json\/wp\/v2\/pages\/428\/revisions\/3664"}],"up":[{"embeddable":true,"href":"https:\/\/www.lausitzer-museenland.de\/pl\/wp-json\/wp\/v2\/pages\/380"}],"wp:attachment":[{"href":"https:\/\/www.lausitzer-museenland.de\/pl\/wp-json\/wp\/v2\/media?parent=428"}],"curies":[{"name":"wp","href":"https:\/\/api.w.org\/{rel}","templated":true}]}}