{"id":430,"date":"2014-11-12T11:12:49","date_gmt":"2014-11-12T10:12:49","guid":{"rendered":"http:\/\/lausitzer-museenland.de\/?page_id=430"},"modified":"2014-12-17T17:58:17","modified_gmt":"2014-12-17T16:58:17","slug":"geheime-kraeuterkunde","status":"publish","type":"page","link":"https:\/\/www.lausitzer-museenland.de\/pl\/serwis\/kobi\/tajemna-ziolologia\/","title":{"rendered":"Tajemnicza zielarstwo w Muzeum Wrzos\u00f3w Dolnych \u0141u\u017cyc Spremberg"},"content":{"rendered":"<p>Wiedza o uprawie i stosowaniu zi\u00f3\u0142 liczy sobie tysi\u0105ce lat. Zabawa polega na w\u0105chaniu zi\u00f3\u0142, ich identyfikowaniu i pa\u0142aszowaniu. Ale uwa\u017caj! Nie wszystkie z nich s\u0105 jadalne i wymagaj\u0105 rafinacji. Nast\u0119pnie mo\u017cna skorzysta\u0107 z przek\u0105sek z domowym mas\u0142em i sol\u0105 zio\u0142ow\u0105. Na \u017cyczenie mo\u017cna zorganizowa\u0107 zwiedzanie ogrodu zio\u0142owego z przewodnikiem z Turmapotheke Spremberg.<\/p>\n<p>Program odbywa si\u0119 w pomieszczeniach i na \u015bwie\u017cym powietrzu i jest skierowany do uczni\u00f3w klas 1-7.<br \/>\nWielko\u015b\u0107 grupy: od 5 do 20 os\u00f3b<br \/>\nTerminy: po uzgodnieniu<br \/>\nRejestracja wst\u0119pna: najp\u00f3\u017aniej 5 dni przed<br \/>\nCzas trwania: ok. 1,5 godz.<br \/>\nWst\u0119p dla jednej osoby: 2,00 \u20ac<\/p>\n<p>Uwagi:<br \/>\nW przypadku wi\u0119kszej liczebno\u015bci klasy konieczne jest jej podzielenie. W zwi\u0105zku z tym prosimy o przeznaczenie 1\/2 godziny wi\u0119cej czasu.<\/p>\n<p><a title=\"Niederlausitzer Heidemuseum Spremberg \/ Dolno\u0142u\u017eyski g\u00f3la\u0144ski muzej Grodk\" href=\"\/museen\/niederlausitzer-heidemuseum-spremberg\/\">Muzeum Wrzosowisk Dolnych \u0141u\u017cyc Spremberg<\/a><\/p>","protected":false},"excerpt":{"rendered":"<p>Wiedza o uprawie i stosowaniu zi\u00f3\u0142 liczy sobie tysi\u0105ce lat. Zabawa polega na w\u0105chaniu zi\u00f3\u0142, ich identyfikacji lub przek\u0105sce. Ale uwa\u017caj! Nie wszystkie s\u0105 jadalne i wymagaj\u0105 uszlachetnienia. Po wszystkim mo\u017cna skorzysta\u0107 z przek\u0105ski z domowym mas\u0142em i sol\u0105 zio\u0142ow\u0105. Na \u017cyczenie<\/p>","protected":false},"author":13,"featured_media":0,"parent":380,"menu_order":0,"comment_status":"closed","ping_status":"closed","template":"","meta":[],"_links":{"self":[{"href":"https:\/\/www.lausitzer-museenland.de\/pl\/wp-json\/wp\/v2\/pages\/430"}],"collection":[{"href":"https:\/\/www.lausitzer-museenland.de\/pl\/wp-json\/wp\/v2\/pages"}],"about":[{"href":"https:\/\/www.lausitzer-museenland.de\/pl\/wp-json\/wp\/v2\/types\/page"}],"author":[{"embeddable":true,"href":"https:\/\/www.lausitzer-museenland.de\/pl\/wp-json\/wp\/v2\/users\/13"}],"replies":[{"embeddable":true,"href":"https:\/\/www.lausitzer-museenland.de\/pl\/wp-json\/wp\/v2\/comments?post=430"}],"version-history":[{"count":7,"href":"https:\/\/www.lausitzer-museenland.de\/pl\/wp-json\/wp\/v2\/pages\/430\/revisions"}],"predecessor-version":[{"id":3666,"href":"https:\/\/www.lausitzer-museenland.de\/pl\/wp-json\/wp\/v2\/pages\/430\/revisions\/3666"}],"up":[{"embeddable":true,"href":"https:\/\/www.lausitzer-museenland.de\/pl\/wp-json\/wp\/v2\/pages\/380"}],"wp:attachment":[{"href":"https:\/\/www.lausitzer-museenland.de\/pl\/wp-json\/wp\/v2\/media?parent=430"}],"curies":[{"name":"wp","href":"https:\/\/api.w.org\/{rel}","templated":true}]}}