{"id":434,"date":"2014-11-12T11:15:49","date_gmt":"2014-11-12T10:15:49","guid":{"rendered":"http:\/\/lausitzer-museenland.de\/?page_id=434"},"modified":"2014-12-17T18:01:42","modified_gmt":"2014-12-17T17:01:42","slug":"industriegeschichte-zwischen-kohle-und-glas","status":"publish","type":"page","link":"https:\/\/www.lausitzer-museenland.de\/pl\/serwis\/kobi\/historia-przemyslu-miedzy-weglem-a-szklem\/","title":{"rendered":"Historia przemys\u0142u mi\u0119dzy w\u0119glem a szk\u0142em w Muzeum Historii Lokalnej w Welzow"},"content":{"rendered":"<p>Dzi\u0119ki Heimatstube stowarzyszenie Heimatverein Welzow e. V. pragnie udokumentowa\u0107 histori\u0119 miasta Welzow poprzez eksponaty muzealne o r\u00f3\u017cnej tematyce. G\u0142\u00f3wnym tematem wystawy jest przemys\u0142 w\u0119glowy i szklarski, historia szko\u0142y oraz historia stowarzyszenia.<\/p>\n<p>Oferta odbywa si\u0119 w pomieszczeniach zamkni\u0119tych i jest skierowana do dzieci w wieku przedszkolnym do klasy 10.<br \/>\nTerminy: po uzgodnieniu<br \/>\nRejestracja wst\u0119pna: najp\u00f3\u017aniej dwa tygodnie przed<\/p>\n<p><a title=\"Heimatstube Welzow \/ Domowniska \u015bpa Wjelcej\" href=\"\/museen\/heimatstube-welzow\/\">Sala historii lokalnej w Welzow<\/a><\/p>","protected":false},"excerpt":{"rendered":"<p>Muzeum Historii Miasta Welzow (Heimatstube) d\u0105\u017cy do udokumentowania historii miasta Welzow poprzez eksponaty muzealne o r\u00f3\u017cnej tematyce. G\u0142\u00f3wnie chodzi o przemys\u0142 w\u0119glowy i szklarski, histori\u0119 szko\u0142y i histori\u0119 stowarzysze\u0144. Program odbywa si\u0119 w pomieszczeniach zamkni\u0119tych i jest skierowany do dzieci w wieku przedszkolnym do klasy 10. Terminy: po uzgodnieniu Wst\u0119pne zapisy:<\/p>","protected":false},"author":13,"featured_media":0,"parent":380,"menu_order":0,"comment_status":"closed","ping_status":"closed","template":"","meta":[],"_links":{"self":[{"href":"https:\/\/www.lausitzer-museenland.de\/pl\/wp-json\/wp\/v2\/pages\/434"}],"collection":[{"href":"https:\/\/www.lausitzer-museenland.de\/pl\/wp-json\/wp\/v2\/pages"}],"about":[{"href":"https:\/\/www.lausitzer-museenland.de\/pl\/wp-json\/wp\/v2\/types\/page"}],"author":[{"embeddable":true,"href":"https:\/\/www.lausitzer-museenland.de\/pl\/wp-json\/wp\/v2\/users\/13"}],"replies":[{"embeddable":true,"href":"https:\/\/www.lausitzer-museenland.de\/pl\/wp-json\/wp\/v2\/comments?post=434"}],"version-history":[{"count":7,"href":"https:\/\/www.lausitzer-museenland.de\/pl\/wp-json\/wp\/v2\/pages\/434\/revisions"}],"predecessor-version":[{"id":3671,"href":"https:\/\/www.lausitzer-museenland.de\/pl\/wp-json\/wp\/v2\/pages\/434\/revisions\/3671"}],"up":[{"embeddable":true,"href":"https:\/\/www.lausitzer-museenland.de\/pl\/wp-json\/wp\/v2\/pages\/380"}],"wp:attachment":[{"href":"https:\/\/www.lausitzer-museenland.de\/pl\/wp-json\/wp\/v2\/media?parent=434"}],"curies":[{"name":"wp","href":"https:\/\/api.w.org\/{rel}","templated":true}]}}