{"id":443,"date":"2014-11-12T11:22:16","date_gmt":"2014-11-12T10:22:16","guid":{"rendered":"http:\/\/lausitzer-museenland.de\/?page_id=443"},"modified":"2014-12-17T18:04:03","modified_gmt":"2014-12-17T17:04:03","slug":"aluminiumschaugiessen","status":"publish","type":"page","link":"https:\/\/www.lausitzer-museenland.de\/pl\/serwis\/kobi\/pokazowe-odlewanie-aluminium\/","title":{"rendered":"Pokazowe odlewanie aluminium w odlewni huty Peitz"},"content":{"rendered":"<p>Aluminiowe odlewy pokazowe z tradycyjnym \"formowaniem r\u0119cznym\" s\u0105 wykonywane w zabytkowej hali wielkiego pieca Muzeum Hutnictwa i Rybo\u0142\u00f3wstwa. Podczas pokazu nasi go\u015bcie otrzymuj\u0105 fachowe wyja\u015bnienia od wykwalifikowanego formierza i odlewnika.<\/p>\n<p>Oferta odbywa si\u0119 w pomieszczeniach zamkni\u0119tych i jest skierowana do uczni\u00f3w klas od 5 do 13.<br \/>\nTerminy: po uzgodnieniu<br \/>\nCzas trwania: ok. 1 godz.<br \/>\nRejestracja wst\u0119pna: najp\u00f3\u017aniej trzy tygodnie wcze\u015bniej<br \/>\nCena grupowa: 120,00 \u20ac<\/p>\n<p><a title=\"Muzeum Hutnictwa i Rybo\u0142\u00f3wstwa w Peitz \/ Hutowy a rybarski muzej Picnjo\" href=\"\/museen\/eisenhuetten-und-fischereimuseum-peitz\/\">Muzeum Rybo\u0142\u00f3wstwa i Huty \u017belaza w Peitz<\/a><\/p>","protected":false},"excerpt":{"rendered":"<p>Aluminiowe odlewy pokazowe z tradycyjnym \"formowaniem r\u0119cznym\" odbywaj\u0105 si\u0119 w zabytkowej hali wielkiego pieca Muzeum Hutnictwa i Rybo\u0142\u00f3wstwa. Podczas pokazu nasi go\u015bcie otrzymuj\u0105 fachowe wyja\u015bnienia od wykwalifikowanego formowacza i odlewnika. Oferta odbywa si\u0119 w pomieszczeniach zamkni\u0119tych i jest skierowana do uczni\u00f3w klas 5-13 Terminy: po uzgodnieniu Czas trwania: ok. 1 godziny Zapisy wst\u0119pne: najp\u00f3\u017aniej do trzech tygodni<\/p>","protected":false},"author":13,"featured_media":0,"parent":380,"menu_order":0,"comment_status":"closed","ping_status":"closed","template":"","meta":[],"_links":{"self":[{"href":"https:\/\/www.lausitzer-museenland.de\/pl\/wp-json\/wp\/v2\/pages\/443"}],"collection":[{"href":"https:\/\/www.lausitzer-museenland.de\/pl\/wp-json\/wp\/v2\/pages"}],"about":[{"href":"https:\/\/www.lausitzer-museenland.de\/pl\/wp-json\/wp\/v2\/types\/page"}],"author":[{"embeddable":true,"href":"https:\/\/www.lausitzer-museenland.de\/pl\/wp-json\/wp\/v2\/users\/13"}],"replies":[{"embeddable":true,"href":"https:\/\/www.lausitzer-museenland.de\/pl\/wp-json\/wp\/v2\/comments?post=443"}],"version-history":[{"count":6,"href":"https:\/\/www.lausitzer-museenland.de\/pl\/wp-json\/wp\/v2\/pages\/443\/revisions"}],"predecessor-version":[{"id":3673,"href":"https:\/\/www.lausitzer-museenland.de\/pl\/wp-json\/wp\/v2\/pages\/443\/revisions\/3673"}],"up":[{"embeddable":true,"href":"https:\/\/www.lausitzer-museenland.de\/pl\/wp-json\/wp\/v2\/pages\/380"}],"wp:attachment":[{"href":"https:\/\/www.lausitzer-museenland.de\/pl\/wp-json\/wp\/v2\/media?parent=443"}],"curies":[{"name":"wp","href":"https:\/\/api.w.org\/{rel}","templated":true}]}}