{"id":445,"date":"2014-11-12T11:22:45","date_gmt":"2014-11-12T10:22:45","guid":{"rendered":"http:\/\/lausitzer-museenland.de\/?page_id=445"},"modified":"2014-12-17T18:05:57","modified_gmt":"2014-12-17T17:05:57","slug":"fossilien-hautnah","status":"publish","type":"page","link":"https:\/\/www.lausitzer-museenland.de\/pl\/serwis\/kobi\/skamienialosci-zblizenie\/","title":{"rendered":"Skamienia\u0142o\u015bci z bliska - szczeg\u00f3lny rodzaj skoku w przesz\u0142o\u015b\u0107 do okresu ciep\u0142ego eemskiego w skansenie \"Zeitsprung\" Klinge"},"content":{"rendered":"<p>W skansenie w bardzo szczeg\u00f3lny spos\u00f3b pokazano obrazkow\u0105 sekwencj\u0119 warstw z dw\u00f3ch ostatnich epok lodowcowych oraz z okresu ciep\u0142ego Eemianu. Od 1891 roku obszar ten jest znany z wielu znalezisk kopalnych ro\u015blin i zwierz\u0105t. Mo\u017cna pozna\u0107 histori\u0119 z pierwszej r\u0119ki w zwiedzanym zabytku archeologicznym, na trasie okr\u0119\u017cnej, na szlaku przyg\u00f3d oraz w budynku kopu\u0142y i przenie\u015b\u0107 si\u0119 w czasie do okresu ciep\u0142ego Eemianu sprzed oko\u0142o 128 000-115 000 lat. Mo\u017cna zapozna\u0107 si\u0119 z wieloma tablicami informacyjnymi, a w \"Fossilium\" - naszej pracowni wykopaliskowej - pod kierunkiem przewodnika mo\u017cna poszukiwa\u0107 skamienia\u0142o\u015bci. Tak jak robi\u0105 to prawdziwi geolodzy, wszystkie znaleziska s\u0105 wklejane, identyfikowane i oznaczane w raporcie z wykopalisk.<\/p>\n<p>Wi\u0119cej informacji na temat oferty:<br \/>\nPo zwiedzaniu skansenu z przewodnikiem nast\u0119puje praca w \"Fossilium\". W zale\u017cno\u015bci od liczebno\u015bci klasy praca mo\u017ce odbywa\u0107 si\u0119 w dw\u00f3ch lub trzech grupach, patrz \"Oferty dodatkowe\" (czas trwania ok. 2 godz.).<\/p>\n<p>Program odbywa si\u0119 na \u015bwie\u017cym powietrzu i jest skierowany do uczni\u00f3w klas 5-12.<br \/>\nTerminy: po uzgodnieniu od marca do pa\u017adziernika w godz. 9.00-18.00.<br \/>\nRejestracja wst\u0119pna: najp\u00f3\u017aniej na tydzie\u0144 przed<br \/>\nWst\u0119p dla jednej osoby: 2,00 \u20ac<\/p>\n<p>Oferty uzupe\u0142niaj\u0105ce:<br \/>\nW zale\u017cno\u015bci od poziomu klasy, rajd logiczny, odlewanie i malowanie skamielin, informacje o powstawaniu w\u0119gla brunatnego.<\/p>\n<p><a title=\"Skansen &quot;Zeitsprung&quot; Klinge \/ Muzeum p\u00f3d go\u0142ym njebjom &quot;Casowy skok&quot; Klinka\" href=\"\/museen\/freilichtmuseum-zeitsprung-klinge\/\">Skansen \"Zeitsprung\" Klinge<\/a><\/p>","protected":false},"excerpt":{"rendered":"<p>W skansenie w bardzo szczeg\u00f3lny spos\u00f3b pokazana jest obrazkowa sekwencja warstw z dw\u00f3ch ostatnich zlodowace\u0144 oraz z okresu ciep\u0142ego Eemianu. Wiele znalezisk kopalnych zwierz\u0105t i ro\u015blin rozs\u0142awi\u0142o ten obszar od 1891 roku. W przej\u015bciu przez pomnik archeologiczny, na \u015bcie\u017cce edukacyjnej, na szlaku przygodowym i w budynku kopu\u0142y mo\u017cna z bliska pozna\u0107 histori\u0119 i cofn\u0105\u0107 si\u0119 w czasie do okresu ciep\u0142ego Eemianu.<\/p>","protected":false},"author":13,"featured_media":0,"parent":380,"menu_order":0,"comment_status":"closed","ping_status":"closed","template":"","meta":[],"_links":{"self":[{"href":"https:\/\/www.lausitzer-museenland.de\/pl\/wp-json\/wp\/v2\/pages\/445"}],"collection":[{"href":"https:\/\/www.lausitzer-museenland.de\/pl\/wp-json\/wp\/v2\/pages"}],"about":[{"href":"https:\/\/www.lausitzer-museenland.de\/pl\/wp-json\/wp\/v2\/types\/page"}],"author":[{"embeddable":true,"href":"https:\/\/www.lausitzer-museenland.de\/pl\/wp-json\/wp\/v2\/users\/13"}],"replies":[{"embeddable":true,"href":"https:\/\/www.lausitzer-museenland.de\/pl\/wp-json\/wp\/v2\/comments?post=445"}],"version-history":[{"count":8,"href":"https:\/\/www.lausitzer-museenland.de\/pl\/wp-json\/wp\/v2\/pages\/445\/revisions"}],"predecessor-version":[{"id":3674,"href":"https:\/\/www.lausitzer-museenland.de\/pl\/wp-json\/wp\/v2\/pages\/445\/revisions\/3674"}],"up":[{"embeddable":true,"href":"https:\/\/www.lausitzer-museenland.de\/pl\/wp-json\/wp\/v2\/pages\/380"}],"wp:attachment":[{"href":"https:\/\/www.lausitzer-museenland.de\/pl\/wp-json\/wp\/v2\/media?parent=445"}],"curies":[{"name":"wp","href":"https:\/\/api.w.org\/{rel}","templated":true}]}}