{"id":457,"date":"2014-11-12T11:27:07","date_gmt":"2014-11-12T10:27:07","guid":{"rendered":"http:\/\/lausitzer-museenland.de\/?page_id=457"},"modified":"2014-12-17T18:09:33","modified_gmt":"2014-12-17T17:09:33","slug":"unsere-prangerlinde-erzaehlt","status":"publish","type":"page","link":"https:\/\/www.lausitzer-museenland.de\/pl\/serwis\/kobi\/nasza-prangerlinde-opowiada\/","title":{"rendered":"Nasza lipa s\u0142upowa opowiada - s\u0105downictwo wiejskie - w sali historii lokalnej Gro\u00df K\u00f6lzig"},"content":{"rendered":"<p>Klasom szkolnym wyja\u015bnia si\u0119, na czym polega jurysdykcja wsi, a uczniowie dowiaduj\u0105 si\u0119, jak\u0105 rol\u0119 odgrywa lipa s\u0142upowa. Histori\u0119 osadnictwa w okolicach Gro\u00df K\u00f6lzig mo\u017cna prze\u015bledzi\u0107 dzi\u0119ki historii ko\u015bcio\u0142a.<\/p>\n<p>Program odbywa si\u0119 w pomieszczeniach i na \u015bwie\u017cym powietrzu i jest skierowany do uczni\u00f3w klas 4-7.<br \/>\nTerminy: po uzgodnieniu<br \/>\nRejestracja wst\u0119pna: najp\u00f3\u017aniej 5 dni przed<br \/>\nWielko\u015b\u0107 grupy: od 5 do 30 os\u00f3b<br \/>\nWst\u0119p dla jednej osoby: po uzgodnieniu<\/p>\n<p><a title=\"Heimatstube Gro\u00df K\u00f6lzig \/ Domowniska \u015bpa Wjeliki K\u00f3lsk\" href=\"\/museen\/heimatstube-gross-koelzig\/\">Sala historii lokalnej Gro\u00df K\u00f6lzig<\/a><\/p>","protected":false},"excerpt":{"rendered":"<p>Jurysdykcja wsi jest wyja\u015bniana klasom szkolnym, a uczniowie dowiaduj\u0105 si\u0119 o roli, jak\u0105 odgrywa lipa s\u0142upowa. Histori\u0119 osady wok\u00f3\u0142 Gro\u00df K\u00f6lzig mo\u017cna prze\u015bledzi\u0107 poprzez histori\u0119 ko\u015bcio\u0142a. Program odbywa si\u0119 w pomieszczeniach i na zewn\u0105trz i jest skierowany do uczni\u00f3w klas 4-7. Terminy: po uzgodnieniu Wst\u0119pna rejestracja: najp\u00f3\u017aniej 5 dni wcze\u015bniej Liczebno\u015b\u0107 grupy: 5<\/p>","protected":false},"author":13,"featured_media":0,"parent":380,"menu_order":0,"comment_status":"closed","ping_status":"closed","template":"","meta":[],"_links":{"self":[{"href":"https:\/\/www.lausitzer-museenland.de\/pl\/wp-json\/wp\/v2\/pages\/457"}],"collection":[{"href":"https:\/\/www.lausitzer-museenland.de\/pl\/wp-json\/wp\/v2\/pages"}],"about":[{"href":"https:\/\/www.lausitzer-museenland.de\/pl\/wp-json\/wp\/v2\/types\/page"}],"author":[{"embeddable":true,"href":"https:\/\/www.lausitzer-museenland.de\/pl\/wp-json\/wp\/v2\/users\/13"}],"replies":[{"embeddable":true,"href":"https:\/\/www.lausitzer-museenland.de\/pl\/wp-json\/wp\/v2\/comments?post=457"}],"version-history":[{"count":6,"href":"https:\/\/www.lausitzer-museenland.de\/pl\/wp-json\/wp\/v2\/pages\/457\/revisions"}],"predecessor-version":[{"id":3678,"href":"https:\/\/www.lausitzer-museenland.de\/pl\/wp-json\/wp\/v2\/pages\/457\/revisions\/3678"}],"up":[{"embeddable":true,"href":"https:\/\/www.lausitzer-museenland.de\/pl\/wp-json\/wp\/v2\/pages\/380"}],"wp:attachment":[{"href":"https:\/\/www.lausitzer-museenland.de\/pl\/wp-json\/wp\/v2\/media?parent=457"}],"curies":[{"name":"wp","href":"https:\/\/api.w.org\/{rel}","templated":true}]}}