{"id":460,"date":"2014-11-12T11:28:15","date_gmt":"2014-11-12T10:28:15","guid":{"rendered":"http:\/\/lausitzer-museenland.de\/?page_id=460"},"modified":"2014-12-17T18:10:27","modified_gmt":"2014-12-17T17:10:27","slug":"wie-die-menschen-frueher-lebten","status":"publish","type":"page","link":"https:\/\/www.lausitzer-museenland.de\/pl\/serwis\/kobi\/how-people-used-to-live\/","title":{"rendered":"Jak \u017cyli i pracowali ludzie - rolnictwo i g\u00f3rnictwo - w Muzeum Historii Lokalnej Gro\u00df K\u00f6lzig"},"content":{"rendered":"<p>W sali historii lokalnej eksponowane s\u0105 przedmioty gospodarstwa domowego, rolniczego i g\u00f3rniczego oraz sprz\u0119t szklarski. Dokumentuj\u0105 one \u017cycie i ci\u0119\u017ck\u0105 prac\u0119 w dawnych czasach.<\/p>\n<p>Program odbywa si\u0119 w pomieszczeniach i na \u015bwie\u017cym powietrzu i jest skierowany do uczni\u00f3w klas 4-7.<br \/>\nTerminy: po uzgodnieniu<br \/>\nRejestracja wst\u0119pna: najp\u00f3\u017aniej 5 dni przed<br \/>\nWielko\u015b\u0107 grupy: od 5 do 30 os\u00f3b<br \/>\nWst\u0119p dla jednej osoby: po uzgodnieniu<\/p>\n<p><a title=\"Heimatstube Gro\u00df K\u00f6lzig \/ Domowniska \u015bpa Wjeliki K\u00f3lsk\" href=\"\/museen\/heimatstube-gross-koelzig\/\">Sala historii lokalnej Gro\u00df K\u00f6lzig<\/a><\/p>","protected":false},"excerpt":{"rendered":"<p>W sali historii lokalnej eksponowane s\u0105 przedmioty domowe, rolnicze i g\u00f3rnicze oraz sprz\u0119t szklarski. Dokumentuj\u0105 one \u017cycie i ci\u0119\u017ck\u0105 prac\u0119 z wcze\u015bniejszych czas\u00f3w. Program odbywa si\u0119 w pomieszczeniach i na zewn\u0105trz i jest skierowany do uczni\u00f3w klas 4-7. Terminy: po uzgodnieniu Wst\u0119pna rezerwacja: co najmniej 5 dni wcze\u015bniej Liczebno\u015b\u0107 grupy: od 5 do 30 os\u00f3b Wst\u0119p<\/p>","protected":false},"author":13,"featured_media":0,"parent":380,"menu_order":0,"comment_status":"closed","ping_status":"closed","template":"","meta":[],"_links":{"self":[{"href":"https:\/\/www.lausitzer-museenland.de\/pl\/wp-json\/wp\/v2\/pages\/460"}],"collection":[{"href":"https:\/\/www.lausitzer-museenland.de\/pl\/wp-json\/wp\/v2\/pages"}],"about":[{"href":"https:\/\/www.lausitzer-museenland.de\/pl\/wp-json\/wp\/v2\/types\/page"}],"author":[{"embeddable":true,"href":"https:\/\/www.lausitzer-museenland.de\/pl\/wp-json\/wp\/v2\/users\/13"}],"replies":[{"embeddable":true,"href":"https:\/\/www.lausitzer-museenland.de\/pl\/wp-json\/wp\/v2\/comments?post=460"}],"version-history":[{"count":7,"href":"https:\/\/www.lausitzer-museenland.de\/pl\/wp-json\/wp\/v2\/pages\/460\/revisions"}],"predecessor-version":[{"id":3679,"href":"https:\/\/www.lausitzer-museenland.de\/pl\/wp-json\/wp\/v2\/pages\/460\/revisions\/3679"}],"up":[{"embeddable":true,"href":"https:\/\/www.lausitzer-museenland.de\/pl\/wp-json\/wp\/v2\/pages\/380"}],"wp:attachment":[{"href":"https:\/\/www.lausitzer-museenland.de\/pl\/wp-json\/wp\/v2\/media?parent=460"}],"curies":[{"name":"wp","href":"https:\/\/api.w.org\/{rel}","templated":true}]}}