{"id":469,"date":"2014-11-12T11:38:27","date_gmt":"2014-11-12T10:38:27","guid":{"rendered":"http:\/\/lausitzer-museenland.de\/?page_id=469"},"modified":"2017-09-26T12:49:56","modified_gmt":"2017-09-26T11:49:56","slug":"kunsthandwerk-und-dorfgeschichte","status":"publish","type":"page","link":"https:\/\/www.lausitzer-museenland.de\/pl\/serwis\/kobi\/crafts-and-village-history\/","title":{"rendered":"Sztuka i rzemios\u0142o oraz historia wsi w Muzeum Historii Lokalnej w Klein K\u00f6lzig"},"content":{"rendered":"<p>W sali historii lokalnej zgromadzono eksponaty, dokumenty i zdj\u0119cia dotycz\u0105ce historii wsi, \u017cycia wiejskiego i jego zwi\u0105zk\u00f3w, g\u00f3rnictwa, cegielni w Klein K\u00f6lziger oraz miejscowego rzemie\u015blnika (snycerza Karla Gierschera).<\/p>\n<p>Oferta odbywa si\u0119 w pomieszczeniach zamkni\u0119tych i jest skierowana do uczni\u00f3w klas 1-10.<br \/>\nTerminy: po uzgodnieniu<br \/>\nRejestracja wst\u0119pna: najp\u00f3\u017aniej 2 tygodnie przed<\/p>\n<p><a href=\"http:\/\/www.ziegeleibahn-klein-koelzig.de\" target=\"_blank\">Sala historii lokalnej Klein K\u00f6lzig<\/a><\/p>","protected":false},"excerpt":{"rendered":"<p>W sali historii lokalnej zgromadzono eksponaty, dokumenty i zdj\u0119cia dotycz\u0105ce historii miejscowo\u015bci, \u017cycia wiejskiego i jego zwi\u0105zk\u00f3w, g\u00f3rnictwa, cegielni Klein K\u00f6lziger i miejscowego rzemie\u015blnika (snycerz Karl Gierscher). Program odbywa si\u0119 w pomieszczeniach zamkni\u0119tych i jest przeznaczony dla uczni\u00f3w klas 1-10. Terminy: po uzgodnieniu Zapisy: co najmniej 2 tygodnie wcze\u015bniej Lokalne biuro historyczne<\/p>","protected":false},"author":13,"featured_media":0,"parent":380,"menu_order":0,"comment_status":"closed","ping_status":"closed","template":"","meta":[],"_links":{"self":[{"href":"https:\/\/www.lausitzer-museenland.de\/pl\/wp-json\/wp\/v2\/pages\/469"}],"collection":[{"href":"https:\/\/www.lausitzer-museenland.de\/pl\/wp-json\/wp\/v2\/pages"}],"about":[{"href":"https:\/\/www.lausitzer-museenland.de\/pl\/wp-json\/wp\/v2\/types\/page"}],"author":[{"embeddable":true,"href":"https:\/\/www.lausitzer-museenland.de\/pl\/wp-json\/wp\/v2\/users\/13"}],"replies":[{"embeddable":true,"href":"https:\/\/www.lausitzer-museenland.de\/pl\/wp-json\/wp\/v2\/comments?post=469"}],"version-history":[{"count":7,"href":"https:\/\/www.lausitzer-museenland.de\/pl\/wp-json\/wp\/v2\/pages\/469\/revisions"}],"predecessor-version":[{"id":13284,"href":"https:\/\/www.lausitzer-museenland.de\/pl\/wp-json\/wp\/v2\/pages\/469\/revisions\/13284"}],"up":[{"embeddable":true,"href":"https:\/\/www.lausitzer-museenland.de\/pl\/wp-json\/wp\/v2\/pages\/380"}],"wp:attachment":[{"href":"https:\/\/www.lausitzer-museenland.de\/pl\/wp-json\/wp\/v2\/media?parent=469"}],"curies":[{"name":"wp","href":"https:\/\/api.w.org\/{rel}","templated":true}]}}