{"id":484,"date":"2014-11-12T11:50:20","date_gmt":"2014-11-12T10:50:20","guid":{"rendered":"http:\/\/lausitzer-museenland.de\/?page_id=484"},"modified":"2020-07-17T10:52:00","modified_gmt":"2020-07-17T08:52:00","slug":"keramikanhaenger-mit-ton-basteln","status":"publish","type":"page","link":"https:\/\/www.lausitzer-museenland.de\/pl\/serwis\/kobi\/ceramiczna-czarownica-z-gliny\/","title":{"rendered":"Ceramiczne zawieszki na okres Wielkanocy i Bo\u017cego Narodzenia - r\u0119kodzie\u0142o z gliny w Muzeum Historii Lokalnej w Dissenie"},"content":{"rendered":"<p>Wzory s\u0105 wyciskane w przygotowanych zawieszkach wielkanocnych lub poinsecjach w wilgotnej glinie. S\u0105 one p\u00f3\u017aniej wypalane i stanowi\u0105 pi\u0119kne prezenty lub elementy dekoracyjne do wiosennych lub \u015bwi\u0105tecznych bukiet\u00f3w.<\/p>\n<p>Oferta odbywa si\u0119 w pomieszczeniach zamkni\u0119tych i jest skierowana do uczni\u00f3w klas od 1 do 12.<br \/>\nTerminy: po uzgodnieniu<br \/>\nRejestracja wst\u0119pna: najp\u00f3\u017aniej 2 tygodnie przed<br \/>\nWielko\u015b\u0107 grupy: od 6 do 30 os\u00f3b<\/p>\n<p>Po uzgodnieniu mo\u017cna po\u0142\u0105czy\u0107 ze sob\u0105 r\u00f3\u017cne oferty lokalnego muzeum historii.<\/p>\n<p><a title=\"Heimatmuseum Dissen \/ Domowniski muzej De\u0161no\" href=\"\/museen\/heimatmuseum-dissen\/\">Muzeum historii lokalnej Dissen<\/a><\/p>","protected":false},"excerpt":{"rendered":"<p>Wzory odciskane s\u0105 w przygotowanych zawieszkach wielkanocnych lub poinsecji w wilgotnej glinie. S\u0105 one p\u00f3\u017aniej wypalane i stanowi\u0105 wspania\u0142e prezenty lub elementy dekoracyjne do wiosennego lub \u015bwi\u0105tecznego bukietu. Program odbywa si\u0119 w pomieszczeniach zamkni\u0119tych i jest skierowany do uczni\u00f3w klas 1-12. Terminy: po uzgodnieniu Zapisy: z co najmniej 2-tygodniowym wyprzedzeniem Liczebno\u015b\u0107 grupy: od 6 do 30 os\u00f3b Do<\/p>","protected":false},"author":13,"featured_media":0,"parent":380,"menu_order":0,"comment_status":"closed","ping_status":"closed","template":"","meta":[],"_links":{"self":[{"href":"https:\/\/www.lausitzer-museenland.de\/pl\/wp-json\/wp\/v2\/pages\/484"}],"collection":[{"href":"https:\/\/www.lausitzer-museenland.de\/pl\/wp-json\/wp\/v2\/pages"}],"about":[{"href":"https:\/\/www.lausitzer-museenland.de\/pl\/wp-json\/wp\/v2\/types\/page"}],"author":[{"embeddable":true,"href":"https:\/\/www.lausitzer-museenland.de\/pl\/wp-json\/wp\/v2\/users\/13"}],"replies":[{"embeddable":true,"href":"https:\/\/www.lausitzer-museenland.de\/pl\/wp-json\/wp\/v2\/comments?post=484"}],"version-history":[{"count":10,"href":"https:\/\/www.lausitzer-museenland.de\/pl\/wp-json\/wp\/v2\/pages\/484\/revisions"}],"predecessor-version":[{"id":52952,"href":"https:\/\/www.lausitzer-museenland.de\/pl\/wp-json\/wp\/v2\/pages\/484\/revisions\/52952"}],"up":[{"embeddable":true,"href":"https:\/\/www.lausitzer-museenland.de\/pl\/wp-json\/wp\/v2\/pages\/380"}],"wp:attachment":[{"href":"https:\/\/www.lausitzer-museenland.de\/pl\/wp-json\/wp\/v2\/media?parent=484"}],"curies":[{"name":"wp","href":"https:\/\/api.w.org\/{rel}","templated":true}]}}