{"id":490,"date":"2014-11-12T11:53:03","date_gmt":"2014-11-12T10:53:03","guid":{"rendered":"http:\/\/lausitzer-museenland.de\/?page_id=490"},"modified":"2018-08-16T09:24:55","modified_gmt":"2018-08-16T08:24:55","slug":"sbasteln-und-maerchen-erzaehlen-im-museum","status":"publish","type":"page","link":"https:\/\/www.lausitzer-museenland.de\/pl\/serwis\/kobi\/s-craft-and-tale-telling-at-the-museum\/","title":{"rendered":"Gwiazdy z p\u0142atk\u00f3w \u015bniegu - Sn\u0115\u017eynka - R\u0119kodzie\u0142o i bajki w Muzeum Historii Lokalnej w Dissen"},"content":{"rendered":"<p>Okres przed\u015bwi\u0105teczny jest r\u00f3wnie\u017c tajemniczy i mistyczny. Poniewa\u017c \u015bniegu jest tak ma\u0142o, dzieci mog\u0105 u\u017cy\u0107 no\u017cyczek i papieru, aby stworzy\u0107 w\u0142asne pi\u0119kne gwiazdki w kszta\u0142cie p\u0142atk\u00f3w \u015bniegu na okno lub na kartki \u015bwi\u0105teczne. Po pracowitym wycinaniu i klejeniu serbo\u0142u\u017cycki p\u0142atek \u015bniegu \"\u015anie\u017cka\", w kt\u00f3rego rol\u0119 wcieli\u0142 si\u0119 Bernd Pittkunings, uwodzi wszystkie dzieci w \u015bwiat ba\u015bni i legend.<\/p>\n<p>Oferta odbywa si\u0119 w pomieszczeniach zamkni\u0119tych i jest skierowana do dzieci w wieku przedszkolnym do klasy 7.<br \/>\nDaty: Od pa\u017adziernika do stycznia po uzgodnieniu od poniedzia\u0142ku do pi\u0105tku<br \/>\nRejestracja wst\u0119pna: najp\u00f3\u017aniej 2 tygodnie przed<br \/>\nCzas trwania: ok. 1,5 godz.<br \/>\nWielko\u015b\u0107 grupy: od 6 do 30 os\u00f3b<\/p>\n<p>Po uzgodnieniu mo\u017cna po\u0142\u0105czy\u0107 ze sob\u0105 r\u00f3\u017cne oferty lokalnego muzeum historii.<\/p>\n<p><a title=\"Heimatmuseum Dissen \/ Domowniski muzej De\u0161no\" href=\"\/museen\/heimatmuseum-dissen\/\">Muzeum historii lokalnej Dissen<\/a><\/p>","protected":false},"excerpt":{"rendered":"<p>Okres przed\u015bwi\u0105teczny jest r\u00f3wnie\u017c tajemniczy i mistyczny. Poniewa\u017c \u015bniegu jest tak ma\u0142o, dzieci mog\u0105 u\u017cy\u0107 no\u017cyczek i papieru, aby stworzy\u0107 w\u0142asne pi\u0119kne gwiazdki w kszta\u0142cie p\u0142atk\u00f3w \u015bniegu na okno lub na kartki \u015bwi\u0105teczne. Po pracowitym wycinaniu i klejeniu serbo\u0142u\u017cycki p\u0142atek \u015bniegu \"\u015anie\u017cka\", w kt\u00f3rego rol\u0119 wcieli\u0142 si\u0119 Bernd Pittkunings, uwodzi wszystkie dzieci w \u015bwiat ba\u015bni i legend.<\/p>","protected":false},"author":13,"featured_media":0,"parent":380,"menu_order":0,"comment_status":"closed","ping_status":"closed","template":"","meta":[],"_links":{"self":[{"href":"https:\/\/www.lausitzer-museenland.de\/pl\/wp-json\/wp\/v2\/pages\/490"}],"collection":[{"href":"https:\/\/www.lausitzer-museenland.de\/pl\/wp-json\/wp\/v2\/pages"}],"about":[{"href":"https:\/\/www.lausitzer-museenland.de\/pl\/wp-json\/wp\/v2\/types\/page"}],"author":[{"embeddable":true,"href":"https:\/\/www.lausitzer-museenland.de\/pl\/wp-json\/wp\/v2\/users\/13"}],"replies":[{"embeddable":true,"href":"https:\/\/www.lausitzer-museenland.de\/pl\/wp-json\/wp\/v2\/comments?post=490"}],"version-history":[{"count":9,"href":"https:\/\/www.lausitzer-museenland.de\/pl\/wp-json\/wp\/v2\/pages\/490\/revisions"}],"predecessor-version":[{"id":25355,"href":"https:\/\/www.lausitzer-museenland.de\/pl\/wp-json\/wp\/v2\/pages\/490\/revisions\/25355"}],"up":[{"embeddable":true,"href":"https:\/\/www.lausitzer-museenland.de\/pl\/wp-json\/wp\/v2\/pages\/380"}],"wp:attachment":[{"href":"https:\/\/www.lausitzer-museenland.de\/pl\/wp-json\/wp\/v2\/media?parent=490"}],"curies":[{"name":"wp","href":"https:\/\/api.w.org\/{rel}","templated":true}]}}