{"id":495,"date":"2014-11-12T11:56:12","date_gmt":"2014-11-12T10:56:12","guid":{"rendered":"http:\/\/lausitzer-museenland.de\/?page_id=495"},"modified":"2020-07-17T10:55:10","modified_gmt":"2020-07-17T08:55:10","slug":"begegnung-mit-dem-alten-volk","status":"publish","type":"page","link":"https:\/\/www.lausitzer-museenland.de\/pl\/serwis\/kobi\/spotkanie-ze-starymi-ludzmi\/","title":{"rendered":"\"Stary Lud - Spotkanie z pradawnymi lud\u017ami\" - podr\u00f3\u017c w czasie do X\/XI wieku w Muzeum Historii Lokalnej w Dissen"},"content":{"rendered":"<p>\"Stary lud - Spotkanie z pradawnymi lud\u017ami\" - s\u0142owia\u0144ska podr\u00f3\u017c w czasie do X\/XI wieku. Wprowadzenie do wczesnej historii osadnictwa Serbo\u0142u\u017cyczan\/Wend\u00f3w oraz ich ubior\u00f3w we wczesnym \u015bredniowieczu. W ramach projekt\u00f3w uczniowie mog\u0105 sami zrozumie\u0107, jak mog\u0142o wygl\u0105da\u0107 \u017cycie w X-XI wieku.<br \/>\nUczniowie wybieraj\u0105 jedn\u0105 z trzech ofert projekt\u00f3w:<br \/>\n1. rzemios\u0142o metalowe i rozpalanie ognia,<br \/>\n2. kuchnia i \u017cywienie<br \/>\n3. od owiec do ubra\u0144,<br \/>\nw kt\u00f3rym b\u0119d\u0105 pracowa\u0107.<\/p>\n<div>\nRealizacja ca\u0142ego projektu: 10 min. kr\u00f3tkie wprowadzenie do historii S\u0142owian (dla wszystkich uczni\u00f3w), 15 min. wprowadzenie do ubioru z okresu wczesnego \u015bredniowiecza (ma\u0142a demonstracja dla wszystkich uczni\u00f3w), nast\u0119pnie praca w grupach w ramach 3 projekt\u00f3w, na zako\u0144czenie wsp\u00f3lny posi\u0142ek dla wszystkich uczni\u00f3w ze sk\u0142adnik\u00f3w z okresu \u015bredniowiecza.<\/p>\n<p>Program odbywa si\u0119 na \u015bwie\u017cym powietrzu i jest skierowany do uczni\u00f3w klas od 3 do 12.<br \/>\nProsimy o odpowiedni ubi\u00f3r!<br \/>\nTerminy: po uzgodnieniu<br \/>\nRejestracja wst\u0119pna: z co najmniej 3-tygodniowym wyprzedzeniem<br \/>\nCzas trwania: 4 lekcje + 30 minut przek\u0105ski<br \/>\nWielko\u015b\u0107 grupy: od 6 do 20 os\u00f3b<\/p>\n<p><a title=\"Heimatmuseum Dissen \/ Domowniski muzej De\u0161no\" href=\"\/museen\/heimatmuseum-dissen\/\">Muzeum historii lokalnej Dissen<\/a><\/p>\n<\/div>","protected":false},"excerpt":{"rendered":"<p>\" Stary lud - Spotkanie z pradawnymi lud\u017ami\" - s\u0142owia\u0144ska podr\u00f3\u017c w czasie do X\/XI wieku. Wprowadzenie do wczesnej historii osadnictwa \u0141u\u017cyczan\/Wend\u00f3w, a tak\u017ce ich ubioru we wczesnym \u015bredniowieczu. W ramach projekt\u00f3w uczniowie mog\u0105 sami zrozumie\u0107, jak mog\u0142o wygl\u0105da\u0107 \u017cycie w X\/XI wieku. Uczniowie wybieraj\u0105 spo\u015br\u00f3d 3 ofert projektowych: 1.<\/p>","protected":false},"author":13,"featured_media":0,"parent":380,"menu_order":0,"comment_status":"closed","ping_status":"closed","template":"","meta":[],"_links":{"self":[{"href":"https:\/\/www.lausitzer-museenland.de\/pl\/wp-json\/wp\/v2\/pages\/495"}],"collection":[{"href":"https:\/\/www.lausitzer-museenland.de\/pl\/wp-json\/wp\/v2\/pages"}],"about":[{"href":"https:\/\/www.lausitzer-museenland.de\/pl\/wp-json\/wp\/v2\/types\/page"}],"author":[{"embeddable":true,"href":"https:\/\/www.lausitzer-museenland.de\/pl\/wp-json\/wp\/v2\/users\/13"}],"replies":[{"embeddable":true,"href":"https:\/\/www.lausitzer-museenland.de\/pl\/wp-json\/wp\/v2\/comments?post=495"}],"version-history":[{"count":12,"href":"https:\/\/www.lausitzer-museenland.de\/pl\/wp-json\/wp\/v2\/pages\/495\/revisions"}],"predecessor-version":[{"id":52953,"href":"https:\/\/www.lausitzer-museenland.de\/pl\/wp-json\/wp\/v2\/pages\/495\/revisions\/52953"}],"up":[{"embeddable":true,"href":"https:\/\/www.lausitzer-museenland.de\/pl\/wp-json\/wp\/v2\/pages\/380"}],"wp:attachment":[{"href":"https:\/\/www.lausitzer-museenland.de\/pl\/wp-json\/wp\/v2\/media?parent=495"}],"curies":[{"name":"wp","href":"https:\/\/api.w.org\/{rel}","templated":true}]}}