{"id":500,"date":"2014-11-12T13:48:04","date_gmt":"2014-11-12T12:48:04","guid":{"rendered":"http:\/\/lausitzer-museenland.de\/?page_id=500"},"modified":"2014-12-17T18:24:59","modified_gmt":"2014-12-17T17:24:59","slug":"flachs-und-leinen","status":"publish","type":"page","link":"https:\/\/www.lausitzer-museenland.de\/pl\/serwis\/kobi\/len-i-plotno\/","title":{"rendered":"Len i lny w Muzeum Historii Lokalnej \"K\u00f3lasko\" Drachhausen"},"content":{"rendered":"<p>W tym niewielkim obiekcie znajduj\u0105 si\u0119 eksponaty dotycz\u0105ce \u017cycia ludno\u015bci wiejskiej, a zw\u0142aszcza tradycji obr\u00f3bki lnu z okolic Drachhausen. \"K\u00f3lasko\" oznacza po niemiecku \"kr\u0119cio\u0142ek\". Jest to jedno z narz\u0119dzi u\u017cywanych do produkcji p\u0142\u00f3tna. W dawnych czasach kobiety z wioski spotyka\u0142y si\u0119 w \"prz\u0119dzalni\", aby wsp\u00f3lnie pracowa\u0107 na kole prz\u0119dzalniczym. W te zimowe wieczory \"snuto\" te\u017c wiele opowie\u015bci.<\/p>\n<p>Oferta odbywa si\u0119 w pomieszczeniach zamkni\u0119tych i jest skierowana do uczni\u00f3w klas 1-10.<br \/>\nNominacje: Od poniedzia\u0142ku do pi\u0105tku w godz. 9.00-12.00 po uzgodnieniu.<br \/>\nRejestracja wst\u0119pna: najp\u00f3\u017aniej 1 tydzie\u0144 przed<br \/>\nCzas trwania: ok. 1 godz.<\/p>\n<p><a title=\"Muzeum Historii Lokalnej &quot;K\u00f3lasko&quot; Drachhausen \/ Domowniski muzej &quot;K\u00f3lasko&quot; Hochoza\" href=\"\/museen\/heimatmuseum-kolasko-drachhausen\/\">Muzeum Krajoznawcze \"K\u00f3lasko\" Drachhausen<\/a><\/p>","protected":false},"excerpt":{"rendered":"<p>W ma\u0142ym obiekcie znajduj\u0105 si\u0119 eksponaty dotycz\u0105ce \u017cycia ludno\u015bci wiejskiej, w szczeg\u00f3lno\u015bci tradycji obr\u00f3bki lnu z okolic Drachhausen. \"K\u00f3lasko\" oznacza po niemiecku \"kr\u0119cio\u0142ek\". Jest to jedno z narz\u0119dzi wykorzystywanych do produkcji lnu. W dawnych czasach kobiety ze wsi spotyka\u0142y si\u0119 w \"spinte\", aby wsp\u00f3lnie pracowa\u0107 na kole prz\u0119dzalniczym. Zatem<\/p>","protected":false},"author":13,"featured_media":0,"parent":380,"menu_order":0,"comment_status":"closed","ping_status":"closed","template":"","meta":[],"_links":{"self":[{"href":"https:\/\/www.lausitzer-museenland.de\/pl\/wp-json\/wp\/v2\/pages\/500"}],"collection":[{"href":"https:\/\/www.lausitzer-museenland.de\/pl\/wp-json\/wp\/v2\/pages"}],"about":[{"href":"https:\/\/www.lausitzer-museenland.de\/pl\/wp-json\/wp\/v2\/types\/page"}],"author":[{"embeddable":true,"href":"https:\/\/www.lausitzer-museenland.de\/pl\/wp-json\/wp\/v2\/users\/13"}],"replies":[{"embeddable":true,"href":"https:\/\/www.lausitzer-museenland.de\/pl\/wp-json\/wp\/v2\/comments?post=500"}],"version-history":[{"count":8,"href":"https:\/\/www.lausitzer-museenland.de\/pl\/wp-json\/wp\/v2\/pages\/500\/revisions"}],"predecessor-version":[{"id":3694,"href":"https:\/\/www.lausitzer-museenland.de\/pl\/wp-json\/wp\/v2\/pages\/500\/revisions\/3694"}],"up":[{"embeddable":true,"href":"https:\/\/www.lausitzer-museenland.de\/pl\/wp-json\/wp\/v2\/pages\/380"}],"wp:attachment":[{"href":"https:\/\/www.lausitzer-museenland.de\/pl\/wp-json\/wp\/v2\/media?parent=500"}],"curies":[{"name":"wp","href":"https:\/\/api.w.org\/{rel}","templated":true}]}}