{"id":507,"date":"2014-11-12T13:51:29","date_gmt":"2014-11-12T12:51:29","guid":{"rendered":"http:\/\/lausitzer-museenland.de\/?page_id=507"},"modified":"2018-08-16T09:32:43","modified_gmt":"2018-08-16T08:32:43","slug":"kurzer-abriss-ueber-die-sorbischewendische-geschichte","status":"publish","type":"page","link":"https:\/\/www.lausitzer-museenland.de\/pl\/serwis\/kobi\/short-abstract-about-sorbian-wendish-history\/","title":{"rendered":"Kr\u00f3tki zarys historii Serbo\u0142u\u017cyczan\/Wend\u00f3w w Muzeum Historii Lokalnej w Dissen"},"content":{"rendered":"<p>Podczas zwiedzania muzeum z przewodnikiem uczniowie poznaj\u0105 histori\u0119 Serbo\u0142u\u017cyczan\/Wend\u00f3w od momentu osiedlenia do czas\u00f3w wsp\u00f3\u0142czesnych. Opowiada si\u0119 o ci\u0119\u017ckiej pracy na polu i w gospodarstwie, ale tak\u017ce o \u015bwi\u0119tach i zwyczajach. Wycieczki te s\u0105 dostosowane do grup wiekowych.<\/p>\n<p>Program odbywa si\u0119 na \u015bwie\u017cym powietrzu i jest skierowany do uczni\u00f3w klas 1-12.<br \/>\nProsimy o odpowiedni ubi\u00f3r!<br \/>\nTerminy: w dowolnym czasie po uzgodnieniu.<br \/>\nRejestracja wst\u0119pna: mo\u017cliwa w kr\u00f3tkim terminie<br \/>\nCzas trwania: 45 minut na kamie\u0144 projektowy<br \/>\nWielko\u015b\u0107 grupy: od 6 do 30 os\u00f3b<\/p>\n<p>Po uzgodnieniu mo\u017cna \u0142\u0105czy\u0107 ze sob\u0105 r\u00f3\u017cne oferty.<\/p>\n<p><a title=\"Heimatmuseum Dissen \/ Domowniski muzej De\u0161no\" href=\"\/museen\/heimatmuseum-dissen\/\">Muzeum historii lokalnej Dissen<\/a><\/p>","protected":false},"excerpt":{"rendered":"<p>Podczas zwiedzania muzeum z przewodnikiem uczniowie poznaj\u0105 histori\u0119 Serbo\u0142u\u017cyczan\/Wend\u00f3w od zasiedlenia do wsp\u00f3\u0142czesno\u015bci. Opowiadane s\u0105 historie o ci\u0119\u017ckiej pracy w polu i na roli, ale tak\u017ce o \u015bwi\u0119tach i zwyczajach. Te wycieczki s\u0105 zaprojektowane zgodnie z grup\u0105 wiekow\u0105. Oferta odbywa si\u0119 w plenerze i<\/p>","protected":false},"author":13,"featured_media":0,"parent":380,"menu_order":0,"comment_status":"closed","ping_status":"closed","template":"","meta":[],"_links":{"self":[{"href":"https:\/\/www.lausitzer-museenland.de\/pl\/wp-json\/wp\/v2\/pages\/507"}],"collection":[{"href":"https:\/\/www.lausitzer-museenland.de\/pl\/wp-json\/wp\/v2\/pages"}],"about":[{"href":"https:\/\/www.lausitzer-museenland.de\/pl\/wp-json\/wp\/v2\/types\/page"}],"author":[{"embeddable":true,"href":"https:\/\/www.lausitzer-museenland.de\/pl\/wp-json\/wp\/v2\/users\/13"}],"replies":[{"embeddable":true,"href":"https:\/\/www.lausitzer-museenland.de\/pl\/wp-json\/wp\/v2\/comments?post=507"}],"version-history":[{"count":6,"href":"https:\/\/www.lausitzer-museenland.de\/pl\/wp-json\/wp\/v2\/pages\/507\/revisions"}],"predecessor-version":[{"id":26190,"href":"https:\/\/www.lausitzer-museenland.de\/pl\/wp-json\/wp\/v2\/pages\/507\/revisions\/26190"}],"up":[{"embeddable":true,"href":"https:\/\/www.lausitzer-museenland.de\/pl\/wp-json\/wp\/v2\/pages\/380"}],"wp:attachment":[{"href":"https:\/\/www.lausitzer-museenland.de\/pl\/wp-json\/wp\/v2\/media?parent=507"}],"curies":[{"name":"wp","href":"https:\/\/api.w.org\/{rel}","templated":true}]}}