{"id":52508,"date":"2019-06-26T10:38:09","date_gmt":"2019-06-26T08:38:09","guid":{"rendered":"http:\/\/lausitzer-museenland.de\/?page_id=52508"},"modified":"2025-01-07T11:16:05","modified_gmt":"2025-01-07T10:16:05","slug":"datenschutz","status":"publish","type":"page","link":"https:\/\/www.lausitzer-museenland.de\/pl\/ochrona-danych\/","title":{"rendered":"Polityka prywatno\u015bci"},"content":{"rendered":"<h3>1. ochrona danych w skr\u00f3cie<\/h3>\n<h3>Uwagi og\u00f3lne<\/h3>\n<p>Poni\u017csze informacje stanowi\u0105 prosty przegl\u0105d tego, co dzieje si\u0119 z danymi osobowymi u\u017cytkownika podczas odwiedzania naszej witryny. Dane osobowe to wszelkie dane, na podstawie kt\u00f3rych mo\u017cna osobi\u015bcie zidentyfikowa\u0107 u\u017cytkownika. Szczeg\u00f3\u0142owe informacje na temat ochrony danych osobowych mo\u017cna znale\u017a\u0107 w naszej polityce prywatno\u015bci zamieszczonej pod niniejszym tekstem.<\/p>\n<h3>Gromadzenie danych na naszej stronie internetowej<\/h3>\n<p><strong>Kto jest odpowiedzialny za gromadzenie danych na tej witrynie?<\/strong><\/p>\n<p>Dane na tej stronie internetowej s\u0105 przetwarzane przez jej operatora. Jego dane kontaktowe mo\u017cna znale\u017a\u0107 w stopce redakcyjnej tej strony.<\/p>\n<p><strong>W jaki spos\u00f3b gromadzimy Twoje dane?<\/strong><\/p>\n<p>Z jednej strony, dane s\u0105 gromadzone, gdy u\u017cytkownik nam je przekazuje. Mog\u0105 to by\u0107 na przyk\u0142ad dane wprowadzone przez u\u017cytkownika w formularzu kontaktowym.<\/p>\n<p>Inne dane s\u0105 automatycznie gromadzone przez nasze systemy informatyczne podczas odwiedzania strony internetowej. S\u0105 to g\u0142\u00f3wnie dane techniczne (np. przegl\u0105darka internetowa, system operacyjny lub czas wy\u015bwietlania strony). Dane te s\u0105 gromadzone automatycznie po wej\u015bciu u\u017cytkownika na nasz\u0105 stron\u0119 internetow\u0105.<\/p>\n<p><strong>Do czego wykorzystujemy Twoje dane?<\/strong><\/p>\n<p>Cz\u0119\u015b\u0107 danych jest gromadzona w celu zapewnienia bezb\u0142\u0119dnego dzia\u0142ania witryny. Inne dane mog\u0105 by\u0107 wykorzystywane do analizowania zachowa\u0144 u\u017cytkownik\u00f3w.<\/p>\n<p><strong>Jakie prawa przys\u0142uguj\u0105 Ci w zwi\u0105zku z Twoimi danymi?<\/strong><\/p>\n<p>U\u017cytkownik ma prawo w ka\u017cdej chwili bezp\u0142atnie uzyska\u0107 informacje o pochodzeniu, odbiorcy i celu przechowywanych danych osobowych. U\u017cytkownik ma r\u00f3wnie\u017c prawo do \u017c\u0105dania poprawienia, zablokowania lub usuni\u0119cia tych danych. W tym celu oraz w przypadku dalszych pyta\u0144 dotycz\u0105cych ochrony danych osobowych mo\u017cna w ka\u017cdej chwili skontaktowa\u0107 si\u0119 z nami pod adresem podanym w stopce redakcyjnej. Ponadto u\u017cytkownik ma prawo do z\u0142o\u017cenia skargi do w\u0142a\u015bciwego organu nadzorczego.<\/p>\n<p>W pewnych okoliczno\u015bciach u\u017cytkownik ma r\u00f3wnie\u017c prawo za\u017c\u0105da\u0107 ograniczenia przetwarzania swoich danych osobowych. Szczeg\u00f3\u0142owe informacje na ten temat mo\u017cna znale\u017a\u0107 w polityce prywatno\u015bci w cz\u0119\u015bci \"Prawo do ograniczenia przetwarzania danych\".<\/p>\n<h3>2 Uwagi og\u00f3lne i informacje obowi\u0105zkowe<\/h3>\n<h3>Ochrona danych<\/h3>\n<p>Operatorzy tych stron bardzo powa\u017cnie traktuj\u0105 ochron\u0119 danych osobowych u\u017cytkownik\u00f3w. Twoje dane osobowe traktujemy poufnie i zgodnie z ustawowymi przepisami o ochronie danych oraz z niniejsz\u0105 deklaracj\u0105 o ochronie danych.<\/p>\n<p>Podczas korzystania z niniejszej witryny internetowej gromadzone s\u0105 r\u00f3\u017cne dane osobowe. Dane osobowe to dane, kt\u00f3re mo\u017cna wykorzysta\u0107 do identyfikacji u\u017cytkownika. Niniejsza polityka prywatno\u015bci wyja\u015bnia, jakie dane gromadzimy i do czego je wykorzystujemy. Wyja\u015bnia r\u00f3wnie\u017c, w jaki spos\u00f3b i w jakim celu si\u0119 to robi.<\/p>\n<p>Pragniemy zwr\u00f3ci\u0107 uwag\u0119, \u017ce transmisja danych w Internecie (np. komunikacja za pomoc\u0105 poczty elektronicznej) mo\u017ce zawiera\u0107 luki w zabezpieczeniach. Pe\u0142na ochrona danych przed dost\u0119pem os\u00f3b trzecich nie jest mo\u017cliwa.<\/p>\n<h3>Uwaga dotycz\u0105ca organu odpowiedzialnego<\/h3>\n<p>Administratorem danych dla tej strony internetowej jest:<\/p>\n<p>Powiat Spree-Nei\u00dfe<br \/>\nRomy Ruff<br \/>\nSerbowie \u0142u\u017cyccy\/ Wendowie Przedstawiciel<br \/>\nPowiat Spree-Nei\u00dfe<br \/>\nHeinrich-Heine-Stra\u00dfe 1<br \/>\n03149 Forst (\u0141u\u017cyce)<\/p>\n<p>Telefon: 0 35 62 \/ 98 61 00 05<br \/>\nE-mail: landrat@lkspn.de<\/p>\n<p>Administrator danych to osoba fizyczna lub prawna, kt\u00f3ra samodzielnie lub wsp\u00f3lnie z innymi ustala cele i sposoby przetwarzania danych osobowych (np. nazwisk, adres\u00f3w e-mail itp.).<\/p>\n<h3>Odwo\u0142anie zgody na przetwarzanie danych<\/h3>\n<p>Wiele operacji przetwarzania danych jest mo\u017cliwych tylko za wyra\u017an\u0105 zgod\u0105 u\u017cytkownika. U\u017cytkownik mo\u017ce w ka\u017cdej chwili cofn\u0105\u0107 udzielon\u0105 wcze\u015bniej zgod\u0119. W tym celu wystarczy nieformalne powiadomienie nas za po\u015brednictwem poczty elektronicznej. Odwo\u0142anie nie ma wp\u0142ywu na legalno\u015b\u0107 przetwarzania danych dokonanego do momentu odwo\u0142ania.<\/p>\n<h3>Prawo do sprzeciwu wobec gromadzenia danych w okre\u015blonych przypadkach oraz wobec marketingu bezpo\u015bredniego (art. 21 GDPR)<\/h3>\n<p><strong>Je\u015bli przetwarzanie danych odbywa si\u0119 na podstawie art. 6 ust. 1 lit. e) lub f) DSGVO, przys\u0142uguje Pa\u0144stwu prawo do wniesienia w dowolnym momencie sprzeciwu wobec przetwarzania Pa\u0144stwa danych osobowych z przyczyn wynikaj\u0105cych z Pa\u0144stwa szczeg\u00f3lnej sytuacji; dotyczy to r\u00f3wnie\u017c profilowania na podstawie tych przepis\u00f3w. Odpowiednie podstawy prawne, na kt\u00f3rych opiera si\u0119 przetwarzanie danych, mo\u017cna znale\u017a\u0107 w niniejszym o\u015bwiadczeniu o ochronie danych. Je\u015bli zg\u0142osisz sprzeciw, nie b\u0119dziemy ju\u017c przetwarza\u0107 danych osobowych, o kt\u00f3rych mowa, chyba \u017ce b\u0119dziemy w stanie wykaza\u0107 istotne uzasadnione powody przetwarzania, kt\u00f3re przewa\u017caj\u0105 nad Twoimi interesami, prawami i wolno\u015bciami, lub przetwarzanie s\u0142u\u017cy dochodzeniu, wykonywaniu lub obronie roszcze\u0144 prawnych (sprzeciw na mocy art. 21 ust. 1 GDPR).<\/strong><\/p>\n<p><strong>Je\u017celi Pa\u0144stwa dane osobowe s\u0105 przetwarzane na potrzeby marketingu bezpo\u015bredniego, maj\u0105 Pa\u0144stwo prawo w dowolnym momencie wnie\u015b\u0107 sprzeciw wobec przetwarzania Pa\u0144stwa danych osobowych na potrzeby takiego marketingu; dotyczy to r\u00f3wnie\u017c profilowania, o ile jest ono zwi\u0105zane z takim marketingiem bezpo\u015brednim. W przypadku wniesienia sprzeciwu dane osobowe nie b\u0119d\u0105 ju\u017c wykorzystywane do cel\u00f3w reklamy bezpo\u015bredniej (sprzeciw na podstawie art. 21 ust. 2 DSGVO).<\/strong><\/p>\n<h3>Prawo do odwo\u0142ania si\u0119 do w\u0142a\u015bciwego organu nadzorczego<\/h3>\n<p>W przypadku naruszenia GDPR osobom, kt\u00f3rych dane dotycz\u0105, przys\u0142uguje prawo odwo\u0142ania si\u0119 do organu nadzorczego, w szczeg\u00f3lno\u015bci w pa\u0144stwie cz\u0142onkowskim ich zwyk\u0142ego pobytu, miejsca pracy lub miejsca domniemanego naruszenia. Prawo do odwo\u0142ania pozostaje bez uszczerbku dla wszelkich innych administracyjnych lub s\u0105dowych \u015brodk\u00f3w odwo\u0142awczych.<\/p>\n<h3>Prawo do przenoszenia danych<\/h3>\n<p>Masz prawo do tego, by dane, kt\u00f3re przetwarzamy automatycznie na podstawie Twojej zgody lub w ramach realizacji umowy, zosta\u0142y przekazane Tobie lub stronie trzeciej we wsp\u00f3lnym formacie nadaj\u0105cym si\u0119 do odczytu maszynowego. Je\u017celi za\u017c\u0105daj\u0105 Pa\u0144stwo bezpo\u015bredniego przekazania danych innemu administratorowi, nast\u0105pi to tylko w takim zakresie, w jakim jest to technicznie wykonalne.<\/p>\n<h3>Szyfrowanie SSL lub TLS<\/h3>\n<p>Ze wzgl\u0119d\u00f3w bezpiecze\u0144stwa oraz w celu ochrony transmisji tre\u015bci poufnych, takich jak zam\u00f3wienia lub zapytania przesy\u0142ane do nas jako operatora witryny, witryna ta wykorzystuje szyfrowanie SSL lub TLS. Po\u0142\u0105czenie szyfrowane mo\u017cna rozpozna\u0107 po tym, \u017ce wiersz adresu przegl\u0105darki zmienia si\u0119 z \"http:\/\/\" na \"https:\/\/\" oraz po symbolu k\u0142\u00f3dki w wierszu przegl\u0105darki.<\/p>\n<p>Je\u015bli w\u0142\u0105czone jest szyfrowanie SSL lub TLS, dane przesy\u0142ane do nas nie mog\u0105 by\u0107 odczytane przez osoby trzecie.<\/p>\n<h3>Informacje, blokowanie, usuwanie i poprawianie<\/h3>\n<p>W ramach obowi\u0105zuj\u0105cych przepis\u00f3w prawnych u\u017cytkownik ma w ka\u017cdej chwili prawo do bezp\u0142atnej informacji na temat przechowywanych danych osobowych, ich pochodzenia i odbiorcy oraz celu przetwarzania danych, a tak\u017ce, w stosownych przypadkach, prawo do korekty, zablokowania lub usuni\u0119cia tych danych. W tym celu, jak r\u00f3wnie\u017c w przypadku dalszych pyta\u0144 dotycz\u0105cych danych osobowych, mo\u017cna w ka\u017cdej chwili skontaktowa\u0107 si\u0119 z nami pod adresem podanym w stopce redakcyjnej.<\/p>\n<h3>Prawo do ograniczenia przetwarzania danych<\/h3>\n<p>U\u017cytkownik ma prawo za\u017c\u0105da\u0107 ograniczenia przetwarzania swoich danych osobowych. W tym celu mo\u017cna w ka\u017cdej chwili skontaktowa\u0107 si\u0119 z nami pod adresem podanym w stopce redakcyjnej. Prawo do ograniczenia przetwarzania danych istnieje w nast\u0119puj\u0105cych przypadkach:<\/p>\n<ul>\n<li>Je\u015bli u\u017cytkownik kwestionuje poprawno\u015b\u0107 przechowywanych przez nas danych osobowych, zazwyczaj potrzebujemy czasu, aby to sprawdzi\u0107. W czasie trwania weryfikacji masz prawo za\u017c\u0105da\u0107 ograniczenia przetwarzania Twoich danych osobowych.<\/li>\n<li>Je\u015bli przetwarzanie Twoich danych osobowych odbywa\u0142o si\u0119\/odbywa si\u0119 niezgodnie z prawem, zamiast usuni\u0119cia danych mo\u017cesz za\u017c\u0105da\u0107 ograniczenia ich przetwarzania.<\/li>\n<li>Je\u015bli nie potrzebujemy ju\u017c danych osobowych, ale s\u0105 one potrzebne do wykonywania, obrony lub egzekwowania roszcze\u0144 prawnych, u\u017cytkownik ma prawo za\u017c\u0105da\u0107 ograniczenia przetwarzania swoich danych osobowych zamiast ich usuni\u0119cia.<\/li>\n<li>W przypadku wniesienia sprzeciwu zgodnie z art. 21 ust. 1 DSGVO, nale\u017cy dokona\u0107 wywa\u017cenia interes\u00f3w u\u017cytkownika i naszych. Dop\u00f3ki nie zostanie ustalone, czyje interesy przewa\u017caj\u0105, masz prawo \u017c\u0105da\u0107 ograniczenia przetwarzania swoich danych osobowych.<\/li>\n<\/ul>\n<p>Je\u017celi u\u017cytkownik ograniczy\u0142 przetwarzanie swoich danych osobowych, dane te - poza ich przechowywaniem - mog\u0105 by\u0107 przetwarzane wy\u0142\u0105cznie za jego zgod\u0105 lub w celu ustalenia, wykonania lub obrony roszcze\u0144 prawnych, lub w celu ochrony praw innej osoby fizycznej lub prawnej, lub z uwagi na wa\u017cny interes publiczny Unii Europejskiej lub pa\u0144stwa cz\u0142onkowskiego.<\/p>\n<h3>Sprzeciw wobec e-maili reklamowych<\/h3>\n<p>Zabrania si\u0119 wykorzystywania danych kontaktowych opublikowanych w ramach zobowi\u0105zania do podawania odcisk\u00f3w palc\u00f3w do przesy\u0142ania materia\u0142\u00f3w reklamowych i informacyjnych, kt\u00f3re nie zosta\u0142y wyra\u017anie zam\u00f3wione. Operatorzy stron wyra\u017anie zastrzegaj\u0105 sobie prawo do podj\u0119cia krok\u00f3w prawnych w przypadku niezam\u00f3wionego rozsy\u0142ania informacji reklamowych, takich jak spam.<\/p>\n<h3>3. gromadzenie danych na naszej stronie internetowej<\/h3>\n<h3>Ciasteczka<\/h3>\n<p>Niekt\u00f3re strony internetowe wykorzystuj\u0105 tzw. pliki cookie. Pliki cookie nie powoduj\u0105 \u017cadnych szk\u00f3d na komputerze u\u017cytkownika i nie zawieraj\u0105 wirus\u00f3w. Pliki cookie s\u0142u\u017c\u0105 do tego, aby nasza oferta by\u0142a bardziej przyjazna dla u\u017cytkownika, skuteczna i bezpieczna. Pliki cookie to ma\u0142e pliki tekstowe, kt\u00f3re s\u0105 przechowywane na komputerze u\u017cytkownika i zapisywane przez przegl\u0105dark\u0119.<\/p>\n<p>Wi\u0119kszo\u015b\u0107 u\u017cywanych przez nas plik\u00f3w cookie to tak zwane \"pliki cookie sesji\". S\u0105 one automatycznie usuwane po zako\u0144czeniu wizyty u\u017cytkownika. Inne pliki cookie pozostaj\u0105 zapisane w urz\u0105dzeniu ko\u0144cowym u\u017cytkownika do czasu ich usuni\u0119cia. Te pliki cookie umo\u017cliwiaj\u0105 nam rozpoznanie Twojej przegl\u0105darki przy nast\u0119pnej wizycie.<\/p>\n<p>U\u017cytkownik mo\u017ce ustawi\u0107 swoj\u0105 przegl\u0105dark\u0119 w taki spos\u00f3b, aby by\u0142 informowany o ustawieniu plik\u00f3w cookie i zezwala\u0142 na pliki cookie tylko w pojedynczych przypadkach, wyklucza\u0142 akceptacj\u0119 plik\u00f3w cookie w okre\u015blonych przypadkach lub og\u00f3lnie oraz aktywowa\u0142 automatyczne usuwanie plik\u00f3w cookie po zamkni\u0119ciu przegl\u0105darki. W przypadku dezaktywacji plik\u00f3w cookie funkcjonalno\u015b\u0107 tej witryny mo\u017ce by\u0107 ograniczona.<\/p>\n<p>Pliki cookie, kt\u00f3re s\u0105 wymagane do przeprowadzenia procesu komunikacji elektronicznej lub do zapewnienia okre\u015blonych funkcji wymaganych przez u\u017cytkownika (np. funkcja koszyka na zakupy), s\u0105 przechowywane na podstawie art. 6 ust. 1 lit. f DSGVO. Operator strony internetowej ma uzasadniony interes w przechowywaniu plik\u00f3w cookie w celu zapewnienia bezb\u0142\u0119dnego i zoptymalizowanego pod wzgl\u0119dem technicznym \u015bwiadczenia swoich us\u0142ug. Je\u015bli przechowywane s\u0105 inne pliki cookie (np. pliki cookie s\u0142u\u017c\u0105ce do analizy zachowa\u0144 u\u017cytkownik\u00f3w podczas surfowania po Internecie), s\u0105 one traktowane oddzielnie w niniejszej deklaracji ochrony danych.<\/p>\n<h3>Pliki dziennika serwera<\/h3>\n<p>Dostawca stron automatycznie gromadzi i przechowuje informacje w tzw. plikach dziennika serwera, kt\u00f3re Twoja przegl\u0105darka automatycznie przesy\u0142a do nas. S\u0105 to:<\/p>\n<ul>\n<li>Typ i wersja przegl\u0105darki<\/li>\n<li>U\u017cywany system operacyjny<\/li>\n<li>Adres URL odsy\u0142aj\u0105cego<\/li>\n<li>Nazwa hosta komputera dost\u0119powego.<\/li>\n<li>Czas \u017c\u0105dania serwera<\/li>\n<li>Adres IP<\/li>\n<\/ul>\n<p>Dane te nie s\u0105 \u0142\u0105czone z innymi \u017ar\u00f3d\u0142ami danych.<\/p>\n<p>Gromadzenie tych danych odbywa si\u0119 na podstawie art. 6 ust. 1 lit. f DSGVO. Operator strony internetowej ma uzasadniony interes w technicznie bezb\u0142\u0119dnej prezentacji i optymalizacji swojej strony internetowej - w tym celu konieczne jest gromadzenie plik\u00f3w dziennika serwera.<\/p>\n<h3>Formularz kontaktowy<\/h3>\n<p>W przypadku przes\u0142ania do nas zapytania za po\u015brednictwem formularza kontaktowego, dane z formularza zapytania, w tym podane tam dane kontaktowe, b\u0119d\u0105 przez nas przechowywane w celu rozpatrzenia zapytania oraz w przypadku dalszych pyta\u0144. Nie przekazujemy tych danych bez zgody u\u017cytkownika.<\/p>\n<p>Przetwarzanie danych wprowadzonych do formularza kontaktowego odbywa si\u0119 zatem wy\u0142\u0105cznie na podstawie Pa\u0144stwa zgody (art. 6 ust. 1 lit. a DSGVO). U\u017cytkownik mo\u017ce w ka\u017cdej chwili cofn\u0105\u0107 t\u0119 zgod\u0119. W tym celu wystarczy nieformalne powiadomienie nas za po\u015brednictwem poczty elektronicznej. Odwo\u0142anie nie ma wp\u0142ywu na legalno\u015b\u0107 operacji przetwarzania danych przeprowadzonych do momentu odwo\u0142ania.<\/p>\n<p>Dane wprowadzone do formularza kontaktowego pozostaj\u0105 u nas do czasu, gdy u\u017cytkownik za\u017c\u0105da ich usuni\u0119cia, cofnie zgod\u0119 na ich przechowywanie lub gdy ustanie cel ich przechowywania (np. po zako\u0144czeniu przetwarzania zapytania). Obowi\u0105zkowe przepisy prawne - w szczeg\u00f3lno\u015bci dotycz\u0105ce okres\u00f3w zatrzymywania danych - pozostaj\u0105 bez zmian.<\/p>\n<h3>Wniosek z\u0142o\u017cony za po\u015brednictwem poczty elektronicznej, telefonu lub faksu<\/h3>\n<p>Je\u015bli u\u017cytkownik skontaktuje si\u0119 z nami za po\u015brednictwem poczty elektronicznej, telefonu lub faksu, jego zapytanie wraz ze wszystkimi wynikaj\u0105cymi z niego danymi osobowymi (imi\u0119 i nazwisko, zapytanie) b\u0119dzie przez nas przechowywane i przetwarzane w celu realizacji jego \u017c\u0105dania. Nie b\u0119dziemy przekazywa\u0107 tych danych bez zgody u\u017cytkownika.<\/p>\n<p>Przetwarzanie tych danych odbywa si\u0119 na podstawie art. 6 ust. 1 lit. b DSGVO, je\u015bli \u017c\u0105danie u\u017cytkownika jest zwi\u0105zane z realizacj\u0105 umowy lub jest niezb\u0119dne do wdro\u017cenia \u015brodk\u00f3w przedumownych. We wszystkich innych przypadkach przetwarzanie danych odbywa si\u0119 na podstawie Pa\u0144stwa zgody (art. 6 ust. 1 lit. a DSGVO) i\/lub na podstawie naszych uzasadnionych interes\u00f3w (art. 6 ust. 1 lit. f DSGVO), poniewa\u017c mamy uzasadniony interes w skutecznym przetwarzaniu skierowanych do nas zapyta\u0144.<\/p>\n<p>Dane przesy\u0142ane do nas za po\u015brednictwem zapyta\u0144 kontaktowych pozostaj\u0105 u nas do czasu, gdy u\u017cytkownik za\u017c\u0105da ich usuni\u0119cia, cofnie zgod\u0119 na ich przechowywanie lub gdy przestanie obowi\u0105zywa\u0107 cel ich przechowywania (np. po zako\u0144czeniu przetwarzania zapytania). Obowi\u0105zkowe przepisy ustawowe - w szczeg\u00f3lno\u015bci ustawowe okresy przechowywania danych - pozostaj\u0105 nienaruszone.<\/p>\n<h3>4. wtyczki i narz\u0119dzia<\/h3>\n<h3>Czcionki Google Web Fonts<\/h3>\n<p>Ta witryna korzysta z tzw. czcionek internetowych udost\u0119pnianych przez firm\u0119 Google w celu zapewnienia jednolitego wy\u015bwietlania czcionek. Podczas wywo\u0142ywania strony przegl\u0105darka \u0142aduje wymagane czcionki internetowe do pami\u0119ci podr\u0119cznej przegl\u0105darki, aby poprawnie wy\u015bwietla\u0107 teksty i czcionki.<\/p>\n<p>W tym celu u\u017cywana przez Ciebie przegl\u0105darka musi po\u0142\u0105czy\u0107 si\u0119 z serwerami Google. Dzi\u0119ki temu Google wie, \u017ce nasza witryna zosta\u0142a odwiedzona za po\u015brednictwem adresu IP u\u017cytkownika. Czcionki Google Web Fonts s\u0105 u\u017cywane w celu zapewnienia jednolitej i atrakcyjnej prezentacji naszych ofert internetowych. Stanowi to uzasadniony interes w rozumieniu art. 6 ust. 1 lit. f DSGVO.<\/p>\n<p>Je\u015bli przegl\u0105darka nie obs\u0142uguje czcionek internetowych, komputer u\u017cywa czcionki standardowej.<\/p>\n<p>Wi\u0119cej informacji na temat czcionek Google Web Fonts mo\u017cna znale\u017a\u0107 na stronie <a href=\"https:\/\/developers.google.com\/fonts\/faq\" target=\"_blank\" rel=\"noopener noreferrer\">https:\/\/developers.google.com\/fonts\/faq<\/a> oraz w polityce prywatno\u015bci firmy Google: <a href=\"https:\/\/policies.google.com\/privacy?hl=de\" target=\"_blank\" rel=\"noopener noreferrer\">https:\/\/policies.google.com\/privacy?hl=de<\/a>.<\/p>\n<h3>Mapy Google<\/h3>\n<p>Ta witryna korzysta z us\u0142ugi mapowej Google Maps za po\u015brednictwem interfejsu API. Dostawc\u0105 jest Google Ireland Limited (\"Google\"), Gordon House, Barrow Street, Dublin 4, Irlandia.<\/p>\n<p>Aby korzysta\u0107 z funkcji Map Google, konieczne jest zapisanie adresu IP u\u017cytkownika. Informacje te s\u0105 zwykle przesy\u0142ane na serwer Google w USA i tam przechowywane. Dostawca tej strony nie ma wp\u0142ywu na transmisj\u0119 danych.<\/p>\n<p>Korzystanie z Map Google ma na celu atrakcyjn\u0105 prezentacj\u0119 naszych ofert online oraz \u0142atw\u0105 lokalizacj\u0119 miejsc wskazanych przez nas na stronie internetowej. Stanowi to uzasadniony interes w rozumieniu art. 6 ust. 1 lit. f DSGVO.<\/p>\n<p>Wi\u0119cej informacji na temat przetwarzania danych u\u017cytkownik\u00f3w mo\u017cna znale\u017a\u0107 w polityce prywatno\u015bci firmy Google: <a href=\"https:\/\/policies.google.com\/privacy?hl=de\" target=\"_blank\" rel=\"noopener noreferrer\">https:\/\/policies.google.com\/privacy?hl=de<\/a>.<\/p>\n<h3>OpenStreetMap<\/h3>\n<p>Korzystamy z serwisu mapowego OpenStreetMap (OSM). Dostawc\u0105 jest Open-Street-Map Foundation (OSMF), 132 Maney Hill Road, Sutton Coldfield, West Midlands, B72 1JU, Wielka Brytania.<\/p>\n<p>Gdy odwiedzasz stron\u0119 internetow\u0105, z kt\u00f3r\u0105 zintegrowana jest OpenStreetMap, Tw\u00f3j adres IP i inne informacje o Twoim zachowaniu na tej stronie s\u0105 przekazywane do OSMF. W tym celu OpenStreetMap mo\u017ce przechowywa\u0107 pliki cookie w przegl\u0105darce u\u017cytkownika. S\u0105 to pliki tekstowe, kt\u00f3re s\u0105 przechowywane na komputerze u\u017cytkownika i umo\u017cliwiaj\u0105 analiz\u0119 korzystania przez niego z witryny. U\u017cytkownik mo\u017ce zrezygnowa\u0107 z cookies wybieraj\u0105c odpowiednie ustawienia w przegl\u0105darce, jednak nale\u017cy pami\u0119ta\u0107, \u017ce w takim przypadku korzystanie z pe\u0142nej funkcjonalno\u015bci witryny mo\u017ce okaza\u0107 si\u0119 niemo\u017cliwe.<\/p>\n<p>Ponadto lokalizacja u\u017cytkownika mo\u017ce zosta\u0107 zarejestrowana, je\u015bli u\u017cytkownik zezwoli\u0142 na to w ustawieniach urz\u0105dzenia - np. w telefonie kom\u00f3rkowym. Dostawca tej strony nie ma wp\u0142ywu na transmisj\u0119 danych. Szczeg\u00f3\u0142y mo\u017cna znale\u017a\u0107 w polityce prywatno\u015bci OpenStreetMap pod nast\u0119puj\u0105cym linkiem: <a href=\"https:\/\/wiki.openstreetmap.org\/wiki\/Privacy_Policy\" target=\"_blank\" rel=\"noopener noreferrer\">https:\/\/wiki.openstreetmap.org\/wiki\/Privacy_Policy<\/a>.<\/p>\n<p>Wykorzystanie OpenStreetMap ma na celu atrakcyjn\u0105 prezentacj\u0119 naszych ofert internetowych oraz \u0142atw\u0105 lokalizacj\u0119 miejsc wskazanych przez nas na stronie internetowej. Stanowi to uzasadniony interes w rozumieniu art. 6 ust. 1 lit. f DSGVO.<\/p>","protected":false},"excerpt":{"rendered":"<p>1. Ochrona danych w skr\u00f3cie Informacje og\u00f3lne Poni\u017csze informacje stanowi\u0105 prosty przegl\u0105d tego, co dzieje si\u0119 z Pa\u0144stwa danymi osobowymi, gdy odwiedzaj\u0105 Pa\u0144stwo nasz\u0105 stron\u0119 internetow\u0105. Dane osobowe to wszelkie dane, dzi\u0119ki kt\u00f3rym mo\u017cna Ci\u0119 osobi\u015bcie zidentyfikowa\u0107. Szczeg\u00f3\u0142owe informacje na temat ochrony danych osobowych mo\u017cna znale\u017a\u0107 w naszym o\u015bwiadczeniu o ochronie danych osobowych, kt\u00f3re znajduje si\u0119 pod niniejszym tekstem. Gromadzenie danych na naszej stronie internetowej<\/p>","protected":false},"author":999,"featured_media":0,"parent":0,"menu_order":0,"comment_status":"closed","ping_status":"closed","template":"","meta":[],"_links":{"self":[{"href":"https:\/\/www.lausitzer-museenland.de\/pl\/wp-json\/wp\/v2\/pages\/52508"}],"collection":[{"href":"https:\/\/www.lausitzer-museenland.de\/pl\/wp-json\/wp\/v2\/pages"}],"about":[{"href":"https:\/\/www.lausitzer-museenland.de\/pl\/wp-json\/wp\/v2\/types\/page"}],"author":[{"embeddable":true,"href":"https:\/\/www.lausitzer-museenland.de\/pl\/wp-json\/wp\/v2\/users\/999"}],"replies":[{"embeddable":true,"href":"https:\/\/www.lausitzer-museenland.de\/pl\/wp-json\/wp\/v2\/comments?post=52508"}],"version-history":[{"count":5,"href":"https:\/\/www.lausitzer-museenland.de\/pl\/wp-json\/wp\/v2\/pages\/52508\/revisions"}],"predecessor-version":[{"id":55438,"href":"https:\/\/www.lausitzer-museenland.de\/pl\/wp-json\/wp\/v2\/pages\/52508\/revisions\/55438"}],"wp:attachment":[{"href":"https:\/\/www.lausitzer-museenland.de\/pl\/wp-json\/wp\/v2\/media?parent=52508"}],"curies":[{"name":"wp","href":"https:\/\/api.w.org\/{rel}","templated":true}]}}