{"id":53993,"date":"2022-06-01T12:18:53","date_gmt":"2022-06-01T10:18:53","guid":{"rendered":"https:\/\/www.lausitzer-museenland.de\/?page_id=53993"},"modified":"2023-11-14T11:44:30","modified_gmt":"2023-11-14T10:44:30","slug":"traditionelles-ostereierverzieren-im-dorfmuseum-bloischdorf","status":"publish","type":"page","link":"https:\/\/www.lausitzer-museenland.de\/pl\/serwis\/kobi\/tradycyjne-ozdabianie-jajek-w-wiosce-muzeum-bloischdorf\/","title":{"rendered":"Tradycyjne zdobienie jaj wielkanocnych w Muzeum Wsi Bloischdorf"},"content":{"rendered":"<p>Zapraszamy wszystkich do poznania, wypr\u00f3bowania i zastosowania dw\u00f3ch tradycyjnych serbo\u0142u\u017cyckich technik zdobienia jaj wielkanocnych.<br \/>\nTradycyjne ornamenty i wzory nanosi si\u0119 na jajko za pomoc\u0105 szpilek i dudk\u00f3w.<br \/>\nW technice wax-bossing na bia\u0142e, br\u0105zowe lub wcze\u015bniej zabarwione jajko nak\u0142ada si\u0119 wosk w r\u00f3\u017cnych kolorach. Kolorowy wosk pozostaje na pisance. Technika nakrapiania woskiem jest bardziej czasoch\u0142onna, gdy\u017c ornamenty nakrapiane s\u0105 woskiem w kilku przej\u015bciach, a jajko pomi\u0119dzy woskowaniem wielokrotnie zanurzane jest w r\u00f3\u017cnokolorowych k\u0105pielach. Na koniec ponownie usuwa si\u0119 wosk z jajka.<\/p>\n<p>Program odbywa si\u0119 w pomieszczeniach zamkni\u0119tych i jest skierowany do o\u015brodk\u00f3w opieki dziennej i dzieci w wieku szkolnym<br \/>\nw klasach od 1 do 10.<br \/>\nDaty: 4 tygodnie przed Wielkanoc\u0105<br \/>\nRejestracja wst\u0119pna: z co najmniej 3-tygodniowym wyprzedzeniem<br \/>\nCzas trwania: ok. 2 godz.<br \/>\nWielko\u015b\u0107 grupy: od 10 do 30 os\u00f3b<br \/>\nUdzia\u0142 w kosztach na osob\u0119: 7,00 \u20ac<br \/>\n2 opiekun\u00f3w grupy ma wst\u0119p wolny<br \/>\n<a title=\"Muzeum Dolno\u0142u\u017cyckiej Wsi Serbo\u0142u\u017cyckiej Bloischdorf\/B\u0142obo\u0161ojce\" href=\"\/museen\/niederlausitzer-sorbisches-dorfmuseum-bloischdorf\/\">Stodo\u0142a Muzeum Bloischdorf<\/a><\/p>","protected":false},"excerpt":{"rendered":"<p>Zapraszamy wszystkich do poznania, wypr\u00f3bowania i zastosowania dw\u00f3ch tradycyjnych serbo\u0142u\u017cyckich technik zdobienia jaj wielkanocnych. Tradycyjne ornamenty i wzory nanosi si\u0119 na jajko za pomoc\u0105 szpilek i dudk\u00f3w. W technice wax-bossing na bia\u0142e, br\u0105zowe lub wcze\u015bniej zabarwione jajko nak\u0142ada si\u0119 wosk w r\u00f3\u017cnych kolorach. Kolorowy wosk pozostaje na pisance. Technika rezerwy woskowej<\/p>","protected":false},"author":13,"featured_media":0,"parent":380,"menu_order":0,"comment_status":"closed","ping_status":"closed","template":"","meta":[],"_links":{"self":[{"href":"https:\/\/www.lausitzer-museenland.de\/pl\/wp-json\/wp\/v2\/pages\/53993"}],"collection":[{"href":"https:\/\/www.lausitzer-museenland.de\/pl\/wp-json\/wp\/v2\/pages"}],"about":[{"href":"https:\/\/www.lausitzer-museenland.de\/pl\/wp-json\/wp\/v2\/types\/page"}],"author":[{"embeddable":true,"href":"https:\/\/www.lausitzer-museenland.de\/pl\/wp-json\/wp\/v2\/users\/13"}],"replies":[{"embeddable":true,"href":"https:\/\/www.lausitzer-museenland.de\/pl\/wp-json\/wp\/v2\/comments?post=53993"}],"version-history":[{"count":5,"href":"https:\/\/www.lausitzer-museenland.de\/pl\/wp-json\/wp\/v2\/pages\/53993\/revisions"}],"predecessor-version":[{"id":54890,"href":"https:\/\/www.lausitzer-museenland.de\/pl\/wp-json\/wp\/v2\/pages\/53993\/revisions\/54890"}],"up":[{"embeddable":true,"href":"https:\/\/www.lausitzer-museenland.de\/pl\/wp-json\/wp\/v2\/pages\/380"}],"wp:attachment":[{"href":"https:\/\/www.lausitzer-museenland.de\/pl\/wp-json\/wp\/v2\/media?parent=53993"}],"curies":[{"name":"wp","href":"https:\/\/api.w.org\/{rel}","templated":true}]}}