{"id":54029,"date":"2022-06-08T10:59:17","date_gmt":"2022-06-08T08:59:17","guid":{"rendered":"https:\/\/www.lausitzer-museenland.de\/?page_id=54029"},"modified":"2023-11-30T12:59:23","modified_gmt":"2023-11-30T11:59:23","slug":"antrag-auf-zuwendung-zur-foerderung-der-kultur-und-kunstangebote","status":"publish","type":"page","link":"https:\/\/www.lausitzer-museenland.de\/pl\/aktualny\/wniosek-o-przyznanie-srodkow-na-promocje-kultury-i-sztuki\/","title":{"rendered":"Wniosek o dotacj\u0119 na promocj\u0119 oferty kulturalnej i artystycznej"},"content":{"rendered":"<p>Strona <strong>Dyrektywa<\/strong> w sprawie przyznawania dotacji mo\u017cna znale\u017a\u0107 na stronie <a href=\"https:\/\/www.lkspn.de\/media\/file\/satzungen\/richtlinien\/2020\/richtlinie-kultur.pdf\" target=\"_blank\" rel=\"noopener\">tutaj<\/a>.<br \/>\nPobierz dla <a href=\"https:\/\/www.lkspn.de\/media\/file\/formulare\/schulverwaltungsamt\/2020\/antragskulturfoerderung_v2020_.pdf\" target=\"_blank\" rel=\"noopener\"><strong>Zam\u00f3wienie<\/strong><\/a><br \/>\n\u0179r\u00f3d\u0142o: Powiat Spree-Nei\u00dfe\/Wokrejs Sprjewja-Nysa, FB Szko\u0142a, Kultura i Sport<\/p>","protected":false},"excerpt":{"rendered":"<p>Wytyczne dotycz\u0105ce przyznawania dotacji mo\u017cna znale\u017a\u0107 tutaj. Pobierz za wniosek \u0179r\u00f3d\u0142o: Powiat Sprewa-Nysa\/Wokrejs Sprjewja-Nysa, FB Szko\u0142a, Kultura i Sport<\/p>","protected":false},"author":13,"featured_media":0,"parent":274,"menu_order":0,"comment_status":"closed","ping_status":"closed","template":"","meta":[],"_links":{"self":[{"href":"https:\/\/www.lausitzer-museenland.de\/pl\/wp-json\/wp\/v2\/pages\/54029"}],"collection":[{"href":"https:\/\/www.lausitzer-museenland.de\/pl\/wp-json\/wp\/v2\/pages"}],"about":[{"href":"https:\/\/www.lausitzer-museenland.de\/pl\/wp-json\/wp\/v2\/types\/page"}],"author":[{"embeddable":true,"href":"https:\/\/www.lausitzer-museenland.de\/pl\/wp-json\/wp\/v2\/users\/13"}],"replies":[{"embeddable":true,"href":"https:\/\/www.lausitzer-museenland.de\/pl\/wp-json\/wp\/v2\/comments?post=54029"}],"version-history":[{"count":4,"href":"https:\/\/www.lausitzer-museenland.de\/pl\/wp-json\/wp\/v2\/pages\/54029\/revisions"}],"predecessor-version":[{"id":54033,"href":"https:\/\/www.lausitzer-museenland.de\/pl\/wp-json\/wp\/v2\/pages\/54029\/revisions\/54033"}],"up":[{"embeddable":true,"href":"https:\/\/www.lausitzer-museenland.de\/pl\/wp-json\/wp\/v2\/pages\/274"}],"wp:attachment":[{"href":"https:\/\/www.lausitzer-museenland.de\/pl\/wp-json\/wp\/v2\/media?parent=54029"}],"curies":[{"name":"wp","href":"https:\/\/api.w.org\/{rel}","templated":true}]}}