{"id":548,"date":"2014-11-14T15:29:07","date_gmt":"2014-11-14T14:29:07","guid":{"rendered":"http:\/\/lausitzer-museenland.de\/?page_id=548"},"modified":"2014-12-17T16:21:20","modified_gmt":"2014-12-17T15:21:20","slug":"projekttag-im-heimatmuseum-guben","status":"publish","type":"page","link":"https:\/\/www.lausitzer-museenland.de\/pl\/serwis\/kobi\/projekt-dzien-domowy-muzeum-guben\/","title":{"rendered":"Wydanie karty zg\u0142oszenia - dzie\u0144 projektu w Muzeum Historii Lokalnej \"Sprucker M\u00fchle\" Guben"},"content":{"rendered":"<p>Dzie\u0144 projektu w Muzeum Historii Lokalnej \"Sprucker M\u00fchle\" Guben<\/p>\n<p>W historycznej sali lekcyjnej Muzeum Historii Lokalnej \"Sprucker M\u00fchle\" wychowawca klasy wr\u0119cza \u015bwiadectwa. Podczas wycieczki z przewodnikiem po muzeum historii lokalnej uczniowie dowiaduj\u0105 si\u0119 wielu ciekawych fakt\u00f3w.<\/p>\n<p>Oferta odbywa si\u0119 w pomieszczeniach zamkni\u0119tych i jest skierowana do dzieci w wieku szkolnym.<br \/>\nw klasach od 1 do 10.<br \/>\nTerminy: po uzgodnieniu w dniu wydania raportu<br \/>\nRejestracja wst\u0119pna: z co najmniej 2-tygodniowym wyprzedzeniem<br \/>\nCzas trwania: ok. 45 min.<br \/>\nWielko\u015b\u0107 grupy: do 25 os\u00f3b<br \/>\nWst\u0119p od osoby: 1,00 do 2,00 euro (szko\u0142y w Guben maj\u0105 wst\u0119p wolny)<br \/>\nZa zwiedzanie z przewodnikiem pobierana jest op\u0142ata w wysoko\u015bci 20,00 EUR od grupy.<\/p>\n<p><a title=\"&quot;Sprucker M\u00fchle&quot; Guben \/ &quot;Sprukojski m\u0142yn&quot; Gubin\" href=\"\/museen\/sprucker-muehle-guben\/\">Muzeum Historii Lokalnej \"Sprucker M\u00fchle<\/a><\/p>","protected":false},"excerpt":{"rendered":"<p>Dzie\u0144 projektu w muzeum historii lokalnej \"Sprucker M\u00fchle\" Guben Wychowawca klasy wr\u0119cza certyfikaty w klasie historycznej muzeum historii lokalnej \"Sprucker M\u00fchle\". Uczniowie dowiaduj\u0105 si\u0119 wielu ciekawych rzeczy podczas wycieczki z przewodnikiem po lokalnym muzeum historycznym. Oferta odbywa si\u0119 w pomieszczeniach zamkni\u0119tych i jest skierowana do uczni\u00f3w klas 1-10. Terminy: po uzgodnieniu w dniu rozdania raport\u00f3w Wst\u0119pne zapisy: minimum<\/p>","protected":false},"author":13,"featured_media":0,"parent":380,"menu_order":0,"comment_status":"closed","ping_status":"closed","template":"","meta":[],"_links":{"self":[{"href":"https:\/\/www.lausitzer-museenland.de\/pl\/wp-json\/wp\/v2\/pages\/548"}],"collection":[{"href":"https:\/\/www.lausitzer-museenland.de\/pl\/wp-json\/wp\/v2\/pages"}],"about":[{"href":"https:\/\/www.lausitzer-museenland.de\/pl\/wp-json\/wp\/v2\/types\/page"}],"author":[{"embeddable":true,"href":"https:\/\/www.lausitzer-museenland.de\/pl\/wp-json\/wp\/v2\/users\/13"}],"replies":[{"embeddable":true,"href":"https:\/\/www.lausitzer-museenland.de\/pl\/wp-json\/wp\/v2\/comments?post=548"}],"version-history":[{"count":7,"href":"https:\/\/www.lausitzer-museenland.de\/pl\/wp-json\/wp\/v2\/pages\/548\/revisions"}],"predecessor-version":[{"id":3575,"href":"https:\/\/www.lausitzer-museenland.de\/pl\/wp-json\/wp\/v2\/pages\/548\/revisions\/3575"}],"up":[{"embeddable":true,"href":"https:\/\/www.lausitzer-museenland.de\/pl\/wp-json\/wp\/v2\/pages\/380"}],"wp:attachment":[{"href":"https:\/\/www.lausitzer-museenland.de\/pl\/wp-json\/wp\/v2\/media?parent=548"}],"curies":[{"name":"wp","href":"https:\/\/api.w.org\/{rel}","templated":true}]}}