{"id":55257,"date":"2024-09-06T11:43:29","date_gmt":"2024-09-06T09:43:29","guid":{"rendered":"https:\/\/www.lausitzer-museenland.de\/?page_id=55257"},"modified":"2024-09-06T11:43:29","modified_gmt":"2024-09-06T09:43:29","slug":"erkundungen-im-schloss-hornow","status":"publish","type":"page","link":"https:\/\/www.lausitzer-museenland.de\/pl\/serwis\/kobi\/explorations-at-castle-hornow\/","title":{"rendered":"Odkrywanie zamku Hornow"},"content":{"rendered":"<p>W zamku Hornow dzieci mog\u0105 wyruszy\u0107 w odkrywcz\u0105 podr\u00f3\u017c i odkrywa\u0107 ukryte skarby i tajemnice zamku.<br \/>\nDla dzieci w wieku od 5 do 9 lat przygotowano kr\u00f3tkie poszukiwanie skarb\u00f3w, kt\u00f3re jest nie tylko zabawne, ale tak\u017ce edukacyjne, poniewa\u017c przybli\u017ca histori\u0119 zamku i jego mieszka\u0144c\u00f3w.<br \/>\nCelem gry dla dzieci i m\u0142odzie\u017cy w wieku od 10 lat jest znalezienie odpowiedzi na krzy\u017c\u00f3wk\u0119 dotycz\u0105c\u0105 zamku.<br \/>\nNa koniec ka\u017cdy otrzymuje certyfikat i ma\u0142\u0105 niespodziank\u0119!<br \/>\nProgram odbywa si\u0119 w pomieszczeniach zamkni\u0119tych i mo\u017ce by\u0107 r\u00f3wnie\u017c wykorzystywany przez klasy szkolne.<br \/>\nDaty: po uzgodnieniu<br \/>\nWst\u0119pna rezerwacja: 2 tygodnie wcze\u015bniej<br \/>\nCzas trwania<br \/>\nPoszukiwanie skarb\u00f3w: ok. 25-30 minut (w zale\u017cno\u015bci od tego, jak szybko dzieci rozwi\u0105\u017c\u0105 gr\u0119)<br \/>\nKrzy\u017c\u00f3wka zamkowa: ok. 35-50 minut (w zale\u017cno\u015bci od tego, jak szybko dzieci i m\u0142odzie\u017c rozwi\u0105\u017c\u0105 krzy\u017c\u00f3wk\u0119)<br \/>\nWielko\u015b\u0107 grupy<br \/>\nPoszukiwanie skarb\u00f3w: do 5 os\u00f3b<br \/>\nKrzy\u017c\u00f3wka zamkowa: do 20 os\u00f3b<br \/>\nKoszty: Program jest bezp\u0142atny. Organizacja ch\u0119tnie przyjmuje jednak darowizny.<\/p>\n<p><a title=\"Zamek Hornow \/ gr\u00f3d L\u011b\u0161\u0107e\" href=\"\/museen\/schloss-hornow-grod-lesce\/\">Zamek Hornow<\/a><\/p>","protected":false},"excerpt":{"rendered":"<p>Im Schloss Hornow k\u00f6nnen Kinder auf Entdeckungsreise gehen und die verborgenen Sch\u00e4tze und Geheimnisse des Schlosses erkunden. F\u00fcr Kinder von 5 bis 9 Jahren gibt es eine kleine Schnitzeljagd, die nicht nur unterhaltsam, sondern auch lehrreich ist, da sie die Geschichte des Schlosses und seiner Bewohner n\u00e4her bringt. F\u00fcr Kinder und Jugendliche ab 10 Jahren<\/p>","protected":false},"author":13,"featured_media":0,"parent":380,"menu_order":0,"comment_status":"closed","ping_status":"closed","template":"","meta":[],"_links":{"self":[{"href":"https:\/\/www.lausitzer-museenland.de\/pl\/wp-json\/wp\/v2\/pages\/55257"}],"collection":[{"href":"https:\/\/www.lausitzer-museenland.de\/pl\/wp-json\/wp\/v2\/pages"}],"about":[{"href":"https:\/\/www.lausitzer-museenland.de\/pl\/wp-json\/wp\/v2\/types\/page"}],"author":[{"embeddable":true,"href":"https:\/\/www.lausitzer-museenland.de\/pl\/wp-json\/wp\/v2\/users\/13"}],"replies":[{"embeddable":true,"href":"https:\/\/www.lausitzer-museenland.de\/pl\/wp-json\/wp\/v2\/comments?post=55257"}],"version-history":[{"count":2,"href":"https:\/\/www.lausitzer-museenland.de\/pl\/wp-json\/wp\/v2\/pages\/55257\/revisions"}],"predecessor-version":[{"id":55259,"href":"https:\/\/www.lausitzer-museenland.de\/pl\/wp-json\/wp\/v2\/pages\/55257\/revisions\/55259"}],"up":[{"embeddable":true,"href":"https:\/\/www.lausitzer-museenland.de\/pl\/wp-json\/wp\/v2\/pages\/380"}],"wp:attachment":[{"href":"https:\/\/www.lausitzer-museenland.de\/pl\/wp-json\/wp\/v2\/media?parent=55257"}],"curies":[{"name":"wp","href":"https:\/\/api.w.org\/{rel}","templated":true}]}}