{"id":561,"date":"2014-11-14T16:33:55","date_gmt":"2014-11-14T15:33:55","guid":{"rendered":"http:\/\/lausitzer-museenland.de\/?page_id=561"},"modified":"2014-12-17T16:36:32","modified_gmt":"2014-12-17T15:36:32","slug":"ostereier-selbst-gestaltet","status":"publish","type":"page","link":"https:\/\/www.lausitzer-museenland.de\/pl\/serwis\/kobi\/easter-eggs-self-designed\/","title":{"rendered":"Pisanki samodzielnie zaprojektowane w \"Sprucker M\u00fchle\" Guben"},"content":{"rendered":"<p>Przy u\u017cyciu r\u00f3\u017cnych technik, pod kierunkiem instruktora, jajka s\u0105 projektowane na kolorowe pisanki.<\/p>\n<p>Te materia\u0142y robocze nale\u017cy przywie\u017a\u0107 ze sob\u0105:<strong><em><br \/>\n<\/em><\/strong>Jajka na twardo (po uzgodnieniu)<\/p>\n<p>Program odbywa si\u0119 w pomieszczeniach i na \u015bwie\u017cym powietrzu i jest skierowany do uczni\u00f3w klas 1-7.<br \/>\nTerminy: po uzgodnieniu<br \/>\nRejestracja wst\u0119pna: co najmniej 1 miesi\u0105c wcze\u015bniej (rejestracja d\u0142ugoterminowa, poniewa\u017c oferta jest prowadzona przez osoby trzecie).<br \/>\nCzas trwania: ok. 45-90 minut (w zale\u017cno\u015bci od wieku i wielko\u015bci grupy)<br \/>\nWielko\u015b\u0107 grupy: od 6 do 25 os\u00f3b<br \/>\nWst\u0119p od osoby: 1,00 do 2,00 euro (szko\u0142y w Guben maj\u0105 wst\u0119p wolny)<br \/>\nUdzia\u0142 w kosztach na osob\u0119 (za materia\u0142y lub podobne): od 2,00 do 4,00 euro<\/p>\n<p><a title=\"&quot;Sprucker M\u00fchle&quot; Guben \/ &quot;Sprukojski m\u0142yn&quot; Gubin\" href=\"\/museen\/sprucker-muehle-guben\/\">Muzeum Historii Lokalnej \"Sprucker M\u00fchle<\/a><\/p>","protected":false},"excerpt":{"rendered":"<p>Przy u\u017cyciu r\u00f3\u017cnych technik, pod nadzorem, jajka zamieniaj\u0105 si\u0119 w kolorowe pisanki. Materia\u0142y te nale\u017cy przynie\u015b\u0107: jajka na twardo (po uzgodnieniu) Oferta odbywa si\u0119 w pomieszczeniach i na zewn\u0105trz i jest skierowana do uczni\u00f3w klas 1-7 Terminy: po uzgodnieniu Zapisy wst\u0119pne: z co najmniej 1-miesi\u0119cznym wyprzedzeniem (zapisy d\u0142ugoterminowe, poniewa\u017c ofert\u0119 prowadz\u0105 osoby trzecie) Czas trwania:<\/p>","protected":false},"author":13,"featured_media":0,"parent":380,"menu_order":0,"comment_status":"closed","ping_status":"closed","template":"","meta":[],"_links":{"self":[{"href":"https:\/\/www.lausitzer-museenland.de\/pl\/wp-json\/wp\/v2\/pages\/561"}],"collection":[{"href":"https:\/\/www.lausitzer-museenland.de\/pl\/wp-json\/wp\/v2\/pages"}],"about":[{"href":"https:\/\/www.lausitzer-museenland.de\/pl\/wp-json\/wp\/v2\/types\/page"}],"author":[{"embeddable":true,"href":"https:\/\/www.lausitzer-museenland.de\/pl\/wp-json\/wp\/v2\/users\/13"}],"replies":[{"embeddable":true,"href":"https:\/\/www.lausitzer-museenland.de\/pl\/wp-json\/wp\/v2\/comments?post=561"}],"version-history":[{"count":4,"href":"https:\/\/www.lausitzer-museenland.de\/pl\/wp-json\/wp\/v2\/pages\/561\/revisions"}],"predecessor-version":[{"id":3586,"href":"https:\/\/www.lausitzer-museenland.de\/pl\/wp-json\/wp\/v2\/pages\/561\/revisions\/3586"}],"up":[{"embeddable":true,"href":"https:\/\/www.lausitzer-museenland.de\/pl\/wp-json\/wp\/v2\/pages\/380"}],"wp:attachment":[{"href":"https:\/\/www.lausitzer-museenland.de\/pl\/wp-json\/wp\/v2\/media?parent=561"}],"curies":[{"name":"wp","href":"https:\/\/api.w.org\/{rel}","templated":true}]}}