{"id":570,"date":"2014-11-14T16:41:44","date_gmt":"2014-11-14T15:41:44","guid":{"rendered":"http:\/\/lausitzer-museenland.de\/?page_id=570"},"modified":"2025-09-24T13:22:19","modified_gmt":"2025-09-24T11:22:19","slug":"heimatstube-burg-spreewald","status":"publish","type":"page","link":"https:\/\/www.lausitzer-museenland.de\/pl\/serwis\/kobi\/heimatstube-burg-spreewald\/","title":{"rendered":"Legendarna podr\u00f3\u017c odkrywcza w muzeum historii lokalnej w Burgu"},"content":{"rendered":"<p>Podczas gry w ko\u015bci z legendarnymi postaciami jako elementami gry nasi \"m\u0142odzi\" go\u015bcie dowiaduj\u0105 si\u0119 wielu ciekawych fakt\u00f3w o legendarnych postaciach. Jest to regionalna trasa piesza z Vetschau przez Raddusch, Lehde, Straupitz, Cottbus, Briesen do Burg. Posiadaj\u0105c wiedz\u0119, mo\u017cna szybciej awansowa\u0107 w grze. Ponadto mo\u017cna tam znale\u017a\u0107 wiele ciekawych informacji o naszym regionie.<\/p>\n<p>Nietypowe zasady gry i specjalne akcesoria urozmaicaj\u0105 rozgrywk\u0119. Mo\u017cna na przyk\u0142ad wybra\u0107 wariant gry matematycznej, sportowej lub zdrowej.<\/p>\n<p>Oferta odbywa si\u0119 w pomieszczeniach zamkni\u0119tych i jest skierowana do dzieci w wieku szkolnym.<br \/>\nder Klassen 1 bis 12, ist aber auch f\u00fcr Erwachsene geeignet.<br \/>\nTerminy: po uzgodnieniu<br \/>\nRejestracja wst\u0119pna: co najmniej 1 tydzie\u0144 wcze\u015bniej<br \/>\nCzas trwania: ok. 30-60 minut (w zale\u017cno\u015bci od liczby graczy)<br \/>\nWielko\u015b\u0107 grupy: od 2 do 10 os\u00f3b<br \/>\nPreis: 40,00 \u20ac pro Gruppe<\/p>\n<p><a title=\"Heimatstube Burg \/ Domowniska \u015bpa B\u00f3rkowy\" href=\"\/museen\/heimatstube-burg\/\">Sala historii lokalnej Burg (Spreewald)<\/a><\/p>","protected":false},"excerpt":{"rendered":"<p>Podczas gry w ko\u015bci z legendarnymi postaciami jako elementami gry, nasi \"m\u0142odzi\" go\u015bcie dowiaduj\u0105 si\u0119 wielu ciekawostek na temat legendarnych postaci. Jest to regionalna w\u0119dr\u00f3wka z Vetschau przez Raddusch, Lehde, Straupitz, Cottbus, Briesen do Burg. Maj\u0105c wiedz\u0119, mo\u017cna szybciej awansowa\u0107 w grze. Ponadto mo\u017cna tam znale\u017a\u0107 wiele ciekawych informacji o naszym regionie. Nietypowe zasady gry i projekt specjalnych akcesori\u00f3w<\/p>","protected":false},"author":13,"featured_media":0,"parent":380,"menu_order":0,"comment_status":"closed","ping_status":"closed","template":"","meta":[],"_links":{"self":[{"href":"https:\/\/www.lausitzer-museenland.de\/pl\/wp-json\/wp\/v2\/pages\/570"}],"collection":[{"href":"https:\/\/www.lausitzer-museenland.de\/pl\/wp-json\/wp\/v2\/pages"}],"about":[{"href":"https:\/\/www.lausitzer-museenland.de\/pl\/wp-json\/wp\/v2\/types\/page"}],"author":[{"embeddable":true,"href":"https:\/\/www.lausitzer-museenland.de\/pl\/wp-json\/wp\/v2\/users\/13"}],"replies":[{"embeddable":true,"href":"https:\/\/www.lausitzer-museenland.de\/pl\/wp-json\/wp\/v2\/comments?post=570"}],"version-history":[{"count":7,"href":"https:\/\/www.lausitzer-museenland.de\/pl\/wp-json\/wp\/v2\/pages\/570\/revisions"}],"predecessor-version":[{"id":55789,"href":"https:\/\/www.lausitzer-museenland.de\/pl\/wp-json\/wp\/v2\/pages\/570\/revisions\/55789"}],"up":[{"embeddable":true,"href":"https:\/\/www.lausitzer-museenland.de\/pl\/wp-json\/wp\/v2\/pages\/380"}],"wp:attachment":[{"href":"https:\/\/www.lausitzer-museenland.de\/pl\/wp-json\/wp\/v2\/media?parent=570"}],"curies":[{"name":"wp","href":"https:\/\/api.w.org\/{rel}","templated":true}]}}