{"id":581,"date":"2014-11-14T16:52:27","date_gmt":"2014-11-14T15:52:27","guid":{"rendered":"http:\/\/lausitzer-museenland.de\/?page_id=581"},"modified":"2021-03-24T10:49:31","modified_gmt":"2021-03-24T09:49:31","slug":"ostereier-malen","status":"publish","type":"page","link":"https:\/\/www.lausitzer-museenland.de\/pl\/serwis\/kobi\/malowanie-pisanek\/","title":{"rendered":"Malowanie pisanek w serbo\u0142u\u017cyckiej tkalni Drebkau"},"content":{"rendered":"<p>Wszystkich, kt\u00f3rzy chcieliby nauczy\u0107 si\u0119 tradycyjnego zdobienia jaj wielkanocnych przez Serbo\u0142u\u017cyczan\/Wend\u00f3w, zapraszamy na kurs dla pocz\u0105tkuj\u0105cych w zakresie dw\u00f3ch technik serbo\u0142u\u017cyckich. Cz\u0119\u015bci\u0105 dnia projektowego jest wizyta w muzeum.<\/p>\n<p>Oferta skierowana jest do uczni\u00f3w klas od 1 do 6.<br \/>\nTerminy: po uzgodnieniu<br \/>\nRejestracja wst\u0119pna: z co najmniej 2-tygodniowym wyprzedzeniem<br \/>\nWielko\u015b\u0107 grupy: do 10 os\u00f3b<br \/>\nUdzia\u0142 w kosztach na osob\u0119: 2,50 \u20ac<\/p>\n<p><a title=\"Sorbische Webstube Drebkau \/ Serbska tkajarska \u0161pa Drjowk\" href=\"\/museen\/sorbische-webstube-drebkau\/\">Tkalnia serbo\u0142u\u017cycka Drebkau<\/a><\/p>","protected":false},"excerpt":{"rendered":"<p>Wszystkich, kt\u00f3rzy chcieliby nauczy\u0107 si\u0119 tradycyjnego zdobienia jaj wielkanocnych przez \u0141u\u017cyczan\/Wend\u00f3w, zapraszamy na kurs dla pocz\u0105tkuj\u0105cych w zakresie dw\u00f3ch technik \u0142u\u017cyckich. Wizyta w muzeum jest cz\u0119\u015bci\u0105 dnia projektowego. Oferta skierowana jest do uczni\u00f3w klas 1-6 Terminy: do uzgodnienia Wst\u0119pne zapisy: z co najmniej 2 tygodniowym wyprzedzeniem Liczebno\u015b\u0107 grupy: do 10 os\u00f3b Udzia\u0142 w kosztach na osob\u0119:<\/p>","protected":false},"author":13,"featured_media":0,"parent":380,"menu_order":0,"comment_status":"closed","ping_status":"closed","template":"","meta":[],"_links":{"self":[{"href":"https:\/\/www.lausitzer-museenland.de\/pl\/wp-json\/wp\/v2\/pages\/581"}],"collection":[{"href":"https:\/\/www.lausitzer-museenland.de\/pl\/wp-json\/wp\/v2\/pages"}],"about":[{"href":"https:\/\/www.lausitzer-museenland.de\/pl\/wp-json\/wp\/v2\/types\/page"}],"author":[{"embeddable":true,"href":"https:\/\/www.lausitzer-museenland.de\/pl\/wp-json\/wp\/v2\/users\/13"}],"replies":[{"embeddable":true,"href":"https:\/\/www.lausitzer-museenland.de\/pl\/wp-json\/wp\/v2\/comments?post=581"}],"version-history":[{"count":4,"href":"https:\/\/www.lausitzer-museenland.de\/pl\/wp-json\/wp\/v2\/pages\/581\/revisions"}],"predecessor-version":[{"id":53297,"href":"https:\/\/www.lausitzer-museenland.de\/pl\/wp-json\/wp\/v2\/pages\/581\/revisions\/53297"}],"up":[{"embeddable":true,"href":"https:\/\/www.lausitzer-museenland.de\/pl\/wp-json\/wp\/v2\/pages\/380"}],"wp:attachment":[{"href":"https:\/\/www.lausitzer-museenland.de\/pl\/wp-json\/wp\/v2\/media?parent=581"}],"curies":[{"name":"wp","href":"https:\/\/api.w.org\/{rel}","templated":true}]}}