{"id":583,"date":"2014-11-14T16:56:48","date_gmt":"2014-11-14T15:56:48","guid":{"rendered":"http:\/\/lausitzer-museenland.de\/?page_id=583"},"modified":"2014-12-17T17:08:50","modified_gmt":"2014-12-17T16:08:50","slug":"wie-ein-hut-entsteht","status":"publish","type":"page","link":"https:\/\/www.lausitzer-museenland.de\/pl\/serwis\/kobi\/how-a-hat-emerges\/","title":{"rendered":"\"Jak powstaje kapelusz\" - projekcja filmu o powstawaniu kapelusza w Muzeum Miasta i Przemys\u0142u w Guben"},"content":{"rendered":"<p>W ramach zwiedzania muzeum dzieciom i m\u0142odzie\u017cy prezentowany jest film (DVD) o produkcji kapeluszy w dawnych zak\u0142adach VEB Hutwerke Guben. Film uzupe\u0142nia wystaw\u0119, ilustruj\u0105c ci\u0119\u017ck\u0105 prac\u0119 przy produkcji kapeluszy (czas trwania filmu: ok. 20 minut).<\/p>\n<p>Oferta odbywa si\u0119 w pomieszczeniach zamkni\u0119tych i jest skierowana do<br \/>\nDzieci w wieku przedszkolnym i uczniowie do klasy 10.<br \/>\nTerminy: po uzgodnieniu<br \/>\nRejestracja wst\u0119pna: co najmniej 2 dni wcze\u015bniej<br \/>\nCzas trwania: od 1 do 2,5 godziny<br \/>\nWielko\u015b\u0107 grupy: od 5 do 30 os\u00f3b<br \/>\nWst\u0119p od osoby: 1,50 \u20ac (szko\u0142y i \u015bwietlice w Guben maj\u0105 wst\u0119p wolny)<br \/>\nZa projekcj\u0119 filmu pobierana jest op\u0142ata w wysoko\u015bci 15,00 euro na pokrycie koszt\u00f3w.<\/p>\n<p><a title=\"Muzeum Miejskie i Przemys\u0142owe w Guben \/ M\u011bs\u0107a\u0144ski a industrijowy muzej Gubin\" href=\"\/museen\/stadt-und-industriemuseum-guben\/\">Muzeum Miasta i Przemys\u0142u w Guben<\/a><\/p>","protected":false},"excerpt":{"rendered":"<p>W ramach zwiedzania muzeum dzieciom i m\u0142odzie\u017cy pokazywany jest film (DVD) o produkcji kapeluszy w dawnym VEB Hutwerke Guben. Opr\u00f3cz wystawy, film ilustruje ci\u0119\u017ck\u0105 prac\u0119 przy produkcji kapeluszy (czas trwania ok. 20 minut). Film wy\u015bwietlany jest w pomieszczeniach zamkni\u0119tych i skierowany jest do dzieci w wieku przedszkolnym oraz uczni\u00f3w do klasy 10.<\/p>","protected":false},"author":13,"featured_media":0,"parent":380,"menu_order":0,"comment_status":"closed","ping_status":"closed","template":"","meta":[],"_links":{"self":[{"href":"https:\/\/www.lausitzer-museenland.de\/pl\/wp-json\/wp\/v2\/pages\/583"}],"collection":[{"href":"https:\/\/www.lausitzer-museenland.de\/pl\/wp-json\/wp\/v2\/pages"}],"about":[{"href":"https:\/\/www.lausitzer-museenland.de\/pl\/wp-json\/wp\/v2\/types\/page"}],"author":[{"embeddable":true,"href":"https:\/\/www.lausitzer-museenland.de\/pl\/wp-json\/wp\/v2\/users\/13"}],"replies":[{"embeddable":true,"href":"https:\/\/www.lausitzer-museenland.de\/pl\/wp-json\/wp\/v2\/comments?post=583"}],"version-history":[{"count":3,"href":"https:\/\/www.lausitzer-museenland.de\/pl\/wp-json\/wp\/v2\/pages\/583\/revisions"}],"predecessor-version":[{"id":3599,"href":"https:\/\/www.lausitzer-museenland.de\/pl\/wp-json\/wp\/v2\/pages\/583\/revisions\/3599"}],"up":[{"embeddable":true,"href":"https:\/\/www.lausitzer-museenland.de\/pl\/wp-json\/wp\/v2\/pages\/380"}],"wp:attachment":[{"href":"https:\/\/www.lausitzer-museenland.de\/pl\/wp-json\/wp\/v2\/media?parent=583"}],"curies":[{"name":"wp","href":"https:\/\/api.w.org\/{rel}","templated":true}]}}