{"id":585,"date":"2014-11-14T16:59:35","date_gmt":"2014-11-14T15:59:35","guid":{"rendered":"http:\/\/lausitzer-museenland.de\/?page_id=585"},"modified":"2014-12-17T17:09:38","modified_gmt":"2014-12-17T16:09:38","slug":"filzen","status":"publish","type":"page","link":"https:\/\/www.lausitzer-museenland.de\/pl\/serwis\/kobi\/filcowanie\/","title":{"rendered":"Filcowanie w Muzeum Miasta i Przemys\u0142u w Guben"},"content":{"rendered":"<p>Za pomoc\u0105 filcu we\u0142nianego, specjalnych igie\u0142 do filcowania, wykrojnik\u00f3w do ciastek (ewentualnie samodzielnie wykonanych kszta\u0142t\u00f3w z kartonu), folii b\u0105belkowej i styropianu uczniowie mog\u0105 pod nadzorem wykona\u0107 r\u00f3\u017cne figurki z filcu. Gotowe figurki nadaj\u0105 si\u0119 r\u00f3wnie\u017c do dalszej obr\u00f3bki jako breloki, ozdoby bo\u017conarodzeniowe i\/lub wielkanocne oraz do dekoracyjnego ozdabiania kapeluszy. Uczniowie powinni mie\u0107 ju\u017c pewne do\u015bwiadczenie z ig\u0142ami.<\/p>\n<p>Oferta odbywa si\u0119 w pomieszczeniach zamkni\u0119tych i jest skierowana do dzieci w wieku szkolnym.<br \/>\nz klas 1-7.<br \/>\nTerminy: po uzgodnieniu<br \/>\nRejestracja wst\u0119pna: z co najmniej 2-tygodniowym wyprzedzeniem<br \/>\nCzas trwania: ok. 1 godz.<br \/>\nWielko\u015b\u0107 grupy: do 25 os\u00f3b<br \/>\nWst\u0119p od osoby: 1,50 \u20ac (szko\u0142y w Guben maj\u0105 wst\u0119p wolny)<br \/>\nUdzia\u0142 w kosztach materia\u0142\u00f3w na osob\u0119: 1,00 do 2,00 euro<\/p>\n<p>Inne uwagi dotycz\u0105ce oferty:<br \/>\nPraca z ostrymi ig\u0142ami powinna by\u0107 nadzorowana przez opiekun\u00f3w.<br \/>\nMateria\u0142y mog\u0105 by\u0107 dostarczone przez muzeum. W takim przypadku nale\u017cy op\u0142aci\u0107 sk\u0142adk\u0119 na pokrycie koszt\u00f3w.<\/p>\n<p><a title=\"Muzeum Miejskie i Przemys\u0142owe w Guben \/ M\u011bs\u0107a\u0144ski a industrijowy muzej Gubin\" href=\"\/museen\/stadt-und-industriemuseum-guben\/\">Muzeum Miasta i Przemys\u0142u w Guben<\/a><\/p>","protected":false},"excerpt":{"rendered":"<p>Maj\u0105c do dyspozycji filc we\u0142niany, specjalne ig\u0142y do filcowania, wykrojniki do ciasteczek (ewentualnie samodzielnie wykonane kszta\u0142ty z kartonu), foli\u0119 b\u0105belkow\u0105 i styropian, uczniowie mog\u0105 pod nadzorem wykona\u0107 najr\u00f3\u017cniejsze filcowe figurki. Gotowe figurki nadaj\u0105 si\u0119 r\u00f3wnie\u017c do dalszej obr\u00f3bki jako breloki, ozdoby \u015bwi\u0105teczne i\/lub wielkanocne oraz do dekoracyjnego ozdabiania kapeluszy. Studenci powinni mie\u0107 ju\u017c pewne do\u015bwiadczenie z ig\u0142ami. Kurs odbywa si\u0119 w pomieszczeniach zamkni\u0119tych i<\/p>","protected":false},"author":13,"featured_media":0,"parent":380,"menu_order":0,"comment_status":"closed","ping_status":"closed","template":"","meta":[],"_links":{"self":[{"href":"https:\/\/www.lausitzer-museenland.de\/pl\/wp-json\/wp\/v2\/pages\/585"}],"collection":[{"href":"https:\/\/www.lausitzer-museenland.de\/pl\/wp-json\/wp\/v2\/pages"}],"about":[{"href":"https:\/\/www.lausitzer-museenland.de\/pl\/wp-json\/wp\/v2\/types\/page"}],"author":[{"embeddable":true,"href":"https:\/\/www.lausitzer-museenland.de\/pl\/wp-json\/wp\/v2\/users\/13"}],"replies":[{"embeddable":true,"href":"https:\/\/www.lausitzer-museenland.de\/pl\/wp-json\/wp\/v2\/comments?post=585"}],"version-history":[{"count":3,"href":"https:\/\/www.lausitzer-museenland.de\/pl\/wp-json\/wp\/v2\/pages\/585\/revisions"}],"predecessor-version":[{"id":3600,"href":"https:\/\/www.lausitzer-museenland.de\/pl\/wp-json\/wp\/v2\/pages\/585\/revisions\/3600"}],"up":[{"embeddable":true,"href":"https:\/\/www.lausitzer-museenland.de\/pl\/wp-json\/wp\/v2\/pages\/380"}],"wp:attachment":[{"href":"https:\/\/www.lausitzer-museenland.de\/pl\/wp-json\/wp\/v2\/media?parent=585"}],"curies":[{"name":"wp","href":"https:\/\/api.w.org\/{rel}","templated":true}]}}