{"id":589,"date":"2014-11-14T17:03:38","date_gmt":"2014-11-14T16:03:38","guid":{"rendered":"http:\/\/lausitzer-museenland.de\/?page_id=589"},"modified":"2014-12-17T17:10:31","modified_gmt":"2014-12-17T16:10:31","slug":"hutherstellung","status":"publish","type":"page","link":"https:\/\/www.lausitzer-museenland.de\/pl\/serwis\/kobi\/produkcja-kapeluszy\/","title":{"rendered":"Wyr\u00f3b kapeluszy w Muzeum Miasta i Przemys\u0142u w Guben"},"content":{"rendered":"<p>Przy pomocy no\u017cyczek, kleju, linijki, o\u0142\u00f3wka, kartonu i tektury do wykonania szablon\u00f3w, pod kierunkiem uczni\u00f3w powstaj\u0105 kapelusze. Potrzebne materia\u0142y mo\u017cna przynie\u015b\u0107 ze sob\u0105 lub zostan\u0105 one dostarczone przez muzeum. Uczniowie powinni umie\u0107 pos\u0142ugiwa\u0107 si\u0119 no\u017cyczkami i klejem.<\/p>\n<p>Oferta odbywa si\u0119 w pomieszczeniach zamkni\u0119tych i jest skierowana do dzieci w wieku szkolnym.<br \/>\nz klas 1-7.<br \/>\nTerminy: po uzgodnieniu<br \/>\nRejestracja wst\u0119pna: z co najmniej 2-tygodniowym wyprzedzeniem<br \/>\nCzas trwania: ok. 1 godz.<br \/>\nWielko\u015b\u0107 grupy: do 25 os\u00f3b<br \/>\nWst\u0119p od osoby: 1,50 \u20ac (szko\u0142y w Guben maj\u0105 wst\u0119p wolny)<br \/>\nUdzia\u0142 w kosztach materia\u0142\u00f3w na osob\u0119: 2,00 EUR<\/p>\n<p><em>Inne uwagi dotycz\u0105ce oferty:<\/em><br \/>\nZgodnie z cennikiem op\u0142at za seans filmowy pobieramy op\u0142at\u0119 w wysoko\u015bci 15,00 euro; szko\u0142y z Guben maj\u0105 wst\u0119p wolny. Po uzgodnieniu, muzeum mo\u017ce zapewni\u0107 niezb\u0119dne materia\u0142y do pracy. W takim przypadku koszt wynosi 2,00 euro od osoby.<\/p>\n<p><a title=\"Muzeum Miejskie i Przemys\u0142owe w Guben \/ M\u011bs\u0107a\u0144ski a industrijowy muzej Gubin\" href=\"\/museen\/stadt-und-industriemuseum-guben\/\">Muzeum Miasta i Przemys\u0142u w Guben<\/a><\/p>","protected":false},"excerpt":{"rendered":"<p>Za pomoc\u0105 no\u017cyczek, kleju, linijki, o\u0142\u00f3wka, kartonu i tektury na szablony, pod nadzorem wykonywane s\u0105 kapelusze. Potrzebne materia\u0142y mo\u017cna przynie\u015b\u0107 ze sob\u0105 lub zostan\u0105 one zapewnione przez muzeum. Uczniowie powinni umie\u0107 pos\u0142ugiwa\u0107 si\u0119 skrobaczk\u0105 i klejem. Oferta odbywa si\u0119 w pomieszczeniach zamkni\u0119tych i jest skierowana do uczni\u00f3w klas 1, 2 i 3.<\/p>","protected":false},"author":13,"featured_media":0,"parent":380,"menu_order":0,"comment_status":"closed","ping_status":"closed","template":"","meta":[],"_links":{"self":[{"href":"https:\/\/www.lausitzer-museenland.de\/pl\/wp-json\/wp\/v2\/pages\/589"}],"collection":[{"href":"https:\/\/www.lausitzer-museenland.de\/pl\/wp-json\/wp\/v2\/pages"}],"about":[{"href":"https:\/\/www.lausitzer-museenland.de\/pl\/wp-json\/wp\/v2\/types\/page"}],"author":[{"embeddable":true,"href":"https:\/\/www.lausitzer-museenland.de\/pl\/wp-json\/wp\/v2\/users\/13"}],"replies":[{"embeddable":true,"href":"https:\/\/www.lausitzer-museenland.de\/pl\/wp-json\/wp\/v2\/comments?post=589"}],"version-history":[{"count":5,"href":"https:\/\/www.lausitzer-museenland.de\/pl\/wp-json\/wp\/v2\/pages\/589\/revisions"}],"predecessor-version":[{"id":3602,"href":"https:\/\/www.lausitzer-museenland.de\/pl\/wp-json\/wp\/v2\/pages\/589\/revisions\/3602"}],"up":[{"embeddable":true,"href":"https:\/\/www.lausitzer-museenland.de\/pl\/wp-json\/wp\/v2\/pages\/380"}],"wp:attachment":[{"href":"https:\/\/www.lausitzer-museenland.de\/pl\/wp-json\/wp\/v2\/media?parent=589"}],"curies":[{"name":"wp","href":"https:\/\/api.w.org\/{rel}","templated":true}]}}